{"id":231,"date":"2016-11-21T13:43:07","date_gmt":"2016-11-21T13:43:07","guid":{"rendered":"http:\/\/projectos.ese.ips.pt\/acriarcomscratch\/?page_id=231"},"modified":"2025-11-06T11:20:32","modified_gmt":"2025-11-06T11:20:32","slug":"edicoes-anteriores","status":"publish","type":"page","link":"https:\/\/projetos.ese.ips.pt\/acriarcomscratch\/?page_id=231","title":{"rendered":"Edi\u00e7\u00f5es anteriores"},"content":{"rendered":"<h1>\u00a0<\/h1>\n<h1 style=\"text-align: center;\">Edi\u00e7\u00e3o de 2025<\/h1>\n<h2 style=\"text-align: center;\">Tema: Os 500 anos do nascimento de Lu\u00eds Vaz de Cam\u00f5es<\/h2>\n<p style=\"text-align: center;\"><a href=\"https:\/\/projetos.ese.ips.pt\/acriarcomscratch\/wp-content\/uploads\/2024\/10\/cartaz_criar_scratch_25-1.png\" target=\"_blank\" rel=\"noopener\">Cartaz<\/a><\/p>\n<p style=\"text-align: center;\"><a href=\"https:\/\/projetos.ese.ips.pt\/acriarcomscratch\/wp-content\/uploads\/2025\/05\/resultado_finais_edicao_24_25.pdf\" target=\"_blank\" rel=\"noopener\">Equipas premiadas<\/a><\/p>\n<p>\u00a0<\/p>\n<h1 style=\"text-align: center;\">Edi\u00e7\u00e3o de 2024<\/h1>\n<h2 style=\"text-align: center;\">Tema: Sat\u00e9lites\u2026 de Tit\u00e3 ao Telesc\u00f3pio Espacial Hubble<\/h2>\n<p style=\"text-align: center;\"><a href=\"https:\/\/projetos.ese.ips.pt\/acriarcomscratch\/wp-content\/uploads\/2023\/10\/cartaz_edicao_23_24.png\" target=\"_blank\" rel=\"noopener\">Cartaz<\/a><\/p>\n<p style=\"text-align: center;\"><a href=\"https:\/\/projetos.ese.ips.pt\/acriarcomscratch\/wp-content\/uploads\/2024\/05\/resultado_finais_edicao_23_24.pdf\" target=\"_blank\" rel=\"noopener\">Equipas premiadas<\/a><\/p>\n<p>\u00a0<\/p>\n<h1 style=\"text-align: center;\">Edi\u00e7\u00e3o de 2023<\/h1>\n<h2 style=\"text-align: center;\">Tema: Da luz \u00e0 gravidade: como se estuda o Universo<\/h2>\n<p style=\"text-align: center;\"><a href=\"https:\/\/projetos.ese.ips.pt\/acriarcomscratch\/wp-content\/uploads\/2023\/10\/cartaz_criar_scratch_2023_final.png\" target=\"_blank\" rel=\"noopener\">Cartaz<\/a><\/p>\n<p style=\"text-align: center;\"><a href=\"https:\/\/projetos.ese.ips.pt\/acriarcomscratch\/wp-content\/uploads\/2023\/10\/resultado_finais_edicao_22_23.pdf\" target=\"_blank\" rel=\"noopener\">Equipas premiadas<\/a><\/p>\n<p>\u00a0<\/p>\n<h1 style=\"text-align: center;\">Edi\u00e7\u00e3o de 2022<\/h1>\n<h2 style=\"text-align: center;\">Tema: A Terra, a nossa \u00fanica casa no Universo<\/h2>\n<p style=\"text-align: center;\"><a href=\"https:\/\/projetos.ese.ips.pt\/acriarcomscratch\/wp-content\/uploads\/2015\/11\/cartaz_criar_com_scratch_2022_final.png\" target=\"_blank\" rel=\"noopener\">Cartaz<\/a><\/p>\n<p style=\"text-align: center;\"><a href=\"https:\/\/projetos.ese.ips.pt\/acriarcomscratch\/wp-content\/uploads\/2023\/10\/resultados_finais.pdf\" target=\"_blank\" rel=\"noopener\">Equipas premiadas<\/a><\/p>\n<p>\u00a0<\/p>\n<h1 style=\"text-align: center;\">Edi\u00e7\u00e3o de 2021<\/h1>\n<h2 style=\"text-align: center;\">Tema: A Astronomia e a Tecnologia<\/h2>\n<p style=\"text-align: center;\"><a href=\"https:\/\/projetos.ese.ips.pt\/acriarcomscratch\/wp-content\/uploads\/2015\/11\/cartaz_criar_scratch_21.png\" target=\"_blank\" rel=\"noopener\">Cartaz<\/a><\/p>\n<p style=\"text-align: center;\"><a href=\"https:\/\/projetos.ese.ips.pt\/acriarcomscratch\/wp-content\/uploads\/2017\/05\/lista_vencedores_20_21.pdf\" target=\"_blank\" rel=\"noopener\">Equipas premiadas<\/a><\/p>\n<p>\u00a0<\/p>\n<h1 style=\"text-align: center;\">Edi\u00e7\u00e3o de 2020<\/h1>\n<h2 style=\"text-align: center;\">Tema:\u00a0A nossa gal\u00e1xia: a via L\u00e1ctea<\/h2>\n<p style=\"text-align: center;\"><a href=\"https:\/\/projetos.ese.ips.pt\/acriarcomscratch\/wp-content\/uploads\/2015\/11\/cartaz-scratch2020.png\" target=\"_blank\" rel=\"noopener\">Cartaz<\/a><\/p>\n<p style=\"text-align: center;\"><a href=\"https:\/\/projetos.ese.ips.pt\/acriarcomscratch\/wp-content\/uploads\/2017\/05\/vencedores2020_2.pdf\" target=\"_blank\" rel=\"noopener\">Equipas premiadas<\/a><\/p>\n<p>\u00a0<\/p>\n<h1 style=\"text-align: center;\">Edi\u00e7\u00e3o de 2019<\/h1>\n<h2 style=\"text-align: center;\">Tema: O Sistema Solar<\/h2>\n<p style=\"text-align: center;\"><a href=\"https:\/\/projetos.ese.ips.pt\/acriarcomscratch\/wp-content\/uploads\/2018\/11\/cartaz-scratch2019.png\" target=\"_blank\" rel=\"noopener\">Cartaz<\/a><\/p>\n<p style=\"text-align: center;\"><a href=\"https:\/\/projetos.ese.ips.pt\/acriarcomscratch\/wp-content\/uploads\/2017\/05\/Vencedores2019.pdf\" target=\"_blank\" rel=\"noopener\">Equipas premiadas<\/a><\/p>\n<p>\u00a0<\/p>\n<h1 style=\"text-align: center;\">Edi\u00e7\u00e3o de 2018<\/h1>\n<h2 style=\"text-align: center;\">Tema: O espa\u00e7o<\/h2>\n<p style=\"text-align: center;\"><a href=\"https:\/\/projetos.ese.ips.pt\/acriarcomscratch\/wp-content\/uploads\/2018\/01\/cartaz2018b.pdf\" target=\"_blank\" rel=\"noopener\">Cartaz<\/a><\/p>\n<p style=\"text-align: center;\"><a href=\"https:\/\/projetos.ese.ips.pt\/acriarcomscratch\/wp-content\/uploads\/2018\/05\/lista_vencedores_2018.pdf\" target=\"_blank\" rel=\"noopener\">Equipas premiadas<\/a><\/p>\n<p>\u00a0<\/p>\n<h1 style=\"text-align: center;\">Edi\u00e7\u00e3o de 2017<\/h1>\n<p style=\"text-align: center;\"><a href=\"https:\/\/projetos.ese.ips.pt\/acriarcomscratch\/wp-content\/uploads\/2015\/11\/cartaz-scratch17.jpg\" target=\"_blank\" rel=\"noopener\">Cartaz<\/a><\/p>\n<p style=\"text-align: center;\"><a href=\"https:\/\/projetos.ese.ips.pt\/acriarcomscratch\/wp-content\/uploads\/2017\/05\/lista_vencedores2017.pdf\">Equipas premiadas<\/a><\/p>\n<p>\u00a0<\/p>\n<h1 style=\"text-align: center;\">Edi\u00e7\u00e3o de 2016<\/h1>\n<p style=\"text-align: center;\"><a href=\"https:\/\/projetos.ese.ips.pt\/acriarcomscratch\/wp-content\/uploads\/2015\/11\/cartaz-scratch.pdf\" target=\"_blank\" rel=\"noopener\">Cartaz<\/a><\/p>\n<p style=\"text-align: center;\"><a href=\"https:\/\/projetos.ese.ips.pt\/acriarcomscratch\/wp-content\/uploads\/2016\/05\/A-Criar-Com-Scratch_lista_vencedores.pdf\">Equipas premiadas<\/a><\/p>\n<p style=\"text-align: center;\">\u00a0<\/p>\n\n\n<p><\/p>\n","protected":false},"excerpt":{"rendered":"<p>\u00a0 Edi\u00e7\u00e3o de 2025 Tema: Os 500 anos do nascimento de Lu\u00eds Vaz de Cam\u00f5es Cartaz Equipas premiadas \u00a0 Edi\u00e7\u00e3o de 2024 Tema: Sat\u00e9lites\u2026 de Tit\u00e3 ao Telesc\u00f3pio Espacial Hubble Cartaz Equipas premiadas \u00a0 Edi\u00e7\u00e3o de 2023 Tema: Da luz \u00e0 gravidade: como se estuda o Universo Cartaz Equipas premiadas \u00a0 Edi\u00e7\u00e3o de 2022 Tema:<a href=\"https:\/\/projetos.ese.ips.pt\/acriarcomscratch\/?page_id=231\">[&#8230;]<\/a><\/p>\n","protected":false},"author":1,"featured_media":0,"parent":0,"menu_order":0,"comment_status":"closed","ping_status":"closed","template":"template-fullwidth.php","meta":[],"_links":{"self":[{"href":"https:\/\/projetos.ese.ips.pt\/acriarcomscratch\/index.php?rest_route=\/wp\/v2\/pages\/231"}],"collection":[{"href":"https:\/\/projetos.ese.ips.pt\/acriarcomscratch\/index.php?rest_route=\/wp\/v2\/pages"}],"about":[{"href":"https:\/\/projetos.ese.ips.pt\/acriarcomscratch\/index.php?rest_route=\/wp\/v2\/types\/page"}],"author":[{"embeddable":true,"href":"https:\/\/projetos.ese.ips.pt\/acriarcomscratch\/index.php?rest_route=\/wp\/v2\/users\/1"}],"replies":[{"embeddable":true,"href":"https:\/\/projetos.ese.ips.pt\/acriarcomscratch\/index.php?rest_route=%2Fwp%2Fv2%2Fcomments&post=231"}],"version-history":[{"count":26,"href":"https:\/\/projetos.ese.ips.pt\/acriarcomscratch\/index.php?rest_route=\/wp\/v2\/pages\/231\/revisions"}],"predecessor-version":[{"id":792,"href":"https:\/\/projetos.ese.ips.pt\/acriarcomscratch\/index.php?rest_route=\/wp\/v2\/pages\/231\/revisions\/792"}],"wp:attachment":[{"href":"https:\/\/projetos.ese.ips.pt\/acriarcomscratch\/index.php?rest_route=%2Fwp%2Fv2%2Fmedia&parent=231"}],"curies":[{"name":"wp","href":"https:\/\/api.w.org\/{rel}","templated":true}]}}