{"id":102,"date":"2025-05-20T13:23:23","date_gmt":"2025-05-20T13:23:23","guid":{"rendered":"https:\/\/projetos.ese.ips.pt\/bedigital\/?page_id=102"},"modified":"2026-02-02T16:15:42","modified_gmt":"2026-02-02T16:15:42","slug":"publicacoes","status":"publish","type":"page","link":"https:\/\/projetos.ese.ips.pt\/bedigital\/index.php\/publicacoes\/","title":{"rendered":"Publica\u00e7\u00f5es"},"content":{"rendered":"\n<p>Mar\u00f4po, L., Kubrusly, A., Duarte, J., Torres, J., &amp; Batista, S. (2026). <em>Projeto Bem-estar digital: Uma investiga\u00e7\u00e3o-a\u00e7\u00e3o participativa<\/em>. Instituto Politecnico de Setubal. <a href=\"https:\/\/doi.org\/10.60546\/GG9X-TX95\">https:\/\/doi.org\/10.60546\/GG9X-TX95<\/a><br><\/p>\n\n\n\n<p>Kubrusly, A. (2025). Recursos Pr\u00e1ticos para o Bem-Estar Digital Juvenil: Temas e Estrat\u00e9gias.&nbsp;<em>Medi@\u00e7\u00f5es<\/em>,&nbsp;<em>13<\/em>(1), 35\u201349.&nbsp;<a href=\"https:\/\/doi.org\/10.60546\/mo.v13i1.433\">https:\/\/doi.org\/10.60546\/mo.v13i1.433<\/a><\/p>\n\n\n\n<p>Mais artigos acad\u00e9micos ir\u00e3o ser partilhados aqui futuramente.<\/p>\n","protected":false},"excerpt":{"rendered":"<p>Mar\u00f4po, L., Kubrusly, A., Duarte, J., Torres, J., &amp; Batista, S. (2026). Projeto Bem-estar digital: Uma investiga\u00e7\u00e3o-a\u00e7\u00e3o participativa. Instituto Politecnico de Setubal. https:\/\/doi.org\/10.60546\/GG9X-TX95 Kubrusly, A. (2025). Recursos Pr\u00e1ticos para o Bem-Estar Digital Juvenil: Temas e Estrat\u00e9gias.&nbsp;Medi@\u00e7\u00f5es,&nbsp;13(1), 35\u201349.&nbsp;https:\/\/doi.org\/10.60546\/mo.v13i1.433 Mais artigos acad\u00e9micos ir\u00e3o ser partilhados aqui futuramente.<\/p>\n","protected":false},"author":2,"featured_media":0,"parent":0,"menu_order":0,"comment_status":"closed","ping_status":"closed","template":"","meta":{"footnotes":""},"class_list":["post-102","page","type-page","status-publish","hentry"],"_links":{"self":[{"href":"https:\/\/projetos.ese.ips.pt\/bedigital\/index.php\/wp-json\/wp\/v2\/pages\/102","targetHints":{"allow":["GET"]}}],"collection":[{"href":"https:\/\/projetos.ese.ips.pt\/bedigital\/index.php\/wp-json\/wp\/v2\/pages"}],"about":[{"href":"https:\/\/projetos.ese.ips.pt\/bedigital\/index.php\/wp-json\/wp\/v2\/types\/page"}],"author":[{"embeddable":true,"href":"https:\/\/projetos.ese.ips.pt\/bedigital\/index.php\/wp-json\/wp\/v2\/users\/2"}],"replies":[{"embeddable":true,"href":"https:\/\/projetos.ese.ips.pt\/bedigital\/index.php\/wp-json\/wp\/v2\/comments?post=102"}],"version-history":[{"count":6,"href":"https:\/\/projetos.ese.ips.pt\/bedigital\/index.php\/wp-json\/wp\/v2\/pages\/102\/revisions"}],"predecessor-version":[{"id":438,"href":"https:\/\/projetos.ese.ips.pt\/bedigital\/index.php\/wp-json\/wp\/v2\/pages\/102\/revisions\/438"}],"wp:attachment":[{"href":"https:\/\/projetos.ese.ips.pt\/bedigital\/index.php\/wp-json\/wp\/v2\/media?parent=102"}],"curies":[{"name":"wp","href":"https:\/\/api.w.org\/{rel}","templated":true}]}}