{"id":113,"date":"2025-05-20T13:42:40","date_gmt":"2025-05-20T13:42:40","guid":{"rendered":"https:\/\/projetos.ese.ips.pt\/bedigital\/?page_id=113"},"modified":"2025-10-14T13:27:04","modified_gmt":"2025-10-14T13:27:04","slug":"sobre-o-projeto","status":"publish","type":"page","link":"https:\/\/projetos.ese.ips.pt\/bedigital\/index.php\/sobre-o-projeto\/","title":{"rendered":"Sobre o projeto"},"content":{"rendered":"\n<p><strong>O que \u00e9 o PROJETO BED?<\/strong><\/p>\n\n\n\n<p>\u00c9 um projeto de inova\u00e7\u00e3o pedag\u00f3gica financiado pelo concurso IPS &amp; Santander-InovPed 2024. Une a investiga\u00e7\u00e3o sobre o tema de doutoramento da bolseira IPS\/FCT, Ana Kubrusly, o bem-estar digital, orientada pelas professoras Susana Batista (que tem atuado como consultora do projeto) e Lidia Mar\u00f4po (coordenadora do projeto), ao trabalho t\u00e9cnico e did\u00e1tico dos professores Jo\u00e3o Torres (na produ\u00e7\u00e3o do website) e Jo\u00e3o Duarte (na produ\u00e7\u00e3o dos v\u00eddeos). Esta investiga\u00e7\u00e3o-a\u00e7\u00e3o inclui a pesquisa e cocria\u00e7\u00e3o com estudantes do ensino superior de um workshop destinado a alunos do ensino secund\u00e1rio acerca do bem-estar digital. Envolveu ainda um processo de educa\u00e7\u00e3o entre pares no qual os jovens da Licenciatura em Comunica\u00e7\u00e3o Social do Instituto Polit\u00e9cnico de Set\u00fabal tornaram-se agentes multiplicadores de conhecimento junto dos adolescentes de escolas da regi\u00e3o.<\/p>\n\n\n\n<p><strong>O que \u00e9 uma investiga\u00e7\u00e3o-a\u00e7\u00e3o?<\/strong><\/p>\n\n\n\n<p>Numa investiga\u00e7\u00e3o-a\u00e7\u00e3o investigadores e participantes trabalham juntos para analisar uma situa\u00e7\u00e3o e transform\u00e1-la de forma positiva. Os participantes, portanto, s\u00e3o agentes ativos no processo de investiga\u00e7\u00e3o e transformam a realidade durante este processo.<\/p>\n\n\n\n<p><strong>O que \u00e9 o bem-estar digital?<\/strong><\/p>\n\n\n\n<p>\u00c9 o equil\u00edbrio saud\u00e1vel entre o uso da tecnologia e o cuidado com a sa\u00fade f\u00edsica, social e mental.<\/p>\n\n\n\n<p><strong>O PROJETO BED em n\u00fameros<\/strong><\/p>\n\n\n\n<p>34 estudantes do ensino superior; 8 workshops; 178 alunos do secund\u00e1rio<\/p>\n\n\n\n<p><strong>Quando aconteceu o PROJETO BED?<\/strong><\/p>\n\n\n\n<p>Durante o ano letivo 2024\/2025, com atividades de divulga\u00e7\u00e3o em 2025\/2026 (apresenta\u00e7\u00f5es em confer\u00eancias cient\u00edficas, website, relat\u00f3rio e artigo cient\u00edfico).<\/p>\n\n\n\n<p><strong>Quais os objetivos do PROJETO BED?<\/strong><\/p>\n\n\n\n<p><strong>(P\u00fablico-alvo: estudantes de licenciatura)<\/strong><\/p>\n\n\n\n<ul class=\"wp-block-list\">\n<li>Promover o conhecimento sobre o conceito de bem-estar digital e sobre estrat\u00e9gias e ferramentas para aplic\u00e1-lo.<\/li>\n\n\n\n<li>Desenvolver compet\u00eancias de investiga\u00e7\u00e3o, dissemina\u00e7\u00e3o de conhecimentos, cria\u00e7\u00e3o de forma\u00e7\u00e3o e produ\u00e7\u00e3o de conte\u00fados multim\u00e9dia.<\/li>\n<\/ul>\n\n\n\n<p><strong>(P\u00fablico-alvo: estudantes do secund\u00e1rio)<\/strong><\/p>\n\n\n\n<ul class=\"wp-block-list\">\n<li>Promover a conscientiza\u00e7\u00e3o sobre o bem-estar digital.<\/li>\n\n\n\n<li>Incentivar o reconhecimento dos riscos e oportunidades no uso das tecnologias digitais.<\/li>\n\n\n\n<li>Fomentar o uso equilibrado das tecnologias digitais em prol do bem-estar f\u00edsico, mental e social.<\/li>\n<\/ul>\n\n\n\n<p><strong>Quais s\u00e3o as atividades desenvolvidas no \u00e2mbito do PROJETO BED?<\/strong><\/p>\n\n\n\n<ol class=\"wp-block-list\">\n<li>Apresenta\u00e7\u00e3o do projeto para os estudantes do ensino superior com enfoque na investiga\u00e7\u00e3o-a\u00e7\u00e3o participativa.<\/li>\n\n\n\n<li>Discuss\u00e3o com os estudantes do ensino superior sobre o bem-estar digital a partir das suas experi\u00eancias e viv\u00eancias, artigos cient\u00edficos, literatura cinzenta.<\/li>\n\n\n\n<li>Cocria\u00e7\u00e3o de um workshop sobre o bem-estar digital para alunos do secund\u00e1rio.<\/li>\n\n\n\n<li>Produ\u00e7\u00e3o e aplica\u00e7\u00e3o do workshop pelos estudantes de licenciatura para alunos do secund\u00e1rio, al\u00e9m de recolha de dados para relat\u00f3rio final.<\/li>\n\n\n\n<li>Elabora\u00e7\u00e3o de relat\u00f3rio sobre a investiga\u00e7\u00e3o pelos estudantes da licenciatura, produ\u00e7\u00e3o de website e v\u00eddeos do projeto.<\/li>\n<\/ol>\n\n\n\n<p><\/p>\n","protected":false},"excerpt":{"rendered":"<p>O que \u00e9 o PROJETO BED? \u00c9 um projeto de inova\u00e7\u00e3o pedag\u00f3gica financiado pelo concurso IPS &amp; Santander-InovPed 2024. Une a investiga\u00e7\u00e3o sobre o tema de doutoramento da bolseira IPS\/FCT, Ana Kubrusly, o bem-estar digital, orientada pelas professoras Susana Batista (que tem atuado como consultora do projeto) e Lidia Mar\u00f4po [&hellip;]<\/p>\n","protected":false},"author":2,"featured_media":0,"parent":0,"menu_order":0,"comment_status":"closed","ping_status":"closed","template":"","meta":{"footnotes":""},"class_list":["post-113","page","type-page","status-publish","hentry"],"_links":{"self":[{"href":"https:\/\/projetos.ese.ips.pt\/bedigital\/index.php\/wp-json\/wp\/v2\/pages\/113","targetHints":{"allow":["GET"]}}],"collection":[{"href":"https:\/\/projetos.ese.ips.pt\/bedigital\/index.php\/wp-json\/wp\/v2\/pages"}],"about":[{"href":"https:\/\/projetos.ese.ips.pt\/bedigital\/index.php\/wp-json\/wp\/v2\/types\/page"}],"author":[{"embeddable":true,"href":"https:\/\/projetos.ese.ips.pt\/bedigital\/index.php\/wp-json\/wp\/v2\/users\/2"}],"replies":[{"embeddable":true,"href":"https:\/\/projetos.ese.ips.pt\/bedigital\/index.php\/wp-json\/wp\/v2\/comments?post=113"}],"version-history":[{"count":8,"href":"https:\/\/projetos.ese.ips.pt\/bedigital\/index.php\/wp-json\/wp\/v2\/pages\/113\/revisions"}],"predecessor-version":[{"id":385,"href":"https:\/\/projetos.ese.ips.pt\/bedigital\/index.php\/wp-json\/wp\/v2\/pages\/113\/revisions\/385"}],"wp:attachment":[{"href":"https:\/\/projetos.ese.ips.pt\/bedigital\/index.php\/wp-json\/wp\/v2\/media?parent=113"}],"curies":[{"name":"wp","href":"https:\/\/api.w.org\/{rel}","templated":true}]}}