{"id":120,"date":"2025-05-20T13:52:48","date_gmt":"2025-05-20T13:52:48","guid":{"rendered":"https:\/\/projetos.ese.ips.pt\/bedigital\/?page_id=120"},"modified":"2025-10-18T00:42:40","modified_gmt":"2025-10-18T00:42:40","slug":"quem-somos","status":"publish","type":"page","link":"https:\/\/projetos.ese.ips.pt\/bedigital\/index.php\/quem-somos\/","title":{"rendered":"Quem somos"},"content":{"rendered":"\n<p class=\"has-text-align-left has-medium-font-size\"><em>Coordena\u00e7\u00e3o do projeto.<\/em><\/p>\n\n\n\n<figure class=\"wp-block-image size-full\"><img loading=\"lazy\" decoding=\"async\" width=\"1631\" height=\"574\" src=\"https:\/\/projetos.ese.ips.pt\/bedigital\/wp-content\/uploads\/2025\/10\/Lidia-Bed.png\" alt=\"\" class=\"wp-image-400\" srcset=\"https:\/\/projetos.ese.ips.pt\/bedigital\/wp-content\/uploads\/2025\/10\/Lidia-Bed.png 1631w, https:\/\/projetos.ese.ips.pt\/bedigital\/wp-content\/uploads\/2025\/10\/Lidia-Bed-300x106.png 300w, https:\/\/projetos.ese.ips.pt\/bedigital\/wp-content\/uploads\/2025\/10\/Lidia-Bed-1024x360.png 1024w, https:\/\/projetos.ese.ips.pt\/bedigital\/wp-content\/uploads\/2025\/10\/Lidia-Bed-768x270.png 768w, https:\/\/projetos.ese.ips.pt\/bedigital\/wp-content\/uploads\/2025\/10\/Lidia-Bed-1536x541.png 1536w\" sizes=\"auto, (max-width: 1631px) 100vw, 1631px\" \/><figcaption class=\"wp-element-caption\"><a href=\"https:\/\/www.cienciavitae.pt\/801F-2368-4801\" target=\"_blank\" rel=\"noreferrer noopener\">Para mais informa\u00e7\u00f5es clica aqui: Lidia Maropo<\/a><\/figcaption><\/figure>\n\n\n\n<p>Investigadores do projeto <\/p>\n\n\n\n<figure class=\"wp-block-image size-full\"><img loading=\"lazy\" decoding=\"async\" width=\"1621\" height=\"581\" src=\"https:\/\/projetos.ese.ips.pt\/bedigital\/wp-content\/uploads\/2025\/10\/Captura-de-ecra-2025-10-15-105543.png\" alt=\"\" class=\"wp-image-401\" srcset=\"https:\/\/projetos.ese.ips.pt\/bedigital\/wp-content\/uploads\/2025\/10\/Captura-de-ecra-2025-10-15-105543.png 1621w, https:\/\/projetos.ese.ips.pt\/bedigital\/wp-content\/uploads\/2025\/10\/Captura-de-ecra-2025-10-15-105543-300x108.png 300w, https:\/\/projetos.ese.ips.pt\/bedigital\/wp-content\/uploads\/2025\/10\/Captura-de-ecra-2025-10-15-105543-1024x367.png 1024w, https:\/\/projetos.ese.ips.pt\/bedigital\/wp-content\/uploads\/2025\/10\/Captura-de-ecra-2025-10-15-105543-768x275.png 768w, https:\/\/projetos.ese.ips.pt\/bedigital\/wp-content\/uploads\/2025\/10\/Captura-de-ecra-2025-10-15-105543-1536x551.png 1536w\" sizes=\"auto, (max-width: 1621px) 100vw, 1621px\" \/><figcaption class=\"wp-element-caption\"><a href=\"https:\/\/www.cienciavitae.pt\/portal\/E912-5C44-558F\" data-type=\"link\" data-id=\"https:\/\/www.cienciavitae.pt\/portal\/E912-5C44-558F\" target=\"_blank\" rel=\"noreferrer noopener\">Para mais informa\u00e7\u00f5es clica aqui: Ana Kubrusuly<\/a><\/figcaption><\/figure>\n\n\n\n<figure class=\"wp-block-image size-full\"><img loading=\"lazy\" decoding=\"async\" width=\"1620\" height=\"573\" src=\"https:\/\/projetos.ese.ips.pt\/bedigital\/wp-content\/uploads\/2025\/10\/Joao-BED-1.png\" alt=\"\" class=\"wp-image-405\" srcset=\"https:\/\/projetos.ese.ips.pt\/bedigital\/wp-content\/uploads\/2025\/10\/Joao-BED-1.png 1620w, https:\/\/projetos.ese.ips.pt\/bedigital\/wp-content\/uploads\/2025\/10\/Joao-BED-1-300x106.png 300w, https:\/\/projetos.ese.ips.pt\/bedigital\/wp-content\/uploads\/2025\/10\/Joao-BED-1-1024x362.png 1024w, https:\/\/projetos.ese.ips.pt\/bedigital\/wp-content\/uploads\/2025\/10\/Joao-BED-1-768x272.png 768w, https:\/\/projetos.ese.ips.pt\/bedigital\/wp-content\/uploads\/2025\/10\/Joao-BED-1-1536x543.png 1536w\" sizes=\"auto, (max-width: 1620px) 100vw, 1620px\" \/><figcaption class=\"wp-element-caption\"><a href=\"https:\/\/www.cienciavitae.pt\/C41E-FFFC-7676\" data-type=\"link\" data-id=\"https:\/\/www.cienciavitae.pt\/C41E-FFFC-7676\" target=\"_blank\" rel=\"noreferrer noopener\">Para mais informa\u00e7\u00f5es clica aqui: <strong><em>Jo\u00e3o Torres<\/em><\/strong><\/a><\/figcaption><\/figure>\n\n\n\n<figure class=\"wp-block-image size-full\"><img loading=\"lazy\" decoding=\"async\" width=\"1758\" height=\"645\" src=\"https:\/\/projetos.ese.ips.pt\/bedigital\/wp-content\/uploads\/2025\/10\/Captura-de-ecra-2025-10-15-105154.png\" alt=\"\" class=\"wp-image-403\" srcset=\"https:\/\/projetos.ese.ips.pt\/bedigital\/wp-content\/uploads\/2025\/10\/Captura-de-ecra-2025-10-15-105154.png 1758w, https:\/\/projetos.ese.ips.pt\/bedigital\/wp-content\/uploads\/2025\/10\/Captura-de-ecra-2025-10-15-105154-300x110.png 300w, https:\/\/projetos.ese.ips.pt\/bedigital\/wp-content\/uploads\/2025\/10\/Captura-de-ecra-2025-10-15-105154-1024x376.png 1024w, https:\/\/projetos.ese.ips.pt\/bedigital\/wp-content\/uploads\/2025\/10\/Captura-de-ecra-2025-10-15-105154-768x282.png 768w, https:\/\/projetos.ese.ips.pt\/bedigital\/wp-content\/uploads\/2025\/10\/Captura-de-ecra-2025-10-15-105154-1536x564.png 1536w\" sizes=\"auto, (max-width: 1758px) 100vw, 1758px\" \/><figcaption class=\"wp-element-caption\">N\u00e3o existe informa\u00e7\u00f5es adicionais.<\/figcaption><\/figure>\n\n\n\n<figure class=\"wp-block-image size-full\"><img loading=\"lazy\" decoding=\"async\" width=\"1629\" height=\"573\" src=\"https:\/\/projetos.ese.ips.pt\/bedigital\/wp-content\/uploads\/2025\/10\/Susana-Batista.png\" alt=\"\" class=\"wp-image-404\" srcset=\"https:\/\/projetos.ese.ips.pt\/bedigital\/wp-content\/uploads\/2025\/10\/Susana-Batista.png 1629w, https:\/\/projetos.ese.ips.pt\/bedigital\/wp-content\/uploads\/2025\/10\/Susana-Batista-300x106.png 300w, https:\/\/projetos.ese.ips.pt\/bedigital\/wp-content\/uploads\/2025\/10\/Susana-Batista-1024x360.png 1024w, https:\/\/projetos.ese.ips.pt\/bedigital\/wp-content\/uploads\/2025\/10\/Susana-Batista-768x270.png 768w, https:\/\/projetos.ese.ips.pt\/bedigital\/wp-content\/uploads\/2025\/10\/Susana-Batista-1536x540.png 1536w\" sizes=\"auto, (max-width: 1629px) 100vw, 1629px\" \/><figcaption class=\"wp-element-caption\"><a href=\"https:\/\/www.cienciavitae.pt\/portal\/DC13-F045-3A7F\" data-type=\"link\" data-id=\"https:\/\/www.cienciavitae.pt\/portal\/DC13-F045-3A7F\" target=\"_blank\" rel=\"noreferrer noopener\">Para mais informa\u00e7\u00f5es clica aqui: <strong><em>Susana Batista<\/em><\/strong><\/a><br><\/figcaption><\/figure>\n\n\n\n<p>Equipa de estudantes respons\u00e1vel pelo website.<\/p>\n\n\n\n<figure class=\"wp-block-image size-full\"><img loading=\"lazy\" decoding=\"async\" width=\"1642\" height=\"597\" src=\"https:\/\/projetos.ese.ips.pt\/bedigital\/wp-content\/uploads\/2025\/10\/Responsaveis-website-1.png\" alt=\"\" class=\"wp-image-418\" srcset=\"https:\/\/projetos.ese.ips.pt\/bedigital\/wp-content\/uploads\/2025\/10\/Responsaveis-website-1.png 1642w, https:\/\/projetos.ese.ips.pt\/bedigital\/wp-content\/uploads\/2025\/10\/Responsaveis-website-1-300x109.png 300w, https:\/\/projetos.ese.ips.pt\/bedigital\/wp-content\/uploads\/2025\/10\/Responsaveis-website-1-1024x372.png 1024w, https:\/\/projetos.ese.ips.pt\/bedigital\/wp-content\/uploads\/2025\/10\/Responsaveis-website-1-768x279.png 768w, https:\/\/projetos.ese.ips.pt\/bedigital\/wp-content\/uploads\/2025\/10\/Responsaveis-website-1-1536x558.png 1536w\" sizes=\"auto, (max-width: 1642px) 100vw, 1642px\" \/><\/figure>\n\n\n\n<p><\/p>\n\n\n\n<p><em>Estudantes da Licenciatura em Comunica\u00e7\u00e3o Social participantes no Projeto BED<\/em>.<\/p>\n\n\n\n<figure class=\"wp-block-image size-full\"><img loading=\"lazy\" decoding=\"async\" width=\"1505\" height=\"780\" src=\"https:\/\/projetos.ese.ips.pt\/bedigital\/wp-content\/uploads\/2025\/10\/Turma-foto-projeto-BED.png\" alt=\"\" class=\"wp-image-372\" srcset=\"https:\/\/projetos.ese.ips.pt\/bedigital\/wp-content\/uploads\/2025\/10\/Turma-foto-projeto-BED.png 1505w, https:\/\/projetos.ese.ips.pt\/bedigital\/wp-content\/uploads\/2025\/10\/Turma-foto-projeto-BED-300x155.png 300w, https:\/\/projetos.ese.ips.pt\/bedigital\/wp-content\/uploads\/2025\/10\/Turma-foto-projeto-BED-1024x531.png 1024w, https:\/\/projetos.ese.ips.pt\/bedigital\/wp-content\/uploads\/2025\/10\/Turma-foto-projeto-BED-768x398.png 768w\" sizes=\"auto, (max-width: 1505px) 100vw, 1505px\" \/><\/figure>\n\n\n\n<p class=\"is-style-plain\">Afonso Miguel Botequim Cancela Roque | Ana Carolina Valente Baldino | Beatriz Couto Miguel | Beatriz Machado Lopes | Beatriz da Silva Figueiredo | Beatriz de Oliveira Eust\u00e1quio | Bianca da Fonseca Costa | B\u00e1rbara Filipa Miguens Antunes | Carlota Beatriz de Oliveira Aiveca | Daniela Fa\u00edsca dos Santos | Daniela Mendes Silva | Diana Filipa Ramos Amaro | Edmilson dos reis Tavares | \u00c9rica Bar\u00e3o Pereira dos Santos Vogado | Francisco Astorga de Alc\u00e2ntara Cavaco | Gon\u00e7alo Dinis dos Santos Dias | Gon\u00e7alo Nuno Andrade Domingues | In\u00eas de Oliveira Ribeiro | J\u00e9ssica Nicole da Silva Mendes | Joana Bento Lino dos Santos | Joana Cardoso Generoso | Joaquina Francisco Almeida da Silva | Jorge Fernando Silva Ferraz | Lara dos Santos Gon\u00e7alves Rodrigues | Leandro Daniel Lopes Neves | Leonor Cristina Jorge Reis | Maria Caetano Batista | Maria In\u00eas do Carmo Santos | Mariana de Souza Alves | Marta Afonso Matos de Miranda | Marta Sofia Costa de Almeida | Maura Monteiro Quaresma | Regina Patr\u00edcia Viana Amado | Sofia Castro Santos | Sofia Machado Marques | Teresa Tchopeto Cupessala Natal<\/p>\n","protected":false},"excerpt":{"rendered":"<p>Coordena\u00e7\u00e3o do projeto. Investigadores do projeto Equipa de estudantes respons\u00e1vel pelo website. Estudantes da Licenciatura em Comunica\u00e7\u00e3o Social participantes no Projeto BED. Afonso Miguel Botequim Cancela Roque | Ana Carolina Valente Baldino | Beatriz Couto Miguel | Beatriz Machado Lopes | Beatriz da Silva Figueiredo | Beatriz de Oliveira Eust\u00e1quio [&hellip;]<\/p>\n","protected":false},"author":2,"featured_media":0,"parent":0,"menu_order":0,"comment_status":"closed","ping_status":"closed","template":"","meta":{"footnotes":""},"class_list":["post-120","page","type-page","status-publish","hentry"],"_links":{"self":[{"href":"https:\/\/projetos.ese.ips.pt\/bedigital\/index.php\/wp-json\/wp\/v2\/pages\/120","targetHints":{"allow":["GET"]}}],"collection":[{"href":"https:\/\/projetos.ese.ips.pt\/bedigital\/index.php\/wp-json\/wp\/v2\/pages"}],"about":[{"href":"https:\/\/projetos.ese.ips.pt\/bedigital\/index.php\/wp-json\/wp\/v2\/types\/page"}],"author":[{"embeddable":true,"href":"https:\/\/projetos.ese.ips.pt\/bedigital\/index.php\/wp-json\/wp\/v2\/users\/2"}],"replies":[{"embeddable":true,"href":"https:\/\/projetos.ese.ips.pt\/bedigital\/index.php\/wp-json\/wp\/v2\/comments?post=120"}],"version-history":[{"count":25,"href":"https:\/\/projetos.ese.ips.pt\/bedigital\/index.php\/wp-json\/wp\/v2\/pages\/120\/revisions"}],"predecessor-version":[{"id":419,"href":"https:\/\/projetos.ese.ips.pt\/bedigital\/index.php\/wp-json\/wp\/v2\/pages\/120\/revisions\/419"}],"wp:attachment":[{"href":"https:\/\/projetos.ese.ips.pt\/bedigital\/index.php\/wp-json\/wp\/v2\/media?parent=120"}],"curies":[{"name":"wp","href":"https:\/\/api.w.org\/{rel}","templated":true}]}}