{"id":381,"date":"2025-10-14T13:21:14","date_gmt":"2025-10-14T13:21:14","guid":{"rendered":"https:\/\/projetos.ese.ips.pt\/bedigital\/?page_id=381"},"modified":"2025-10-14T14:21:11","modified_gmt":"2025-10-14T14:21:11","slug":"reflita-sobre-o-seu-bem-estar-digital","status":"publish","type":"page","link":"https:\/\/projetos.ese.ips.pt\/bedigital\/index.php\/reflita-sobre-o-seu-bem-estar-digital\/","title":{"rendered":"Bem-Estar Digital"},"content":{"rendered":"\n<p><strong>Reflita sobre o seu bem-estar digital<\/strong><\/p>\n\n\n\n<p>Usa o telem\u00f3vel antes de dormir e\/ou logo depois de acordar?<\/p>\n\n\n\n<p>Olha muitas vezes o telem\u00f3vel &#8220;s\u00f3 para ver a hora\u201d, mas acaba se distraindo com outros conte\u00fados e perde um bocado a no\u00e7\u00e3o do tempo?<\/p>\n\n\n\n<p>Sente afli\u00e7\u00e3o ao lidar ao mesmo com m\u00faltiplos ecr\u00e3s, notifica\u00e7\u00f5es e aplicativos simultaneamente?<\/p>\n\n\n\n<p>Acha que passa mais tempo no telem\u00f3vel do que deveria?<\/p>\n\n\n\n<p>Faz compras por impulso por influ\u00eancia de conte\u00fados online?<\/p>\n\n\n\n<p>Compara a sua vida com a vida que outras pessoas apresentam online?<\/p>\n\n\n\n<p>Sente ansiedade \u00e0 espera de intera\u00e7\u00f5es positivas aos conte\u00fados que publica?<\/p>\n\n\n\n<p>Tem dificuldade em verificar a veracidade das informa\u00e7\u00f5es \u00e0s quais acede online?<\/p>\n\n\n\n<p><strong>O que \u00e9 o bem-estar digital<\/strong><\/p>\n\n\n\n<p>Estes s\u00e3o alguns exemplos dos desafios que vivemos diariamente em sociedades nas quais as tecnologias digitais s\u00e3o omnipresentes. Neste contexto, \u00e9 fundamental pensarmos o conceito de <strong>bem-estar digital<\/strong>, definido como o equil\u00edbrio saud\u00e1vel entre o uso da tecnologia e o cuidado com a sa\u00fade f\u00edsica, mental e social.<\/p>\n\n\n\n<p>O desafio \u00e9 aproveitarmos as in\u00fameras oportunidades proporcionadas pelo ambiente digital \u2013 tais como entretenimento, informa\u00e7\u00e3o, aprendizagem, comunica\u00e7\u00e3o, participa\u00e7\u00e3o e comunidade \u2013 e ao mesmo tempo nos protegermos de riscos ao nosso bem-estar f\u00edsico (postura inadequada, sedentarismo e problemas cardiovasculares e metab\u00f3licos associados, dist\u00farbios do sono e impactos negativos na vis\u00e3o ou audi\u00e7\u00e3o) mental (ansiedade e depress\u00e3o, dificuldade de concentra\u00e7\u00e3o e fadiga mental,&nbsp; uso compulsivo, insatisfa\u00e7\u00e3o com a imagem corporal) e social (isolamento, <em>cyberbullying<\/em>, aliciamento online e valoriza\u00e7\u00e3o excessiva da popularidade, fama e\/ou consumo).<\/p>\n\n\n\n<p><strong>Como promover o bem-estar digital<\/strong><\/p>\n\n\n\n<p>Para promovermos os impactos positivos das tecnologias e ultrapassarmos os negativos temos que desenvolver a consci\u00eancia acerca das nossas pr\u00e1ticas digitais e a capacidade de mud\u00e1-las em prol do nosso bem-estar.<\/p>\n\n\n\n<p>\u00c9 preciso, ent\u00e3o, ter em aten\u00e7\u00e3o o tempo que passamos online, a forma como nos comportamos online, os conte\u00fados aos quais nos expomos e como interagimos uns com os outros.<\/p>\n\n\n\n<p><strong>O poder das plataformas digitais<\/strong><\/p>\n\n\n\n<p>Al\u00e9m disso, \u00e9 preciso perceber que o nosso bem-estar digital tamb\u00e9m \u00e9 influenciado pelo design das tecnologias. As plataformas digitais lucram com a nossa aten\u00e7\u00e3o e conex\u00e3o. Sustentam o seu modelo de neg\u00f3cios em dois pilares: 1. Vendem espa\u00e7o para publicidade personalizada e<br>2. Recolhem, analisam e vendem os nossos dados pessoais. Quanto mais tempo passamos conectados, mais publicidade consumimos e mais dados pessoais s\u00e3o recolhidos. Por isso, essas plataformas utilizam estrat\u00e9gias persuasivas para nos manter conectados: o <em>autoplay<\/em>, o <em>scroll<\/em> infinito, a personaliza\u00e7\u00e3o de conte\u00fado. N\u00e3o \u00e9 por acaso que temos dificuldades em nos desconectar.<\/p>\n\n\n\n<p><strong>H\u00e1bitos digitais: quais abandonar e quais iniciar<\/strong><\/p>\n\n\n\n<p>Tendo em conta as reflex\u00f5es acima, pense em h\u00e1bitos digitais que quer abandonar ou iniciar em prol do seu bem-estar digital.<\/p>\n\n\n\n<p><em>Sugest\u00f5es de h\u00e1bitos a abandonar<\/em><\/p>\n\n\n\n<ul class=\"wp-block-list\">\n<li>Usar o telem\u00f3vel ao acordar<\/li>\n\n\n\n<li>Usar o telem\u00f3vel antes de dormir<\/li>\n\n\n\n<li>Usar ecr\u00e3s durante as refei\u00e7\u00f5es<\/li>\n\n\n\n<li>Olhar o telem\u00f3vel enquanto fala com outras pessoas<\/li>\n\n\n\n<li>Esperar valida\u00e7\u00e3o das outras pessoas online<\/li>\n\n\n\n<li>Passar horas em <em>doomscrolling<\/em><\/li>\n\n\n\n<li>Consumo de conte\u00fados agressivos online<\/li>\n\n\n\n<li>Verificar compulsivamente o telem\u00f3vel a todo o instante<\/li>\n<\/ul>\n\n\n\n<p><em>Sugest\u00f5es de h\u00e1bitos a implementar<\/em><\/p>\n\n\n\n<ul class=\"wp-block-list\">\n<li>N\u00e3o usar o telem\u00f3vel ao acordar<\/li>\n\n\n\n<li>N\u00e3o usar o telem\u00f3vel antes de dormir<\/li>\n\n\n\n<li>N\u00e3o usar o telem\u00f3vel enquanto estou a interagir pessoalmente com amigos, familiares ou outros<\/li>\n\n\n\n<li>Desligar notifica\u00e7\u00f5es desnecess\u00e1rias<\/li>\n\n\n\n<li>Monitorar o tempo online<\/li>\n\n\n\n<li>Estabelecer limite de tempo de uso para os aplicativos que mais uso<\/li>\n\n\n\n<li>Selecionar conte\u00fados\/pessoas que inspiram online<\/li>\n\n\n\n<li>Perceber quando est\u00e1 a ser fisgado para compras impulsivas<\/li>\n\n\n\n<li>Evitar conte\u00fados prejudiciais<\/li>\n<\/ul>\n\n\n\n<p><\/p>\n","protected":false},"excerpt":{"rendered":"<p>Reflita sobre o seu bem-estar digital Usa o telem\u00f3vel antes de dormir e\/ou logo depois de acordar? Olha muitas vezes o telem\u00f3vel &#8220;s\u00f3 para ver a hora\u201d, mas acaba se distraindo com outros conte\u00fados e perde um bocado a no\u00e7\u00e3o do tempo? Sente afli\u00e7\u00e3o ao lidar ao mesmo com m\u00faltiplos [&hellip;]<\/p>\n","protected":false},"author":3,"featured_media":0,"parent":0,"menu_order":0,"comment_status":"closed","ping_status":"closed","template":"","meta":{"footnotes":""},"class_list":["post-381","page","type-page","status-publish","hentry"],"_links":{"self":[{"href":"https:\/\/projetos.ese.ips.pt\/bedigital\/index.php\/wp-json\/wp\/v2\/pages\/381","targetHints":{"allow":["GET"]}}],"collection":[{"href":"https:\/\/projetos.ese.ips.pt\/bedigital\/index.php\/wp-json\/wp\/v2\/pages"}],"about":[{"href":"https:\/\/projetos.ese.ips.pt\/bedigital\/index.php\/wp-json\/wp\/v2\/types\/page"}],"author":[{"embeddable":true,"href":"https:\/\/projetos.ese.ips.pt\/bedigital\/index.php\/wp-json\/wp\/v2\/users\/3"}],"replies":[{"embeddable":true,"href":"https:\/\/projetos.ese.ips.pt\/bedigital\/index.php\/wp-json\/wp\/v2\/comments?post=381"}],"version-history":[{"count":2,"href":"https:\/\/projetos.ese.ips.pt\/bedigital\/index.php\/wp-json\/wp\/v2\/pages\/381\/revisions"}],"predecessor-version":[{"id":386,"href":"https:\/\/projetos.ese.ips.pt\/bedigital\/index.php\/wp-json\/wp\/v2\/pages\/381\/revisions\/386"}],"wp:attachment":[{"href":"https:\/\/projetos.ese.ips.pt\/bedigital\/index.php\/wp-json\/wp\/v2\/media?parent=381"}],"curies":[{"name":"wp","href":"https:\/\/api.w.org\/{rel}","templated":true}]}}