{"id":1137,"date":"2024-03-07T11:39:25","date_gmt":"2024-03-07T11:39:25","guid":{"rendered":"https:\/\/projetos.ese.ips.pt\/cctic\/?page_id=1137"},"modified":"2025-11-06T12:48:10","modified_gmt":"2025-11-06T12:48:10","slug":"a-criar-com-scratch","status":"publish","type":"page","link":"https:\/\/projetos.ese.ips.pt\/cctic\/index.php\/concursos\/a-criar-com-scratch\/","title":{"rendered":"A Criar com Scratch"},"content":{"rendered":"\n<p>O concurso nacional de programa\u00e7\u00e3o \u201cA Criar com Scratch!\u201d \u00e9 uma iniciativa promovida pelo Centro de Compet\u00eancia TIC da Escola Superior de Educa\u00e7\u00e3o do Instituto Polit\u00e9cnico de Set\u00fabal (CCTIC-ESE\/IPS), atrav\u00e9s do seu projeto EDUSCRATCH, em parceria com a Dire\u00e7\u00e3o-Geral da Educa\u00e7\u00e3o (DGE) do Minist\u00e9rio da Educa\u00e7\u00e3o e a Rede de Bibliotecas de Set\u00fabal (RBS).<br>A participa\u00e7\u00e3o no concurso implica a conce\u00e7\u00e3o e desenvolvimento de projetos elaborados em SCRATCH, por grupos de jovens, de uma mesma escola ou Agrupamento, acompanhados por um professor\/educador e\/ou encarregado de educa\u00e7\u00e3o.<\/p>\n\n\n\n<p>O tema para a edi\u00e7\u00e3o de 2024\/2025 \u00e9: \u201c<strong>Quando a minha escola se tornou o mundo inteiro!<\/strong>\u201c.<\/p>\n\n\n\n<p>Mais informa\u00e7\u00f5es e regulamento <a href=\"https:\/\/projetos.ese.ips.pt\/acriarcomscratch\/\" target=\"_blank\" rel=\"noreferrer noopener\">aqui<\/a><\/p>\n","protected":false},"excerpt":{"rendered":"<p>O concurso nacional de programa\u00e7\u00e3o \u201cA Criar com Scratch!\u201d \u00e9 uma iniciativa promovida pelo Centro de Compet\u00eancia TIC da Escola Superior de Educa\u00e7\u00e3o do Instituto Polit\u00e9cnico de Set\u00fabal (CCTIC-ESE\/IPS), atrav\u00e9s do seu projeto EDUSCRATCH, em parceria com a Dire\u00e7\u00e3o-Geral da Educa\u00e7\u00e3o (DGE) do Minist\u00e9rio da Educa\u00e7\u00e3o e a Rede de Bibliotecas de Set\u00fabal (RBS).A participa\u00e7\u00e3o [&hellip;]<\/p>\n","protected":false},"author":2,"featured_media":2511,"parent":1946,"menu_order":0,"comment_status":"closed","ping_status":"closed","template":"","meta":[],"_links":{"self":[{"href":"https:\/\/projetos.ese.ips.pt\/cctic\/index.php\/wp-json\/wp\/v2\/pages\/1137"}],"collection":[{"href":"https:\/\/projetos.ese.ips.pt\/cctic\/index.php\/wp-json\/wp\/v2\/pages"}],"about":[{"href":"https:\/\/projetos.ese.ips.pt\/cctic\/index.php\/wp-json\/wp\/v2\/types\/page"}],"author":[{"embeddable":true,"href":"https:\/\/projetos.ese.ips.pt\/cctic\/index.php\/wp-json\/wp\/v2\/users\/2"}],"replies":[{"embeddable":true,"href":"https:\/\/projetos.ese.ips.pt\/cctic\/index.php\/wp-json\/wp\/v2\/comments?post=1137"}],"version-history":[{"count":15,"href":"https:\/\/projetos.ese.ips.pt\/cctic\/index.php\/wp-json\/wp\/v2\/pages\/1137\/revisions"}],"predecessor-version":[{"id":2515,"href":"https:\/\/projetos.ese.ips.pt\/cctic\/index.php\/wp-json\/wp\/v2\/pages\/1137\/revisions\/2515"}],"up":[{"embeddable":true,"href":"https:\/\/projetos.ese.ips.pt\/cctic\/index.php\/wp-json\/wp\/v2\/pages\/1946"}],"wp:featuredmedia":[{"embeddable":true,"href":"https:\/\/projetos.ese.ips.pt\/cctic\/index.php\/wp-json\/wp\/v2\/media\/2511"}],"wp:attachment":[{"href":"https:\/\/projetos.ese.ips.pt\/cctic\/index.php\/wp-json\/wp\/v2\/media?parent=1137"}],"curies":[{"name":"wp","href":"https:\/\/api.w.org\/{rel}","templated":true}]}}