{"id":1466,"date":"2024-07-16T09:30:35","date_gmt":"2024-07-16T09:30:35","guid":{"rendered":"https:\/\/projetos.ese.ips.pt\/cctic\/?page_id=1466"},"modified":"2024-07-17T08:08:17","modified_gmt":"2024-07-17T08:08:17","slug":"2023-2024","status":"publish","type":"page","link":"https:\/\/projetos.ese.ips.pt\/cctic\/index.php\/projetos\/matatalab\/2023-2024\/","title":{"rendered":"2023\/2024"},"content":{"rendered":"\n<p>Durante o ano letivo 2023\/24, continuamos a desenvolver o projeto, envolvendo novos docentes e alunos do pr\u00e9-escolar e do 1.\u00ba ciclo, que realizaram algumas atividades, com recurso a rob\u00f4s, desenvolvendo compet\u00eancias relacionadas com as Orienta\u00e7\u00f5es Curriculares para a Educa\u00e7\u00e3o Pr\u00e9-Escolar, com as Aprendizagens Essenciais das diferentes \u00e1reas curriculares e de acordo com o Perfil dos Alunos \u00e0 Sa\u00edda da Escolaridade Obrigat\u00f3ria.<\/p>\n\n\n\n<p><strong>Agrupamentos\/Escolas envolvidas:<\/strong><\/p>\n\n\n\n<ul><li>Agrupamento de Escolas de Santo Andr\u00e9;<\/li><li>Agrupamento de Escolas Jos\u00e9 Saramago;<\/li><li>Agrupamento de Escolas do Montijo;<\/li><li>Agrupamento de Escolas Poeta Joaquim Serra;<\/li><li>Agrupamento de Escolas Jos\u00e9 maria dos Santos;<\/li><li>Agrupamento de Escolas Navegador Rodrigues Soromenho;<\/li><li>Agrupamento de Escolas Ordem de Sant&#8217;Iago;<\/li><li>Agrupamento de Escolas D. Jo\u00e3o I.<\/li><\/ul>\n\n\n\n<p>Foram realizadas, durante o m\u00eas de janeiro de 2024, 3 ACD que envolveram 56 docentes. Depois de terem realizado algumas atividades com os alunos, os docentes foram convidados a participar na Competi\u00e7\u00e3o Internacional de Rob\u00f3tica Future City (MWRC Portugal), promovida pela MATATALAB.<\/p>\n\n\n\n<p>Participaram na referida Competi\u00e7\u00e3o 31 docentes (15 turmas de 1.\u00ba Ciclo do Ensino B\u00e1sico e 4 grupos de Pr\u00e9-Escolar), dos diferentes Agrupamentos, que apresentaram 16 projetos a concurso.<\/p>\n\n\n\n<figure class=\"wp-block-gallery columns-3 is-cropped\"><ul class=\"blocks-gallery-grid\"><li class=\"blocks-gallery-item\"><figure><img loading=\"lazy\" width=\"1024\" height=\"768\" src=\"https:\/\/projetos.ese.ips.pt\/cctic\/wp-content\/uploads\/2024\/07\/448152886_2599535116915640_6629349847272994021_n-1024x768.jpg\" alt=\"\" data-id=\"1475\" data-link=\"https:\/\/projetos.ese.ips.pt\/cctic\/index.php\/projetos\/matatalab\/2023-2024\/448152886_2599535116915640_6629349847272994021_n\/\" class=\"wp-image-1475\" srcset=\"https:\/\/projetos.ese.ips.pt\/cctic\/wp-content\/uploads\/2024\/07\/448152886_2599535116915640_6629349847272994021_n-1024x768.jpg 1024w, https:\/\/projetos.ese.ips.pt\/cctic\/wp-content\/uploads\/2024\/07\/448152886_2599535116915640_6629349847272994021_n-300x225.jpg 300w, https:\/\/projetos.ese.ips.pt\/cctic\/wp-content\/uploads\/2024\/07\/448152886_2599535116915640_6629349847272994021_n-768x576.jpg 768w, https:\/\/projetos.ese.ips.pt\/cctic\/wp-content\/uploads\/2024\/07\/448152886_2599535116915640_6629349847272994021_n-1536x1152.jpg 1536w, https:\/\/projetos.ese.ips.pt\/cctic\/wp-content\/uploads\/2024\/07\/448152886_2599535116915640_6629349847272994021_n-676x507.jpg 676w, https:\/\/projetos.ese.ips.pt\/cctic\/wp-content\/uploads\/2024\/07\/448152886_2599535116915640_6629349847272994021_n.jpg 2048w\" sizes=\"(max-width: 1024px) 100vw, 1024px\" \/><\/figure><\/li><li class=\"blocks-gallery-item\"><figure><img loading=\"lazy\" width=\"1024\" height=\"768\" src=\"https:\/\/projetos.ese.ips.pt\/cctic\/wp-content\/uploads\/2024\/07\/WhatsApp-Image-2024-06-08-at-14.58.31-1024x768.jpeg\" alt=\"\" data-id=\"1473\" data-link=\"https:\/\/projetos.ese.ips.pt\/cctic\/index.php\/projetos\/matatalab\/2023-2024\/whatsapp-image-2024-06-08-at-14-58-31\/\" class=\"wp-image-1473\" srcset=\"https:\/\/projetos.ese.ips.pt\/cctic\/wp-content\/uploads\/2024\/07\/WhatsApp-Image-2024-06-08-at-14.58.31-1024x768.jpeg 1024w, https:\/\/projetos.ese.ips.pt\/cctic\/wp-content\/uploads\/2024\/07\/WhatsApp-Image-2024-06-08-at-14.58.31-300x225.jpeg 300w, https:\/\/projetos.ese.ips.pt\/cctic\/wp-content\/uploads\/2024\/07\/WhatsApp-Image-2024-06-08-at-14.58.31-768x576.jpeg 768w, https:\/\/projetos.ese.ips.pt\/cctic\/wp-content\/uploads\/2024\/07\/WhatsApp-Image-2024-06-08-at-14.58.31-1536x1152.jpeg 1536w, https:\/\/projetos.ese.ips.pt\/cctic\/wp-content\/uploads\/2024\/07\/WhatsApp-Image-2024-06-08-at-14.58.31-676x507.jpeg 676w, https:\/\/projetos.ese.ips.pt\/cctic\/wp-content\/uploads\/2024\/07\/WhatsApp-Image-2024-06-08-at-14.58.31.jpeg 2000w\" sizes=\"(max-width: 1024px) 100vw, 1024px\" \/><\/figure><\/li><li class=\"blocks-gallery-item\"><figure><img loading=\"lazy\" width=\"1024\" height=\"768\" src=\"https:\/\/projetos.ese.ips.pt\/cctic\/wp-content\/uploads\/2024\/07\/WhatsApp-Image-2024-06-08-at-14.58.36-2-1024x768.jpeg\" alt=\"\" data-id=\"1477\" data-full-url=\"https:\/\/projetos.ese.ips.pt\/cctic\/wp-content\/uploads\/2024\/07\/WhatsApp-Image-2024-06-08-at-14.58.36-2.jpeg\" data-link=\"https:\/\/projetos.ese.ips.pt\/cctic\/index.php\/projetos\/matatalab\/2023-2024\/whatsapp-image-2024-06-08-at-14-58-36-2\/\" class=\"wp-image-1477\" srcset=\"https:\/\/projetos.ese.ips.pt\/cctic\/wp-content\/uploads\/2024\/07\/WhatsApp-Image-2024-06-08-at-14.58.36-2-1024x768.jpeg 1024w, https:\/\/projetos.ese.ips.pt\/cctic\/wp-content\/uploads\/2024\/07\/WhatsApp-Image-2024-06-08-at-14.58.36-2-300x225.jpeg 300w, https:\/\/projetos.ese.ips.pt\/cctic\/wp-content\/uploads\/2024\/07\/WhatsApp-Image-2024-06-08-at-14.58.36-2-768x576.jpeg 768w, https:\/\/projetos.ese.ips.pt\/cctic\/wp-content\/uploads\/2024\/07\/WhatsApp-Image-2024-06-08-at-14.58.36-2-1536x1152.jpeg 1536w, https:\/\/projetos.ese.ips.pt\/cctic\/wp-content\/uploads\/2024\/07\/WhatsApp-Image-2024-06-08-at-14.58.36-2-676x507.jpeg 676w, https:\/\/projetos.ese.ips.pt\/cctic\/wp-content\/uploads\/2024\/07\/WhatsApp-Image-2024-06-08-at-14.58.36-2.jpeg 2000w\" sizes=\"(max-width: 1024px) 100vw, 1024px\" \/><\/figure><\/li><li class=\"blocks-gallery-item\"><figure><img loading=\"lazy\" width=\"1024\" height=\"819\" src=\"https:\/\/projetos.ese.ips.pt\/cctic\/wp-content\/uploads\/2024\/07\/Future-City-Portugal-winner-list_1350x1080-1024x819.jpg\" alt=\"\" data-id=\"1471\" data-link=\"https:\/\/projetos.ese.ips.pt\/cctic\/index.php\/projetos\/matatalab\/2023-2024\/future-city-portugal-winner-list_1350x1080\/\" class=\"wp-image-1471\" srcset=\"https:\/\/projetos.ese.ips.pt\/cctic\/wp-content\/uploads\/2024\/07\/Future-City-Portugal-winner-list_1350x1080-1024x819.jpg 1024w, https:\/\/projetos.ese.ips.pt\/cctic\/wp-content\/uploads\/2024\/07\/Future-City-Portugal-winner-list_1350x1080-300x240.jpg 300w, https:\/\/projetos.ese.ips.pt\/cctic\/wp-content\/uploads\/2024\/07\/Future-City-Portugal-winner-list_1350x1080-768x614.jpg 768w, https:\/\/projetos.ese.ips.pt\/cctic\/wp-content\/uploads\/2024\/07\/Future-City-Portugal-winner-list_1350x1080-676x541.jpg 676w, https:\/\/projetos.ese.ips.pt\/cctic\/wp-content\/uploads\/2024\/07\/Future-City-Portugal-winner-list_1350x1080.jpg 1350w\" sizes=\"(max-width: 1024px) 100vw, 1024px\" \/><\/figure><\/li><\/ul><\/figure>\n","protected":false},"excerpt":{"rendered":"<p>Durante o ano letivo 2023\/24, continuamos a desenvolver o projeto, envolvendo novos docentes e alunos do pr\u00e9-escolar e do 1.\u00ba ciclo, que realizaram algumas atividades, com recurso a rob\u00f4s, desenvolvendo compet\u00eancias relacionadas com as Orienta\u00e7\u00f5es Curriculares para a Educa\u00e7\u00e3o Pr\u00e9-Escolar, com as Aprendizagens Essenciais das diferentes \u00e1reas curriculares e de acordo com o Perfil dos [&hellip;]<\/p>\n","protected":false},"author":2,"featured_media":0,"parent":595,"menu_order":1,"comment_status":"closed","ping_status":"closed","template":"","meta":[],"_links":{"self":[{"href":"https:\/\/projetos.ese.ips.pt\/cctic\/index.php\/wp-json\/wp\/v2\/pages\/1466"}],"collection":[{"href":"https:\/\/projetos.ese.ips.pt\/cctic\/index.php\/wp-json\/wp\/v2\/pages"}],"about":[{"href":"https:\/\/projetos.ese.ips.pt\/cctic\/index.php\/wp-json\/wp\/v2\/types\/page"}],"author":[{"embeddable":true,"href":"https:\/\/projetos.ese.ips.pt\/cctic\/index.php\/wp-json\/wp\/v2\/users\/2"}],"replies":[{"embeddable":true,"href":"https:\/\/projetos.ese.ips.pt\/cctic\/index.php\/wp-json\/wp\/v2\/comments?post=1466"}],"version-history":[{"count":7,"href":"https:\/\/projetos.ese.ips.pt\/cctic\/index.php\/wp-json\/wp\/v2\/pages\/1466\/revisions"}],"predecessor-version":[{"id":1482,"href":"https:\/\/projetos.ese.ips.pt\/cctic\/index.php\/wp-json\/wp\/v2\/pages\/1466\/revisions\/1482"}],"up":[{"embeddable":true,"href":"https:\/\/projetos.ese.ips.pt\/cctic\/index.php\/wp-json\/wp\/v2\/pages\/595"}],"wp:attachment":[{"href":"https:\/\/projetos.ese.ips.pt\/cctic\/index.php\/wp-json\/wp\/v2\/media?parent=1466"}],"curies":[{"name":"wp","href":"https:\/\/api.w.org\/{rel}","templated":true}]}}