{"id":1943,"date":"2025-03-05T15:16:06","date_gmt":"2025-03-05T15:16:06","guid":{"rendered":"https:\/\/projetos.ese.ips.pt\/cctic\/?page_id=1943"},"modified":"2025-06-25T09:08:23","modified_gmt":"2025-06-25T09:08:23","slug":"2024-2025","status":"publish","type":"page","link":"https:\/\/projetos.ese.ips.pt\/cctic\/index.php\/projetos\/matatalab\/2024-2025\/","title":{"rendered":"2024\/2025"},"content":{"rendered":"\n<p>Durante o ano letivo 2024\/25, desenvolvemos o projeto, envolvendo novos docentes e alunos do pr\u00e9-escolar e do 1.\u00ba ciclo.<\/p>\n\n\n\n<p><strong>Agrupamentos\/Escolas envolvidas:<\/strong><\/p>\n\n\n\n<ul><li>AE da Caparica; <\/li><li>AE Monte da Caparica; <\/li><li>AE Elias Garcia; <\/li><li>AE Francisco Sim\u00f5es; <\/li><li>AE Ant\u00f3nio Gede\u00e3o; <\/li><li>AE Anselmo de Andrade;<\/li><li>AE de Vale de Milha\u00e7os.<\/li><\/ul>\n\n\n\n<p>Foi realizada, no m\u00eas de fevereiro de 2025, uma ACD que envolveu 26 docentes. Os mesmos foram convidados a desenvolver atividades com os seus alunos e a participar na Competi\u00e7\u00e3o Internacional de Rob\u00f3tica &#8220;Interstellar Energy Quest&#8221; (MWRC 2025 Portugal), promovida pela MATATALAB.<\/p>\n\n\n\n<p>Foram apresentados 9 projetos a concurso e, no dia 7 de junho, realizou-se a \u00faltima sess\u00e3o da forma\u00e7\u00e3o \u201cRob\u00f3tica Educativa nos primeiros anos de escolaridade\u201d, conforme anunciamos <a rel=\"noreferrer noopener\" href=\"https:\/\/projetos.ese.ips.pt\/cctic\/index.php\/2025\/06\/09\/sessao-final-robotica-educativa-nos-primeiros-anos-de-escolaridade\/\" target=\"_blank\">aqui<\/a>.<\/p>\n\n\n\n<p>Foi com grande alegria que verificamos que Portugal estava entre os pa\u00edses vencedores desta competi\u00e7\u00e3o, com duas distin\u00e7\u00f5es &#8220;Estrela do trabalho em equipa&#8221;. <\/p>\n\n\n\n<div class=\"wp-block-image\"><figure class=\"aligncenter size-large\"><img loading=\"lazy\" width=\"613\" height=\"1024\" src=\"https:\/\/projetos.ese.ips.pt\/cctic\/wp-content\/uploads\/2025\/06\/vencedores-613x1024.jpg\" alt=\"\" class=\"wp-image-2299\" srcset=\"https:\/\/projetos.ese.ips.pt\/cctic\/wp-content\/uploads\/2025\/06\/vencedores-613x1024.jpg 613w, https:\/\/projetos.ese.ips.pt\/cctic\/wp-content\/uploads\/2025\/06\/vencedores-179x300.jpg 179w, https:\/\/projetos.ese.ips.pt\/cctic\/wp-content\/uploads\/2025\/06\/vencedores-768x1284.jpg 768w, https:\/\/projetos.ese.ips.pt\/cctic\/wp-content\/uploads\/2025\/06\/vencedores-919x1536.jpg 919w, https:\/\/projetos.ese.ips.pt\/cctic\/wp-content\/uploads\/2025\/06\/vencedores-676x1130.jpg 676w, https:\/\/projetos.ese.ips.pt\/cctic\/wp-content\/uploads\/2025\/06\/vencedores.jpg 1081w\" sizes=\"(max-width: 613px) 100vw, 613px\" \/><\/figure><\/div>\n","protected":false},"excerpt":{"rendered":"<p>Durante o ano letivo 2024\/25, desenvolvemos o projeto, envolvendo novos docentes e alunos do pr\u00e9-escolar e do 1.\u00ba ciclo. Agrupamentos\/Escolas envolvidas: AE da Caparica; AE Monte da Caparica; AE Elias Garcia; AE Francisco Sim\u00f5es; AE Ant\u00f3nio Gede\u00e3o; AE Anselmo de Andrade; AE de Vale de Milha\u00e7os. Foi realizada, no m\u00eas de fevereiro de 2025, uma [&hellip;]<\/p>\n","protected":false},"author":2,"featured_media":0,"parent":595,"menu_order":3,"comment_status":"closed","ping_status":"closed","template":"","meta":[],"_links":{"self":[{"href":"https:\/\/projetos.ese.ips.pt\/cctic\/index.php\/wp-json\/wp\/v2\/pages\/1943"}],"collection":[{"href":"https:\/\/projetos.ese.ips.pt\/cctic\/index.php\/wp-json\/wp\/v2\/pages"}],"about":[{"href":"https:\/\/projetos.ese.ips.pt\/cctic\/index.php\/wp-json\/wp\/v2\/types\/page"}],"author":[{"embeddable":true,"href":"https:\/\/projetos.ese.ips.pt\/cctic\/index.php\/wp-json\/wp\/v2\/users\/2"}],"replies":[{"embeddable":true,"href":"https:\/\/projetos.ese.ips.pt\/cctic\/index.php\/wp-json\/wp\/v2\/comments?post=1943"}],"version-history":[{"count":4,"href":"https:\/\/projetos.ese.ips.pt\/cctic\/index.php\/wp-json\/wp\/v2\/pages\/1943\/revisions"}],"predecessor-version":[{"id":2304,"href":"https:\/\/projetos.ese.ips.pt\/cctic\/index.php\/wp-json\/wp\/v2\/pages\/1943\/revisions\/2304"}],"up":[{"embeddable":true,"href":"https:\/\/projetos.ese.ips.pt\/cctic\/index.php\/wp-json\/wp\/v2\/pages\/595"}],"wp:attachment":[{"href":"https:\/\/projetos.ese.ips.pt\/cctic\/index.php\/wp-json\/wp\/v2\/media?parent=1943"}],"curies":[{"name":"wp","href":"https:\/\/api.w.org\/{rel}","templated":true}]}}