{"id":1957,"date":"2025-03-06T12:24:25","date_gmt":"2025-03-06T12:24:25","guid":{"rendered":"https:\/\/projetos.ese.ips.pt\/cctic\/?page_id=1957"},"modified":"2025-05-15T15:09:53","modified_gmt":"2025-05-15T15:09:53","slug":"scratch-day","status":"publish","type":"page","link":"https:\/\/projetos.ese.ips.pt\/cctic\/index.php\/eventos-category-eventos\/scratch-day\/","title":{"rendered":"Scratch Day 2025"},"content":{"rendered":"\n<figure class=\"wp-block-gallery aligncenter columns-1 is-cropped\"><ul class=\"blocks-gallery-grid\"><li class=\"blocks-gallery-item\"><figure><img loading=\"lazy\" width=\"724\" height=\"1024\" src=\"https:\/\/projetos.ese.ips.pt\/cctic\/wp-content\/uploads\/2025\/03\/cartaz_scratch_day_25-724x1024.jpeg\" alt=\"\" data-id=\"2080\" data-full-url=\"https:\/\/projetos.ese.ips.pt\/cctic\/wp-content\/uploads\/2025\/03\/cartaz_scratch_day_25.jpeg\" data-link=\"https:\/\/projetos.ese.ips.pt\/cctic\/index.php\/eventos-category-eventos\/scratch-day\/cartaz_scratch_day_25\/\" class=\"wp-image-2080\" srcset=\"https:\/\/projetos.ese.ips.pt\/cctic\/wp-content\/uploads\/2025\/03\/cartaz_scratch_day_25-724x1024.jpeg 724w, https:\/\/projetos.ese.ips.pt\/cctic\/wp-content\/uploads\/2025\/03\/cartaz_scratch_day_25-212x300.jpeg 212w, https:\/\/projetos.ese.ips.pt\/cctic\/wp-content\/uploads\/2025\/03\/cartaz_scratch_day_25-768x1086.jpeg 768w, https:\/\/projetos.ese.ips.pt\/cctic\/wp-content\/uploads\/2025\/03\/cartaz_scratch_day_25-1086x1536.jpeg 1086w, https:\/\/projetos.ese.ips.pt\/cctic\/wp-content\/uploads\/2025\/03\/cartaz_scratch_day_25-676x956.jpeg 676w, https:\/\/projetos.ese.ips.pt\/cctic\/wp-content\/uploads\/2025\/03\/cartaz_scratch_day_25.jpeg 1131w\" sizes=\"(max-width: 724px) 100vw, 724px\" \/><\/figure><\/li><\/ul><\/figure>\n\n\n\n<p><strong>Local: Escola Superior de Educa\u00e7\u00e3o do Instituto Polit\u00e9cnico de Set\u00fabal<\/strong><\/p>\n\n\n\n<p><strong>Data: 24 de maio de 2025<\/strong><\/p>\n\n\n\n<p>O Scratch Day \u00e9 um evento mundial incentivado pelo MIT <em>Media Lab<\/em>, envolvendo a linguagem de programa\u00e7\u00e3o e a comunidade Scratch. Visa disseminar o uso do Scratch e a import\u00e2ncia do desenvolvimento da flu\u00eancia computacional e da computa\u00e7\u00e3o criativa por pessoas de diversas idades.<\/p>\n\n\n\n<p>O Centro de Compet\u00eancia TIC da Escola Superior de Educa\u00e7\u00e3o do Instituto Polit\u00e9cnico de Set\u00fabal (CCTIC-ESE\/IPS) associa-se a este evento mundial, realizando, todos os anos, em maio, na Escola Superior de Educa\u00e7\u00e3o, um encontro em que alunos, professores e educadores partilham experi\u00eancias de utiliza\u00e7\u00e3o desta linguagem de programa\u00e7\u00e3o.<\/p>\n\n\n\n<p>As inscri\u00e7\u00f5es devem ser feitas <a rel=\"noreferrer noopener\" href=\"https:\/\/forms.office.com\/Pages\/ResponsePage.aspx?id=JcYorcrykU621hiSK8k5HCHd7KLgXONEvAMJ9E9GH8VUOVg0UkwwM1BTN0ZMRThWMjBMQUFST0pYRC4u\" target=\"_blank\">aqui<\/a>.<\/p>\n\n\n\n<p><strong>Nota: <\/strong>Cada participante deve realizar a sua inscri\u00e7\u00e3o. Por exemplo, se um professor vier acompanhar um grupo de alunos, o professor e cada um dos alunos, individualmente, deve realizar a sua inscri\u00e7\u00e3o. O mesmo deve acontecer com os familiares, que ter\u00e3o de fazer uma inscri\u00e7\u00e3o individual.<\/p>\n\n\n\n<hr class=\"wp-block-separator\"\/>\n\n\n\n<p>O programa do Scratch Day 25 \u00e9 o seguinte:<\/p>\n\n\n\n<p><strong>8h30 \u2013 9h00<\/strong>&nbsp;&nbsp;| Rece\u00e7\u00e3o aos participantes&nbsp;<\/p>\n\n\n\n<p><strong>9h00 \u2013 9h15 <\/strong>| Sess\u00e3o de abertura (audit\u00f3rio)<\/p>\n\n\n\n<p><strong>9h15 \u2013 9h45 <\/strong>| Sess\u00e3o plen\u00e1ria&nbsp;| Miguel Figueiredo&nbsp;<meta charset=\"utf-8\">(audit\u00f3rio)<\/p>\n\n\n\n<p><strong>9h45 \u2013 11h15<\/strong><\/p>\n\n\n\n<p><strong>Painel \u201cBem-estar online\u201d (pais e professores) (audit\u00f3rio)<\/strong><\/p>\n\n\n\n<p>Eduarda Ferreira e L\u00eddia Mar\u00f4po<\/p>\n\n\n\n<p><strong>Modera\u00e7\u00e3o:<\/strong> Maria do Ros\u00e1rio Rodrigues<\/p>\n\n\n\n<p><strong>Workshops (alunos)<\/strong><\/p>\n\n\n\n<p>Workshop 1 &#8211; Aprender a programar com o Scratch (Fernando Frederico)<\/p>\n\n\n\n<p><meta charset=\"utf-8\">Workshop 2 &#8211; Scratch, fruta e muito mais (Jo\u00e3o Torres)<\/p>\n\n\n\n<p><meta charset=\"utf-8\">Workshop 3 &#8211; Aprender a programar o VinciBot (Aida Gra\u00e7a)<\/p>\n\n\n\n<p><meta charset=\"utf-8\">Workshop 4 &#8211; A brincar com rob\u00f4s tamb\u00e9m se aprende (Jos\u00e9 Calado)<\/p>\n\n\n\n<p><strong>11h15 &#8211; 11h30 <\/strong><meta charset=\"utf-8\"> | Intervalo <meta charset=\"utf-8\"> | Parab\u00e9ns ao Scratch<\/p>\n\n\n\n<p><strong>11h30 &#8211; 12h30<\/strong> <meta charset=\"utf-8\"> |  Apresenta\u00e7\u00e3o de projetos em Scratch<\/p>\n\n\n\n<p><strong>12h30 &#8211; 13h00<\/strong><meta charset=\"utf-8\"> | Entrega de pr\u00e9mios do concurso &#8220;A Criar com Scratch&#8221;<\/p>\n\n\n\n<p><strong>13h00 &#8211; 14h30 <\/strong><meta charset=\"utf-8\"> | Almo\u00e7o e visita \u00e0 exposi\u00e7\u00e3o &#8220;40 anos de tecnologias&#8221; <\/p>\n\n\n\n<p><strong>14h30 \u2013 16h30 (Pavilh\u00e3o Desportivo do IPS)<\/strong>&nbsp;<meta charset=\"utf-8\"> | MWRC <em>Smart Sports Competition<\/em>&nbsp;<\/p>\n\n\n\n<p><strong>16h45 \u2013 17h00 <\/strong> <meta charset=\"utf-8\"> | Entrega dos pr\u00e9mios no \u00e2mbito do MWRC <em>Smart Sports Competition<\/em>&nbsp;<\/p>\n\n\n\n<p><strong>17h00 <meta charset=\"utf-8\"> |<\/strong> Bolo e encerramento da MWRC <em>Smart Sports Competition<\/em><\/p>\n\n\n\n<p>&nbsp;<\/p>\n","protected":false},"excerpt":{"rendered":"<p>Local: Escola Superior de Educa\u00e7\u00e3o do Instituto Polit\u00e9cnico de Set\u00fabal Data: 24 de maio de 2025 O Scratch Day \u00e9 um evento mundial incentivado pelo MIT Media Lab, envolvendo a linguagem de programa\u00e7\u00e3o e a comunidade Scratch. Visa disseminar o uso do Scratch e a import\u00e2ncia do desenvolvimento da flu\u00eancia computacional e da computa\u00e7\u00e3o criativa [&hellip;]<\/p>\n","protected":false},"author":2,"featured_media":0,"parent":53,"menu_order":1,"comment_status":"closed","ping_status":"closed","template":"","meta":[],"_links":{"self":[{"href":"https:\/\/projetos.ese.ips.pt\/cctic\/index.php\/wp-json\/wp\/v2\/pages\/1957"}],"collection":[{"href":"https:\/\/projetos.ese.ips.pt\/cctic\/index.php\/wp-json\/wp\/v2\/pages"}],"about":[{"href":"https:\/\/projetos.ese.ips.pt\/cctic\/index.php\/wp-json\/wp\/v2\/types\/page"}],"author":[{"embeddable":true,"href":"https:\/\/projetos.ese.ips.pt\/cctic\/index.php\/wp-json\/wp\/v2\/users\/2"}],"replies":[{"embeddable":true,"href":"https:\/\/projetos.ese.ips.pt\/cctic\/index.php\/wp-json\/wp\/v2\/comments?post=1957"}],"version-history":[{"count":23,"href":"https:\/\/projetos.ese.ips.pt\/cctic\/index.php\/wp-json\/wp\/v2\/pages\/1957\/revisions"}],"predecessor-version":[{"id":2198,"href":"https:\/\/projetos.ese.ips.pt\/cctic\/index.php\/wp-json\/wp\/v2\/pages\/1957\/revisions\/2198"}],"up":[{"embeddable":true,"href":"https:\/\/projetos.ese.ips.pt\/cctic\/index.php\/wp-json\/wp\/v2\/pages\/53"}],"wp:attachment":[{"href":"https:\/\/projetos.ese.ips.pt\/cctic\/index.php\/wp-json\/wp\/v2\/media?parent=1957"}],"curies":[{"name":"wp","href":"https:\/\/api.w.org\/{rel}","templated":true}]}}