{"id":2663,"date":"2026-03-12T19:41:36","date_gmt":"2026-03-12T19:41:36","guid":{"rendered":"https:\/\/projetos.ese.ips.pt\/cctic\/?page_id=2663"},"modified":"2026-03-23T19:32:52","modified_gmt":"2026-03-23T19:32:52","slug":"smart-sports-competition-2026","status":"publish","type":"page","link":"https:\/\/projetos.ese.ips.pt\/cctic\/index.php\/eventos-category-eventos\/smart-sports-competition-2026\/","title":{"rendered":"Smart Sports Competition 2026"},"content":{"rendered":"\n<figure class=\"wp-block-video\"><video controls src=\"https:\/\/projetos.ese.ips.pt\/cctic\/wp-content\/uploads\/2026\/03\/Welcome-Video.mov\"><\/video><\/figure>\n\n\n\n<p><strong>Local: Escola Superior de Educa\u00e7\u00e3o do Instituto Polit\u00e9cnico de Set\u00fabal<\/strong><\/p>\n\n\n\n<p><strong>Data: 30 de maio de 2026<\/strong><\/p>\n\n\n\n<p>integrado no programa do Scratch Day, fruto de uma parceria realizada com a empresa MatataStudio e a Areal Editores, vamos realizar, este ano, a terceira edi\u00e7\u00e3o da MWRC Smart Sports Competition (VinciBot), dirigida a alunos de todo o pa\u00eds<strong>, com experi\u00eancia de utiliza\u00e7\u00e3o do rob\u00f4 VinciBot e do Smart Sports Kit<\/strong>.<\/p>\n\n\n\n<p>A sess\u00e3o de apresenta\u00e7\u00e3o da Competi\u00e7\u00e3o decorreu no dia 12 de mar\u00e7o, online. Para quem n\u00e3o teve a possibilidade de estar presente e assistir \u00e0 mesma, deixamos aqui a grava\u00e7\u00e3o da sess\u00e3o, onde tivemos a presen\u00e7a dos vencedores da 2.\u00aa edi\u00e7\u00e3o, que decorreu no ano passado, e que representaram Portugal na China, em janeiro de 2026.<\/p>\n\n\n\n<figure class=\"wp-block-embed is-type-video is-provider-youtube wp-block-embed-youtube wp-embed-aspect-16-9 wp-has-aspect-ratio\"><div class=\"wp-block-embed__wrapper\">\n<iframe loading=\"lazy\" title=\"Sess\u00e3o de apresenta\u00e7\u00e3o da MWRC (Portugal)\" width=\"676\" height=\"380\" src=\"https:\/\/www.youtube.com\/embed\/YzAMwH5SXyw?feature=oembed\" frameborder=\"0\" allow=\"accelerometer; autoplay; clipboard-write; encrypted-media; gyroscope; picture-in-picture; web-share\" referrerpolicy=\"strict-origin-when-cross-origin\" allowfullscreen><\/iframe>\n<\/div><\/figure>\n\n\n\n<p>Mais informa\u00e7\u00f5es sobre a competi\u00e7\u00e3o (regulamento e materiais de apoio) podem ser consultados\u00a0<a href=\"https:\/\/drive.google.com\/drive\/folders\/1QtHy9WQAwgtKb4R8bjQI4IfKyWdf7cT-?usp=sharing\" data-type=\"URL\" data-id=\"https:\/\/drive.google.com\/drive\/folders\/1QtHy9WQAwgtKb4R8bjQI4IfKyWdf7cT-?usp=sharing\" target=\"_blank\" rel=\"noreferrer noopener\">aqui<\/a>.<\/p>\n\n\n\n<p>A inscri\u00e7\u00e3o na competi\u00e7\u00e3o deve ser realizada&nbsp;<a href=\"https:\/\/forms.office.com\/e\/gb1H2yYbTP\" data-type=\"URL\" data-id=\"https:\/\/forms.office.com\/e\/gb1H2yYbTP\" target=\"_blank\" rel=\"noreferrer noopener\">aqui<\/a>.<\/p>\n","protected":false},"excerpt":{"rendered":"<p>Local: Escola Superior de Educa\u00e7\u00e3o do Instituto Polit\u00e9cnico de Set\u00fabal Data: 30 de maio de 2026 integrado no programa do Scratch Day, fruto de uma parceria realizada com a empresa MatataStudio e a Areal Editores, vamos realizar, este ano, a terceira edi\u00e7\u00e3o da MWRC Smart Sports Competition (VinciBot), dirigida a alunos de todo o pa\u00eds, [&hellip;]<\/p>\n","protected":false},"author":2,"featured_media":0,"parent":53,"menu_order":0,"comment_status":"closed","ping_status":"closed","template":"","meta":[],"_links":{"self":[{"href":"https:\/\/projetos.ese.ips.pt\/cctic\/index.php\/wp-json\/wp\/v2\/pages\/2663"}],"collection":[{"href":"https:\/\/projetos.ese.ips.pt\/cctic\/index.php\/wp-json\/wp\/v2\/pages"}],"about":[{"href":"https:\/\/projetos.ese.ips.pt\/cctic\/index.php\/wp-json\/wp\/v2\/types\/page"}],"author":[{"embeddable":true,"href":"https:\/\/projetos.ese.ips.pt\/cctic\/index.php\/wp-json\/wp\/v2\/users\/2"}],"replies":[{"embeddable":true,"href":"https:\/\/projetos.ese.ips.pt\/cctic\/index.php\/wp-json\/wp\/v2\/comments?post=2663"}],"version-history":[{"count":9,"href":"https:\/\/projetos.ese.ips.pt\/cctic\/index.php\/wp-json\/wp\/v2\/pages\/2663\/revisions"}],"predecessor-version":[{"id":2682,"href":"https:\/\/projetos.ese.ips.pt\/cctic\/index.php\/wp-json\/wp\/v2\/pages\/2663\/revisions\/2682"}],"up":[{"embeddable":true,"href":"https:\/\/projetos.ese.ips.pt\/cctic\/index.php\/wp-json\/wp\/v2\/pages\/53"}],"wp:attachment":[{"href":"https:\/\/projetos.ese.ips.pt\/cctic\/index.php\/wp-json\/wp\/v2\/media?parent=2663"}],"curies":[{"name":"wp","href":"https:\/\/api.w.org\/{rel}","templated":true}]}}