{"id":45,"date":"2021-09-16T10:58:02","date_gmt":"2021-09-16T10:58:02","guid":{"rendered":"http:\/\/projetos.ese.ips.pt\/cpraticapeb\/?page_id=45"},"modified":"2023-09-07T09:48:06","modified_gmt":"2023-09-07T09:48:06","slug":"recursos","status":"publish","type":"page","link":"https:\/\/projetos.ese.ips.pt\/cctic\/index.php\/recursos\/","title":{"rendered":"Recursos"},"content":{"rendered":"\n<p>Aqui, ser\u00e3o publicados alguns recursos, no \u00e2mbito de projetos em que o CCTIC-ESE\/IPS esteja envolvido.<\/p>\n\n\n\n<p>O objetivo deste espa\u00e7o \u00e9 a divulga\u00e7\u00e3o de recursos que possam ser utilizados pelos professores, em contexto de sala de aula. Esses recursos poder\u00e3o ser alterados e partilhados novamente, com o nome do seu ou dos seus\u00a0autores.<\/p>\n\n\n\n<p>Pretende-se construir uma comunidade de professores\u00a0construtores de atividades, devidamente validadas pela sua\u00a0aplica\u00e7\u00e3o com alunos.<\/p>\n","protected":false},"excerpt":{"rendered":"<p>Aqui, ser\u00e3o publicados alguns recursos, no \u00e2mbito de projetos em que o CCTIC-ESE\/IPS esteja envolvido. O objetivo deste espa\u00e7o \u00e9 a divulga\u00e7\u00e3o de recursos que possam ser utilizados pelos professores, em contexto de sala de aula. Esses recursos poder\u00e3o ser alterados e partilhados novamente, com o nome do seu ou dos seus\u00a0autores. Pretende-se construir uma [&hellip;]<\/p>\n","protected":false},"author":2,"featured_media":0,"parent":0,"menu_order":0,"comment_status":"closed","ping_status":"closed","template":"","meta":[],"_links":{"self":[{"href":"https:\/\/projetos.ese.ips.pt\/cctic\/index.php\/wp-json\/wp\/v2\/pages\/45"}],"collection":[{"href":"https:\/\/projetos.ese.ips.pt\/cctic\/index.php\/wp-json\/wp\/v2\/pages"}],"about":[{"href":"https:\/\/projetos.ese.ips.pt\/cctic\/index.php\/wp-json\/wp\/v2\/types\/page"}],"author":[{"embeddable":true,"href":"https:\/\/projetos.ese.ips.pt\/cctic\/index.php\/wp-json\/wp\/v2\/users\/2"}],"replies":[{"embeddable":true,"href":"https:\/\/projetos.ese.ips.pt\/cctic\/index.php\/wp-json\/wp\/v2\/comments?post=45"}],"version-history":[{"count":5,"href":"https:\/\/projetos.ese.ips.pt\/cctic\/index.php\/wp-json\/wp\/v2\/pages\/45\/revisions"}],"predecessor-version":[{"id":577,"href":"https:\/\/projetos.ese.ips.pt\/cctic\/index.php\/wp-json\/wp\/v2\/pages\/45\/revisions\/577"}],"wp:attachment":[{"href":"https:\/\/projetos.ese.ips.pt\/cctic\/index.php\/wp-json\/wp\/v2\/media?parent=45"}],"curies":[{"name":"wp","href":"https:\/\/api.w.org\/{rel}","templated":true}]}}