{"id":611,"date":"2023-09-07T13:49:06","date_gmt":"2023-09-07T13:49:06","guid":{"rendered":"https:\/\/projetos.ese.ips.pt\/cctic\/?page_id=611"},"modified":"2023-09-08T07:32:55","modified_gmt":"2023-09-08T07:32:55","slug":"a-internet-como-nos-a-vemos","status":"publish","type":"page","link":"https:\/\/projetos.ese.ips.pt\/cctic\/index.php\/projetos\/a-internet-como-nos-a-vemos\/","title":{"rendered":"A Internet como n\u00f3s a vemos"},"content":{"rendered":"\n<p>O Projeto \u201cA Internet como n\u00f3s a vemos\u201d foi constru\u00eddo, em conjunto, pelo CCTIC ESE\/IPS e o CCTIC UA. Assume-se como um projeto-piloto, com a finalidade de perceber de que forma \u00e9 que as quest\u00f5es da Cidadania Digital podem ser trabalhadas com alunos do Ensino Secund\u00e1rio, tendo-os no centro do processo educativo e colocando-os como criadores de recursos e divulgadores nas comunidades em que est\u00e3o inseridos. Dependendo dos resultados, a metodologia poder\u00e1 ser divulgada na forma\u00e7\u00e3o de professores e replicada em maior escala.<\/p>\n\n\n\n<p>Assim, com o projeto pretende-se:<\/p>\n\n\n\n<p>i) estudar \/ descrever as compet\u00eancias digitais dos alunos envolvidos;<\/p>\n\n\n\n<p>ii) estudar \/ descrever a utiliza\u00e7\u00e3o que os jovens fazem da Internet;<\/p>\n\n\n\n<p>iii) promover nos jovens uma maior compreens\u00e3o sobre uma utiliza\u00e7\u00e3o segura e cr\u00edtica da Internet;<\/p>\n\n\n\n<p>Pretende-se, ainda que,<\/p>\n\n\n\n<p>iv) os jovens envolvidos no estudo produzam materiais multim\u00e9dia (jogos, v\u00eddeos, quizzes\u2026) para que possam fazer forma\u00e7\u00e3o volunt\u00e1ria, em processos de mentoria, a adultos, nomeadamente, professores, pais\/encarregados de educa\u00e7\u00e3o e pessoal n\u00e3o docente.<\/p>\n\n\n\n<p>Este projeto teve in\u00edcio no ano letivo 2021\/22 e prev\u00ea-se que tenha a dura\u00e7\u00e3o de tr\u00eas anos letivos, para que se possam comparar resultados, quer ao n\u00edvel da utiliza\u00e7\u00e3o dos pr\u00f3prios jovens, das turmas envolvidas no projeto, quer ao n\u00edvel da constru\u00e7\u00e3o dos materiais e impacto junto de outros utilizadores.<\/p>\n\n\n\n<p>Pode aceder \u00e0 p\u00e1gina oficial do Projeto, <a rel=\"noreferrer noopener\" href=\"https:\/\/projetos.ese.ips.pt\/icnv\/\" target=\"_blank\">clicando aqui<\/a>.<\/p>\n","protected":false},"excerpt":{"rendered":"<p>O Projeto \u201cA Internet como n\u00f3s a vemos\u201d foi constru\u00eddo, em conjunto, pelo CCTIC ESE\/IPS e o CCTIC UA. Assume-se como um projeto-piloto, com a finalidade de perceber de que forma \u00e9 que as quest\u00f5es da Cidadania Digital podem ser trabalhadas com alunos do Ensino Secund\u00e1rio, tendo-os no centro do processo educativo e colocando-os como [&hellip;]<\/p>\n","protected":false},"author":2,"featured_media":0,"parent":585,"menu_order":2,"comment_status":"closed","ping_status":"closed","template":"","meta":[],"_links":{"self":[{"href":"https:\/\/projetos.ese.ips.pt\/cctic\/index.php\/wp-json\/wp\/v2\/pages\/611"}],"collection":[{"href":"https:\/\/projetos.ese.ips.pt\/cctic\/index.php\/wp-json\/wp\/v2\/pages"}],"about":[{"href":"https:\/\/projetos.ese.ips.pt\/cctic\/index.php\/wp-json\/wp\/v2\/types\/page"}],"author":[{"embeddable":true,"href":"https:\/\/projetos.ese.ips.pt\/cctic\/index.php\/wp-json\/wp\/v2\/users\/2"}],"replies":[{"embeddable":true,"href":"https:\/\/projetos.ese.ips.pt\/cctic\/index.php\/wp-json\/wp\/v2\/comments?post=611"}],"version-history":[{"count":3,"href":"https:\/\/projetos.ese.ips.pt\/cctic\/index.php\/wp-json\/wp\/v2\/pages\/611\/revisions"}],"predecessor-version":[{"id":663,"href":"https:\/\/projetos.ese.ips.pt\/cctic\/index.php\/wp-json\/wp\/v2\/pages\/611\/revisions\/663"}],"up":[{"embeddable":true,"href":"https:\/\/projetos.ese.ips.pt\/cctic\/index.php\/wp-json\/wp\/v2\/pages\/585"}],"wp:attachment":[{"href":"https:\/\/projetos.ese.ips.pt\/cctic\/index.php\/wp-json\/wp\/v2\/media?parent=611"}],"curies":[{"name":"wp","href":"https:\/\/api.w.org\/{rel}","templated":true}]}}