{"id":615,"date":"2023-09-07T13:55:23","date_gmt":"2023-09-07T13:55:23","guid":{"rendered":"https:\/\/projetos.ese.ips.pt\/cctic\/?page_id=615"},"modified":"2023-09-07T14:17:39","modified_gmt":"2023-09-07T14:17:39","slug":"first-school-first-robot","status":"publish","type":"page","link":"https:\/\/projetos.ese.ips.pt\/cctic\/index.php\/projetos\/first-school-first-robot\/","title":{"rendered":"FIRST SCHOOL, FIRST ROBOT"},"content":{"rendered":"\n<p>O CCTIC-ESE\/IPS, em conjunto com a Escola Superior de Educa\u00e7\u00e3o de Set\u00fabal e o Col\u00e9gio Atl\u00e2ntico, desenvolveu, durante o ano letivo 2021\/22, o Projeto \u201cFIRST SCHOOL, FIRST ROBOT\u201d. <\/p>\n\n\n\n<p>Este projeto teve como objetivo a promo\u00e7\u00e3o do desenvolvimento de compet\u00eancias de relacionamento interpessoal e de resolu\u00e7\u00e3o de problemas nos alunos do 1\u00ba ciclo do ensino b\u00e1sico do col\u00e9gio, utilizando os fundamentos do pensamento computacional e da rob\u00f3tica.<\/p>\n\n\n\n<p>As atividades desenvolvidas passaram, num primeiro momento, pela forma\u00e7\u00e3o dirigida a educadores e professores do 1.\u00ba ciclo do col\u00e9gio Atl\u00e2ntico, atrav\u00e9s da realiza\u00e7\u00e3o de tr\u00eas ACD \u201cPensamento computacional, programa\u00e7\u00e3o e rob\u00f3tica nos primeiros anos de escolaridade (pensamento computacional unplugged)\u201d; \u201cPensamento computacional, programa\u00e7\u00e3o e rob\u00f3tica nos primeiros anos de escolaridade (Explora\u00e7\u00e3o Educativa de rob\u00f4s)\u201d e \u201cPensamento computacional, programa\u00e7\u00e3o e rob\u00f3tica nos primeiros anos de escolaridade (Apresenta\u00e7\u00e3o e discuss\u00e3o das atividades desenvolvidas).<\/p>\n\n\n\n<p>Num segundo momento, demos apoio na elabora\u00e7\u00e3o de alguns planos de aula. O<br>culminar de todo este trabalho foi a partilha de um livro, que conta com todas as<br>atividades que foram realizadas, no \u00e2mbito deste projeto, no Encontro \u201cPensamento  Computacional nos Primeiros Anos\u201d. O mesmo pode ser consultado <a href=\"https:\/\/www.si.ips.pt\/ese_si\/web_gessi_docs.download_file?p_name=F141322131\/First_school_robot-vers%E3o%20final.pdf\" target=\"_blank\" rel=\"noreferrer noopener\">aqui<\/a>.<\/p>\n","protected":false},"excerpt":{"rendered":"<p>O CCTIC-ESE\/IPS, em conjunto com a Escola Superior de Educa\u00e7\u00e3o de Set\u00fabal e o Col\u00e9gio Atl\u00e2ntico, desenvolveu, durante o ano letivo 2021\/22, o Projeto \u201cFIRST SCHOOL, FIRST ROBOT\u201d. Este projeto teve como objetivo a promo\u00e7\u00e3o do desenvolvimento de compet\u00eancias de relacionamento interpessoal e de resolu\u00e7\u00e3o de problemas nos alunos do 1\u00ba ciclo do ensino b\u00e1sico [&hellip;]<\/p>\n","protected":false},"author":2,"featured_media":0,"parent":585,"menu_order":3,"comment_status":"closed","ping_status":"closed","template":"","meta":[],"_links":{"self":[{"href":"https:\/\/projetos.ese.ips.pt\/cctic\/index.php\/wp-json\/wp\/v2\/pages\/615"}],"collection":[{"href":"https:\/\/projetos.ese.ips.pt\/cctic\/index.php\/wp-json\/wp\/v2\/pages"}],"about":[{"href":"https:\/\/projetos.ese.ips.pt\/cctic\/index.php\/wp-json\/wp\/v2\/types\/page"}],"author":[{"embeddable":true,"href":"https:\/\/projetos.ese.ips.pt\/cctic\/index.php\/wp-json\/wp\/v2\/users\/2"}],"replies":[{"embeddable":true,"href":"https:\/\/projetos.ese.ips.pt\/cctic\/index.php\/wp-json\/wp\/v2\/comments?post=615"}],"version-history":[{"count":2,"href":"https:\/\/projetos.ese.ips.pt\/cctic\/index.php\/wp-json\/wp\/v2\/pages\/615\/revisions"}],"predecessor-version":[{"id":621,"href":"https:\/\/projetos.ese.ips.pt\/cctic\/index.php\/wp-json\/wp\/v2\/pages\/615\/revisions\/621"}],"up":[{"embeddable":true,"href":"https:\/\/projetos.ese.ips.pt\/cctic\/index.php\/wp-json\/wp\/v2\/pages\/585"}],"wp:attachment":[{"href":"https:\/\/projetos.ese.ips.pt\/cctic\/index.php\/wp-json\/wp\/v2\/media?parent=615"}],"curies":[{"name":"wp","href":"https:\/\/api.w.org\/{rel}","templated":true}]}}