{"id":630,"date":"2023-09-07T14:36:28","date_gmt":"2023-09-07T14:36:28","guid":{"rendered":"https:\/\/projetos.ese.ips.pt\/cctic\/?page_id=630"},"modified":"2024-07-16T09:23:53","modified_gmt":"2024-07-16T09:23:53","slug":"aprender-com-as-redes","status":"publish","type":"page","link":"https:\/\/projetos.ese.ips.pt\/cctic\/index.php\/recursos\/aprender-com-as-redes\/","title":{"rendered":"Aprender com as Redes"},"content":{"rendered":"\n<div class=\"wp-block-image is-style-default\"><figure class=\"aligncenter size-full is-resized\"><img loading=\"lazy\" src=\"https:\/\/projetos.ese.ips.pt\/cctic\/wp-content\/uploads\/2023\/09\/logo.jpg\" alt=\"\" class=\"wp-image-634\" width=\"379\" height=\"329\" srcset=\"https:\/\/projetos.ese.ips.pt\/cctic\/wp-content\/uploads\/2023\/09\/logo.jpg 758w, https:\/\/projetos.ese.ips.pt\/cctic\/wp-content\/uploads\/2023\/09\/logo-300x260.jpg 300w, https:\/\/projetos.ese.ips.pt\/cctic\/wp-content\/uploads\/2023\/09\/logo-676x587.jpg 676w\" sizes=\"(max-width: 379px) 100vw, 379px\" \/><\/figure><\/div>\n\n\n\n<p>Pode descarregar&nbsp;aqui&nbsp;a contextualiza\u00e7\u00e3o te\u00f3rica e as propostas de atividades desenvolvidas no \u00e2mbito do Projeto &#8220;Aprender com as Redes&#8221;.<\/p>\n\n\n\n<p><a href=\"https:\/\/projetos.ese.ips.pt\/cctic\/wp-content\/uploads\/2023\/09\/contextualizacao_atividades_final.pdf\" target=\"_blank\" rel=\"noreferrer noopener\">Contextualiza\u00e7\u00e3o te\u00f3rica<\/a><\/p>\n\n\n\n<p><a rel=\"noreferrer noopener\" href=\"https:\/\/projetos.ese.ips.pt\/cctic\/wp-content\/uploads\/2024\/03\/atividade_1_final.pdf\" target=\"_blank\">Atividade 1 &#8211; Vamos trabalhar Matem\u00e1tica (2.\u00ba ano de escolaridade)<\/a><\/p>\n\n\n\n<p><a href=\"https:\/\/projetos.ese.ips.pt\/cctic\/wp-content\/uploads\/2024\/07\/atividade_2.pdf\" target=\"_blank\" rel=\"noreferrer noopener\">Atividade 2 &#8211; Vamos trabalhar padr\u00f5es (4.\u00ba ano de escolaridade)<\/a><\/p>\n","protected":false},"excerpt":{"rendered":"<p>Pode descarregar&nbsp;aqui&nbsp;a contextualiza\u00e7\u00e3o te\u00f3rica e as propostas de atividades desenvolvidas no \u00e2mbito do Projeto &#8220;Aprender com as Redes&#8221;. Contextualiza\u00e7\u00e3o te\u00f3rica Atividade 1 &#8211; Vamos trabalhar Matem\u00e1tica (2.\u00ba ano de escolaridade) Atividade 2 &#8211; Vamos trabalhar padr\u00f5es (4.\u00ba ano de escolaridade)<\/p>\n","protected":false},"author":2,"featured_media":0,"parent":45,"menu_order":2,"comment_status":"closed","ping_status":"closed","template":"","meta":[],"_links":{"self":[{"href":"https:\/\/projetos.ese.ips.pt\/cctic\/index.php\/wp-json\/wp\/v2\/pages\/630"}],"collection":[{"href":"https:\/\/projetos.ese.ips.pt\/cctic\/index.php\/wp-json\/wp\/v2\/pages"}],"about":[{"href":"https:\/\/projetos.ese.ips.pt\/cctic\/index.php\/wp-json\/wp\/v2\/types\/page"}],"author":[{"embeddable":true,"href":"https:\/\/projetos.ese.ips.pt\/cctic\/index.php\/wp-json\/wp\/v2\/users\/2"}],"replies":[{"embeddable":true,"href":"https:\/\/projetos.ese.ips.pt\/cctic\/index.php\/wp-json\/wp\/v2\/comments?post=630"}],"version-history":[{"count":7,"href":"https:\/\/projetos.ese.ips.pt\/cctic\/index.php\/wp-json\/wp\/v2\/pages\/630\/revisions"}],"predecessor-version":[{"id":1458,"href":"https:\/\/projetos.ese.ips.pt\/cctic\/index.php\/wp-json\/wp\/v2\/pages\/630\/revisions\/1458"}],"up":[{"embeddable":true,"href":"https:\/\/projetos.ese.ips.pt\/cctic\/index.php\/wp-json\/wp\/v2\/pages\/45"}],"wp:attachment":[{"href":"https:\/\/projetos.ese.ips.pt\/cctic\/index.php\/wp-json\/wp\/v2\/media?parent=630"}],"curies":[{"name":"wp","href":"https:\/\/api.w.org\/{rel}","templated":true}]}}