{"id":649,"date":"2023-09-07T15:02:14","date_gmt":"2023-09-07T15:02:14","guid":{"rendered":"https:\/\/projetos.ese.ips.pt\/cctic\/?page_id=649"},"modified":"2023-09-07T15:03:13","modified_gmt":"2023-09-07T15:03:13","slug":"espacos-maker-ou-makerspaces-espacos-de-aprendizagem-ativa","status":"publish","type":"page","link":"https:\/\/projetos.ese.ips.pt\/cctic\/index.php\/recursos\/espacos-maker-ou-makerspaces-espacos-de-aprendizagem-ativa\/","title":{"rendered":"Espa\u00e7os Maker ou Makerspaces \u2013 Espa\u00e7os de Aprendizagem Ativa"},"content":{"rendered":"\n<p>Pode descarregar&nbsp;aqui&nbsp;a contextualiza\u00e7\u00e3o te\u00f3rica e as propostas de atividades desenvolvidas no \u00e2mbito do Projeto &#8220;Espa\u00e7os Maker ou Makerspaces \u2013 Espa\u00e7os de Aprendizagem Ativa\u201d.<\/p>\n\n\n\n<p><a href=\"https:\/\/projetos.ese.ips.pt\/cctic\/wp-content\/uploads\/2023\/09\/apresentacao_makerspaces_v_final.pdf\" target=\"_blank\" rel=\"noreferrer noopener\">Contextualiza\u00e7\u00e3o te\u00f3rica<\/a><\/p>\n\n\n\n<p><\/p>\n","protected":false},"excerpt":{"rendered":"<p>Pode descarregar&nbsp;aqui&nbsp;a contextualiza\u00e7\u00e3o te\u00f3rica e as propostas de atividades desenvolvidas no \u00e2mbito do Projeto &#8220;Espa\u00e7os Maker ou Makerspaces \u2013 Espa\u00e7os de Aprendizagem Ativa\u201d. Contextualiza\u00e7\u00e3o te\u00f3rica<\/p>\n","protected":false},"author":2,"featured_media":0,"parent":45,"menu_order":3,"comment_status":"closed","ping_status":"closed","template":"","meta":[],"_links":{"self":[{"href":"https:\/\/projetos.ese.ips.pt\/cctic\/index.php\/wp-json\/wp\/v2\/pages\/649"}],"collection":[{"href":"https:\/\/projetos.ese.ips.pt\/cctic\/index.php\/wp-json\/wp\/v2\/pages"}],"about":[{"href":"https:\/\/projetos.ese.ips.pt\/cctic\/index.php\/wp-json\/wp\/v2\/types\/page"}],"author":[{"embeddable":true,"href":"https:\/\/projetos.ese.ips.pt\/cctic\/index.php\/wp-json\/wp\/v2\/users\/2"}],"replies":[{"embeddable":true,"href":"https:\/\/projetos.ese.ips.pt\/cctic\/index.php\/wp-json\/wp\/v2\/comments?post=649"}],"version-history":[{"count":2,"href":"https:\/\/projetos.ese.ips.pt\/cctic\/index.php\/wp-json\/wp\/v2\/pages\/649\/revisions"}],"predecessor-version":[{"id":652,"href":"https:\/\/projetos.ese.ips.pt\/cctic\/index.php\/wp-json\/wp\/v2\/pages\/649\/revisions\/652"}],"up":[{"embeddable":true,"href":"https:\/\/projetos.ese.ips.pt\/cctic\/index.php\/wp-json\/wp\/v2\/pages\/45"}],"wp:attachment":[{"href":"https:\/\/projetos.ese.ips.pt\/cctic\/index.php\/wp-json\/wp\/v2\/media?parent=649"}],"curies":[{"name":"wp","href":"https:\/\/api.w.org\/{rel}","templated":true}]}}