{"id":657,"date":"2023-09-07T15:57:59","date_gmt":"2023-09-07T15:57:59","guid":{"rendered":"https:\/\/projetos.ese.ips.pt\/cctic\/?page_id=657"},"modified":"2023-09-07T15:57:59","modified_gmt":"2023-09-07T15:57:59","slug":"programar-o-futuro","status":"publish","type":"page","link":"https:\/\/projetos.ese.ips.pt\/cctic\/index.php\/projetos\/programar-o-futuro\/","title":{"rendered":"Programar o Futuro"},"content":{"rendered":"\n<p>O projeto \u201cProgramar o Futuro\u201d \u00e9 desenvolvido pela Escola Superior de Educa\u00e7\u00e3o de Set\u00fabal, onde se inclui o CCTIC-ESE\/IPS, em colabora\u00e7\u00e3o com a SIC Esperan\u00e7a e a Google.org. Tem como objetivo formar jovens na \u00e1rea do digital, nomeadamente em programa\u00e7\u00e3o, c\u00f3digo e rob\u00f3tica, proporcionando a aquisi\u00e7\u00e3o de instrumentos essenciais para a futura integra\u00e7\u00e3o no mercado de trabalho.<\/p>\n\n\n\n<p>O projeto decorre em 5 centros urbanos: Braga, Castelo Branco, Coimbra, Faro e<br>Set\u00fabal, pretendendo formar um total de 400 jovens desempregados.<\/p>\n\n\n\n<p>Ap\u00f3s a forma\u00e7\u00e3o, os jovens realizar\u00e3o um est\u00e1gio durante o qual ser\u00e3o formadores de crian\u00e7as, na \u00e1rea de programa\u00e7\u00e3o e rob\u00f3tica, prevendo-se que nos 5 centros urbanos referidos sejam envolvidas 1600 crian\u00e7as.<\/p>\n","protected":false},"excerpt":{"rendered":"<p>O projeto \u201cProgramar o Futuro\u201d \u00e9 desenvolvido pela Escola Superior de Educa\u00e7\u00e3o de Set\u00fabal, onde se inclui o CCTIC-ESE\/IPS, em colabora\u00e7\u00e3o com a SIC Esperan\u00e7a e a Google.org. Tem como objetivo formar jovens na \u00e1rea do digital, nomeadamente em programa\u00e7\u00e3o, c\u00f3digo e rob\u00f3tica, proporcionando a aquisi\u00e7\u00e3o de instrumentos essenciais para a futura integra\u00e7\u00e3o no mercado [&hellip;]<\/p>\n","protected":false},"author":2,"featured_media":0,"parent":585,"menu_order":6,"comment_status":"closed","ping_status":"closed","template":"","meta":[],"_links":{"self":[{"href":"https:\/\/projetos.ese.ips.pt\/cctic\/index.php\/wp-json\/wp\/v2\/pages\/657"}],"collection":[{"href":"https:\/\/projetos.ese.ips.pt\/cctic\/index.php\/wp-json\/wp\/v2\/pages"}],"about":[{"href":"https:\/\/projetos.ese.ips.pt\/cctic\/index.php\/wp-json\/wp\/v2\/types\/page"}],"author":[{"embeddable":true,"href":"https:\/\/projetos.ese.ips.pt\/cctic\/index.php\/wp-json\/wp\/v2\/users\/2"}],"replies":[{"embeddable":true,"href":"https:\/\/projetos.ese.ips.pt\/cctic\/index.php\/wp-json\/wp\/v2\/comments?post=657"}],"version-history":[{"count":1,"href":"https:\/\/projetos.ese.ips.pt\/cctic\/index.php\/wp-json\/wp\/v2\/pages\/657\/revisions"}],"predecessor-version":[{"id":658,"href":"https:\/\/projetos.ese.ips.pt\/cctic\/index.php\/wp-json\/wp\/v2\/pages\/657\/revisions\/658"}],"up":[{"embeddable":true,"href":"https:\/\/projetos.ese.ips.pt\/cctic\/index.php\/wp-json\/wp\/v2\/pages\/585"}],"wp:attachment":[{"href":"https:\/\/projetos.ese.ips.pt\/cctic\/index.php\/wp-json\/wp\/v2\/media?parent=657"}],"curies":[{"name":"wp","href":"https:\/\/api.w.org\/{rel}","templated":true}]}}