{"id":9,"date":"2021-09-15T13:47:51","date_gmt":"2021-09-15T13:47:51","guid":{"rendered":"http:\/\/projetos.ese.ips.pt\/cpraticapeb\/?page_id=9"},"modified":"2023-09-06T15:00:31","modified_gmt":"2023-09-06T15:00:31","slug":"contacto","status":"publish","type":"page","link":"https:\/\/projetos.ese.ips.pt\/cctic\/index.php\/contacto\/","title":{"rendered":"Contactos"},"content":{"rendered":"\n<figure class=\"wp-block-image size-full is-resized\"><img loading=\"lazy\" src=\"http:\/\/projetos.ese.ips.pt\/cpraticapeb\/wp-content\/uploads\/2021\/09\/logocctic-removebg-preview.png\" alt=\"\" class=\"wp-image-67\" width=\"89\" height=\"49\" srcset=\"https:\/\/projetos.ese.ips.pt\/cctic\/wp-content\/uploads\/2021\/09\/logocctic-removebg-preview.png 354w, https:\/\/projetos.ese.ips.pt\/cctic\/wp-content\/uploads\/2021\/09\/logocctic-removebg-preview-300x165.png 300w\" sizes=\"(max-width: 89px) 100vw, 89px\" \/><\/figure>\n\n\n\n<p>Centro de Compet\u00eancia TIC da Escola Superior de Educa\u00e7\u00e3o do Instituto Polit\u00e9cnico de Set\u00fabal<br>e-mail: cctic@ese.ips.pt<\/p>\n\n\n\n<p>Telefone: 265 710 840<\/p>\n\n\n\n<p>Morada:<br>CCTIC-ESE\/IPS<br>Campus do Instituto Polit\u00e9cnico de Set\u00fabal,<br>Estefanilha<br>2914-504 Set\u00fabal<br>Portugal<\/p>\n","protected":false},"excerpt":{"rendered":"<p>Centro de Compet\u00eancia TIC da Escola Superior de Educa\u00e7\u00e3o do Instituto Polit\u00e9cnico de Set\u00fabale-mail: cctic@ese.ips.pt Telefone: 265 710 840 Morada:CCTIC-ESE\/IPSCampus do Instituto Polit\u00e9cnico de Set\u00fabal,Estefanilha2914-504 Set\u00fabalPortugal<\/p>\n","protected":false},"author":1,"featured_media":0,"parent":0,"menu_order":0,"comment_status":"closed","ping_status":"closed","template":"","meta":[],"_links":{"self":[{"href":"https:\/\/projetos.ese.ips.pt\/cctic\/index.php\/wp-json\/wp\/v2\/pages\/9"}],"collection":[{"href":"https:\/\/projetos.ese.ips.pt\/cctic\/index.php\/wp-json\/wp\/v2\/pages"}],"about":[{"href":"https:\/\/projetos.ese.ips.pt\/cctic\/index.php\/wp-json\/wp\/v2\/types\/page"}],"author":[{"embeddable":true,"href":"https:\/\/projetos.ese.ips.pt\/cctic\/index.php\/wp-json\/wp\/v2\/users\/1"}],"replies":[{"embeddable":true,"href":"https:\/\/projetos.ese.ips.pt\/cctic\/index.php\/wp-json\/wp\/v2\/comments?post=9"}],"version-history":[{"count":12,"href":"https:\/\/projetos.ese.ips.pt\/cctic\/index.php\/wp-json\/wp\/v2\/pages\/9\/revisions"}],"predecessor-version":[{"id":530,"href":"https:\/\/projetos.ese.ips.pt\/cctic\/index.php\/wp-json\/wp\/v2\/pages\/9\/revisions\/530"}],"wp:attachment":[{"href":"https:\/\/projetos.ese.ips.pt\/cctic\/index.php\/wp-json\/wp\/v2\/media?parent=9"}],"curies":[{"name":"wp","href":"https:\/\/api.w.org\/{rel}","templated":true}]}}