{"id":13,"date":"2021-02-10T10:28:43","date_gmt":"2021-02-10T10:28:43","guid":{"rendered":"http:\/\/projetos.ese.ips.pt\/escoladigital\/?page_id=13"},"modified":"2021-02-23T11:40:54","modified_gmt":"2021-02-23T11:40:54","slug":"inscricoes","status":"publish","type":"page","link":"https:\/\/projetos.ese.ips.pt\/cde20\/index.php\/inscricoes\/","title":{"rendered":"Inscri\u00e7\u00f5es"},"content":{"rendered":"\n<p>O evento \u00e9 gratuito, mas de inscri\u00e7\u00e3o obrigat\u00f3ria. Podem ser realizadas at\u00e9 ao dia anterior do evento, na plataforma  <a rel=\"noreferrer noopener\" href=\"http:\/\/projectos.ese.ips.pt\/acd\" target=\"_blank\">http:\/\/projectos.ese.ips.pt\/ac<\/a><a href=\"http:\/\/projectos.ese.ips.pt\/acd\" target=\"_blank\" rel=\"noreferrer noopener\">d<\/a><a rel=\"noreferrer noopener\" href=\"http:\/\/projectos.ese.ips.pt\/acd\" target=\"_blank\"> <\/a><\/p>\n\n\n\n<p>Para esclarecimento de d\u00favidas, sobre o processo de inscri\u00e7\u00e3o, consulte o documento dispon\u00edvel <a href=\"http:\/\/projectos.ese.ips.pt\/acd\/arquivos\/T_8000U_1D_2018-12-18_8bb802183b1e6e7055317c240899270c.pdf\" data-type=\"URL\" data-id=\"http:\/\/projectos.ese.ips.pt\/acd\/arquivos\/T_8000U_1D_2018-12-18_8bb802183b1e6e7055317c240899270c.pdf\">aqui<\/a>.<\/p>\n","protected":false},"excerpt":{"rendered":"<p>O evento \u00e9 gratuito, mas de inscri\u00e7\u00e3o obrigat\u00f3ria. Podem ser realizadas at\u00e9 ao dia anterior do evento, na plataforma http:\/\/projectos.ese.ips.pt\/acd Para esclarecimento de d\u00favidas, sobre o processo de inscri\u00e7\u00e3o, consulte o documento dispon\u00edvel aqui.<\/p>\n","protected":false},"author":1,"featured_media":0,"parent":0,"menu_order":0,"comment_status":"closed","ping_status":"closed","template":"","meta":[],"_links":{"self":[{"href":"https:\/\/projetos.ese.ips.pt\/cde20\/index.php\/wp-json\/wp\/v2\/pages\/13"}],"collection":[{"href":"https:\/\/projetos.ese.ips.pt\/cde20\/index.php\/wp-json\/wp\/v2\/pages"}],"about":[{"href":"https:\/\/projetos.ese.ips.pt\/cde20\/index.php\/wp-json\/wp\/v2\/types\/page"}],"author":[{"embeddable":true,"href":"https:\/\/projetos.ese.ips.pt\/cde20\/index.php\/wp-json\/wp\/v2\/users\/1"}],"replies":[{"embeddable":true,"href":"https:\/\/projetos.ese.ips.pt\/cde20\/index.php\/wp-json\/wp\/v2\/comments?post=13"}],"version-history":[{"count":6,"href":"https:\/\/projetos.ese.ips.pt\/cde20\/index.php\/wp-json\/wp\/v2\/pages\/13\/revisions"}],"predecessor-version":[{"id":90,"href":"https:\/\/projetos.ese.ips.pt\/cde20\/index.php\/wp-json\/wp\/v2\/pages\/13\/revisions\/90"}],"wp:attachment":[{"href":"https:\/\/projetos.ese.ips.pt\/cde20\/index.php\/wp-json\/wp\/v2\/media?parent=13"}],"curies":[{"name":"wp","href":"https:\/\/api.w.org\/{rel}","templated":true}]}}