{"id":17,"date":"2021-02-10T10:29:51","date_gmt":"2021-02-10T10:29:51","guid":{"rendered":"http:\/\/projetos.ese.ips.pt\/escoladigital\/?page_id=17"},"modified":"2021-04-14T10:49:35","modified_gmt":"2021-04-14T10:49:35","slug":"comissao-organizadora-e-comissao-cientifica","status":"publish","type":"page","link":"https:\/\/projetos.ese.ips.pt\/cde20\/index.php\/comissao-organizadora-e-comissao-cientifica\/","title":{"rendered":"Comiss\u00f5es"},"content":{"rendered":"\n<h2 class=\"has-text-align-center\">Comiss\u00e3o Cient\u00edfica<\/h2>\n\n\n\n<p>Alet\u00e9ia Eleut\u00e9rio Chevbotar &#8212; Universidade Federal de Mato Grosso do Sul\/CPPP, Brasil<br>Ana Am\u00e9lia de Carvalho &#8212; Universidade de Coimbra, Portugal<br>Ana Cristina Loureiro &#8212; ESE do Instituto Polit\u00e9cnico de Santar\u00e9m, Portugal<br>Ant\u00f3nio Moreira &#8212; Universidade de Aveiro, Portugal<br>Ant\u00f3nio Moreira Teixeira &#8212; Universidade Aberta<br>Ant\u00f3nio Os\u00f3rio &#8212; Universidade do Minho, Portugal<br>Arlinda Cantero Dorsa &#8212; Universidade Cat\u00f3lica Dom Bosco, Brasil<br>Bento Silva &#8212; Universidade do Minho, Portugal<br>Blanca Mart\u00edn Salvago &#8212; Universidade Cat\u00f3lica Dom Bosco, Brasil<br>Carina Elisabeth Maciel &#8212; Universidade Federal de Mato Grosso do Sul\/FAED, Brasil<br>C\u00e9lio Marques &#8212; ESG do Instituto Polit\u00e9cnico de Tomar, Portugal<br>Cristina Azevedo Gomes &#8212; ESE do Instituto Polit\u00e9cnico de Viseu, Portugal<br>Cristina Novo &#8212; ESE do Instituto Polit\u00e9cnico de Santarem, Portugal<br>Daiani Damm Tonetto Riedner &#8212; Universidade Federal de Mato Grosso do Sul\/FAED, Brasil<br>David Oliveira &#8212; Universidade de Aveiro, Portugal<br>Eduardo Lu\u00eds Figueiredo de Lima &#8212; Universidade Federal de Mato Grosso do Sul\/SEAD, Brasil<br>Filipe Moreira &#8212; Universidade de Aveiro, Portugal<br>Henrique Gil &#8212; ESE do Instituto Polit\u00e9cnico de Castelo Branco, Portugal<br>Jo\u00e3o Carlos Gr\u00e1cio &#8211; CCTIC da ESE do Instituto Polit\u00e9cnico de Set\u00fabal, Portugal<br>Jo\u00e3o Correia de Freitas &#8212; Uiversidade Nova de Lisboa<br>Joao Piedade &#8212; Instituto de Educa\u00e7\u00e3o da U. de Lisboa<br>Jo\u00e3o V\u00edtor Torres &#8212; CCTIC da ESE do Instituto Polit\u00e9cnico de Set\u00fabal, Portugal<br>Jos\u00e9 Alberto Lencaste &#8212; Universidade do Minho, Portugal<br>Jos\u00e9 Duarte &#8212; ESE do Instituto Polit\u00e9cnico de Set\u00fabal, Portugal<br>Jos\u00e9 Lu\u00eds Ramos &#8212; Universidade de \u00c9vora, Portugal<br>Katia Alexandra de Godoi e Silva &#8212; Universidade Anhanguera Uniderp, Brasil<br>Lu\u00eds Valente &#8212; CCTIC da Universidade do Minho<br>Manuel Meirinhos &#8212; CIEB do Instituto Polit\u00e9cnico de Bragan\u00e7a, Portugal<br>Marco Bento &#8212; ESE do Instituto Polit\u00e9cnico de Coimbra, Portugal<br>Maria Barbas &#8212; ESE do Instituto Polit\u00e9cnico de Santar\u00e9m, Portugal<br>Maria Cristina Lima Paniago &#8212; Universidade Cat\u00f3lica Dom Bosco, Brasil<br>Maria do Ros\u00e1rio Rodrigues &#8212; ESE do Instituto Polit\u00e9cnico de Set\u00fabal, Portugal<br>Maria Jo\u00e3o Loureiro &#8212; Universidade de Aveiro, Portugal<br>Maria Jos\u00e9 Loureiro &#8212; CCTIC da Universidade de Aveiro, Portugal<br>Maribel Miranda Pinto &#8212; ESE do Instituto Polit\u00e9cnico de Viseu, Portugal<br>Miguel Figueiredo &#8212; ESE do Instituto Polit\u00e9cnico de Set\u00fabal, Portugal<br>Milene Bartolomei Silva &#8212; Universidade Federal de Mato Grosso do Sul\/FAED<br>Miriam Brum Arguelho &#8212; Universidade Federal de Mato Grosso do Sul, Brasil<br>Nadia Bigarella &#8212; Universidade Cat\u00f3lica Dom Bosco, Brasil<br>Nat\u00e1lia Cristina de Oliveira &#8212; Universidade Federal de Mato Grosso do Sul\/CPPP, Brasil<br>Neuza Pedro &#8212; Instituto de Educa\u00e7\u00e3o da Universidade de Lisboa, Portugal<br>Nuno Doroteia &#8212; Instituto de Educa\u00e7\u00e3o da Universidade de Lisboa, Portugal<br>Pedro Rito &#8212; ESE do Instituto Polit\u00e9cnico de Viseu, Portugal<br>Raquel Patr\u00edcio &#8212; CIEB do Instituto Polit\u00e9cnico de Bragan\u00e7a, Portugal<br>Rosimeire Martins R\u00e9gis dos Santos &#8212; Universidade Cat\u00f3lica Dom Bosco, Brasil<br>Ruth Pavan &#8212; Universidade Cat\u00f3lica Dom Bosco, Brasil<br>V\u00edtor Gon\u00e7alves &#8212; CIEB do Instituto Polit\u00e9cnico de Bragan\u00e7a, Portugal<br>Viviane Aparecida F. F. Cacheffo &#8212; Universidade Federal de Mato Grosso do Sul\/CPPP, Brasil<\/p>\n\n\n\n<h2>Comiss\u00e3o Organizadora<\/h2>\n\n\n<p>Jo\u00e3o Gr\u00e1cio \u2013 CCTIC da ESE do Instituto Polit\u00e9cnico de Set\u00fabal, Portugal<br>Jo\u00e3o V\u00edtor Torres \u2013 CCTIC da ESE do Instituto Polit\u00e9cnico de Set\u00fabal, Portugal<br>Maria Cristina Lima Paniago \u2013 Universidade Cat\u00f3lica Dom Bosco, Brasil<br>Maria do Ros\u00e1rio Rodrigues \u2013 ESE do Instituto Polit\u00e9cnico de Set\u00fabal, Portugal<br>Miguel Figueiredo \u2013 ESE do Instituto Polit\u00e9cnico de Set\u00fabal, Portugal<br>Miriam Brum Arguelho \u2013 Universidade Federal de Mato Grosso do Sul, Brasil<\/p>","protected":false},"excerpt":{"rendered":"<p>Comiss\u00e3o Cient\u00edfica Alet\u00e9ia Eleut\u00e9rio Chevbotar &#8212; Universidade Federal de Mato Grosso do Sul\/CPPP, BrasilAna Am\u00e9lia de Carvalho &#8212; Universidade de Coimbra, PortugalAna Cristina Loureiro &#8212; ESE do Instituto Polit\u00e9cnico de Santar\u00e9m, PortugalAnt\u00f3nio Moreira &#8212; Universidade de Aveiro, PortugalAnt\u00f3nio Moreira Teixeira &#8212; Universidade AbertaAnt\u00f3nio Os\u00f3rio &#8212; Universidade do Minho, PortugalArlinda Cantero Dorsa &#8212; Universidade Cat\u00f3lica Dom [&hellip;]<\/p>\n","protected":false},"author":1,"featured_media":0,"parent":0,"menu_order":0,"comment_status":"closed","ping_status":"closed","template":"","meta":[],"_links":{"self":[{"href":"https:\/\/projetos.ese.ips.pt\/cde20\/index.php\/wp-json\/wp\/v2\/pages\/17"}],"collection":[{"href":"https:\/\/projetos.ese.ips.pt\/cde20\/index.php\/wp-json\/wp\/v2\/pages"}],"about":[{"href":"https:\/\/projetos.ese.ips.pt\/cde20\/index.php\/wp-json\/wp\/v2\/types\/page"}],"author":[{"embeddable":true,"href":"https:\/\/projetos.ese.ips.pt\/cde20\/index.php\/wp-json\/wp\/v2\/users\/1"}],"replies":[{"embeddable":true,"href":"https:\/\/projetos.ese.ips.pt\/cde20\/index.php\/wp-json\/wp\/v2\/comments?post=17"}],"version-history":[{"count":44,"href":"https:\/\/projetos.ese.ips.pt\/cde20\/index.php\/wp-json\/wp\/v2\/pages\/17\/revisions"}],"predecessor-version":[{"id":476,"href":"https:\/\/projetos.ese.ips.pt\/cde20\/index.php\/wp-json\/wp\/v2\/pages\/17\/revisions\/476"}],"wp:attachment":[{"href":"https:\/\/projetos.ese.ips.pt\/cde20\/index.php\/wp-json\/wp\/v2\/media?parent=17"}],"curies":[{"name":"wp","href":"https:\/\/api.w.org\/{rel}","templated":true}]}}