{"id":30,"date":"2021-02-10T10:55:52","date_gmt":"2021-02-10T10:55:52","guid":{"rendered":"http:\/\/projetos.ese.ips.pt\/escoladigital\/?page_id=30"},"modified":"2021-03-31T10:25:13","modified_gmt":"2021-03-31T10:25:13","slug":"datas","status":"publish","type":"page","link":"https:\/\/projetos.ese.ips.pt\/cde20\/index.php\/datas\/","title":{"rendered":"Datas"},"content":{"rendered":"\n<ul><li>At\u00e9 <strong><s>3 de abril<\/s><\/strong> <strong>17 de abril<\/strong> (prazo alterado) de 2021 &#8211; Envio de <strong>resumo expandido<\/strong>;<\/li><li>At\u00e9 <strong>24 de abril <\/strong>de 2021 &#8211; Envio de <strong>decis\u00e3o da aceita\u00e7\u00e3o<\/strong> do trabalho pelos revisores;<\/li><li>At\u00e9 <strong>1 de maio<\/strong> de 2021 &#8211; Envio de <strong>vers\u00f5es definitivas<\/strong>;<\/li><li>At\u00e9 <strong>6 de maio <\/strong>envio de um <strong>v\u00eddeo, com a apresenta\u00e7\u00e3o do artigo, <\/strong> com a dura\u00e7\u00e3o m\u00e1xima de 10 minutos.<\/li><li>At\u00e9 <strong>13 de maio<\/strong> &#8211; <strong>Inscri\u00e7\u00f5es<\/strong> no Encontro (<a href=\"http:\/\/projetos.ese.ips.pt\/cde20\/index.php\/inscricoes\/\">ver aqui<\/a>);<\/li><li>Dias <strong>14 e 15 de maio<\/strong> de 2021 &#8211; <strong>Realiza\u00e7\u00e3o do Encontro<\/strong>.<\/li><\/ul>\n\n\n\n<p><\/p>\n","protected":false},"excerpt":{"rendered":"<p>At\u00e9 3 de abril 17 de abril (prazo alterado) de 2021 &#8211; Envio de resumo expandido; At\u00e9 24 de abril de 2021 &#8211; Envio de decis\u00e3o da aceita\u00e7\u00e3o do trabalho pelos revisores; At\u00e9 1 de maio de 2021 &#8211; Envio de vers\u00f5es definitivas; At\u00e9 6 de maio envio de um v\u00eddeo, com a apresenta\u00e7\u00e3o do [&hellip;]<\/p>\n","protected":false},"author":1,"featured_media":0,"parent":0,"menu_order":0,"comment_status":"closed","ping_status":"closed","template":"","meta":[],"_links":{"self":[{"href":"https:\/\/projetos.ese.ips.pt\/cde20\/index.php\/wp-json\/wp\/v2\/pages\/30"}],"collection":[{"href":"https:\/\/projetos.ese.ips.pt\/cde20\/index.php\/wp-json\/wp\/v2\/pages"}],"about":[{"href":"https:\/\/projetos.ese.ips.pt\/cde20\/index.php\/wp-json\/wp\/v2\/types\/page"}],"author":[{"embeddable":true,"href":"https:\/\/projetos.ese.ips.pt\/cde20\/index.php\/wp-json\/wp\/v2\/users\/1"}],"replies":[{"embeddable":true,"href":"https:\/\/projetos.ese.ips.pt\/cde20\/index.php\/wp-json\/wp\/v2\/comments?post=30"}],"version-history":[{"count":11,"href":"https:\/\/projetos.ese.ips.pt\/cde20\/index.php\/wp-json\/wp\/v2\/pages\/30\/revisions"}],"predecessor-version":[{"id":471,"href":"https:\/\/projetos.ese.ips.pt\/cde20\/index.php\/wp-json\/wp\/v2\/pages\/30\/revisions\/471"}],"wp:attachment":[{"href":"https:\/\/projetos.ese.ips.pt\/cde20\/index.php\/wp-json\/wp\/v2\/media?parent=30"}],"curies":[{"name":"wp","href":"https:\/\/api.w.org\/{rel}","templated":true}]}}