{"id":34,"date":"2021-02-10T10:58:37","date_gmt":"2021-02-10T10:58:37","guid":{"rendered":"http:\/\/projetos.ese.ips.pt\/escoladigital\/?page_id=34"},"modified":"2021-04-20T21:15:51","modified_gmt":"2021-04-20T21:15:51","slug":"comunicacoes","status":"publish","type":"page","link":"https:\/\/projetos.ese.ips.pt\/cde20\/index.php\/comunicacoes\/","title":{"rendered":"Submiss\u00e3o de trabalhos"},"content":{"rendered":"\n<p>O CDE 20 tem como princ\u00edpio realizar atividades com vista a fortalecer o di\u00e1logo entre gestores, pesquisadores\/investigadores, professores, alunos de p\u00f3s-gradua\u00e7\u00e3o, gradua\u00e7\u00e3o, licenciaturas, de contextos de educa\u00e7\u00e3o formal, informal e n\u00e3o formal, dos setores p\u00fablico e privado da educa\u00e7\u00e3o. Para tanto, as atividades se caracterizam como palestras de estudiosos de Portugal e do Brasil, mesas-redondas com convidados, ciclos dial\u00f3gicos online e apresenta\u00e7\u00f5es de trabalhos na modalidade de Comunica\u00e7\u00e3o Oral, conforme descrito:<\/p>\n\n\n\n<p>1) Comunica\u00e7\u00e3o oral: formato de resumo expandido caracterizado como um trabalho original e ainda n\u00e3o publicado. O resumo expandido pode ser do tipo relato de experi\u00eancia ou de resultados de pesquisa, descri\u00e7\u00e3o de projeto em andamento, desenvolvimento de materiais did\u00e1ticos digitais de apoio ao curr\u00edculo, seguindo as normas para submiss\u00e3o de trabalho do evento.&nbsp;<\/p>\n\n\n\n<h3>Eixos tem\u00e1ticos<\/h3>\n\n\n\n<p>Os eixos tem\u00e1ticos foram organizados para agrupar os trabalhos de acordo com as quest\u00f5es mais amplas:<\/p>\n\n\n\n<ul><li>A cidadania digital <\/li><li>Pol\u00edticas P\u00fablicas para Educa\u00e7\u00e3o no enfrentamento da COVID-19<\/li><li>Forma\u00e7\u00e3o em tempos de Pandemia <\/li><li>Pr\u00e1ticas educativas em tempos de Pandemia<\/li><\/ul>\n\n\n\n<p> Ser\u00e3o aceites trabalhos para estes eixos que se articulem de alguma forma com o tema geral do evento:  <strong>\u201cCultura Digital e Educa\u00e7\u00e3o na d\u00e9cada de 20\u201d<\/strong><\/p>\n\n\n\n<p>Os trabalhos devem ser submetidos via <a rel=\"noreferrer noopener\" href=\"https:\/\/easychair.org\/my\/conference?conf=cde20\" target=\"_blank\">EasyChair.org<\/a> (ver <a rel=\"noreferrer noopener\" href=\"https:\/\/drive.google.com\/file\/d\/1vDfAvDI0NTtxqzO-6BRpQXboH6cY3h8f\/view?usp=sharing\" target=\"_blank\">aqui um pequeno guia<\/a> para a inscri\u00e7\u00e3o e submiss\u00e3o dos trabalhos) e seguir as seguintes orienta\u00e7\u00f5es:<\/p>\n\n\n\n<h2><strong>Orienta\u00e7\u00f5es para a submiss\u00e3o de artigo curto \/ resumo expandido<\/strong><\/h2>\n\n\n\n<figure class=\"wp-block-table\"><table><tbody><tr><td><strong>L\u00edngua<\/strong><\/td><td>Portugu\u00eas ou Ingl\u00eas (a apresenta\u00e7\u00e3o \u00e9 sempre em portugu\u00eas)<\/td><\/tr><tr><td><strong>Estrutura<\/strong><\/td><td>T\u00edtulo, resumo (200 palavras), abstract (200 palavras), 3 a 5 palavras-chave, Introdu\u00e7\u00e3o, Contextualiza\u00e7\u00e3o te\u00f3rica, Metodologia, Resultados e Discuss\u00e3o, Considera\u00e7\u00f5es finais e Refer\u00eancias Bibliogr\u00e1ficas<\/td><\/tr><tr><td><strong>Dimens\u00e3o<\/strong><\/td><td>1 000 a 1 500 palavras, excluindo os resumos e refer\u00eancias bibliogr\u00e1ficas.<\/td><\/tr><tr><td><strong>Cita\u00e7\u00f5es e Lista de Refer\u00eancias<\/strong><\/td><td>Devem seguir as normas da Associa\u00e7\u00e3o Brasileira de Normas T\u00e9cnicas (ABNT) ou American Psychological Association 7\u00aa edi\u00e7\u00e3o (APA 7)<\/td><\/tr><tr><td><strong>Tipo do documento<\/strong><\/td><td>Doc ou Docx, ODT<\/td><\/tr><\/tbody><\/table><\/figure>\n\n\n\n<p><strong>Normas de formata\u00e7\u00e3o<\/strong><\/p>\n\n\n\n<figure class=\"wp-block-table\"><table><tbody><tr><td><strong>Dimens\u00e3o<\/strong><\/td><td>A4 com orienta\u00e7\u00e3o retrato,&nbsp;margem esquerda e direita a 2,5 cm e margem superior e inferior a 2 cm<strong>&nbsp;<\/strong><\/td><\/tr><tr><td><strong>Texto<\/strong><\/td><td>Times New Roman, tamanho 12, justificado e com espa\u00e7amento de 1,5 linhas<\/td><\/tr><tr><td><strong>T\u00edtulo principal<\/strong><\/td><td>Centrado, negrito, em Mai\u00fasculas e em Times New Roman, tamanho 14, espa\u00e7o depois 18 pt<\/td><\/tr><tr><td><strong>Subt\u00edtulos<\/strong><\/td><td>Times New Roman, tamanho 12, negrito e encostado \u00e0 esquerda<\/td><\/tr><tr><td><strong>Notas de rodap\u00e9<\/strong><\/td><td>Times New Roman, tamanho 10, justificado e espa\u00e7amento entre linhas simples<\/td><\/tr><tr><td><strong>Autor(es) e afilia\u00e7\u00e3o<\/strong><\/td><td>Devem ser inclu\u00eddos na vers\u00e3o final, conforme modelos dispon\u00edveis abaixo.<\/td><\/tr><\/tbody><\/table><\/figure>\n\n\n\n<p><a rel=\"noreferrer noopener\" href=\"http:\/\/projetos.ese.ips.pt\/cde20\/wp-content\/uploads\/2021\/04\/modelo-2.docx\" target=\"_blank\">Descarregar Modelo &#8211; NOVO, com autores (docx)<\/a>\u00a0<\/p>\n\n\n\n<p><a href=\"http:\/\/projetos.ese.ips.pt\/cde20\/wp-content\/uploads\/2021\/04\/modelo-2.odt\" target=\"_blank\" rel=\"noreferrer noopener\">Descarregar Modelo &#8211;  NOVO, com autores (odt)<\/a><\/p>\n","protected":false},"excerpt":{"rendered":"<p>O CDE 20 tem como princ\u00edpio realizar atividades com vista a fortalecer o di\u00e1logo entre gestores, pesquisadores\/investigadores, professores, alunos de p\u00f3s-gradua\u00e7\u00e3o, gradua\u00e7\u00e3o, licenciaturas, de contextos de educa\u00e7\u00e3o formal, informal e n\u00e3o formal, dos setores p\u00fablico e privado da educa\u00e7\u00e3o. Para tanto, as atividades se caracterizam como palestras de estudiosos de Portugal e do Brasil, mesas-redondas [&hellip;]<\/p>\n","protected":false},"author":1,"featured_media":0,"parent":0,"menu_order":0,"comment_status":"closed","ping_status":"closed","template":"","meta":[],"_links":{"self":[{"href":"https:\/\/projetos.ese.ips.pt\/cde20\/index.php\/wp-json\/wp\/v2\/pages\/34"}],"collection":[{"href":"https:\/\/projetos.ese.ips.pt\/cde20\/index.php\/wp-json\/wp\/v2\/pages"}],"about":[{"href":"https:\/\/projetos.ese.ips.pt\/cde20\/index.php\/wp-json\/wp\/v2\/types\/page"}],"author":[{"embeddable":true,"href":"https:\/\/projetos.ese.ips.pt\/cde20\/index.php\/wp-json\/wp\/v2\/users\/1"}],"replies":[{"embeddable":true,"href":"https:\/\/projetos.ese.ips.pt\/cde20\/index.php\/wp-json\/wp\/v2\/comments?post=34"}],"version-history":[{"count":34,"href":"https:\/\/projetos.ese.ips.pt\/cde20\/index.php\/wp-json\/wp\/v2\/pages\/34\/revisions"}],"predecessor-version":[{"id":488,"href":"https:\/\/projetos.ese.ips.pt\/cde20\/index.php\/wp-json\/wp\/v2\/pages\/34\/revisions\/488"}],"wp:attachment":[{"href":"https:\/\/projetos.ese.ips.pt\/cde20\/index.php\/wp-json\/wp\/v2\/media?parent=34"}],"curies":[{"name":"wp","href":"https:\/\/api.w.org\/{rel}","templated":true}]}}