{"id":43,"date":"2021-02-10T11:08:39","date_gmt":"2021-02-10T11:08:39","guid":{"rendered":"http:\/\/projetos.ese.ips.pt\/escoladigital\/?page_id=43"},"modified":"2021-05-25T10:31:38","modified_gmt":"2021-05-25T10:31:38","slug":"programa-g","status":"publish","type":"page","link":"https:\/\/projetos.ese.ips.pt\/cde20\/index.php\/programa-g\/","title":{"rendered":"Programa"},"content":{"rendered":"\n<p>O programa, que  \u00e9 o mesmo dos dois lados do Atl\u00e2ntico, pode consultar as horas das sess\u00f5es na  hora do Brasil (Bras\u00edlia)  e na hora de  Portugal continental.<\/p>\n\n\n\n<h3><strong>Dia 14 de maio de 2021<\/strong><\/h3>\n\n\n\n<p><strong>Brasil\/Portugal<\/strong><\/p>\n\n\n\n<p>9h00 (BR)\/13h00 (PT) &#8211; <strong>Sess\u00e3o de Abertura<\/strong><br><a rel=\"noreferrer noopener\" href=\"https:\/\/videoconf-colibri.zoom.us\/j\/86757654281?pwd=L1hXS3FseDczRmVKd1pvZ3JKWkZ1QT09\" target=\"_blank\"><\/a><\/p>\n\n\n\n<p><strong><a href=\"http:\/\/projetos.ese.ips.pt\/cde20\/index.php\/310-2#pedro_dominguinhos\" data-type=\"URL\">Pedro Dominguinhos<\/a><\/strong> (Presidente do Instituto Polit\u00e9cnico de Set\u00fabal)<br><strong><a href=\"http:\/\/projetos.ese.ips.pt\/cde20\/index.php\/310-2#camila_itavo\">Camila Celeste Brand\u00e3o Ferreira \u00cdtavo<\/a><\/strong> (Vice-Reitora da Universidade Federal de Mato Grosso do Sul)<br><strong><a href=\"http:\/\/projetos.ese.ips.pt\/cde20\/index.php\/310-2#rubia-marques\">R\u00fabia Renata Marques<\/a><\/strong> (Pr\u00f3-reitora de Gradua\u00e7\u00e3o da Universidade Cat\u00f3lica Dom Bosco)<br><strong><a href=\"http:\/\/projetos.ese.ips.pt\/cde20\/index.php\/310-2#miguel-figueiredo\">Miguel Figueiredo<\/a><\/strong> (Comiss\u00e3o Organizadora)<\/p>\n\n\n\n<hr class=\"wp-block-separator\"\/>\n\n\n\n<p>9h30 (BR)\/13h30 (PT) &#8211; <strong>Sess\u00e3o Plen\u00e1ria<\/strong><\/p>\n\n\n\n<p><strong><em>Pol\u00edticas P\u00fablicas para a Educa\u00e7\u00e3o no Enfrentamento da COVID 19<\/em><\/strong><br><strong><a href=\"http:\/\/projetos.ese.ips.pt\/cde20\/index.php\/310-2#joao_costa\">Jo\u00e3o Costa<\/a><\/strong> (Secret\u00e1rio de Estado Adjunto e da Educa\u00e7\u00e3o)<\/p>\n\n\n\n<hr class=\"wp-block-separator\"\/>\n\n\n\n<p>10h30 (BR)\/14h30 (PT) &#8211; <strong>Comunica\u00e7\u00f5es<\/strong><\/p>\n\n\n\n<p><strong><a rel=\"noreferrer noopener\" href=\"http:\/\/projetos.ese.ips.pt\/cde20\/wp-content\/uploads\/2021\/05\/distribuicao_comunicacoesv4.pdf\" target=\"_blank\">Lista das comunica\u00e7\u00f5es distribu\u00eddas por dias e por salas<\/a><\/strong><\/p>\n\n\n\n<figure class=\"wp-block-table is-style-regular\"><table><tbody><tr><td><a rel=\"noreferrer noopener\" href=\"https:\/\/padlet.com\/culturadigitaleducacao20\/yd5ccmhnb8ah5ise\" target=\"_blank\">Sala  virtual 1 <\/a> (<a rel=\"noreferrer noopener\" href=\"https:\/\/padlet.com\/culturadigitaleducacao20\/yd5ccmhnb8ah5ise\" target=\"_blank\">Liga\u00e7\u00e3o<\/a>)<br>Moderador &#8211; Pedro Fel\u00edcio<\/td><td><a href=\"https:\/\/padlet.com\/culturadigitaleducacao20\/yd5ccmhnb8ah5ise\" target=\"_blank\" rel=\"noreferrer noopener\"><img loading=\"lazy\" width=\"57\" height=\"38\" class=\"wp-image-626\" style=\"width: 57px;\" src=\"http:\/\/projetos.ese.ips.pt\/cde20\/wp-content\/uploads\/2021\/05\/Captura-de-ecra\u0303-2021-05-12-a\u0300s-11.27.47.png\" alt=\"\"><\/a><\/td><\/tr><tr><td><a rel=\"noreferrer noopener\" href=\"https:\/\/padlet.com\/culturadigitaleducacao20\/jajfi8xphntl6iqf\" target=\"_blank\">Sala virtual 2<\/a> (<a rel=\"noreferrer noopener\" href=\"https:\/\/padlet.com\/culturadigitaleducacao20\/jajfi8xphntl6iqf\" data-type=\"URL\" data-id=\"https:\/\/padlet.com\/culturadigitaleducacao20\/jajfi8xphntl6iqf\" target=\"_blank\">Liga\u00e7\u00e3o<\/a>)<br>Moderador &#8211; Jo\u00e3o Pires<\/td><td><a href=\"https:\/\/padlet.com\/culturadigitaleducacao20\/jajfi8xphntl6iqf\" target=\"_blank\" rel=\"noreferrer noopener\"><img loading=\"lazy\" width=\"57\" height=\"38\" class=\"wp-image-627\" style=\"width: 57px;\" src=\"http:\/\/projetos.ese.ips.pt\/cde20\/wp-content\/uploads\/2021\/05\/Captura-de-ecra\u0303-2021-05-12-a\u0300s-11.29.39.png\" alt=\"\"><\/a><\/td><\/tr><tr><td><a rel=\"noreferrer noopener\" href=\"https:\/\/padlet.com\/culturadigitaleducacao20\/pq529wejz3ns69nx\" target=\"_blank\">Sala virtual 3<\/a> (<a rel=\"noreferrer noopener\" href=\"https:\/\/padlet.com\/culturadigitaleducacao20\/pq529wejz3ns69nx\" target=\"_blank\">Liga\u00e7\u00e3o<\/a>)<br>Moderadora &#8211; Andrea Versuti<\/td><td><a href=\"https:\/\/padlet.com\/culturadigitaleducacao20\/pq529wejz3ns69nx\" target=\"_blank\" rel=\"noreferrer noopener\"><img loading=\"lazy\" width=\"57\" height=\"38\" class=\"wp-image-628\" style=\"width: 57px;\" src=\"http:\/\/projetos.ese.ips.pt\/cde20\/wp-content\/uploads\/2021\/05\/Captura-de-ecra\u0303-2021-05-12-a\u0300s-11.36.27.png\" alt=\"\"><\/a><\/td><\/tr><tr><td><a rel=\"noreferrer noopener\" href=\"https:\/\/padlet.com\/culturadigitaleducacao20\/ggum7rf7j12nbqav\" target=\"_blank\">Sala virtual 4<\/a> (<a rel=\"noreferrer noopener\" href=\"https:\/\/padlet.com\/culturadigitaleducacao20\/ggum7rf7j12nbqav\" target=\"_blank\">Liga\u00e7\u00e3o<\/a>)<br>Moderadora &#8211; Cristina Paniago<\/td><td><a href=\"https:\/\/padlet.com\/culturadigitaleducacao20\/ggum7rf7j12nbqav\" data-type=\"URL\" data-id=\"https:\/\/padlet.com\/culturadigitaleducacao20\/ggum7rf7j12nbqav\"><img loading=\"lazy\" width=\"57\" height=\"38\" class=\"wp-image-629\" style=\"width: 57px;\" src=\"http:\/\/projetos.ese.ips.pt\/cde20\/wp-content\/uploads\/2021\/05\/Captura-de-ecra\u0303-2021-05-12-a\u0300s-11.38.07.png\" alt=\"\"><\/a><\/td><\/tr><\/tbody><\/table><\/figure>\n\n\n\n<hr class=\"wp-block-separator\"\/>\n\n\n\n<p>12h00 (BR)\/16h00 (PT) &#8211;\u00a0<strong>Painel <\/strong><a rel=\"noreferrer noopener\" href=\"https:\/\/videoconf-colibri.zoom.us\/j\/86757654281?pwd=L1hXS3FseDczRmVKd1pvZ3JKWkZ1QT09\" target=\"_blank\"><\/a><\/p>\n\n\n\n<p><strong><em>Transi\u00e7\u00e3o digital na educa\u00e7\u00e3o<\/em><\/strong> <em><strong>(Modera\u00e7\u00e3o <a href=\"http:\/\/projetos.ese.ips.pt\/cde20\/index.php\/310-2#joao_freitas\">Jo\u00e3o Correia de Freitas<\/a>)<\/strong><\/em><br><strong><a href=\"http:\/\/projetos.ese.ips.pt\/cde20\/index.php\/310-2#Jose-pedroso\" data-type=\"page\">Jos\u00e9 V\u00edtor Pedroso<\/a><\/strong> (Diretor-Geral da Dire\u00e7\u00e3o Geral da Educa\u00e7\u00e3o)<br><strong><a href=\"http:\/\/projetos.ese.ips.pt\/cde20\/index.php\/310-2#waldir_leonel\">Waldir Leonel<\/a><\/strong> (Superintendente de Gest\u00e3o das Pol\u00edticas Educacionais &#8211; SUPED &#8211; Secretaria Municipal de Educa\u00e7\u00e3o &#8211; SEMED, Campo Grande &#8211; MS)<\/p>\n\n\n\n<p><strong>Documentos disponibilizados pelo Professor Waldir Leonel:<\/strong><br><a rel=\"noreferrer noopener\" href=\"http:\/\/projetos.ese.ips.pt\/cde20\/wp-content\/uploads\/2021\/05\/correto_Portugal_apresentacao_ok.pdf\" target=\"_blank\">Apresenta\u00e7\u00e3o utilizada<\/a>;<br><a rel=\"noreferrer noopener\" href=\"http:\/\/projetos.ese.ips.pt\/cde20\/wp-content\/uploads\/2021\/05\/209745-5_Caderno_base_volume3_5o-ano_Completo_1_BX.pdf\" target=\"_blank\">Caderno Base<\/a>;<br><a rel=\"noreferrer noopener\" href=\"https:\/\/www.youtube.com\/channel\/UCsC4oAnt5rZiGAEKYLAYBog\" target=\"_blank\">TV REME Campo Grande<\/a>.<\/p>\n\n\n\n<hr class=\"wp-block-separator\"\/>\n\n\n\n<p>13h00 (BR)\/17h00 (PT) &#8211; <strong><em>Final dos trabalhos do 1.\u00ba dia<\/em><\/strong><\/p>\n\n\n\n<hr class=\"wp-block-separator\"\/>\n\n\n\n<h3><strong>Dia 15 de maio de 2021<\/strong><\/h3>\n\n\n\n<p><strong>Brasil\/Portugal<\/strong><\/p>\n\n\n\n<p>9h00 (BR)\/13h00 (PT) &#8211;\u00a0<strong>Sess\u00e3o Plen\u00e1ria<\/strong><\/p>\n\n\n\n<p><strong><em>Pol\u00edticas P\u00fablicas para a Educa\u00e7\u00e3o no Enfrentamento da COVID 19<\/em><\/strong><br><strong><a href=\"http:\/\/projetos.ese.ips.pt\/cde20\/index.php\/310-2#catarina_santos\">Catarina de Almeida Santos<\/a><\/strong> (Universidade de Bras\u00edlia (UnB))<\/p>\n\n\n\n<hr class=\"wp-block-separator\"\/>\n\n\n\n<p>10h00 (BR)\/14h00 (PT) &#8211;&nbsp;<strong>Comunica\u00e7\u00f5es<\/strong><\/p>\n\n\n\n<p><strong><a rel=\"noreferrer noopener\" href=\"http:\/\/projetos.ese.ips.pt\/cde20\/wp-content\/uploads\/2021\/05\/distribuicao_comunicacoesv4.pdf\" target=\"_blank\">Lista das comunica\u00e7\u00f5es distribu\u00eddas por dias e por salas<\/a><\/strong><\/p>\n\n\n\n<p><\/p>\n\n\n\n<figure class=\"wp-block-table is-style-regular\"><table><tbody><tr><td><a rel=\"noreferrer noopener\" href=\"https:\/\/padlet.com\/culturadigitaleducacao20\/4owa9baphjc18qtr\" data-type=\"URL\" data-id=\"https:\/\/padlet.com\/culturadigitaleducacao20\/4owa9baphjc18qtr\" target=\"_blank\">Sala  virtual 1<\/a>  (<a rel=\"noreferrer noopener\" href=\"https:\/\/padlet.com\/culturadigitaleducacao20\/4owa9baphjc18qtr\" target=\"_blank\">Liga\u00e7\u00e3o<\/a>)<br>Moderador &#8211; Manuel Meirinhos<\/td><td><a href=\"https:\/\/padlet.com\/culturadigitaleducacao20\/4owa9baphjc18qtr\" target=\"_blank\" rel=\"noreferrer noopener\"><img loading=\"lazy\" width=\"57\" height=\"38\" class=\"wp-image-626\" style=\"width: 57px;\" src=\"http:\/\/projetos.ese.ips.pt\/cde20\/wp-content\/uploads\/2021\/05\/Captura-de-ecra\u0303-2021-05-12-a\u0300s-11.27.47.png\" alt=\"\"><\/a><\/td><\/tr><tr><td><a rel=\"noreferrer noopener\" href=\"https:\/\/padlet.com\/culturadigitaleducacao201\/nemhgy57iuxyqq8j\" target=\"_blank\">Sala virtual 2<\/a> (<a rel=\"noreferrer noopener\" href=\"https:\/\/padlet.com\/culturadigitaleducacao201\/nemhgy57iuxyqq8j\" data-type=\"URL\" data-id=\"https:\/\/padlet.com\/culturadigitaleducacao201\/nemhgy57iuxyqq8j\" target=\"_blank\">Liga\u00e7\u00e3o<\/a>)<br>Moderadora &#8211; Rosimeire Santos<\/td><td><a href=\"https:\/\/padlet.com\/culturadigitaleducacao201\/nemhgy57iuxyqq8j\" target=\"_blank\" rel=\"noreferrer noopener\"><img loading=\"lazy\" width=\"57\" height=\"38\" class=\"wp-image-627\" style=\"width: 57px;\" src=\"http:\/\/projetos.ese.ips.pt\/cde20\/wp-content\/uploads\/2021\/05\/Captura-de-ecra\u0303-2021-05-12-a\u0300s-11.29.39.png\" alt=\"\"><\/a><\/td><\/tr><tr><td><a rel=\"noreferrer noopener\" href=\"https:\/\/padlet.com\/culturadigitaleducacao201\/24k3tx3a1g3ws77\" target=\"_blank\">Sala virtual 3<\/a> (<a rel=\"noreferrer noopener\" href=\"https:\/\/padlet.com\/culturadigitaleducacao201\/24k3tx3a1g3ws77\" target=\"_blank\">Liga\u00e7\u00e3o<\/a>)<br>Moderadora &#8211; Renata Ramos<\/td><td><a href=\"https:\/\/padlet.com\/culturadigitaleducacao201\/24k3tx3a1g3ws77\" target=\"_blank\" rel=\"noreferrer noopener\"><img loading=\"lazy\" width=\"57\" height=\"38\" class=\"wp-image-628\" style=\"width: 57px;\" src=\"http:\/\/projetos.ese.ips.pt\/cde20\/wp-content\/uploads\/2021\/05\/Captura-de-ecra\u0303-2021-05-12-a\u0300s-11.36.27.png\" alt=\"\"><\/a><\/td><\/tr><\/tbody><\/table><\/figure>\n\n\n\n<hr class=\"wp-block-separator\"\/>\n\n\n\n<p>11h30 (BR)\/15h30 (PT) &#8211;\u00a0<strong>Painel <\/strong><\/p>\n\n\n\n<p><strong><em>Educa\u00e7\u00e3o com o digital no Ensino Superior<\/em><\/strong> <strong><em>(Modera\u00e7\u00e3o <a href=\"http:\/\/projetos.ese.ips.pt\/cde20\/index.php\/310-2#daiani-riedner\">Daiani Damm Tonetto Riedner<\/a>)<\/em><\/strong><br><strong><a href=\"http:\/\/projetos.ese.ips.pt\/cde20\/index.php\/310-2#ana_carvalho\" data-type=\"page\">Ana Am\u00e9lia de Carvalho<\/a><\/strong>&nbsp;(Faculdade de Psicologia e Ci\u00eancias da Educa\u00e7\u00e3o da Universidade de Coimbra)<br><strong><a href=\"http:\/\/projetos.ese.ips.pt\/cde20\/index.php\/310-2#helder-gusso\">H\u00e9lder Lima Gusso<\/a><\/strong> (Universidade Federal de Santa Catarina)<\/p>\n\n\n\n<hr class=\"wp-block-separator\"\/>\n\n\n\n<p>| 12:30 (BR)\/16:30 (PT) horas|\u00a0<strong>Sess\u00e3o de Encerramento<\/strong><\/p>\n\n\n\n<p><strong><a href=\"http:\/\/projetos.ese.ips.pt\/cde20\/index.php\/310-2#cristina_silva\" data-type=\"URL\">Cristina Gomes da Silva<\/a><\/strong> (Diretora da ESE)<br><a href=\"http:\/\/projetos.ese.ips.pt\/cde20\/index.php\/310-2#miriam-arguelho\"><strong>Miriam Brum Arguelho<\/strong><\/a> (Comiss\u00e3o Organizadora)<\/p>\n","protected":false},"excerpt":{"rendered":"<p>O programa, que \u00e9 o mesmo dos dois lados do Atl\u00e2ntico, pode consultar as horas das sess\u00f5es na hora do Brasil (Bras\u00edlia) e na hora de Portugal continental. Dia 14 de maio de 2021 Brasil\/Portugal 9h00 (BR)\/13h00 (PT) &#8211; Sess\u00e3o de Abertura Pedro Dominguinhos (Presidente do Instituto Polit\u00e9cnico de Set\u00fabal)Camila Celeste Brand\u00e3o Ferreira \u00cdtavo (Vice-Reitora [&hellip;]<\/p>\n","protected":false},"author":1,"featured_media":0,"parent":0,"menu_order":0,"comment_status":"closed","ping_status":"closed","template":"","meta":[],"_links":{"self":[{"href":"https:\/\/projetos.ese.ips.pt\/cde20\/index.php\/wp-json\/wp\/v2\/pages\/43"}],"collection":[{"href":"https:\/\/projetos.ese.ips.pt\/cde20\/index.php\/wp-json\/wp\/v2\/pages"}],"about":[{"href":"https:\/\/projetos.ese.ips.pt\/cde20\/index.php\/wp-json\/wp\/v2\/types\/page"}],"author":[{"embeddable":true,"href":"https:\/\/projetos.ese.ips.pt\/cde20\/index.php\/wp-json\/wp\/v2\/users\/1"}],"replies":[{"embeddable":true,"href":"https:\/\/projetos.ese.ips.pt\/cde20\/index.php\/wp-json\/wp\/v2\/comments?post=43"}],"version-history":[{"count":104,"href":"https:\/\/projetos.ese.ips.pt\/cde20\/index.php\/wp-json\/wp\/v2\/pages\/43\/revisions"}],"predecessor-version":[{"id":676,"href":"https:\/\/projetos.ese.ips.pt\/cde20\/index.php\/wp-json\/wp\/v2\/pages\/43\/revisions\/676"}],"wp:attachment":[{"href":"https:\/\/projetos.ese.ips.pt\/cde20\/index.php\/wp-json\/wp\/v2\/media?parent=43"}],"curies":[{"name":"wp","href":"https:\/\/api.w.org\/{rel}","templated":true}]}}