{"id":112,"date":"2022-04-04T13:39:59","date_gmt":"2022-04-04T13:39:59","guid":{"rendered":"https:\/\/projetos.ese.ips.pt\/cidadaniadigital\/?page_id=112"},"modified":"2022-04-04T14:37:51","modified_gmt":"2022-04-04T14:37:51","slug":"copiar-e-colar","status":"publish","type":"page","link":"https:\/\/projetos.ese.ips.pt\/cidadaniadigital\/index.php\/recursos\/copiar-e-colar\/","title":{"rendered":"Copiar e Colar"},"content":{"rendered":"\n<div class=\"wp-block-image\"><figure class=\"aligncenter size-full is-resized\"><img loading=\"lazy\" src=\"https:\/\/projetos.ese.ips.pt\/cidadaniadigital\/wp-content\/uploads\/2022\/04\/copiar_colar-1.png\" alt=\"\" class=\"wp-image-114\" width=\"673\" height=\"225\" srcset=\"https:\/\/projetos.ese.ips.pt\/cidadaniadigital\/wp-content\/uploads\/2022\/04\/copiar_colar-1.png 581w, https:\/\/projetos.ese.ips.pt\/cidadaniadigital\/wp-content\/uploads\/2022\/04\/copiar_colar-1-300x100.png 300w\" sizes=\"(max-width: 673px) 100vw, 673px\" \/><\/figure><\/div>\n\n\n\n<p>Recurso desenvolvido com a ferramenta Pixton, que pretende levar os alunos a refletir sobre as tem\u00e1ticas da Cidadania Digital, nomeadamente o \u201cCopiar e colar\u201d.<\/p>\n\n\n\n<p><a rel=\"noreferrer noopener\" href=\"http:\/\/projetos.ese.ips.pt\/cidadaniadigital\/wp-content\/uploads\/2022\/04\/recurso_pixton_david_rua_copiar_e_colar.pdf\" target=\"_blank\"><strong>Link para o Recurso<\/strong><\/a><\/p>\n\n\n\n<p><a rel=\"noreferrer noopener\" href=\"http:\/\/projetos.ese.ips.pt\/cidadaniadigital\/wp-content\/uploads\/2022\/04\/guiao_recurso_pixton_david_rua_copiar_e_colar.pdf\" data-type=\"URL\" data-id=\"http:\/\/projetos.ese.ips.pt\/cidadaniadigital\/wp-content\/uploads\/2022\/04\/guiao_recurso_pixton_david_rua_copiar_e_colar.pdf\" target=\"_blank\"><strong>Gui\u00e3o do recurso<\/strong><\/a><\/p>\n\n\n\n<p><a rel=\"noreferrer noopener\" href=\"http:\/\/projetos.ese.ips.pt\/cidadaniadigital\/wp-content\/uploads\/2022\/04\/proposta_exploracao_profs_recurso_pixton_david_rua_copiar_e_colar.pdf\" data-type=\"URL\" data-id=\"http:\/\/projetos.ese.ips.pt\/cidadaniadigital\/wp-content\/uploads\/2022\/04\/proposta_exploracao_profs_recurso_pixton_david_rua_copiar_e_colar.pdf\" target=\"_blank\"><strong>Proposta de explora\u00e7\u00e3o para Professores<\/strong><\/a><\/p>\n","protected":false},"excerpt":{"rendered":"<p>Recurso desenvolvido com a ferramenta Pixton, que pretende levar os alunos a refletir sobre as tem\u00e1ticas da Cidadania Digital, nomeadamente o \u201cCopiar e colar\u201d. Link para o Recurso Gui\u00e3o do recurso Proposta de explora\u00e7\u00e3o para Professores<\/p>\n","protected":false},"author":2,"featured_media":0,"parent":16,"menu_order":0,"comment_status":"closed","ping_status":"closed","template":"template-nosidebar.php","meta":{"_bbp_topic_count":0,"_bbp_reply_count":0,"_bbp_total_topic_count":0,"_bbp_total_reply_count":0,"_bbp_voice_count":0,"_bbp_anonymous_reply_count":0,"_bbp_topic_count_hidden":0,"_bbp_reply_count_hidden":0,"_bbp_forum_subforum_count":0},"_links":{"self":[{"href":"https:\/\/projetos.ese.ips.pt\/cidadaniadigital\/index.php\/wp-json\/wp\/v2\/pages\/112"}],"collection":[{"href":"https:\/\/projetos.ese.ips.pt\/cidadaniadigital\/index.php\/wp-json\/wp\/v2\/pages"}],"about":[{"href":"https:\/\/projetos.ese.ips.pt\/cidadaniadigital\/index.php\/wp-json\/wp\/v2\/types\/page"}],"author":[{"embeddable":true,"href":"https:\/\/projetos.ese.ips.pt\/cidadaniadigital\/index.php\/wp-json\/wp\/v2\/users\/2"}],"replies":[{"embeddable":true,"href":"https:\/\/projetos.ese.ips.pt\/cidadaniadigital\/index.php\/wp-json\/wp\/v2\/comments?post=112"}],"version-history":[{"count":2,"href":"https:\/\/projetos.ese.ips.pt\/cidadaniadigital\/index.php\/wp-json\/wp\/v2\/pages\/112\/revisions"}],"predecessor-version":[{"id":123,"href":"https:\/\/projetos.ese.ips.pt\/cidadaniadigital\/index.php\/wp-json\/wp\/v2\/pages\/112\/revisions\/123"}],"up":[{"embeddable":true,"href":"https:\/\/projetos.ese.ips.pt\/cidadaniadigital\/index.php\/wp-json\/wp\/v2\/pages\/16"}],"wp:attachment":[{"href":"https:\/\/projetos.ese.ips.pt\/cidadaniadigital\/index.php\/wp-json\/wp\/v2\/media?parent=112"}],"curies":[{"name":"wp","href":"https:\/\/api.w.org\/{rel}","templated":true}]}}