{"id":124,"date":"2022-04-04T13:55:02","date_gmt":"2022-04-04T13:55:02","guid":{"rendered":"https:\/\/projetos.ese.ips.pt\/cidadaniadigital\/?page_id=124"},"modified":"2022-04-04T14:37:25","modified_gmt":"2022-04-04T14:37:25","slug":"ha-vida-offline","status":"publish","type":"page","link":"https:\/\/projetos.ese.ips.pt\/cidadaniadigital\/index.php\/recursos\/ha-vida-offline\/","title":{"rendered":"H\u00e1 vida offline"},"content":{"rendered":"\n<div class=\"wp-block-image\"><figure class=\"aligncenter size-full\"><img loading=\"lazy\" width=\"565\" height=\"317\" src=\"https:\/\/projetos.ese.ips.pt\/cidadaniadigital\/wp-content\/uploads\/2022\/04\/vida_offline.png\" alt=\"\" class=\"wp-image-125\" srcset=\"https:\/\/projetos.ese.ips.pt\/cidadaniadigital\/wp-content\/uploads\/2022\/04\/vida_offline.png 565w, https:\/\/projetos.ese.ips.pt\/cidadaniadigital\/wp-content\/uploads\/2022\/04\/vida_offline-300x168.png 300w\" sizes=\"(max-width: 565px) 100vw, 565px\" \/><\/figure><\/div>\n\n\n\n<p>Recurso desenvolvido com a ferramenta Tiki-Toki, que pretende levar os alunos a refletir sobre as tem\u00e1ticas da Cidadania Digital, nomeadamente o \u201cH\u00e1 vida offline\u201d.<\/p>\n\n\n\n<p><strong><a href=\"https:\/\/www.tiki-toki.com\/timeline\/entry\/1815922\/O-fim-de-semana-do-Hlder\/\" data-type=\"URL\" data-id=\"https:\/\/www.tiki-toki.com\/timeline\/entry\/1815922\/O-fim-de-semana-do-Hlder\/\" target=\"_blank\" rel=\"noreferrer noopener\">Link para o Recurso<\/a><\/strong><\/p>\n\n\n\n<p><strong><a href=\"http:\/\/projetos.ese.ips.pt\/cidadaniadigital\/wp-content\/uploads\/2022\/04\/guiao_recurso_Tiki-Toki_david_rua_Ha_vida_offline.pdf\" data-type=\"URL\" data-id=\"http:\/\/projetos.ese.ips.pt\/cidadaniadigital\/wp-content\/uploads\/2022\/04\/guiao_recurso_Tiki-Toki_david_rua_Ha_vida_offline.pdf\" target=\"_blank\" rel=\"noreferrer noopener\">Gui\u00e3o do recurso<\/a><\/strong><\/p>\n\n\n\n<p><strong><a href=\"http:\/\/projetos.ese.ips.pt\/cidadaniadigital\/wp-content\/uploads\/2022\/04\/proposta_exploracao_profs_recurso_Tiki-Toki_david_rua_Ha_vida_offline.pdf\" target=\"_blank\" rel=\"noreferrer noopener\">Proposta de explora\u00e7\u00e3o para Professores<\/a><\/strong><\/p>\n","protected":false},"excerpt":{"rendered":"<p>Recurso desenvolvido com a ferramenta Tiki-Toki, que pretende levar os alunos a refletir sobre as tem\u00e1ticas da Cidadania Digital, nomeadamente o \u201cH\u00e1 vida offline\u201d. Link para o Recurso Gui\u00e3o do recurso Proposta de explora\u00e7\u00e3o para Professores<\/p>\n","protected":false},"author":2,"featured_media":0,"parent":16,"menu_order":0,"comment_status":"closed","ping_status":"closed","template":"template-nosidebar.php","meta":{"_bbp_topic_count":0,"_bbp_reply_count":0,"_bbp_total_topic_count":0,"_bbp_total_reply_count":0,"_bbp_voice_count":0,"_bbp_anonymous_reply_count":0,"_bbp_topic_count_hidden":0,"_bbp_reply_count_hidden":0,"_bbp_forum_subforum_count":0},"_links":{"self":[{"href":"https:\/\/projetos.ese.ips.pt\/cidadaniadigital\/index.php\/wp-json\/wp\/v2\/pages\/124"}],"collection":[{"href":"https:\/\/projetos.ese.ips.pt\/cidadaniadigital\/index.php\/wp-json\/wp\/v2\/pages"}],"about":[{"href":"https:\/\/projetos.ese.ips.pt\/cidadaniadigital\/index.php\/wp-json\/wp\/v2\/types\/page"}],"author":[{"embeddable":true,"href":"https:\/\/projetos.ese.ips.pt\/cidadaniadigital\/index.php\/wp-json\/wp\/v2\/users\/2"}],"replies":[{"embeddable":true,"href":"https:\/\/projetos.ese.ips.pt\/cidadaniadigital\/index.php\/wp-json\/wp\/v2\/comments?post=124"}],"version-history":[{"count":2,"href":"https:\/\/projetos.ese.ips.pt\/cidadaniadigital\/index.php\/wp-json\/wp\/v2\/pages\/124\/revisions"}],"predecessor-version":[{"id":128,"href":"https:\/\/projetos.ese.ips.pt\/cidadaniadigital\/index.php\/wp-json\/wp\/v2\/pages\/124\/revisions\/128"}],"up":[{"embeddable":true,"href":"https:\/\/projetos.ese.ips.pt\/cidadaniadigital\/index.php\/wp-json\/wp\/v2\/pages\/16"}],"wp:attachment":[{"href":"https:\/\/projetos.ese.ips.pt\/cidadaniadigital\/index.php\/wp-json\/wp\/v2\/media?parent=124"}],"curies":[{"name":"wp","href":"https:\/\/api.w.org\/{rel}","templated":true}]}}