{"id":129,"date":"2022-04-04T13:59:50","date_gmt":"2022-04-04T13:59:50","guid":{"rendered":"https:\/\/projetos.ese.ips.pt\/cidadaniadigital\/?page_id=129"},"modified":"2022-04-04T14:36:30","modified_gmt":"2022-04-04T14:36:30","slug":"sexting","status":"publish","type":"page","link":"https:\/\/projetos.ese.ips.pt\/cidadaniadigital\/index.php\/recursos\/sexting\/","title":{"rendered":"Sexting"},"content":{"rendered":"\n<div class=\"wp-block-image\"><figure class=\"aligncenter size-large is-resized\"><img loading=\"lazy\" src=\"https:\/\/projetos.ese.ips.pt\/cidadaniadigital\/wp-content\/uploads\/2022\/04\/slide_1-1024x576.png\" alt=\"\" class=\"wp-image-130\" width=\"479\" height=\"269\" srcset=\"https:\/\/projetos.ese.ips.pt\/cidadaniadigital\/wp-content\/uploads\/2022\/04\/slide_1-1024x576.png 1024w, https:\/\/projetos.ese.ips.pt\/cidadaniadigital\/wp-content\/uploads\/2022\/04\/slide_1-300x169.png 300w, https:\/\/projetos.ese.ips.pt\/cidadaniadigital\/wp-content\/uploads\/2022\/04\/slide_1-768x432.png 768w, https:\/\/projetos.ese.ips.pt\/cidadaniadigital\/wp-content\/uploads\/2022\/04\/slide_1-676x380.png 676w, https:\/\/projetos.ese.ips.pt\/cidadaniadigital\/wp-content\/uploads\/2022\/04\/slide_1.png 1280w\" sizes=\"(max-width: 479px) 100vw, 479px\" \/><\/figure><\/div>\n\n\n\n<p>Recurso desenvolvido com a ferramenta Voicethread, que pretende levar os alunos a refletir sobre as tem\u00e1ticas da Cidadania Digital, nomeadamente o \u201cSexting\u201d.<\/p>\n\n\n\n<p><strong><a href=\"https:\/\/voicethread.com\/share\/19731561\/\" data-type=\"URL\" data-id=\"https:\/\/voicethread.com\/share\/19731561\/\" target=\"_blank\" rel=\"noreferrer noopener\">Link para o Recurso<\/a><\/strong><\/p>\n\n\n\n<p><strong><a href=\"http:\/\/projetos.ese.ips.pt\/cidadaniadigital\/wp-content\/uploads\/2022\/04\/guiao_recurso_voicethread_joao_gracio.pdf\" target=\"_blank\" rel=\"noreferrer noopener\">Gui\u00e3o do recurso<\/a><\/strong><\/p>\n\n\n\n<p><strong><a href=\"http:\/\/projetos.ese.ips.pt\/cidadaniadigital\/wp-content\/uploads\/2022\/04\/proposta_exploracao_profs_recurso_voicethread_joao_gracio.pdf\" data-type=\"URL\" data-id=\"http:\/\/projetos.ese.ips.pt\/cidadaniadigital\/wp-content\/uploads\/2022\/04\/proposta_exploracao_profs_recurso_voicethread_joao_gracio.pdf\" target=\"_blank\" rel=\"noreferrer noopener\">Proposta de explora\u00e7\u00e3o para Professores<\/a><\/strong><\/p>\n","protected":false},"excerpt":{"rendered":"<p>Recurso desenvolvido com a ferramenta Voicethread, que pretende levar os alunos a refletir sobre as tem\u00e1ticas da Cidadania Digital, nomeadamente o \u201cSexting\u201d. Link para o Recurso Gui\u00e3o do recurso Proposta de explora\u00e7\u00e3o para Professores<\/p>\n","protected":false},"author":2,"featured_media":0,"parent":16,"menu_order":0,"comment_status":"closed","ping_status":"closed","template":"template-nosidebar.php","meta":{"_bbp_topic_count":0,"_bbp_reply_count":0,"_bbp_total_topic_count":0,"_bbp_total_reply_count":0,"_bbp_voice_count":0,"_bbp_anonymous_reply_count":0,"_bbp_topic_count_hidden":0,"_bbp_reply_count_hidden":0,"_bbp_forum_subforum_count":0},"_links":{"self":[{"href":"https:\/\/projetos.ese.ips.pt\/cidadaniadigital\/index.php\/wp-json\/wp\/v2\/pages\/129"}],"collection":[{"href":"https:\/\/projetos.ese.ips.pt\/cidadaniadigital\/index.php\/wp-json\/wp\/v2\/pages"}],"about":[{"href":"https:\/\/projetos.ese.ips.pt\/cidadaniadigital\/index.php\/wp-json\/wp\/v2\/types\/page"}],"author":[{"embeddable":true,"href":"https:\/\/projetos.ese.ips.pt\/cidadaniadigital\/index.php\/wp-json\/wp\/v2\/users\/2"}],"replies":[{"embeddable":true,"href":"https:\/\/projetos.ese.ips.pt\/cidadaniadigital\/index.php\/wp-json\/wp\/v2\/comments?post=129"}],"version-history":[{"count":1,"href":"https:\/\/projetos.ese.ips.pt\/cidadaniadigital\/index.php\/wp-json\/wp\/v2\/pages\/129\/revisions"}],"predecessor-version":[{"id":133,"href":"https:\/\/projetos.ese.ips.pt\/cidadaniadigital\/index.php\/wp-json\/wp\/v2\/pages\/129\/revisions\/133"}],"up":[{"embeddable":true,"href":"https:\/\/projetos.ese.ips.pt\/cidadaniadigital\/index.php\/wp-json\/wp\/v2\/pages\/16"}],"wp:attachment":[{"href":"https:\/\/projetos.ese.ips.pt\/cidadaniadigital\/index.php\/wp-json\/wp\/v2\/media?parent=129"}],"curies":[{"name":"wp","href":"https:\/\/api.w.org\/{rel}","templated":true}]}}