{"id":135,"date":"2022-04-04T14:08:29","date_gmt":"2022-04-04T14:08:29","guid":{"rendered":"https:\/\/projetos.ese.ips.pt\/cidadaniadigital\/?page_id=135"},"modified":"2022-04-04T14:38:07","modified_gmt":"2022-04-04T14:38:07","slug":"o-meu-computador-privacidade-e-dados-pessoais-e-conviver-na-internet","status":"publish","type":"page","link":"https:\/\/projetos.ese.ips.pt\/cidadaniadigital\/index.php\/recursos\/o-meu-computador-privacidade-e-dados-pessoais-e-conviver-na-internet\/","title":{"rendered":"\u201cO meu computador\u201d, \u201cPrivacidade e dados pessoais\u201d e \u201cConviver na internet\u201d"},"content":{"rendered":"\n<div class=\"wp-block-image\"><figure class=\"aligncenter size-large is-resized\"><img loading=\"lazy\" src=\"https:\/\/projetos.ese.ips.pt\/cidadaniadigital\/wp-content\/uploads\/2022\/04\/genially-1024x591.png\" alt=\"\" class=\"wp-image-136\" width=\"589\" height=\"340\" srcset=\"https:\/\/projetos.ese.ips.pt\/cidadaniadigital\/wp-content\/uploads\/2022\/04\/genially-1024x591.png 1024w, https:\/\/projetos.ese.ips.pt\/cidadaniadigital\/wp-content\/uploads\/2022\/04\/genially-300x173.png 300w, https:\/\/projetos.ese.ips.pt\/cidadaniadigital\/wp-content\/uploads\/2022\/04\/genially-768x443.png 768w, https:\/\/projetos.ese.ips.pt\/cidadaniadigital\/wp-content\/uploads\/2022\/04\/genially-676x390.png 676w, https:\/\/projetos.ese.ips.pt\/cidadaniadigital\/wp-content\/uploads\/2022\/04\/genially.png 1114w\" sizes=\"(max-width: 589px) 100vw, 589px\" \/><\/figure><\/div>\n\n\n\n<p>Recurso desenvolvido com a ferramenta Genially, que pretende levar os alunos a refletir sobre as tem\u00e1ticas da Cidadania Digital, nomeadamente \u201cO meu computador\u201d, \u201cPrivacidade e dados pessoais\u201d e \u201cConviver na internet\u201d.<\/p>\n\n\n\n<p><a href=\"https:\/\/view.genial.ly\/623c43f9128dbb00193a40bb\/interactive-content-o-computador-novo\" target=\"_blank\" rel=\"noreferrer noopener\">Link para o Recurso<\/a><\/p>\n\n\n\n<p><a href=\"http:\/\/projetos.ese.ips.pt\/cidadaniadigital\/wp-content\/uploads\/2022\/04\/guiao_recurso_genially_david_rua.pdf\" data-type=\"URL\" data-id=\"http:\/\/projetos.ese.ips.pt\/cidadaniadigital\/wp-content\/uploads\/2022\/04\/guiao_recurso_genially_david_rua.pdf\" target=\"_blank\" rel=\"noreferrer noopener\">Gui\u00e3o do recurso<\/a><\/p>\n\n\n\n<p><a href=\"http:\/\/projetos.ese.ips.pt\/cidadaniadigital\/wp-content\/uploads\/2022\/04\/proposta_exploracao_profs_recurso_genially_david_rua.pdf\" data-type=\"URL\" data-id=\"http:\/\/projetos.ese.ips.pt\/cidadaniadigital\/wp-content\/uploads\/2022\/04\/proposta_exploracao_profs_recurso_genially_david_rua.pdf\" target=\"_blank\" rel=\"noreferrer noopener\">Proposta de explora\u00e7\u00e3o para Professores<\/a><\/p>\n","protected":false},"excerpt":{"rendered":"<p>Recurso desenvolvido com a ferramenta Genially, que pretende levar os alunos a refletir sobre as tem\u00e1ticas da Cidadania Digital, nomeadamente \u201cO meu computador\u201d, \u201cPrivacidade e dados pessoais\u201d e \u201cConviver na internet\u201d. Link para o Recurso Gui\u00e3o do recurso Proposta de explora\u00e7\u00e3o para Professores<\/p>\n","protected":false},"author":2,"featured_media":0,"parent":16,"menu_order":0,"comment_status":"closed","ping_status":"closed","template":"template-nosidebar.php","meta":{"_bbp_topic_count":0,"_bbp_reply_count":0,"_bbp_total_topic_count":0,"_bbp_total_reply_count":0,"_bbp_voice_count":0,"_bbp_anonymous_reply_count":0,"_bbp_topic_count_hidden":0,"_bbp_reply_count_hidden":0,"_bbp_forum_subforum_count":0},"_links":{"self":[{"href":"https:\/\/projetos.ese.ips.pt\/cidadaniadigital\/index.php\/wp-json\/wp\/v2\/pages\/135"}],"collection":[{"href":"https:\/\/projetos.ese.ips.pt\/cidadaniadigital\/index.php\/wp-json\/wp\/v2\/pages"}],"about":[{"href":"https:\/\/projetos.ese.ips.pt\/cidadaniadigital\/index.php\/wp-json\/wp\/v2\/types\/page"}],"author":[{"embeddable":true,"href":"https:\/\/projetos.ese.ips.pt\/cidadaniadigital\/index.php\/wp-json\/wp\/v2\/users\/2"}],"replies":[{"embeddable":true,"href":"https:\/\/projetos.ese.ips.pt\/cidadaniadigital\/index.php\/wp-json\/wp\/v2\/comments?post=135"}],"version-history":[{"count":2,"href":"https:\/\/projetos.ese.ips.pt\/cidadaniadigital\/index.php\/wp-json\/wp\/v2\/pages\/135\/revisions"}],"predecessor-version":[{"id":139,"href":"https:\/\/projetos.ese.ips.pt\/cidadaniadigital\/index.php\/wp-json\/wp\/v2\/pages\/135\/revisions\/139"}],"up":[{"embeddable":true,"href":"https:\/\/projetos.ese.ips.pt\/cidadaniadigital\/index.php\/wp-json\/wp\/v2\/pages\/16"}],"wp:attachment":[{"href":"https:\/\/projetos.ese.ips.pt\/cidadaniadigital\/index.php\/wp-json\/wp\/v2\/media?parent=135"}],"curies":[{"name":"wp","href":"https:\/\/api.w.org\/{rel}","templated":true}]}}