{"id":2,"date":"2022-04-01T11:09:28","date_gmt":"2022-04-01T11:09:28","guid":{"rendered":"http:\/\/projetos.ese.ips.pt\/cidadaniadigital\/?page_id=2"},"modified":"2022-04-04T14:44:12","modified_gmt":"2022-04-04T14:44:12","slug":"pagina-exemplo","status":"publish","type":"page","link":"https:\/\/projetos.ese.ips.pt\/cidadaniadigital\/index.php\/pagina-exemplo\/","title":{"rendered":"Cidadania Digital"},"content":{"rendered":"\n<p>Cada vez mais ouvimos falar do termo &#8220;cidadania digital&#8221;. Mas o que significa verdadeiramente? <\/p>\n\n\n\n<p>De um modo geral, <strong>cidadania digital<\/strong> \u00e9 um conceito usado e compreendido, por toda a sociedade, quando existe a refer\u00eancia a uma utiliza\u00e7\u00e3o respons\u00e1vel e informada da tecnologia, por parte dos cidad\u00e3os.<\/p>\n\n\n\n<p><strong>Mas qual \u00e9 a sua import\u00e2ncia?<\/strong><\/p>\n\n\n\n<p>Como sabemos, o digital veio para ficar e a capacita\u00e7\u00e3o digital dos cidad\u00e3os \u00e9 um dos grandes objetivos nacionais e europeus.<\/p>\n\n\n\n<p>S\u00e3o v\u00e1rios os documentos que t\u00eam sido criados, pela Comiss\u00e3o Europeia e pelo Governo Portugu\u00eas, no sentido de preparar os cidad\u00e3os para viver na era digital, assegurando os seus direitos e refor\u00e7ando os seus deveres enquanto <strong>cidad\u00e3os digitais<\/strong>.<\/p>\n\n\n\n<p>Desta forma, numa sociedade onde os jovens estabelecem contacto com o digital, de forma cada vez mais permanente, \u00e9 importante promover o desenvolvimento das suas compet\u00eancias digitais,   assim como sensibiliz\u00e1-los para o uso seguro e cr\u00edtico das tecnologias digitais, de forma a que tomem consci\u00eancia dos perigos que o digital pode trazer e perceber quais os comportamentos que dever\u00e3o adotar.<\/p>\n\n\n\n<p><strong>Como?<\/strong><\/p>\n\n\n\n<p>Apesar de todo o trabalho que tem vindo a ser realizado, existe ainda, por vezes, alguma incapacidade dos jovens de discernir e utilizar correta e conscientemente as tecnologias.<\/p>\n\n\n\n<p>Para al\u00e9m disso, com o Plano de Transi\u00e7\u00e3o Digital na Educa\u00e7\u00e3o (PTDE), a maioria dos alunos passou a ter, \u00e0 sua disposi\u00e7\u00e3o, um computador com acesso \u00e0 Internet, pelo que se torna imperativo discutir estas quest\u00f5es da cidadania digital.<\/p>\n\n\n\n<p>Assim, \u00e9 fundamental que os professores possam discutir estas tem\u00e1ticas com os seus alunos, de forma a que os jovens reflitam, de forma cr\u00edtica, sobre: a utiliza\u00e7\u00e3o que fazem das tecnologias digitais; a forma como acedem aos recursos que t\u00eam \u00e0 sua disposi\u00e7\u00e3o e os riscos inerentes a essa utiliza\u00e7\u00e3o, entre outros.<\/p>\n\n\n\n<p>Em Portugal, a Dire\u00e7\u00e3o-Geral da Educa\u00e7\u00e3o (DGE) \u00e9 respons\u00e1vel pelo Centro de Sensibiliza\u00e7\u00e3o SeguraNet, que \u201ctem como miss\u00e3o promover a Cidadania Digital e a Educa\u00e7\u00e3o para os Media nas Escolas\u201d (<a href=\"https:\/\/www.seguranet.pt\" target=\"_blank\" rel=\"noreferrer noopener\">https:\/\/www.seguranet.pt<\/a>).<\/p>\n\n\n\n<p>O Centro de Sensibiliza\u00e7\u00e3o SeguraNet \u00e9 respons\u00e1vel por diversas iniciativas e materiais disponibilizados a crian\u00e7as e jovens, pais e educadores, que t\u00eam tamb\u00e9m vindo a ser utilizados no desenvolvimento de muitas iniciativas levadas a cabo pelos Centros de Compet\u00eancia Tic, de todo o pa\u00eds.<\/p>\n","protected":false},"excerpt":{"rendered":"<p>Cada vez mais ouvimos falar do termo &#8220;cidadania digital&#8221;. Mas o que significa verdadeiramente? De um modo geral, cidadania digital \u00e9 um conceito usado e compreendido, por toda a sociedade, quando existe a refer\u00eancia a uma utiliza\u00e7\u00e3o respons\u00e1vel e informada da tecnologia, por parte dos cidad\u00e3os. Mas qual \u00e9 a sua import\u00e2ncia? Como sabemos, o [&hellip;]<\/p>\n","protected":false},"author":1,"featured_media":0,"parent":0,"menu_order":0,"comment_status":"closed","ping_status":"open","template":"template-nosidebar.php","meta":{"_bbp_topic_count":0,"_bbp_reply_count":0,"_bbp_total_topic_count":0,"_bbp_total_reply_count":0,"_bbp_voice_count":0,"_bbp_anonymous_reply_count":0,"_bbp_topic_count_hidden":0,"_bbp_reply_count_hidden":0,"_bbp_forum_subforum_count":0},"_links":{"self":[{"href":"https:\/\/projetos.ese.ips.pt\/cidadaniadigital\/index.php\/wp-json\/wp\/v2\/pages\/2"}],"collection":[{"href":"https:\/\/projetos.ese.ips.pt\/cidadaniadigital\/index.php\/wp-json\/wp\/v2\/pages"}],"about":[{"href":"https:\/\/projetos.ese.ips.pt\/cidadaniadigital\/index.php\/wp-json\/wp\/v2\/types\/page"}],"author":[{"embeddable":true,"href":"https:\/\/projetos.ese.ips.pt\/cidadaniadigital\/index.php\/wp-json\/wp\/v2\/users\/1"}],"replies":[{"embeddable":true,"href":"https:\/\/projetos.ese.ips.pt\/cidadaniadigital\/index.php\/wp-json\/wp\/v2\/comments?post=2"}],"version-history":[{"count":5,"href":"https:\/\/projetos.ese.ips.pt\/cidadaniadigital\/index.php\/wp-json\/wp\/v2\/pages\/2\/revisions"}],"predecessor-version":[{"id":54,"href":"https:\/\/projetos.ese.ips.pt\/cidadaniadigital\/index.php\/wp-json\/wp\/v2\/pages\/2\/revisions\/54"}],"wp:attachment":[{"href":"https:\/\/projetos.ese.ips.pt\/cidadaniadigital\/index.php\/wp-json\/wp\/v2\/media?parent=2"}],"curies":[{"name":"wp","href":"https:\/\/api.w.org\/{rel}","templated":true}]}}