{"id":75,"date":"2022-04-04T10:42:35","date_gmt":"2022-04-04T10:42:35","guid":{"rendered":"https:\/\/projetos.ese.ips.pt\/cidadaniadigital\/?page_id=75"},"modified":"2022-04-04T15:25:20","modified_gmt":"2022-04-04T15:25:20","slug":"forum-teste02","status":"publish","type":"page","link":"https:\/\/projetos.ese.ips.pt\/cidadaniadigital\/index.php\/forum-teste02\/","title":{"rendered":"F\u00f3rum"},"content":{"rendered":"\n<p>Espa\u00e7o dedicado a quest\u00f5es, discuss\u00e3o e partilha no \u00e2mbito das tem\u00e1ticas de  Cidadania Digital. <\/p>\n\n\n\n\n<div id=\"bbpress-forums\" class=\"bbpress-wrapper\">\n\n\t\n\t<div class=\"bbp-search-form\">\n\t\t<form role=\"search\" method=\"get\" id=\"bbp-search-form\">\n\t\t\t<div>\n\t\t\t\t<label class=\"screen-reader-text hidden\" for=\"bbp_search\">Search for:<\/label>\n\t\t\t\t<input type=\"hidden\" name=\"action\" value=\"bbp-search-request\" \/>\n\t\t\t\t<input type=\"text\" value=\"\" name=\"bbp_search\" id=\"bbp_search\" \/>\n\t\t\t\t<input class=\"button\" type=\"submit\" id=\"bbp_search_submit\" value=\"Search\" \/>\n\t\t\t<\/div>\n\t\t<\/form>\n\t<\/div>\n\n\n\t<div class=\"bbp-breadcrumb\"><p><a href=\"https:\/\/projetos.ese.ips.pt\/cidadaniadigital\" class=\"bbp-breadcrumb-home\"><span class=\"bsp-home-icon\"><\/span><\/a> <span class=\"bbp-breadcrumb-sep\">&rsaquo;<\/span> <span class=\"bbp-breadcrumb-current\">Forums<\/span><\/p><\/div>\n\t\n\t\n\t\n\t\t\r\n\r\n\t\t\t\t\t\t\t\r\n\t\t\t\r\n\t\t\t\r\n\t\t\t<ul id=\"forums-list-70\" class=\"bbp-forums bsp-template1\">\r\n\r\n\t\t\t\t<li class=\"bbp-header\">\r\n\r\n\t\t\t\t\t<ul class=\"forum-titles\">\r\n\t\t\t\t\t\t<li class=\"bbp-forum-info\">Forum<\/li>\r\n\t\t\t\t\t\t<li class=\"bbp-forum-topic-count\">Topics<\/li>\r\n\t\t\t\t\t\t<li class=\"bbp-forum-reply-count\">Posts<\/li>\r\n\t\t\t\t\t\t<li class=\"bbp-forum-freshness\">Freshness<\/li>\r\n\t\t\t\t\t<\/ul>\r\n\r\n\t\t\t\t<\/li><!-- .bbp-header -->\r\n\r\n\t\t\t<li class=\"bbp-body\">\r\n\t\r\n\n<ul id=\"bbp-forum-70\" class=\"loop-item-0 bbp-forum-status-open bbp-forum-visibility-publish odd  post-70 forum type-forum status-publish hentry post-preview\">\n\t<li class=\"bbp-forum-info\">\n\n\t\t\n\t\t\n\t\t<a class=\"bbp-forum-title\" href=\"https:\/\/projetos.ese.ips.pt\/cidadaniadigital\/index.php\/forums\/forum\/forum-teste\/\">F\u00f3rum Geral<\/a>\n\n\t\t\n\t\t\n\t\t<div class=\"bbp-forum-content\">Espa\u00e7o para interagir com a comunidade, partilhar not\u00edcias, boas pr\u00e1ticas, discutir temas relacionados com Educa\u00e7\u00e3o e Cidadania Digital...<\/div>\n\n\t\t\n\t\t\n\t\t\n\t\t\n\t\t\n\t<\/li>\n\n\t<li class=\"bbp-forum-topic-count\">0<\/li>\n\n\t<li class=\"bbp-forum-reply-count\">0<\/li>\n\n\t<li class=\"bbp-forum-freshness\">\n\n\t\t\n\t\tNo Topics\n\t\t\n\t\t<p class=\"bbp-topic-meta\">\n\n\t\t\t\n\t\t\t<span class=\"bbp-topic-freshness-author\"><\/span>\n\n\t\t\t\n\t\t<\/p>\n\t<\/li>\n<\/ul><!-- #bbp-forum-70 -->\n\r\n\t\t\t<\/li><!-- .bbp-body -->\r\n\r\n\r\n\t\t\t<li class=\"bbp-body\">\r\n\t\r\n\n<ul id=\"bbp-forum-145\" class=\"loop-item-1 bbp-forum-status-open bbp-forum-visibility-publish even  post-145 forum type-forum status-publish hentry post-preview\">\n\t<li class=\"bbp-forum-info\">\n\n\t\t\n\t\t\n\t\t<a class=\"bbp-forum-title\" href=\"https:\/\/projetos.ese.ips.pt\/cidadaniadigital\/index.php\/forums\/forum\/recursos-digitais\/\">Recursos Digitais<\/a>\n\n\t\t\n\t\t\n\t\t<div class=\"bbp-forum-content\">Espa\u00e7o de partilha de Recursos Educativos Digitais (RED) para\u00a0 desenvolvimento de atividades no \u00e2mbito da cidadania Digital.<\/div>\n\n\t\t\n\t\t\n\t\t\n\t\t\n\t\t\n\t<\/li>\n\n\t<li class=\"bbp-forum-topic-count\">0<\/li>\n\n\t<li class=\"bbp-forum-reply-count\">0<\/li>\n\n\t<li class=\"bbp-forum-freshness\">\n\n\t\t\n\t\tNo Topics\n\t\t\n\t\t<p class=\"bbp-topic-meta\">\n\n\t\t\t\n\t\t\t<span class=\"bbp-topic-freshness-author\"><\/span>\n\n\t\t\t\n\t\t<\/p>\n\t<\/li>\n<\/ul><!-- #bbp-forum-145 -->\n\r\n\t\t\t<\/li><!-- .bbp-body -->\r\n\r\n\r\n\t\t\t<li class=\"bbp-body\">\r\n\t\r\n\n<ul id=\"bbp-forum-143\" class=\"loop-item-2 bbp-forum-status-open bbp-forum-visibility-publish odd  post-143 forum type-forum status-publish hentry post-preview\">\n\t<li class=\"bbp-forum-info\">\n\n\t\t\n\t\t\n\t\t<a class=\"bbp-forum-title\" href=\"https:\/\/projetos.ese.ips.pt\/cidadaniadigital\/index.php\/forums\/forum\/projetos-iniciativas\/\">Projetos &#038; Iniciativas<\/a>\n\n\t\t\n\t\t\n\t\t<div class=\"bbp-forum-content\">Espa\u00e7o de partilha de projetos e iniciativas no \u00e2mbito da Cidadania Digital<\/div>\n\n\t\t\n\t\t\n\t\t\n\t\t\n\t\t\n\t<\/li>\n\n\t<li class=\"bbp-forum-topic-count\">0<\/li>\n\n\t<li class=\"bbp-forum-reply-count\">0<\/li>\n\n\t<li class=\"bbp-forum-freshness\">\n\n\t\t\n\t\tNo Topics\n\t\t\n\t\t<p class=\"bbp-topic-meta\">\n\n\t\t\t\n\t\t\t<span class=\"bbp-topic-freshness-author\"><\/span>\n\n\t\t\t\n\t\t<\/p>\n\t<\/li>\n<\/ul><!-- #bbp-forum-143 -->\n\r\n\t\t\t<\/li><!-- .bbp-body -->\r\n\r\n\r\n\t\t\t<li class=\"bbp-body\">\r\n\t\r\n\n<ul id=\"bbp-forum-141\" class=\"loop-item-3 bbp-forum-status-open bbp-forum-visibility-publish even  post-141 forum type-forum status-publish hentry post-preview\">\n\t<li class=\"bbp-forum-info\">\n\n\t\t\n\t\t\n\t\t<a class=\"bbp-forum-title\" href=\"https:\/\/projetos.ese.ips.pt\/cidadaniadigital\/index.php\/forums\/forum\/duvidas-questoes\/\">D\u00favidas &#038; Quest\u00f5es<\/a>\n\n\t\t\n\t\t\n\t\t<div class=\"bbp-forum-content\">Espa\u00e7o para colocar quest\u00f5es \u00e0 comunidade e partilha de d\u00favidas relacionadas com a tem\u00e1tica de Cidadania Digital.<\/div>\n\n\t\t\n\t\t\n\t\t\n\t\t\n\t\t\n\t<\/li>\n\n\t<li class=\"bbp-forum-topic-count\">0<\/li>\n\n\t<li class=\"bbp-forum-reply-count\">0<\/li>\n\n\t<li class=\"bbp-forum-freshness\">\n\n\t\t\n\t\tNo Topics\n\t\t\n\t\t<p class=\"bbp-topic-meta\">\n\n\t\t\t\n\t\t\t<span class=\"bbp-topic-freshness-author\"><\/span>\n\n\t\t\t\n\t\t<\/p>\n\t<\/li>\n<\/ul><!-- #bbp-forum-141 -->\n\r\n\t\t\t<\/li><!-- .bbp-body -->\r\n\r\n\r\n\t\t\t<li class=\"bbp-footer\">\r\n\r\n\t\t\t\t<div class=\"bsp-footer\">\r\n\t\t\t\t\t<p class=\"bsp-footer2\">&nbsp;<\/p>\r\n\t\t\t\t<\/div><!-- .bsp-footer -->\r\n\r\n\t\t\t<\/li><!-- .bbp-footer -->\r\n\r\n\t\t<\/ul><!-- .forums-directory -->\r\n\r\n\r\n\r\n\n\t\n\t\n<\/div>\n\n","protected":false},"excerpt":{"rendered":"<p>Espa\u00e7o dedicado a quest\u00f5es, discuss\u00e3o e partilha no \u00e2mbito das tem\u00e1ticas de Cidadania Digital.<\/p>\n","protected":false},"author":3,"featured_media":0,"parent":0,"menu_order":0,"comment_status":"closed","ping_status":"closed","template":"template-nosidebar.php","meta":{"_bbp_topic_count":0,"_bbp_reply_count":0,"_bbp_total_topic_count":0,"_bbp_total_reply_count":0,"_bbp_voice_count":0,"_bbp_anonymous_reply_count":0,"_bbp_topic_count_hidden":0,"_bbp_reply_count_hidden":0,"_bbp_forum_subforum_count":0},"_links":{"self":[{"href":"https:\/\/projetos.ese.ips.pt\/cidadaniadigital\/index.php\/wp-json\/wp\/v2\/pages\/75"}],"collection":[{"href":"https:\/\/projetos.ese.ips.pt\/cidadaniadigital\/index.php\/wp-json\/wp\/v2\/pages"}],"about":[{"href":"https:\/\/projetos.ese.ips.pt\/cidadaniadigital\/index.php\/wp-json\/wp\/v2\/types\/page"}],"author":[{"embeddable":true,"href":"https:\/\/projetos.ese.ips.pt\/cidadaniadigital\/index.php\/wp-json\/wp\/v2\/users\/3"}],"replies":[{"embeddable":true,"href":"https:\/\/projetos.ese.ips.pt\/cidadaniadigital\/index.php\/wp-json\/wp\/v2\/comments?post=75"}],"version-history":[{"count":3,"href":"https:\/\/projetos.ese.ips.pt\/cidadaniadigital\/index.php\/wp-json\/wp\/v2\/pages\/75\/revisions"}],"predecessor-version":[{"id":85,"href":"https:\/\/projetos.ese.ips.pt\/cidadaniadigital\/index.php\/wp-json\/wp\/v2\/pages\/75\/revisions\/85"}],"wp:attachment":[{"href":"https:\/\/projetos.ese.ips.pt\/cidadaniadigital\/index.php\/wp-json\/wp\/v2\/media?parent=75"}],"curies":[{"name":"wp","href":"https:\/\/api.w.org\/{rel}","templated":true}]}}