{"id":9,"date":"2022-04-01T10:51:29","date_gmt":"2022-04-01T10:51:29","guid":{"rendered":"https:\/\/projetos.ese.ips.pt\/cidadaniadigital\/?page_id=9"},"modified":"2022-04-04T14:44:33","modified_gmt":"2022-04-04T14:44:33","slug":"quem-somos","status":"publish","type":"page","link":"https:\/\/projetos.ese.ips.pt\/cidadaniadigital\/index.php\/quem-somos\/","title":{"rendered":"Quem Somos"},"content":{"rendered":"\n<div style=\"height:47px\" aria-hidden=\"true\" class=\"wp-block-spacer\"><\/div>\n\n\n\n<div class=\"wp-duotone-filter-6a030c7fcd2e7 wp-block-image is-style-rounded\"><figure class=\"aligncenter size-full\"><img loading=\"lazy\" width=\"238\" height=\"238\" src=\"http:\/\/projetos.ese.ips.pt\/cidadaniadigital\/wp-content\/uploads\/2022\/03\/davidrua.jpg\" alt=\"\" class=\"wp-image-30\" srcset=\"https:\/\/projetos.ese.ips.pt\/cidadaniadigital\/wp-content\/uploads\/2022\/03\/davidrua.jpg 238w, https:\/\/projetos.ese.ips.pt\/cidadaniadigital\/wp-content\/uploads\/2022\/03\/davidrua-150x150.jpg 150w\" sizes=\"(max-width: 238px) 100vw, 238px\" \/><\/figure><\/div>\n\n\t<style>\n\t\t.wp-duotone-filter-6a030c7fcd2e7 img {\n\t\t\tfilter: url( #wp-duotone-filter-6a030c7fcd2e7 );\n\t\t}\n\t<\/style>\n\n\t<svg\n\t\txmlns:xlink=\"http:\/\/www.w3.org\/1999\/xlink\"\n\t\tviewBox=\"0 0 0 0\"\n\t\twidth=\"0\"\n\t\theight=\"0\"\n\t\tfocusable=\"false\"\n\t\trole=\"none\"\n\t\tstyle=\"visibility: hidden; position: absolute; left: -9999px; overflow: hidden;\"\n\t>\n\t\t<defs>\n\t\t\t<filter id=\"wp-duotone-filter-6a030c7fcd2e7\">\n\t\t\t\t<feColorMatrix\n\t\t\t\t\ttype=\"matrix\"\n\t\t\t\t\t\t\t\t\t\tvalues=\".299 .587 .114 0 0\n\t\t\t\t\t\t\t.299 .587 .114 0 0\n\t\t\t\t\t\t\t.299 .587 .114 0 0\n\t\t\t\t\t\t\t0 0 0 1 0\"\n\t\t\t\t\t\t\t\t\t\/>\n\t\t\t\t<feComponentTransfer color-interpolation-filters=\"sRGB\" >\n\t\t\t\t\t<feFuncR type=\"table\" tableValues=\"0 1\" \/>\n\t\t\t\t\t<feFuncG type=\"table\" tableValues=\"0 1\" \/>\n\t\t\t\t\t<feFuncB type=\"table\" tableValues=\"0 1\" \/>\n\t\t\t\t<\/feComponentTransfer>\n\t\t\t<\/filter>\n\t\t<\/defs>\n\t<\/svg>\n\n\t\n\n\n<p class=\"has-text-align-center\">David Rua<\/p>\n\n\n\n<p class=\"has-text-align-center has-small-font-size\"> Centro de Compet\u00eancia em Tecnologias e Inova\u00e7\u00e3o (C2Ti)<\/p>\n\n\n\n<p class=\"has-text-align-center has-small-font-size\">Instituto de Educa\u00e7\u00e3o da Universidade de Lisboa<\/p>\n\n\n\n<div style=\"height:37px\" aria-hidden=\"true\" class=\"wp-block-spacer\"><\/div>\n\n\n\n<div class=\"wp-block-image is-style-rounded\"><figure class=\"aligncenter size-full is-resized\"><img loading=\"lazy\" src=\"https:\/\/projetos.ese.ips.pt\/cidadaniadigital\/wp-content\/uploads\/2022\/03\/foto_joao_gracio-edited.png\" alt=\"\" class=\"wp-image-25\" width=\"223\" height=\"223\" srcset=\"https:\/\/projetos.ese.ips.pt\/cidadaniadigital\/wp-content\/uploads\/2022\/03\/foto_joao_gracio-edited.png 892w, https:\/\/projetos.ese.ips.pt\/cidadaniadigital\/wp-content\/uploads\/2022\/03\/foto_joao_gracio-edited-300x300.png 300w, https:\/\/projetos.ese.ips.pt\/cidadaniadigital\/wp-content\/uploads\/2022\/03\/foto_joao_gracio-edited-150x150.png 150w, https:\/\/projetos.ese.ips.pt\/cidadaniadigital\/wp-content\/uploads\/2022\/03\/foto_joao_gracio-edited-768x768.png 768w, https:\/\/projetos.ese.ips.pt\/cidadaniadigital\/wp-content\/uploads\/2022\/03\/foto_joao_gracio-edited-676x676.png 676w\" sizes=\"(max-width: 223px) 100vw, 223px\" \/><\/figure><\/div>\n\n\n\n<p class=\"has-text-align-center\">Jo\u00e3o Gr\u00e1cio<\/p>\n\n\n\n<p class=\"has-text-align-center has-small-font-size\">Centro de Compet\u00eancia TIC (CCTIC)<\/p>\n\n\n\n<p class=\"has-text-align-center has-small-font-size\">Escola Superior de Educa\u00e7\u00e3o do Instituto Polit\u00e9cnico de Set\u00fabal<\/p>\n","protected":false},"excerpt":{"rendered":"<p>David Rua Centro de Compet\u00eancia em Tecnologias e Inova\u00e7\u00e3o (C2Ti) Instituto de Educa\u00e7\u00e3o da Universidade de Lisboa Jo\u00e3o Gr\u00e1cio Centro de Compet\u00eancia TIC (CCTIC) Escola Superior de Educa\u00e7\u00e3o do Instituto Polit\u00e9cnico de Set\u00fabal<\/p>\n","protected":false},"author":2,"featured_media":0,"parent":0,"menu_order":0,"comment_status":"closed","ping_status":"closed","template":"template-nosidebar.php","meta":{"_bbp_topic_count":0,"_bbp_reply_count":0,"_bbp_total_topic_count":0,"_bbp_total_reply_count":0,"_bbp_voice_count":0,"_bbp_anonymous_reply_count":0,"_bbp_topic_count_hidden":0,"_bbp_reply_count_hidden":0,"_bbp_forum_subforum_count":0},"_links":{"self":[{"href":"https:\/\/projetos.ese.ips.pt\/cidadaniadigital\/index.php\/wp-json\/wp\/v2\/pages\/9"}],"collection":[{"href":"https:\/\/projetos.ese.ips.pt\/cidadaniadigital\/index.php\/wp-json\/wp\/v2\/pages"}],"about":[{"href":"https:\/\/projetos.ese.ips.pt\/cidadaniadigital\/index.php\/wp-json\/wp\/v2\/types\/page"}],"author":[{"embeddable":true,"href":"https:\/\/projetos.ese.ips.pt\/cidadaniadigital\/index.php\/wp-json\/wp\/v2\/users\/2"}],"replies":[{"embeddable":true,"href":"https:\/\/projetos.ese.ips.pt\/cidadaniadigital\/index.php\/wp-json\/wp\/v2\/comments?post=9"}],"version-history":[{"count":6,"href":"https:\/\/projetos.ese.ips.pt\/cidadaniadigital\/index.php\/wp-json\/wp\/v2\/pages\/9\/revisions"}],"predecessor-version":[{"id":50,"href":"https:\/\/projetos.ese.ips.pt\/cidadaniadigital\/index.php\/wp-json\/wp\/v2\/pages\/9\/revisions\/50"}],"wp:attachment":[{"href":"https:\/\/projetos.ese.ips.pt\/cidadaniadigital\/index.php\/wp-json\/wp\/v2\/media?parent=9"}],"curies":[{"name":"wp","href":"https:\/\/api.w.org\/{rel}","templated":true}]}}