{"id":308,"date":"2022-02-03T11:00:32","date_gmt":"2022-02-03T11:00:32","guid":{"rendered":"http:\/\/projetos.ese.ips.pt\/cpraticapeb\/?page_id=308"},"modified":"2022-03-21T21:11:42","modified_gmt":"2022-03-21T21:11:42","slug":"partilhas-e-opinioes","status":"publish","type":"page","link":"https:\/\/projetos.ese.ips.pt\/cpraticapeb\/index.php\/apresentacoes-publicacoes\/partilhas-e-opinioes\/","title":{"rendered":"Partilhas e Opini\u00f5es"},"content":{"rendered":"\n<p>Nesta p\u00e1gina, vamos deixar alguns contributos relativamente a determinadas tem\u00e1ticas, escritos pelos membros da Comunidade. Podem estar relacionadas com a explica\u00e7\u00e3o de uma ferramenta digital, com a integra\u00e7\u00e3o pedag\u00f3gica de uma determinada ferramenta ou com a reflex\u00e3o sobre o decorrer de uma atividade com as tecnologias digitais, entre outras.<\/p>\n\n\n\n<p>Pretende-se criar um espa\u00e7o de partilhas e opini\u00f5es que ajude outros professores, na quest\u00e3o da integra\u00e7\u00e3o curricular das tecnologias digitais.<\/p>\n\n\n\n<p>Esperamos que seja \u00fatil para todos.<\/p>\n","protected":false},"excerpt":{"rendered":"<p>Nesta p\u00e1gina, vamos deixar alguns contributos relativamente a determinadas tem\u00e1ticas, escritos pelos membros da Comunidade. Podem estar relacionadas com a explica\u00e7\u00e3o de uma ferramenta digital, com a integra\u00e7\u00e3o pedag\u00f3gica de uma determinada ferramenta ou com a reflex\u00e3o sobre o decorrer de uma atividade com as tecnologias digitais, entre outras. Pretende-se criar um espa\u00e7o de partilhas [&hellip;]<\/p>\n","protected":false},"author":2,"featured_media":0,"parent":48,"menu_order":3,"comment_status":"closed","ping_status":"closed","template":"","meta":[],"_links":{"self":[{"href":"https:\/\/projetos.ese.ips.pt\/cpraticapeb\/index.php\/wp-json\/wp\/v2\/pages\/308"}],"collection":[{"href":"https:\/\/projetos.ese.ips.pt\/cpraticapeb\/index.php\/wp-json\/wp\/v2\/pages"}],"about":[{"href":"https:\/\/projetos.ese.ips.pt\/cpraticapeb\/index.php\/wp-json\/wp\/v2\/types\/page"}],"author":[{"embeddable":true,"href":"https:\/\/projetos.ese.ips.pt\/cpraticapeb\/index.php\/wp-json\/wp\/v2\/users\/2"}],"replies":[{"embeddable":true,"href":"https:\/\/projetos.ese.ips.pt\/cpraticapeb\/index.php\/wp-json\/wp\/v2\/comments?post=308"}],"version-history":[{"count":12,"href":"https:\/\/projetos.ese.ips.pt\/cpraticapeb\/index.php\/wp-json\/wp\/v2\/pages\/308\/revisions"}],"predecessor-version":[{"id":352,"href":"https:\/\/projetos.ese.ips.pt\/cpraticapeb\/index.php\/wp-json\/wp\/v2\/pages\/308\/revisions\/352"}],"up":[{"embeddable":true,"href":"https:\/\/projetos.ese.ips.pt\/cpraticapeb\/index.php\/wp-json\/wp\/v2\/pages\/48"}],"wp:attachment":[{"href":"https:\/\/projetos.ese.ips.pt\/cpraticapeb\/index.php\/wp-json\/wp\/v2\/media?parent=308"}],"curies":[{"name":"wp","href":"https:\/\/api.w.org\/{rel}","templated":true}]}}