{"id":340,"date":"2022-03-21T21:00:06","date_gmt":"2022-03-21T21:00:06","guid":{"rendered":"https:\/\/projetos.ese.ips.pt\/cpraticapeb\/?page_id=340"},"modified":"2022-03-21T21:01:07","modified_gmt":"2022-03-21T21:01:07","slug":"pensamento-computacional-e-robotica","status":"publish","type":"page","link":"https:\/\/projetos.ese.ips.pt\/cpraticapeb\/index.php\/apresentacoes-publicacoes\/partilhas-e-opinioes\/pensamento-computacional-e-robotica\/","title":{"rendered":"Pensamento computacional e rob\u00f3tica"},"content":{"rendered":"\n<p>Na Comunidade, temos vindo a refletir sobre a utiliza\u00e7\u00e3o das Tecnologias Digitais. Uma das quest\u00f5es que abordamos refere-se \u00e0 import\u00e2ncia do pensamento computacional e do uso da rob\u00f3tica educativa.<\/p>\n\n\n\n<p>Nesse \u00e2mbito, fomos convidados para escrever algumas dessas reflex\u00f5es e partilh\u00e1-las na revista Educa\u00e7\u00e3o e Matem\u00e1tica (revista da APM \u2013 Associa\u00e7\u00e3o de Professores de Matem\u00e1tica).<\/p>\n\n\n\n<p>Aqui fica o nosso contributo para quem quiser saber um pouco mais sobre as quest\u00f5es do \u201c<a href=\"https:\/\/www.dropbox.com\/s\/ueei0l4bbmvxs3q\/05_162_ART_JoaoG_AnaChambel_G_i.pdf?dl=0\" target=\"_blank\" rel=\"noreferrer noopener\">Pensamento Computacional e Rob\u00f3tica nos primeiros anos de escolaridade<\/a>\u201c.<\/p>\n\n\n\n<p>Boa leitura<\/p>\n","protected":false},"excerpt":{"rendered":"<p>Na Comunidade, temos vindo a refletir sobre a utiliza\u00e7\u00e3o das Tecnologias Digitais. Uma das quest\u00f5es que abordamos refere-se \u00e0 import\u00e2ncia do pensamento computacional e do uso da rob\u00f3tica educativa. Nesse \u00e2mbito, fomos convidados para escrever algumas dessas reflex\u00f5es e partilh\u00e1-las na revista Educa\u00e7\u00e3o e Matem\u00e1tica (revista da APM \u2013 Associa\u00e7\u00e3o de Professores de Matem\u00e1tica). Aqui [&hellip;]<\/p>\n","protected":false},"author":2,"featured_media":0,"parent":308,"menu_order":0,"comment_status":"closed","ping_status":"closed","template":"","meta":[],"_links":{"self":[{"href":"https:\/\/projetos.ese.ips.pt\/cpraticapeb\/index.php\/wp-json\/wp\/v2\/pages\/340"}],"collection":[{"href":"https:\/\/projetos.ese.ips.pt\/cpraticapeb\/index.php\/wp-json\/wp\/v2\/pages"}],"about":[{"href":"https:\/\/projetos.ese.ips.pt\/cpraticapeb\/index.php\/wp-json\/wp\/v2\/types\/page"}],"author":[{"embeddable":true,"href":"https:\/\/projetos.ese.ips.pt\/cpraticapeb\/index.php\/wp-json\/wp\/v2\/users\/2"}],"replies":[{"embeddable":true,"href":"https:\/\/projetos.ese.ips.pt\/cpraticapeb\/index.php\/wp-json\/wp\/v2\/comments?post=340"}],"version-history":[{"count":1,"href":"https:\/\/projetos.ese.ips.pt\/cpraticapeb\/index.php\/wp-json\/wp\/v2\/pages\/340\/revisions"}],"predecessor-version":[{"id":341,"href":"https:\/\/projetos.ese.ips.pt\/cpraticapeb\/index.php\/wp-json\/wp\/v2\/pages\/340\/revisions\/341"}],"up":[{"embeddable":true,"href":"https:\/\/projetos.ese.ips.pt\/cpraticapeb\/index.php\/wp-json\/wp\/v2\/pages\/308"}],"wp:attachment":[{"href":"https:\/\/projetos.ese.ips.pt\/cpraticapeb\/index.php\/wp-json\/wp\/v2\/media?parent=340"}],"curies":[{"name":"wp","href":"https:\/\/api.w.org\/{rel}","templated":true}]}}