{"id":48,"date":"2021-09-16T11:01:01","date_gmt":"2021-09-16T11:01:01","guid":{"rendered":"http:\/\/projetos.ese.ips.pt\/cpraticapeb\/?page_id=48"},"modified":"2021-12-16T17:31:00","modified_gmt":"2021-12-16T17:31:00","slug":"apresentacoes-publicacoes","status":"publish","type":"page","link":"https:\/\/projetos.ese.ips.pt\/cpraticapeb\/index.php\/apresentacoes-publicacoes\/","title":{"rendered":"Apresenta\u00e7\u00f5es\/Publica\u00e7\u00f5es"},"content":{"rendered":"\n<p>Nesta p\u00e1gina ser\u00e3o disponibilizadas as <a href=\"http:\/\/projetos.ese.ips.pt\/cpraticapeb\/index.php\/apresentacoes-publicacoes\/apresentacoes\/\" data-type=\"URL\" data-id=\"http:\/\/projetos.ese.ips.pt\/cpraticapeb\/index.php\/apresentacoes-publicacoes\/apresentacoes\/\">apresenta\u00e7\u00f5es<\/a>, as <a href=\"http:\/\/projetos.ese.ips.pt\/cpraticapeb\/index.php\/apresentacoes-publicacoes\/publicacoes\/\">publica\u00e7\u00f5es cient\u00edficas<\/a>  e os <a href=\"http:\/\/projetos.ese.ips.pt\/cpraticapeb\/index.php\/category\/opiniao\/\">artigos de opini\u00e3o<\/a> produzidos pela da comunidade de pr\u00e1ticas.<\/p>\n\n\n\n<p><\/p>\n","protected":false},"excerpt":{"rendered":"<p>Nesta p\u00e1gina ser\u00e3o disponibilizadas as apresenta\u00e7\u00f5es, as publica\u00e7\u00f5es cient\u00edficas e os artigos de opini\u00e3o produzidos pela da comunidade de pr\u00e1ticas.<\/p>\n","protected":false},"author":2,"featured_media":0,"parent":0,"menu_order":0,"comment_status":"closed","ping_status":"closed","template":"templates\/full-width-page.php","meta":[],"_links":{"self":[{"href":"https:\/\/projetos.ese.ips.pt\/cpraticapeb\/index.php\/wp-json\/wp\/v2\/pages\/48"}],"collection":[{"href":"https:\/\/projetos.ese.ips.pt\/cpraticapeb\/index.php\/wp-json\/wp\/v2\/pages"}],"about":[{"href":"https:\/\/projetos.ese.ips.pt\/cpraticapeb\/index.php\/wp-json\/wp\/v2\/types\/page"}],"author":[{"embeddable":true,"href":"https:\/\/projetos.ese.ips.pt\/cpraticapeb\/index.php\/wp-json\/wp\/v2\/users\/2"}],"replies":[{"embeddable":true,"href":"https:\/\/projetos.ese.ips.pt\/cpraticapeb\/index.php\/wp-json\/wp\/v2\/comments?post=48"}],"version-history":[{"count":5,"href":"https:\/\/projetos.ese.ips.pt\/cpraticapeb\/index.php\/wp-json\/wp\/v2\/pages\/48\/revisions"}],"predecessor-version":[{"id":215,"href":"https:\/\/projetos.ese.ips.pt\/cpraticapeb\/index.php\/wp-json\/wp\/v2\/pages\/48\/revisions\/215"}],"wp:attachment":[{"href":"https:\/\/projetos.ese.ips.pt\/cpraticapeb\/index.php\/wp-json\/wp\/v2\/media?parent=48"}],"curies":[{"name":"wp","href":"https:\/\/api.w.org\/{rel}","templated":true}]}}