{"id":64,"date":"2021-09-16T12:25:48","date_gmt":"2021-09-16T12:25:48","guid":{"rendered":"http:\/\/projetos.ese.ips.pt\/cpraticapeb\/?page_id=64"},"modified":"2021-10-07T07:52:34","modified_gmt":"2021-10-07T07:52:34","slug":"outros-recursos","status":"publish","type":"page","link":"https:\/\/projetos.ese.ips.pt\/cpraticapeb\/index.php\/recursos\/outros-recursos\/","title":{"rendered":"Outros Recursos"},"content":{"rendered":"\n<p class=\"has-text-align-left\">Esta p\u00e1gina servir\u00e1 para partilhar outros recursos que, embora n\u00e3o sejam produzidos pelos professores da Comunidade, s\u00e3o considerados de refer\u00eancia, tendo em conta a utiliza\u00e7\u00e3o de tecnologias digitais, em contexto de sala de aula. Ser\u00e3o tamb\u00e9m partilhados documentos, tendo em vista a integra\u00e7\u00e3o das tecnologias digitais, no processo de ensino e aprendizagem. <\/p>\n\n\n\n<hr class=\"wp-block-separator has-text-color has-background has-black-background-color has-black-color is-style-wide\"\/>\n\n\n\n<p><strong>Recursos<\/strong><\/p>\n\n\n\n<p class=\"has-text-align-center\"><a rel=\"noreferrer noopener\" href=\"https:\/\/www.pnl2027.gov.pt\/np4\/leituraescritatecnologiasdigitais.html\" data-type=\"URL\" data-id=\"https:\/\/www.pnl2027.gov.pt\/np4\/leituraescritatecnologiasdigitais.html\" target=\"_blank\">Cen\u00e1rios de Aprendizagem &#8211; Leitura, Escrita, Tecnologias Digitais<\/a><\/p>\n\n\n\n<p class=\"has-text-align-center\"><a rel=\"noreferrer noopener\" href=\"https:\/\/lermos.net\/?cat=77\" data-type=\"URL\" data-id=\"https:\/\/lermos.net\/?cat=77\" target=\"_blank\">Jogos de Fuga Educativos<\/a><\/p>\n\n\n\n<p class=\"has-text-align-center\"><a href=\"https:\/\/www.aprendizinvestigador.pt\/\" data-type=\"URL\" data-id=\"https:\/\/www.aprendizinvestigador.pt\/\" target=\"_blank\" rel=\"noreferrer noopener\">Aprendiz de Investigador<\/a><\/p>\n\n\n\n<p class=\"has-text-align-center\"><a rel=\"noreferrer noopener\" href=\"https:\/\/www.seguranet.pt\/\" data-type=\"URL\" data-id=\"https:\/\/www.seguranet.pt\/\" target=\"_blank\">SeguraNet<\/a><\/p>\n\n\n\n<p><\/p>\n\n\n\n<p><strong>Documentos<\/strong><\/p>\n\n\n\n<p class=\"has-text-align-center\"><a href=\"https:\/\/erte.dge.mec.pt\/sites\/default\/files\/oc_1_tic_1.pdf\" target=\"_blank\" rel=\"noreferrer noopener\">Orienta\u00e7\u00f5es Curriculares (OC) da componente de Tecnologias de Informa\u00e7\u00e3o e<br>Comunica\u00e7\u00e3o (TIC) no 1.\u00ba Ciclo<\/a><\/p>\n","protected":false},"excerpt":{"rendered":"<p>Esta p\u00e1gina servir\u00e1 para partilhar outros recursos que, embora n\u00e3o sejam produzidos pelos professores da Comunidade, s\u00e3o considerados de refer\u00eancia, tendo em conta a utiliza\u00e7\u00e3o de tecnologias digitais, em contexto de sala de aula. Ser\u00e3o tamb\u00e9m partilhados documentos, tendo em vista a integra\u00e7\u00e3o das tecnologias digitais, no processo de ensino e aprendizagem. Recursos Cen\u00e1rios de [&hellip;]<\/p>\n","protected":false},"author":2,"featured_media":0,"parent":45,"menu_order":2,"comment_status":"closed","ping_status":"closed","template":"","meta":[],"_links":{"self":[{"href":"https:\/\/projetos.ese.ips.pt\/cpraticapeb\/index.php\/wp-json\/wp\/v2\/pages\/64"}],"collection":[{"href":"https:\/\/projetos.ese.ips.pt\/cpraticapeb\/index.php\/wp-json\/wp\/v2\/pages"}],"about":[{"href":"https:\/\/projetos.ese.ips.pt\/cpraticapeb\/index.php\/wp-json\/wp\/v2\/types\/page"}],"author":[{"embeddable":true,"href":"https:\/\/projetos.ese.ips.pt\/cpraticapeb\/index.php\/wp-json\/wp\/v2\/users\/2"}],"replies":[{"embeddable":true,"href":"https:\/\/projetos.ese.ips.pt\/cpraticapeb\/index.php\/wp-json\/wp\/v2\/comments?post=64"}],"version-history":[{"count":8,"href":"https:\/\/projetos.ese.ips.pt\/cpraticapeb\/index.php\/wp-json\/wp\/v2\/pages\/64\/revisions"}],"predecessor-version":[{"id":159,"href":"https:\/\/projetos.ese.ips.pt\/cpraticapeb\/index.php\/wp-json\/wp\/v2\/pages\/64\/revisions\/159"}],"up":[{"embeddable":true,"href":"https:\/\/projetos.ese.ips.pt\/cpraticapeb\/index.php\/wp-json\/wp\/v2\/pages\/45"}],"wp:attachment":[{"href":"https:\/\/projetos.ese.ips.pt\/cpraticapeb\/index.php\/wp-json\/wp\/v2\/media?parent=64"}],"curies":[{"name":"wp","href":"https:\/\/api.w.org\/{rel}","templated":true}]}}