{"id":8,"date":"2021-09-15T13:47:51","date_gmt":"2021-09-15T13:47:51","guid":{"rendered":"http:\/\/projetos.ese.ips.pt\/cpraticapeb\/?page_id=8"},"modified":"2021-09-16T11:06:01","modified_gmt":"2021-09-16T11:06:01","slug":"sobre","status":"publish","type":"page","link":"https:\/\/projetos.ese.ips.pt\/cpraticapeb\/","title":{"rendered":""},"content":{"rendered":"\n<p>A Comunidade de Professores do 1.\u00ba CEB iniciou o seu trabalho em novembro de 2020.<\/p>\n\n\n\n<p>Surgiu da necessidade de reflex\u00e3o conjunta sobre tr\u00eas ideias fundamentais: i) a ideia que as tecnologias n\u00e3o surgem para al\u00e9m do curr\u00edculo, n\u00e3o dificultando que este seja cumprido; ii) a necessidade formativa dos professores com menos experi\u00eancia na utiliza\u00e7\u00e3o pedag\u00f3gica das Tecnologias Digitais (TD); iii) reflex\u00e3o sobre as dificuldades sentidas ao gerir a sala de aula, alterada pela introdu\u00e7\u00e3o de TD, dispon\u00edveis aos alunos.<\/p>\n\n\n\n<p>Assim, esta Comunidade pretende funcionar como um apoio \u00e0 utiliza\u00e7\u00e3o das TD, em contexto de sala de aula, por professores interessados na experimenta\u00e7\u00e3o dessas mesmas tecnologias associadas a novas estrat\u00e9gias de trabalho com os alunos, na reflex\u00e3o sobre os sucessos e insucessos que se podem ir conseguindo e numa transforma\u00e7\u00e3o de uma metodologia centrada no professor para uma outra, de caracter construtivista, mais centrada no aluno.<\/p>\n\n\n\n<p>Desta forma, temos os seguintes objetivos:<\/p>\n\n\n\n<ul><li>Constru\u00e7\u00e3o de uma comunidade de pr\u00e1tica com professores do 1.\u00ba ciclo, com foco nas quest\u00f5es da integra\u00e7\u00e3o curricular das TD;<\/li><li>Construir planos de aula e outros materiais para o 1.\u00ba ciclo, onde as TD assumam o seu papel de \u00e1rea de integra\u00e7\u00e3o curricular transversal;<\/li><li>Partilha de pequenos projetos comuns;<\/li><li>Discuss\u00e3o da implementa\u00e7\u00e3o das atividades em sala de aula (o que correu bem e o que pode ser melhorado);<\/li><li>Partilha do trabalho realizado na p\u00e1gina oficial da Comunidade;<\/li><li>Integra\u00e7\u00e3o progressiva de novos membros na comunidade.<\/li><\/ul>\n","protected":false},"excerpt":{"rendered":"<p>A Comunidade de Professores do 1.\u00ba CEB iniciou o seu trabalho em novembro de 2020. Surgiu da necessidade de reflex\u00e3o conjunta sobre tr\u00eas ideias fundamentais: i) a ideia que as tecnologias n\u00e3o surgem para al\u00e9m do curr\u00edculo, n\u00e3o dificultando que este seja cumprido; ii) a necessidade formativa dos professores com menos experi\u00eancia na utiliza\u00e7\u00e3o pedag\u00f3gica [&hellip;]<\/p>\n","protected":false},"author":1,"featured_media":0,"parent":0,"menu_order":0,"comment_status":"closed","ping_status":"closed","template":"","meta":[],"_links":{"self":[{"href":"https:\/\/projetos.ese.ips.pt\/cpraticapeb\/index.php\/wp-json\/wp\/v2\/pages\/8"}],"collection":[{"href":"https:\/\/projetos.ese.ips.pt\/cpraticapeb\/index.php\/wp-json\/wp\/v2\/pages"}],"about":[{"href":"https:\/\/projetos.ese.ips.pt\/cpraticapeb\/index.php\/wp-json\/wp\/v2\/types\/page"}],"author":[{"embeddable":true,"href":"https:\/\/projetos.ese.ips.pt\/cpraticapeb\/index.php\/wp-json\/wp\/v2\/users\/1"}],"replies":[{"embeddable":true,"href":"https:\/\/projetos.ese.ips.pt\/cpraticapeb\/index.php\/wp-json\/wp\/v2\/comments?post=8"}],"version-history":[{"count":3,"href":"https:\/\/projetos.ese.ips.pt\/cpraticapeb\/index.php\/wp-json\/wp\/v2\/pages\/8\/revisions"}],"predecessor-version":[{"id":52,"href":"https:\/\/projetos.ese.ips.pt\/cpraticapeb\/index.php\/wp-json\/wp\/v2\/pages\/8\/revisions\/52"}],"wp:attachment":[{"href":"https:\/\/projetos.ese.ips.pt\/cpraticapeb\/index.php\/wp-json\/wp\/v2\/media?parent=8"}],"curies":[{"name":"wp","href":"https:\/\/api.w.org\/{rel}","templated":true}]}}