{"id":91,"date":"2021-09-16T18:25:42","date_gmt":"2021-09-16T18:25:42","guid":{"rendered":"http:\/\/projetos.ese.ips.pt\/cpraticapeb\/?page_id=91"},"modified":"2024-04-25T16:49:06","modified_gmt":"2024-04-25T16:49:06","slug":"apresentacoes","status":"publish","type":"page","link":"https:\/\/projetos.ese.ips.pt\/cpraticapeb\/index.php\/apresentacoes-publicacoes\/apresentacoes\/","title":{"rendered":"Apresenta\u00e7\u00f5es"},"content":{"rendered":"\n<div class=\"wp-block-image\"><figure class=\"aligncenter size-large is-resized\"><a href=\"https:\/\/open.spotify.com\/episode\/5A79rTiujjJJaGv9xuJLsa\" target=\"_blank\" rel=\"noopener\"><img loading=\"lazy\" src=\"https:\/\/projetos.ese.ips.pt\/cpraticapeb\/wp-content\/uploads\/2024\/04\/comunidade_3_episodio-1024x186.png\" alt=\"\" class=\"wp-image-635\" width=\"610\" height=\"110\" srcset=\"https:\/\/projetos.ese.ips.pt\/cpraticapeb\/wp-content\/uploads\/2024\/04\/comunidade_3_episodio-1024x186.png 1024w, https:\/\/projetos.ese.ips.pt\/cpraticapeb\/wp-content\/uploads\/2024\/04\/comunidade_3_episodio-300x55.png 300w, https:\/\/projetos.ese.ips.pt\/cpraticapeb\/wp-content\/uploads\/2024\/04\/comunidade_3_episodio-768x140.png 768w, https:\/\/projetos.ese.ips.pt\/cpraticapeb\/wp-content\/uploads\/2024\/04\/comunidade_3_episodio-676x123.png 676w, https:\/\/projetos.ese.ips.pt\/cpraticapeb\/wp-content\/uploads\/2024\/04\/comunidade_3_episodio.png 1413w\" sizes=\"(max-width: 610px) 100vw, 610px\" \/><\/a><\/figure><\/div>\n\n\n\n<p class=\"has-text-align-center\"> <strong>  <strong>Podcast 1.\u00ba Professor &#8211; Manuais Digitais, PADDE e Comunidade de Pr\u00e1tica<\/strong><\/strong><\/p>\n\n\n\n<hr class=\"wp-block-separator has-text-color has-background has-dark-gray-background-color has-dark-gray-color is-style-wide\"\/>\n\n\n\n<div class=\"wp-block-image\"><figure class=\"aligncenter size-large is-resized\"><a href=\"https:\/\/open.spotify.com\/episode\/1FAZCctXhJUGgqWlMLXOgD\" target=\"_blank\" rel=\"noopener\"><img loading=\"lazy\" src=\"https:\/\/projetos.ese.ips.pt\/cpraticapeb\/wp-content\/uploads\/2024\/04\/comunidade_2_episodio-1024x230.png\" alt=\"\" class=\"wp-image-631\" width=\"602\" height=\"135\" srcset=\"https:\/\/projetos.ese.ips.pt\/cpraticapeb\/wp-content\/uploads\/2024\/04\/comunidade_2_episodio-1024x230.png 1024w, https:\/\/projetos.ese.ips.pt\/cpraticapeb\/wp-content\/uploads\/2024\/04\/comunidade_2_episodio-300x67.png 300w, https:\/\/projetos.ese.ips.pt\/cpraticapeb\/wp-content\/uploads\/2024\/04\/comunidade_2_episodio-768x173.png 768w, https:\/\/projetos.ese.ips.pt\/cpraticapeb\/wp-content\/uploads\/2024\/04\/comunidade_2_episodio-676x152.png 676w, https:\/\/projetos.ese.ips.pt\/cpraticapeb\/wp-content\/uploads\/2024\/04\/comunidade_2_episodio.png 1188w\" sizes=\"(max-width: 602px) 100vw, 602px\" \/><\/a><\/figure><\/div>\n\n\n\n<p class=\"has-text-align-center\"> <strong>Podcast 1.\u00ba Professor &#8211; Integrar uma Comunidade de Pr\u00e1tica<\/strong><\/p>\n\n\n\n<hr class=\"wp-block-separator has-text-color has-background has-dark-gray-background-color has-dark-gray-color is-style-wide\"\/>\n\n\n\n<div class=\"wp-block-image\"><figure class=\"aligncenter size-large is-resized\"><a href=\"https:\/\/open.spotify.com\/episode\/4WuifHoecMEkm5I4NfQOVS\" target=\"_blank\" rel=\"noopener\"><img loading=\"lazy\" src=\"https:\/\/projetos.ese.ips.pt\/cpraticapeb\/wp-content\/uploads\/2024\/04\/comunidade_1_episodio-1024x212.png\" alt=\"\" class=\"wp-image-629\" width=\"601\" height=\"124\" srcset=\"https:\/\/projetos.ese.ips.pt\/cpraticapeb\/wp-content\/uploads\/2024\/04\/comunidade_1_episodio-1024x212.png 1024w, https:\/\/projetos.ese.ips.pt\/cpraticapeb\/wp-content\/uploads\/2024\/04\/comunidade_1_episodio-300x62.png 300w, https:\/\/projetos.ese.ips.pt\/cpraticapeb\/wp-content\/uploads\/2024\/04\/comunidade_1_episodio-768x159.png 768w, https:\/\/projetos.ese.ips.pt\/cpraticapeb\/wp-content\/uploads\/2024\/04\/comunidade_1_episodio-676x140.png 676w, https:\/\/projetos.ese.ips.pt\/cpraticapeb\/wp-content\/uploads\/2024\/04\/comunidade_1_episodio.png 1333w\" sizes=\"(max-width: 601px) 100vw, 601px\" \/><\/a><\/figure><\/div>\n\n\n\n<p class=\"has-text-align-center\"><strong>Podcast 1.\u00ba Professor &#8211; Comunidades de Pr\u00e1tica<\/strong><\/p>\n\n\n\n<hr class=\"wp-block-separator has-text-color has-background has-dark-gray-background-color has-dark-gray-color is-style-wide\"\/>\n\n\n\n<div class=\"wp-block-image\"><figure class=\"aligncenter size-large\"><img loading=\"lazy\" width=\"1024\" height=\"580\" src=\"https:\/\/projetos.ese.ips.pt\/cpraticapeb\/wp-content\/uploads\/2022\/06\/Screenshot-2022-06-21-18.09.49-1024x580.png\" alt=\"\" class=\"wp-image-400\" srcset=\"https:\/\/projetos.ese.ips.pt\/cpraticapeb\/wp-content\/uploads\/2022\/06\/Screenshot-2022-06-21-18.09.49-1024x580.png 1024w, https:\/\/projetos.ese.ips.pt\/cpraticapeb\/wp-content\/uploads\/2022\/06\/Screenshot-2022-06-21-18.09.49-300x170.png 300w, https:\/\/projetos.ese.ips.pt\/cpraticapeb\/wp-content\/uploads\/2022\/06\/Screenshot-2022-06-21-18.09.49-768x435.png 768w, https:\/\/projetos.ese.ips.pt\/cpraticapeb\/wp-content\/uploads\/2022\/06\/Screenshot-2022-06-21-18.09.49-1536x869.png 1536w, https:\/\/projetos.ese.ips.pt\/cpraticapeb\/wp-content\/uploads\/2022\/06\/Screenshot-2022-06-21-18.09.49-676x383.png 676w, https:\/\/projetos.ese.ips.pt\/cpraticapeb\/wp-content\/uploads\/2022\/06\/Screenshot-2022-06-21-18.09.49.png 1857w\" sizes=\"(max-width: 1024px) 100vw, 1024px\" \/><figcaption><span class=\"has-inline-color has-dark-gray-color\"><strong>  <strong><strong><span class=\"has-inline-color has-black-color\"><strong>V Encontro PIC.TIC<\/strong><\/span><\/strong><\/strong>  <\/strong><\/span><\/figcaption><\/figure><\/div>\n\n\n\n<hr class=\"wp-block-separator has-text-color has-background has-dark-gray-background-color has-dark-gray-color is-style-wide\"\/>\n\n\n\n<div class=\"wp-block-image\"><figure class=\"aligncenter size-large\"><img loading=\"lazy\" width=\"1024\" height=\"488\" src=\"https:\/\/projetos.ese.ips.pt\/cpraticapeb\/wp-content\/uploads\/2022\/04\/CITEI-1-1024x488.png\" alt=\"\" class=\"wp-image-372\" srcset=\"https:\/\/projetos.ese.ips.pt\/cpraticapeb\/wp-content\/uploads\/2022\/04\/CITEI-1-1024x488.png 1024w, https:\/\/projetos.ese.ips.pt\/cpraticapeb\/wp-content\/uploads\/2022\/04\/CITEI-1-300x143.png 300w, https:\/\/projetos.ese.ips.pt\/cpraticapeb\/wp-content\/uploads\/2022\/04\/CITEI-1-768x366.png 768w, https:\/\/projetos.ese.ips.pt\/cpraticapeb\/wp-content\/uploads\/2022\/04\/CITEI-1-1536x731.png 1536w, https:\/\/projetos.ese.ips.pt\/cpraticapeb\/wp-content\/uploads\/2022\/04\/CITEI-1-2048x975.png 2048w, https:\/\/projetos.ese.ips.pt\/cpraticapeb\/wp-content\/uploads\/2022\/04\/CITEI-1-676x322.png 676w\" sizes=\"(max-width: 1024px) 100vw, 1024px\" \/><figcaption> <strong><strong><span class=\"has-inline-color has-black-color\"><strong>III congresso internacional, CITEI 2022<\/strong><\/span><\/strong><\/strong> <\/figcaption><\/figure><\/div>\n\n\n\n<hr class=\"wp-block-separator has-text-color has-background has-dark-gray-background-color has-dark-gray-color is-style-wide\"\/>\n\n\n\n<div class=\"wp-block-image\"><figure class=\"aligncenter size-full\"><img loading=\"lazy\" width=\"508\" height=\"370\" src=\"https:\/\/projetos.ese.ips.pt\/cpraticapeb\/wp-content\/uploads\/2022\/04\/277442168_10222372729447539_6634906204066720078_n-1.jpg\" alt=\"\" class=\"wp-image-369\" srcset=\"https:\/\/projetos.ese.ips.pt\/cpraticapeb\/wp-content\/uploads\/2022\/04\/277442168_10222372729447539_6634906204066720078_n-1.jpg 508w, https:\/\/projetos.ese.ips.pt\/cpraticapeb\/wp-content\/uploads\/2022\/04\/277442168_10222372729447539_6634906204066720078_n-1-300x219.jpg 300w\" sizes=\"(max-width: 508px) 100vw, 508px\" \/><figcaption><strong> <strong><span class=\"has-inline-color has-black-color\"><strong>Semin\u00e1rio &#8220;Dar Asas ao Saber&#8221;<\/strong><\/span> <\/strong> <\/strong><\/figcaption><\/figure><\/div>\n\n\n\n<hr class=\"wp-block-separator has-text-color has-background has-dark-gray-background-color has-dark-gray-color is-style-wide\"\/>\n\n\n\n<div class=\"wp-block-image\"><figure class=\"aligncenter size-full is-resized\"><a href=\"https:\/\/docs.google.com\/presentation\/d\/1ybwUqgUDNJtvIa28RJsKdTh8p11tGdrxaxysyaRQbaQ\/edit?usp=sharing\"><img loading=\"lazy\" src=\"http:\/\/projetos.ese.ips.pt\/cpraticapeb\/wp-content\/uploads\/2022\/01\/Screenshot-2022-01-17-20.37.42.png\" alt=\"\" class=\"wp-image-288\" width=\"500\" height=\"271\" srcset=\"https:\/\/projetos.ese.ips.pt\/cpraticapeb\/wp-content\/uploads\/2022\/01\/Screenshot-2022-01-17-20.37.42.png 999w, https:\/\/projetos.ese.ips.pt\/cpraticapeb\/wp-content\/uploads\/2022\/01\/Screenshot-2022-01-17-20.37.42-300x163.png 300w, https:\/\/projetos.ese.ips.pt\/cpraticapeb\/wp-content\/uploads\/2022\/01\/Screenshot-2022-01-17-20.37.42-768x417.png 768w, https:\/\/projetos.ese.ips.pt\/cpraticapeb\/wp-content\/uploads\/2022\/01\/Screenshot-2022-01-17-20.37.42-676x367.png 676w\" sizes=\"(max-width: 500px) 100vw, 500px\" \/><\/a><figcaption><strong> <span class=\"has-inline-color has-black-color\"><strong>Encontro &#8220;Comunidades de Pr\u00e1tica e Recursos Educativos Digitais&#8221;<\/strong><\/span> <\/strong><\/figcaption><\/figure><\/div>\n\n\n\n<hr class=\"wp-block-separator has-text-color has-background has-dark-gray-background-color has-dark-gray-color is-style-wide\"\/>\n\n\n\n<div class=\"wp-block-image\"><figure class=\"aligncenter size-large is-resized\"><a href=\"https:\/\/docs.google.com\/presentation\/d\/16sgFLIdSFduaOatms0EEZwykoGdN1uiD-uj0781kK1k\/edit?usp=sharing\"><img loading=\"lazy\" src=\"http:\/\/projetos.ese.ips.pt\/cpraticapeb\/wp-content\/uploads\/2021\/09\/Screenshot-2021-09-16-18.45.12-1024x563.png\" alt=\"\" class=\"wp-image-104\" width=\"512\" height=\"282\" srcset=\"https:\/\/projetos.ese.ips.pt\/cpraticapeb\/wp-content\/uploads\/2021\/09\/Screenshot-2021-09-16-18.45.12-1024x563.png 1024w, https:\/\/projetos.ese.ips.pt\/cpraticapeb\/wp-content\/uploads\/2021\/09\/Screenshot-2021-09-16-18.45.12-300x165.png 300w, https:\/\/projetos.ese.ips.pt\/cpraticapeb\/wp-content\/uploads\/2021\/09\/Screenshot-2021-09-16-18.45.12-768x423.png 768w, https:\/\/projetos.ese.ips.pt\/cpraticapeb\/wp-content\/uploads\/2021\/09\/Screenshot-2021-09-16-18.45.12.png 1256w\" sizes=\"(max-width: 512px) 100vw, 512px\" \/><\/a><figcaption><span class=\"has-inline-color has-black-color\"><strong>Desafios Do Digital<br>XII Confer\u00eancia Internacional de Tecnologias de Informa\u00e7\u00e3o e Comunica\u00e7\u00e3o na Educa\u00e7\u00e3o (<a href=\"https:\/\/www.nonio.uminho.pt\/challenges\/wp-content\/uploads\/pdf\/R3.pdf\" data-type=\"URL\" data-id=\"https:\/\/www.nonio.uminho.pt\/challenges\/wp-content\/uploads\/pdf\/R3.pdf\" target=\"_blank\" rel=\"noreferrer noopener\">Resumo<\/a>)<\/strong><\/span><\/figcaption><\/figure><\/div>\n\n\n\n<hr class=\"wp-block-separator has-text-color has-background has-dark-gray-background-color has-dark-gray-color is-style-wide\"\/>\n\n\n\n<div class=\"wp-block-image\"><figure class=\"aligncenter size-large is-resized\"><a href=\"https:\/\/docs.google.com\/presentation\/d\/1HAxMc8ixh210h1OzJqrGcsN2L6jQMwl8GUPAo7eRX68\/edit?usp=sharing\"><img loading=\"lazy\" src=\"http:\/\/projetos.ese.ips.pt\/cpraticapeb\/wp-content\/uploads\/2021\/09\/Screenshot-2021-09-16-19.32.41-1024x766.png\" alt=\"\" class=\"wp-image-102\" width=\"441\" height=\"258\"\/><\/a><figcaption><strong><span class=\"has-inline-color has-black-color\">XX Encontro das TIC na Educa\u00e7\u00e3o<\/span><\/strong><\/figcaption><\/figure><\/div>\n\n\n\n<hr class=\"wp-block-separator has-text-color has-background has-dark-gray-background-color has-dark-gray-color is-style-wide\"\/>\n\n\n\n<div class=\"wp-block-image\"><figure class=\"aligncenter size-large is-resized\"><a href=\"https:\/\/view.genial.ly\/60ed9fb9615fa20dd0e6844e\/presentation-comunidade-de-praticas-de-professores-do-1o-ciclo\"><img loading=\"lazy\" src=\"http:\/\/projetos.ese.ips.pt\/cpraticapeb\/wp-content\/uploads\/2021\/09\/Screenshot-2021-09-16-19.00.52-1-1024x579.png\" alt=\"\" class=\"wp-image-103\" width=\"512\" height=\"290\" srcset=\"https:\/\/projetos.ese.ips.pt\/cpraticapeb\/wp-content\/uploads\/2021\/09\/Screenshot-2021-09-16-19.00.52-1-1024x579.png 1024w, https:\/\/projetos.ese.ips.pt\/cpraticapeb\/wp-content\/uploads\/2021\/09\/Screenshot-2021-09-16-19.00.52-1-300x170.png 300w, https:\/\/projetos.ese.ips.pt\/cpraticapeb\/wp-content\/uploads\/2021\/09\/Screenshot-2021-09-16-19.00.52-1-768x434.png 768w, https:\/\/projetos.ese.ips.pt\/cpraticapeb\/wp-content\/uploads\/2021\/09\/Screenshot-2021-09-16-19.00.52-1.png 1269w\" sizes=\"(max-width: 512px) 100vw, 512px\" \/><\/a><figcaption><span class=\"has-inline-color has-black-color\"><strong>TIC@Portugal 2021<\/strong> (<a rel=\"noreferrer noopener\" href=\"https:\/\/wordpress.educom.pt\/TIC-Portugal-21\/programa\/comunidade-de-pratica-de-professores-do-1-o-ciclo\/\" target=\"_blank\">Resumo<\/a>)<\/span><\/figcaption><\/figure><\/div>\n","protected":false},"excerpt":{"rendered":"<p>Podcast 1.\u00ba Professor &#8211; Manuais Digitais, PADDE e Comunidade de Pr\u00e1tica Podcast 1.\u00ba Professor &#8211; Integrar uma Comunidade de Pr\u00e1tica Podcast 1.\u00ba Professor &#8211; Comunidades de Pr\u00e1tica<\/p>\n","protected":false},"author":2,"featured_media":0,"parent":48,"menu_order":1,"comment_status":"closed","ping_status":"closed","template":"","meta":[],"_links":{"self":[{"href":"https:\/\/projetos.ese.ips.pt\/cpraticapeb\/index.php\/wp-json\/wp\/v2\/pages\/91"}],"collection":[{"href":"https:\/\/projetos.ese.ips.pt\/cpraticapeb\/index.php\/wp-json\/wp\/v2\/pages"}],"about":[{"href":"https:\/\/projetos.ese.ips.pt\/cpraticapeb\/index.php\/wp-json\/wp\/v2\/types\/page"}],"author":[{"embeddable":true,"href":"https:\/\/projetos.ese.ips.pt\/cpraticapeb\/index.php\/wp-json\/wp\/v2\/users\/2"}],"replies":[{"embeddable":true,"href":"https:\/\/projetos.ese.ips.pt\/cpraticapeb\/index.php\/wp-json\/wp\/v2\/comments?post=91"}],"version-history":[{"count":25,"href":"https:\/\/projetos.ese.ips.pt\/cpraticapeb\/index.php\/wp-json\/wp\/v2\/pages\/91\/revisions"}],"predecessor-version":[{"id":636,"href":"https:\/\/projetos.ese.ips.pt\/cpraticapeb\/index.php\/wp-json\/wp\/v2\/pages\/91\/revisions\/636"}],"up":[{"embeddable":true,"href":"https:\/\/projetos.ese.ips.pt\/cpraticapeb\/index.php\/wp-json\/wp\/v2\/pages\/48"}],"wp:attachment":[{"href":"https:\/\/projetos.ese.ips.pt\/cpraticapeb\/index.php\/wp-json\/wp\/v2\/media?parent=91"}],"curies":[{"name":"wp","href":"https:\/\/api.w.org\/{rel}","templated":true}]}}