{"id":157,"date":"2023-04-05T23:23:37","date_gmt":"2023-04-05T23:23:37","guid":{"rendered":"https:\/\/projetos.ese.ips.pt\/ebn2022\/?page_id=157"},"modified":"2024-04-03T00:07:52","modified_gmt":"2024-04-03T00:07:52","slug":"2nd-ed-exerc-biomech-nutriti","status":"publish","type":"page","link":"https:\/\/projetos.ese.ips.pt\/ebn2023\/","title":{"rendered":"2nd ed Exerc Biomech Nutriti"},"content":{"rendered":"\n<div class=\"wp-block-columns is-layout-flex wp-container-core-columns-is-layout-28f84493 wp-block-columns-is-layout-flex\">\n<div class=\"wp-block-column is-layout-flow wp-block-column-is-layout-flow\" style=\"flex-basis:100%\">\n<div class=\"wp-block-group alignwide is-layout-constrained wp-block-group-is-layout-constrained\">\n<div class=\"wp-block-cover alignwide\" style=\"min-height:488px;aspect-ratio:unset;\"><span aria-hidden=\"true\" class=\"wp-block-cover__background has-background-dim\"><\/span><img loading=\"lazy\" decoding=\"async\" width=\"1170\" height=\"840\" class=\"wp-block-cover__image-background wp-image-159\" alt=\"\" src=\"https:\/\/projetos.ese.ips.pt\/ebn2022\/wp-content\/uploads\/2023\/04\/IMG_7257A6D82F45-1.jpeg\" data-object-fit=\"cover\" srcset=\"https:\/\/projetos.ese.ips.pt\/ebn2023\/wp-content\/uploads\/2023\/04\/IMG_7257A6D82F45-1.jpeg 1170w, https:\/\/projetos.ese.ips.pt\/ebn2023\/wp-content\/uploads\/2023\/04\/IMG_7257A6D82F45-1-300x215.jpeg 300w, https:\/\/projetos.ese.ips.pt\/ebn2023\/wp-content\/uploads\/2023\/04\/IMG_7257A6D82F45-1-1024x735.jpeg 1024w, https:\/\/projetos.ese.ips.pt\/ebn2023\/wp-content\/uploads\/2023\/04\/IMG_7257A6D82F45-1-768x551.jpeg 768w\" sizes=\"auto, (max-width: 1170px) 100vw, 1170px\" \/><div class=\"wp-block-cover__inner-container is-layout-flow wp-block-cover-is-layout-flow\">\n<h5 class=\"wp-block-heading has-small-font-size\" id=\"back\" style=\"text-transform:capitalize\">2nd Edition<\/h5>\n\n\n\n<h2 class=\"wp-block-heading has-x-large-font-size\"><strong>Exercise, Biomechanics and Nutrition<\/strong><\/h2>\n\n\n\n<p>10 and 11 of May, School of Education of Polytechnic Institute of Setubal Auditorium (Creditation for IPDJ TF and TEF: 3.2 UC) <\/p>\n\n\n\n<p>Abstract Submission Deadline: 5 of May, 2023, 23:59 CET<\/p>\n<\/div><\/div>\n<\/div>\n<\/div>\n<\/div>\n\n\n\n<div class=\"wp-block-buttons is-content-justification-center is-layout-flex wp-container-core-buttons-is-layout-a89b3969 wp-block-buttons-is-layout-flex\">\n<div class=\"wp-block-button is-style-outline is-style-outline--1\"><a class=\"wp-block-button__link has-pale-cyan-blue-background-color has-background wp-element-button\" href=\"#goals\">Goals and Highlights<\/a><\/div>\n\n\n\n<div class=\"wp-block-button is-style-outline is-style-outline--2\"><a class=\"wp-block-button__link has-pale-cyan-blue-background-color has-background wp-element-button\" href=\"#committies\">Committies<\/a><\/div>\n\n\n\n<div class=\"wp-block-button is-style-outline is-style-outline--3\"><a class=\"wp-block-button__link has-foreground-color has-pale-cyan-blue-background-color has-text-color has-background wp-element-button\" href=\"#registration\">Registration<\/a><\/div>\n\n\n\n<div class=\"wp-block-button is-style-outline is-style-outline--4\"><a class=\"wp-block-button__link has-pale-cyan-blue-background-color has-background wp-element-button\" href=\"#abstractsubmission\">Abstract Submission<\/a><\/div>\n\n\n\n<div class=\"wp-block-button is-style-outline is-style-outline--5\"><a class=\"wp-block-button__link has-pale-cyan-blue-background-color has-background wp-element-button\" href=\"#program\">Program<\/a><\/div>\n\n\n\n<div class=\"wp-block-button is-style-outline is-style-outline--6\"><a class=\"wp-block-button__link has-pale-cyan-blue-background-color has-background wp-element-button\" href=\"#speakers\">Speakers<\/a><\/div>\n\n\n\n<div class=\"wp-block-button is-style-outline is-style-outline--7\"><a class=\"wp-block-button__link has-pale-cyan-blue-background-color has-background wp-element-button\" href=\"#book\">Book of Abstracts<\/a><\/div>\n<\/div>\n\n\n\n<div class=\"wp-block-buttons is-layout-flex wp-block-buttons-is-layout-flex\"><\/div>\n\n\n\n<p class=\"has-text-align-center has-background-color has-pale-cyan-blue-background-color has-text-color has-background has-x-large-font-size\" id=\"goals\"><strong>Goals and Highlights<\/strong><\/p>\n\n\n\n<p>Our goal is to disseminate knowledge about the latest developments in the field of physical exercise and their implications for health, quality of life and sports performance. Speakers from five different institutions will be present, with technical-scientific competences recognized worldwide and that will certainly contribute to the increase of the technical competences of the participants.<\/p>\n\n\n\n<p>Dynamic, current and high quality lectures;                                                                                9 Speakers from Finland, England, Brazil, Spain and Portugal;<br>Presentation of academic and scientific works;                                                                                                 In-Pearson and online via Zoom;<\/p>\n\n\n\n<p class=\"has-text-align-center has-background-color has-pale-cyan-blue-background-color has-text-color has-background has-x-large-font-size\" id=\"committies\"><strong>Committies<\/strong><\/p>\n\n\n\n<div class=\"wp-block-columns alignfull are-vertically-aligned-top is-layout-flex wp-container-core-columns-is-layout-28f84493 wp-block-columns-is-layout-flex\">\n<div class=\"wp-block-column is-vertically-aligned-top is-layout-flow wp-block-column-is-layout-flow\">\n<p class=\"has-text-align-center\"><strong>Organizing Committee<\/strong><\/p>\n\n\n\n<p class=\"has-background-color has-pale-cyan-blue-background-color has-text-color has-background\" style=\"font-size:18px\">Chair: Luis Leit\u00e3o &#8211; ESE-IPSet\u00fabal<\/p>\n\n\n\n<div class=\"wp-block-group is-vertical is-content-justification-right is-layout-flex wp-container-core-group-is-layout-c0d519fa wp-block-group-is-layout-flex\">\n<div class=\"wp-block-group is-layout-constrained wp-block-group-is-layout-constrained\">\n<div class=\"wp-block-group is-layout-constrained wp-block-group-is-layout-constrained\">\n<p class=\"has-background-color has-pale-cyan-blue-background-color has-text-color has-background\" style=\"font-size:18px\">Teresa Figueiredo, Amilcar Antunes, Ana Pereira, Ana Figueira, Paulo Nunes &#8211; ESE-IP Set\u00fabal<\/p>\n<\/div>\n<\/div>\n<\/div>\n<\/div>\n\n\n\n<div class=\"wp-block-column is-vertically-aligned-top is-layout-flow wp-block-column-is-layout-flow\">\n<p class=\"has-text-align-center\"><strong>Scientific Committee<\/strong><\/p>\n\n\n\n<p class=\"has-background-color has-pale-cyan-blue-background-color has-text-color has-background\" style=\"font-size:18px\">Chair: Luis Leit\u00e3o &#8211; ESE-IP Set\u00fabal<\/p>\n\n\n\n<p class=\"has-background-color has-pale-cyan-blue-background-color has-text-color has-background\" style=\"font-size:18px\">Teresa Figueiredo, Ana Pereira, Am\u00edlcar Antunes, Paulo Nunes and Ana Figueira \u2013 IP Set\u00fabal, Portugal<\/p>\n\n\n\n<p class=\"has-text-align-left has-background-color has-pale-cyan-blue-background-color has-text-color has-background\">Simon Walker &#8211; University of Jyvaskyla, Finland <\/p>\n\n\n\n<p class=\"has-background-color has-pale-cyan-blue-background-color has-text-color has-background\">Maria Francesca Piacentini &#8211; University of Rome &#8220;Foro Italico&#8221;, Italy<\/p>\n\n\n\n<p class=\"has-background-color has-pale-cyan-blue-background-color has-text-color has-background\" style=\"font-size:18px\">Raul Dominguez, Ant\u00f3nio S\u00e1nchez-Oliver \u2013 Universidad de Sevilla, Spain<\/p>\n\n\n\n<p class=\"has-background-color has-pale-cyan-blue-background-color has-text-color has-background\" style=\"font-size:18px\">Fernando Pareja Blanco \u2013 Universidad de Pablo de Olavide, Spain          <\/p>\n\n\n\n<p class=\"has-background-color has-pale-cyan-blue-background-color has-text-color has-background\" style=\"font-size:18px\">Alberto P\u00e9rez-L\u00f3pez &#8211; Universidad de Alcal\u00e1, Spain <\/p>\n\n\n\n<p class=\"has-background-color has-pale-cyan-blue-background-color has-text-color has-background\" style=\"font-size:18px\">Jose Carmelo Adusar &#8211; University of Extremadura, Spain                           <\/p>\n\n\n\n<p class=\"has-background-color has-pale-cyan-blue-background-color has-text-color has-background\" style=\"font-size:18px\">Moacir Marocolo and Jeferson Vianna \u2013 Universidade Federal de Juiz de Fora, Brazil<\/p>\n\n\n\n<p class=\"has-background-color has-pale-cyan-blue-background-color has-text-color has-background\" style=\"font-size:18px\">Jefferson Novaes &#8211; Universidade Federal de Rio de Janeiro, Brazil<\/p>\n\n\n\n<p class=\"has-background-color has-pale-cyan-blue-background-color has-text-color has-background\" style=\"font-size:18px\">Maria Socorro Sousa &#8211; Universidade Federal da Para\u00edba, Brazil<\/p>\n\n\n\n<p class=\"has-background-color has-pale-cyan-blue-background-color has-text-color has-background\">Osvaldo Moreira &#8211; Universidade Federal de Vi\u00e7osa, Brazil<\/p>\n\n\n\n<p><\/p>\n\n\n\n<div class=\"wp-block-group is-layout-constrained wp-block-group-is-layout-constrained\">\n<div class=\"wp-block-group is-vertical is-content-justification-stretch is-layout-flex wp-container-core-group-is-layout-ae24f51d wp-block-group-is-layout-flex\">\n<div class=\"wp-block-group is-layout-constrained wp-block-group-is-layout-constrained\"><\/div>\n<\/div>\n<\/div>\n<\/div>\n<\/div>\n\n\n\n<div class=\"wp-block-buttons is-layout-flex wp-block-buttons-is-layout-flex\">\n<div class=\"wp-block-button\"><a class=\"wp-block-button__link has-background-color has-pale-cyan-blue-background-color has-text-color has-background wp-element-button\" href=\"#back\">Back<\/a><\/div>\n<\/div>\n\n\n\n<p><\/p>\n\n\n\n<p class=\"has-background-color has-pale-cyan-blue-background-color has-text-color has-background has-x-large-font-size\" id=\"abstractsubmission\"><strong>Abstract Submission<\/strong> <\/p>\n\n\n\n<p>Abstracts submission till 5th of May at 23:59 via email: congressodesportoese@ese.ips.pt<\/p>\n\n\n\n<p><strong>Mandatory:<\/strong> Abstract submission is in English and Portuguese or Spanish throught WORD file and 3-minute video with presentation of the work (in Portuguese, Spanish or English).  After reviewing the communications by the congress Scientific Council, all authors will be informed about the acceptance of their submission via email and the date and hour of the presentation. The presenter of the work must be online at the ZOOM link of the congress or in-person at the auditorium of ESE-IPSet\u00fabal to answer to any question of their work. <\/p>\n\n\n\n<div class=\"wp-block-file\"><a id=\"wp-block-file--media-eef965d8-d7fe-4f18-b453-001363d14207\" href=\"https:\/\/projetos.ese.ips.pt\/ebn2022\/wp-content\/uploads\/2023\/04\/abstract-template-3.docx\">Abstract template<\/a><a href=\"https:\/\/projetos.ese.ips.pt\/ebn2022\/wp-content\/uploads\/2023\/04\/abstract-template-3.docx\" class=\"wp-block-file__button wp-element-button\" download aria-describedby=\"wp-block-file--media-eef965d8-d7fe-4f18-b453-001363d14207\">Download<\/a><\/div>\n\n\n\n<p>All accepted abstracts will be published in the book of abstracts of the Event.<\/p>\n\n\n\n<div class=\"wp-block-buttons is-layout-flex wp-block-buttons-is-layout-flex\">\n<div class=\"wp-block-button\"><a class=\"wp-block-button__link has-background-color has-pale-cyan-blue-background-color has-text-color has-background wp-element-button\" href=\"#back\">Back<\/a><\/div>\n<\/div>\n\n\n\n<p class=\"has-background-color has-pale-cyan-blue-background-color has-text-color has-background has-x-large-font-size\" id=\"registration\">Registration<\/p>\n\n\n\n<p>Free of Charge but registration is mandatory.<\/p>\n\n\n\n<div class=\"wp-block-buttons is-layout-flex wp-block-buttons-is-layout-flex\">\n<div class=\"wp-block-button has-custom-width wp-block-button__width-50 has-custom-font-size has-medium-font-size\"><a class=\"wp-block-button__link has-pale-cyan-blue-background-color has-background wp-element-button\" href=\"https:\/\/forms.office.com\/e\/RYSa9rHNDR\">Click Here for registration<\/a><\/div>\n<\/div>\n\n\n\n<p class=\"has-normal-font-size\">The event will be held in-person at the ESE-IP Set\u00fabal auditorium and online via zoom: <a rel=\"noreferrer noopener\" href=\"https:\/\/videoconf-colibri.zoom.us\/j\/85021778304\" target=\"_blank\">https:\/\/videoconf-colibri.zoom.us\/j\/85021778304<\/a>.<\/p>\n\n\n\n<p><strong>Contacts:<\/strong> congressodesportoese@ese.ips.pt<\/p>\n\n\n\n<p class=\"has-medium-font-size\"><strong>Address: <\/strong>Escola Superior de Educa\u00e7\u00e3o, Campus do Instituto Polit\u00e9cnico de Set\u00fabal, Estefanilha 2914-504 Set\u00fabal<\/p>\n\n\n\n<div class=\"wp-block-buttons is-layout-flex wp-block-buttons-is-layout-flex\">\n<div class=\"wp-block-button\"><a class=\"wp-block-button__link has-pale-cyan-blue-background-color has-background wp-element-button\" href=\"#back\">Back<\/a><\/div>\n<\/div>\n\n\n\n<p class=\"has-text-align-center has-background-color has-pale-cyan-blue-background-color has-text-color has-background has-x-large-font-size\" id=\"program\"><strong>PROGRAM<\/strong><\/p>\n\n\n\n<p class=\"has-background-color has-pale-cyan-blue-background-color has-text-color has-background has-large-font-size\">May 10th, Wednesday<\/p>\n\n\n\n<p class=\"has-background-color has-pale-cyan-blue-background-color has-text-color has-background\">10:00 \u2013 Opening Session &#8211; ESE Auditorium<br><strong>Angela Lemos <\/strong>| President of the Polytechnic Institute of Set\u00fabal<br><strong>Raul Dominguez<\/strong> | Sport Sciences Department of University of Sevilla<br><strong>Teresa Figueiredo <\/strong>| Head of Science and Technology Department of ESE-IP Set\u00fabal<br><strong>Luis Leitao<\/strong> | Professor at the Science and Technology Department of ESE-IP Set\u00fabal  <\/p>\n\n\n\n<p class=\"has-background-color has-pale-cyan-blue-background-color has-text-color has-background\">10:30 \u2013 <em>Physical Activity, Exercise and Nutrition<\/em> &#8211; ESE Auditorium<br>Beetroot Juice supplementation in strengh and power training &#8211; <strong>PhD Raul Domingu\u00e9z, University of Sevilla<\/strong>, Spain<\/p>\n\n\n\n<p class=\"has-background-color has-pale-cyan-blue-background-color has-text-color has-background\">11:20 &#8211; Training volume, intensity distribution and periodization in well-trained and elite distance runners\u201d. &#8211; <strong>PhD Arturo Casado, Rey Juan Carlos Universi<strong>ty<\/strong>, Spain<\/strong><\/p>\n\n\n\n<p class=\"has-background-color has-pale-cyan-blue-background-color has-text-color has-background\">12:00 &#8211; Abstract\/Video Oral Presentations I<\/p>\n\n\n\n<p class=\"has-background-color has-pale-cyan-blue-background-color has-text-color has-background\">13:00 &#8211; Lunch Break<\/p>\n\n\n\n<p><\/p>\n\n\n\n<p class=\"has-background-color has-pale-cyan-blue-background-color has-text-color has-background\"> 14:00 \u2013 <em>Exercise and Biomechanics in sport<\/em> &#8211; ESE Auditorium                                                                    <br> Monitoring neuromuscular fatigue in soccer with force plates: current evidence and future directions &#8211; <strong>PhD John MacMahon, University of Salford<\/strong>, England<\/p>\n\n\n\n<p class=\"has-background-color has-pale-cyan-blue-background-color has-text-color has-background\">14:40 &#8211; The importance of dietary and physical activity skills training among retired adults &#8211; <strong>PhD Ricardo Po\u00e7inho, Polytechnic Institute of Leiria<\/strong>, Portugal<\/p>\n\n\n\n<p class=\"has-background-color has-pale-cyan-blue-background-color has-text-color has-background\">15:30 &#8211; 19:30 Abstract\/Video Oral Presentations II<\/p>\n\n\n\n<p><\/p>\n\n\n\n<p><\/p>\n\n\n\n<p><\/p>\n\n\n\n<p><\/p>\n\n\n\n<p class=\"has-text-align-left has-background-color has-pale-cyan-blue-background-color has-text-color has-background has-large-font-size\">May 11th, Thursday<\/p>\n\n\n\n<p class=\"has-background-color has-pale-cyan-blue-background-color has-text-color has-background\">8:30 \u2013 Abstract\/Video Oral Presentations III<\/p>\n\n\n\n<p class=\"has-background-color has-pale-cyan-blue-background-color has-text-color has-background\">10:00 \u2013 TMS and Strength Training &#8211; <strong>PhD Simon Walker &#8211; University of Jyvaskyla<\/strong>, Finland<\/p>\n\n\n\n<p class=\"has-background-color has-pale-cyan-blue-background-color has-text-color has-background\">10:50 &#8211; Promoting engagement to exercise in Parkinson\u2019s Diasease &#8211; <strong>PhD Carla Pereira<\/strong>, ESS-IPS, Portugal<\/p>\n\n\n\n<p class=\"has-background-color has-pale-cyan-blue-background-color has-text-color has-background\">11:40 &#8211; Factors to be taken into account to optimize performance and reduce the risk of injury in female athletes &#8211; <strong>PhD Blanca Romero, Autonomous University of Madrid<\/strong>, Spain<\/p>\n\n\n\n<p class=\"has-background-color has-pale-cyan-blue-background-color has-text-color has-background\">13:30 &#8211; Lunch Break<\/p>\n\n\n\n<p class=\"has-background-color has-pale-cyan-blue-background-color has-text-color has-background\">14:00 &#8211; Ergogenic resources and their relation with sport performance: expectation x reality &#8211; <strong>PhD Sandro Silva, Federal University of Lavras, Brazil<\/strong><\/p>\n\n\n\n<p class=\"has-background-color has-pale-cyan-blue-background-color has-text-color has-background\">14:50 &#8211; The importance of nutrition in power production: caffeine and sodium bicarbonate &#8211; <strong>PhD Alberto L\u00f3pez-P\u00e9rez, University of Alcal\u00e1<\/strong>, Spain<\/p>\n\n\n\n<p class=\"has-background-color has-pale-cyan-blue-background-color has-text-color has-background\">16:00 \u2013<em> Congress Closing Session<\/em><br><strong>Jo\u00e3o Pires<\/strong>| Dean of Superior School of Education of the Polytechnic Institute of Set\u00fabal<br><strong>Luis Leit\u00e3o<\/strong> | Professor of Science and Technology Department at ESE-IP Set\u00fabal<br><strong>Ana Pereira<\/strong> | Coordinator of the Degree in Sports at ESE-IP Set\u00fabal<\/p>\n\n\n\n<div class=\"wp-block-buttons is-layout-flex wp-block-buttons-is-layout-flex\">\n<div class=\"wp-block-button\"><a class=\"wp-block-button__link has-background-color has-pale-cyan-blue-background-color has-text-color has-background wp-element-button\" href=\"#back\">back<\/a><\/div>\n<\/div>\n\n\n\n<p><\/p>\n\n\n\n<p class=\"has-text-align-center has-background-color has-pale-cyan-blue-background-color has-text-color has-background has-x-large-font-size\" id=\"speakers\">SPEAKERS<\/p>\n\n\n\n<p>PhD <strong><a href=\"https:\/\/www.researchgate.net\/profile\/Raul-Dominguez-6\" data-type=\"URL\" data-id=\"https:\/\/www.researchgate.net\/profile\/Raul-Dominguez-6\">Ra\u00fal Dom\u00ednguez<\/a><\/strong><\/p>\n\n\n\n<p>PhD <a href=\"https:\/\/www.researchgate.net\/profile\/Arturo-Casado\" data-type=\"URL\" data-id=\"https:\/\/www.researchgate.net\/profile\/Arturo-Casado\"><strong>Arturo Casado<\/strong><\/a><\/p>\n\n\n\n<p>PhD <strong><a href=\"https:\/\/www.researchgate.net\/profile\/John-Mcmahon-8\" data-type=\"URL\" data-id=\"https:\/\/www.researchgate.net\/profile\/John-Mcmahon-8\">John J McMahon<\/a><\/strong><\/p>\n\n\n\n<p>PhD <strong><a href=\"https:\/\/www.researchgate.net\/profile\/Ricardo-Pocinho\" data-type=\"URL\" data-id=\"https:\/\/www.researchgate.net\/profile\/Ricardo-Pocinho\">Ricardo Pocinho<\/a><\/strong><\/p>\n\n\n\n<p>PhD <strong><a href=\"https:\/\/www.researchgate.net\/profile\/Simon-Walker-17\" data-type=\"URL\" data-id=\"https:\/\/www.researchgate.net\/profile\/Simon-Walker-17\">Simon Walker<\/a><\/strong><\/p>\n\n\n\n<p>PhD <strong><a href=\"https:\/\/www.researchgate.net\/profile\/Carla-Pereira-31\" data-type=\"URL\" data-id=\"https:\/\/www.researchgate.net\/profile\/Carla-Pereira-31\">Carla Pereira<\/a><\/strong><\/p>\n\n\n\n<p>PhD <a href=\"https:\/\/www.researchgate.net\/profile\/Blanca-Romero-Moraleda\" data-type=\"URL\" data-id=\"https:\/\/www.researchgate.net\/profile\/Blanca-Romero-Moraleda\"><strong>Blanca Romero-Moraleda<\/strong><\/a><\/p>\n\n\n\n<p>PhD <strong><a href=\"https:\/\/www.researchgate.net\/profile\/Sandro-Silva-3\">Sandro Silva<\/a><\/strong><\/p>\n\n\n\n<p>PhD <a href=\"https:\/\/www.researchgate.net\/profile\/Alberto-Perez-Lopez-2\"><strong>Alberto P\u00e9rez-L\u00f3pez<\/strong><\/a><\/p>\n\n\n\n<p><\/p>\n\n\n\n<p class=\"has-text-align-center has-background-color has-pale-cyan-blue-background-color has-text-color has-background has-x-large-font-size\" id=\"book\">BOOK OF ABSTRACTS<\/p>\n\n\n\n<div data-wp-interactive=\"core\/file\" class=\"wp-block-file\"><object data-wp-bind--hidden=\"!state.hasPdfPreview\" hidden class=\"wp-block-file__embed\" data=\"https:\/\/projetos.ese.ips.pt\/ebn2023\/wp-content\/uploads\/2023\/10\/EBN-2023-BoA-Final-V.pdf\" type=\"application\/pdf\" style=\"width:100%;height:600px\" aria-label=\"Incorpora\u00e7\u00e3o de BOOK OF ABSTRACTs.\"><\/object><a id=\"wp-block-file--media-426c158b-68e8-4a19-844f-6ddb8ff963f5\" href=\"https:\/\/projetos.ese.ips.pt\/ebn2023\/wp-content\/uploads\/2023\/10\/EBN-2023-BoA-Final-V.pdf\">BOOK OF ABSTRACTs<\/a><a href=\"https:\/\/projetos.ese.ips.pt\/ebn2023\/wp-content\/uploads\/2023\/10\/EBN-2023-BoA-Final-V.pdf\" class=\"wp-block-file__button wp-element-button\" download aria-describedby=\"wp-block-file--media-426c158b-68e8-4a19-844f-6ddb8ff963f5\">Download<\/a><\/div>\n","protected":false},"excerpt":{"rendered":"<p>Goals and Highlights Our goal is to disseminate knowledge about the latest developments in the field of physical exercise and their implications for health, quality of life and sports performance. Speakers from five different institutions will be present, with technical-scientific competences recognized worldwide and that will certainly contribute to the increase of the technical competences [&hellip;]<\/p>\n","protected":false},"author":2,"featured_media":0,"parent":0,"menu_order":0,"comment_status":"closed","ping_status":"closed","template":"","meta":{"footnotes":""},"class_list":["post-157","page","type-page","status-publish","hentry"],"_links":{"self":[{"href":"https:\/\/projetos.ese.ips.pt\/ebn2023\/index.php?rest_route=\/wp\/v2\/pages\/157","targetHints":{"allow":["GET"]}}],"collection":[{"href":"https:\/\/projetos.ese.ips.pt\/ebn2023\/index.php?rest_route=\/wp\/v2\/pages"}],"about":[{"href":"https:\/\/projetos.ese.ips.pt\/ebn2023\/index.php?rest_route=\/wp\/v2\/types\/page"}],"author":[{"embeddable":true,"href":"https:\/\/projetos.ese.ips.pt\/ebn2023\/index.php?rest_route=\/wp\/v2\/users\/2"}],"replies":[{"embeddable":true,"href":"https:\/\/projetos.ese.ips.pt\/ebn2023\/index.php?rest_route=%2Fwp%2Fv2%2Fcomments&post=157"}],"version-history":[{"count":35,"href":"https:\/\/projetos.ese.ips.pt\/ebn2023\/index.php?rest_route=\/wp\/v2\/pages\/157\/revisions"}],"predecessor-version":[{"id":210,"href":"https:\/\/projetos.ese.ips.pt\/ebn2023\/index.php?rest_route=\/wp\/v2\/pages\/157\/revisions\/210"}],"wp:attachment":[{"href":"https:\/\/projetos.ese.ips.pt\/ebn2023\/index.php?rest_route=%2Fwp%2Fv2%2Fmedia&parent=157"}],"curies":[{"name":"wp","href":"https:\/\/api.w.org\/{rel}","templated":true}]}}