{"id":157,"date":"2023-04-05T23:23:37","date_gmt":"2023-04-05T23:23:37","guid":{"rendered":"https:\/\/projetos.ese.ips.pt\/ebn2022\/?page_id=157"},"modified":"2026-05-04T11:50:51","modified_gmt":"2026-05-04T11:50:51","slug":"2nd-ed-exerc-biomech-nutriti","status":"publish","type":"page","link":"https:\/\/projetos.ese.ips.pt\/ebn2026\/","title":{"rendered":"5th Exercise Biomechanics Nutrition"},"content":{"rendered":"\n<div class=\"wp-block-columns is-layout-flex wp-container-core-columns-layout-1 wp-block-columns-is-layout-flex\">\n<div class=\"wp-block-column is-layout-flow wp-block-column-is-layout-flow\" style=\"flex-basis:100%\">\n<div class=\"wp-block-group alignwide is-layout-constrained wp-block-group-is-layout-constrained\">\n<div class=\"wp-block-cover alignwide wp-duotone-unset-1\" style=\"min-height:488px\"><span aria-hidden=\"true\" class=\"wp-block-cover__background has-background-dim-30 has-background-dim\"><\/span><img loading=\"lazy\" decoding=\"async\" width=\"1170\" height=\"2532\" class=\"wp-block-cover__image-background wp-image-351\" alt=\"\" src=\"https:\/\/projetos.ese.ips.pt\/ebn2026\/wp-content\/uploads\/2026\/04\/Ver-fotografias-recentes.png\" data-object-fit=\"cover\" srcset=\"https:\/\/projetos.ese.ips.pt\/ebn2026\/wp-content\/uploads\/2026\/04\/Ver-fotografias-recentes.png 1170w, https:\/\/projetos.ese.ips.pt\/ebn2026\/wp-content\/uploads\/2026\/04\/Ver-fotografias-recentes-139x300.png 139w, https:\/\/projetos.ese.ips.pt\/ebn2026\/wp-content\/uploads\/2026\/04\/Ver-fotografias-recentes-473x1024.png 473w, https:\/\/projetos.ese.ips.pt\/ebn2026\/wp-content\/uploads\/2026\/04\/Ver-fotografias-recentes-768x1662.png 768w, https:\/\/projetos.ese.ips.pt\/ebn2026\/wp-content\/uploads\/2026\/04\/Ver-fotografias-recentes-710x1536.png 710w, https:\/\/projetos.ese.ips.pt\/ebn2026\/wp-content\/uploads\/2026\/04\/Ver-fotografias-recentes-946x2048.png 946w\" sizes=\"(max-width: 1170px) 100vw, 1170px\" \/><div class=\"wp-block-cover__inner-container is-layout-flow wp-block-cover-is-layout-flow\">\n<h5 class=\"wp-block-heading has-small-font-size\" id=\"back\" style=\"text-transform:capitalize\">5th Edition<\/h5>\n\n\n\n<h2 class=\"wp-block-heading has-background-color has-text-color has-link-color has-x-large-font-size wp-elements-fd9195e343ed31afabe3bdda4c76f114\"><strong>Exercise, Biomechanics and Nutrition<\/strong><\/h2>\n\n\n\n<p class=\"has-background-color has-text-color has-link-color wp-elements-d07d6d4c6fb2fb24ed8b09593d9ec1e6\">5 and of 6 June, School of Education from Set\u00fabal Polytechnic University Auditorium (Creditation for IPDJ TF and TEF: 3.2 UC) <\/p>\n\n\n\n<p class=\"has-background-color has-text-color has-link-color wp-elements-524e07c647b3e3ba944fbdeb5d4c8a2b\">Abstract Submission Deadline: 2 of June, 2025, 23:59 CET<\/p>\n<\/div><\/div>\n<\/div>\n<\/div>\n<\/div>\n\n\n\n<div class=\"wp-block-buttons is-content-justification-center is-layout-flex wp-container-core-buttons-layout-1 wp-block-buttons-is-layout-flex\">\n<div class=\"wp-block-button is-style-outline\"><a class=\"wp-block-button__link has-pale-cyan-blue-background-color has-background wp-element-button\" href=\"#goals\">Goals and Highlights<\/a><\/div>\n\n\n\n<div class=\"wp-block-button is-style-outline\"><a class=\"wp-block-button__link has-pale-cyan-blue-background-color has-background wp-element-button\" href=\"#committies\">Committies<\/a><\/div>\n\n\n\n<div class=\"wp-block-button is-style-outline\"><a class=\"wp-block-button__link has-foreground-color has-pale-cyan-blue-background-color has-text-color has-background wp-element-button\" href=\"#registration\">Registration<\/a><\/div>\n\n\n\n<div class=\"wp-block-button is-style-outline\"><a class=\"wp-block-button__link has-pale-cyan-blue-background-color has-background wp-element-button\" href=\"#abstractsubmission\">Abstract Submission<\/a><\/div>\n\n\n\n<div class=\"wp-block-button is-style-outline\"><a class=\"wp-block-button__link has-pale-cyan-blue-background-color has-background wp-element-button\" href=\"#program\">Program<\/a><\/div>\n\n\n\n<div class=\"wp-block-button is-style-outline\"><a class=\"wp-block-button__link has-pale-cyan-blue-background-color has-background wp-element-button\" href=\"#speakers\">Oral Presentations<\/a><\/div>\n\n\n\n<div class=\"wp-block-button is-style-outline\"><a class=\"wp-block-button__link has-pale-cyan-blue-background-color has-background wp-element-button\" href=\"#book\">Book of Abstracts<\/a><\/div>\n\n\n<\/div>\n\n\n\n<p class=\"has-text-align-center has-background-color has-pale-cyan-blue-background-color has-text-color has-background has-x-large-font-size\" id=\"goals\"><strong>Goals and Highlights<\/strong><\/p>\n\n\n\n<p>The International Congress in Exercise, Biomechanics and Nutrition is a periodic event organized by the Polytechnic Institute of Set\u00fabal. The origen of this scientific event is to disseminate knowledge about the latest developments in the field of physical exercise and their implications for health, quality of life and sports performance. However, this divulgation character is followed of an impulse of the research in the Sports Sciences fields with different oral communication sessions. In the first 4 editions, it was presented more than 200 oral communications and it has participated speakers of international recognized prestigious. For this fifth edition, speakers from five different institutions will be presented, with technical-scientific competences recognized worldwide and that will certainly contribute to the increase of the technical competences of the participants.<\/p>\n\n\n\n<p>Dynamic, current and high quality lectures;                                                                                <br>Presentation of academic and scientific works;                                                                                                 In-Pearson and online via Microsoft Teams;<\/p>\n\n\n\n<p class=\"has-text-align-center has-background-color has-pale-cyan-blue-background-color has-text-color has-background has-x-large-font-size\" id=\"committies\"><strong>Committee<\/strong><\/p>\n\n\n\n<div class=\"wp-block-columns alignfull are-vertically-aligned-top is-layout-flex wp-container-core-columns-layout-2 wp-block-columns-is-layout-flex\">\n<div class=\"wp-block-column is-vertically-aligned-top is-layout-flow wp-block-column-is-layout-flow\">\n<p class=\"has-text-align-center\"><strong>Organizing Committee<\/strong><\/p>\n\n\n\n<p class=\"has-background-color has-pale-cyan-blue-background-color has-text-color has-background\" style=\"font-size:18px\">Chair: Luis Leit\u00e3o &#8211; ESE-IPSet\u00fabal<\/p>\n\n\n\n<div class=\"wp-block-group is-vertical is-content-justification-right is-layout-flex wp-container-core-group-layout-4 wp-block-group-is-layout-flex\">\n<div class=\"wp-block-group is-layout-constrained wp-block-group-is-layout-constrained\">\n<div class=\"wp-block-group is-layout-constrained wp-block-group-is-layout-constrained\">\n<p class=\"has-background-color has-pale-cyan-blue-background-color has-text-color has-background\" style=\"font-size:18px\">Teresa Figueiredo, Amilcar Antunes, Ana Figueira, Fernando Santos, Paulo Nunes &#8211; ESE-IP Set\u00fabal<\/p>\n\n\n\n<p class=\"has-text-align-center has-background-color has-pale-cyan-blue-background-color has-text-color has-background has-link-color wp-elements-79f98bc59480c796332442f2e966833a\">Raul Dominguez \u2013 Universidad de Sevilla, Spain<\/p>\n<\/div>\n<\/div>\n<\/div>\n<\/div>\n\n\n\n<div class=\"wp-block-column is-vertically-aligned-top is-layout-flow wp-block-column-is-layout-flow\">\n<p class=\"has-text-align-center\"><strong>Scientific Committee<\/strong><\/p>\n\n\n\n<p class=\"has-text-align-center has-background-color has-pale-cyan-blue-background-color has-text-color has-background\" style=\"font-size:18px\">Chair: Luis Leit\u00e3o &#8211; ESE-IP Set\u00fabal<\/p>\n\n\n\n<p class=\"has-text-align-center has-background-color has-pale-cyan-blue-background-color has-text-color has-background\" style=\"font-size:18px\">Teresa Figueiredo \u2013 IP Set\u00fabal, Portugal<\/p>\n\n\n\n<p class=\"has-text-align-center has-background-color has-pale-cyan-blue-background-color has-text-color has-background has-link-color wp-elements-a598921581af4970814e877eab5fc1d1\">Hugo Louro and Nuno Pimenta &#8211; ESDRM-IP Sant\u00e1rem, Portugal<\/p>\n\n\n\n<p class=\"has-text-align-center has-background-color has-pale-cyan-blue-background-color has-text-color has-background\">Simon Walker &#8211; University of Jyvaskyla, Finland <\/p>\n\n\n\n<p class=\"has-text-align-center has-background-color has-pale-cyan-blue-background-color has-text-color has-background has-link-color wp-elements-ae799e4b1faa34cdba598c271f5625e8\">Rocco di Michelle and Marco Malaguti &#8211; University of Bologne, Italy<\/p>\n\n\n\n<p class=\"has-text-align-center has-background-color has-pale-cyan-blue-background-color has-text-color has-background\">Maria Francesca Piacentini &#8211; University of Rome &#8220;Foro Italico&#8221;, Italy<\/p>\n\n\n\n<p class=\"has-text-align-center has-background-color has-pale-cyan-blue-background-color has-text-color has-background has-link-color wp-elements-735c5cbb13e95a7f70b95a5d12b3f209\">John McMahon &#8211; Hawkin Dynamics, England <\/p>\n\n\n\n<p class=\"has-text-align-center has-background-color has-pale-cyan-blue-background-color has-text-color has-background\" style=\"font-size:18px\">Raul Dominguez \u2013 Universidad de Sevilla, Spain<\/p>\n\n\n\n<p class=\"has-text-align-center has-background-color has-pale-cyan-blue-background-color has-text-color has-background\" style=\"font-size:18px\">Fernando Pareja Blanco \u2013 Universidad de Pablo de Olavide, Spain          <\/p>\n\n\n\n<p class=\"has-text-align-center has-background-color has-pale-cyan-blue-background-color has-text-color has-background\" style=\"font-size:18px\">Alberto P\u00e9rez-L\u00f3pez &#8211; Universidad de Alcal\u00e1, Spain                           <\/p>\n\n\n\n<p class=\"has-text-align-center has-background-color has-pale-cyan-blue-background-color has-text-color has-background\" style=\"font-size:18px\">Alvaro Lop\u00e9z Samanes \u2013 Universidad Pontificia Comillas, Spain<\/p>\n\n\n\n<p class=\"has-text-align-center has-background-color has-pale-cyan-blue-background-color has-text-color has-background\" style=\"font-size:18px\">Arkaitz Casta\u00f1eda \u2013 University of Deusto, Spain<\/p>\n\n\n\n<p class=\"has-text-align-center has-background-color has-pale-cyan-blue-background-color has-text-color has-background\" style=\"font-size:18px\">Moacir Marocolo and Jeferson Vianna \u2013 Universidade Federal de Juiz de Fora, Brazil<\/p>\n\n\n\n<p class=\"has-text-align-center has-background-color has-pale-cyan-blue-background-color has-text-color has-background has-link-color wp-elements-02a1318d422548c16797a10c672fd78e\">Estev\u00e3o Monteiro &#8211; University Center Augusto Motta, Brazil<\/p>\n\n\n\n<p class=\"has-text-align-center has-background-color has-pale-cyan-blue-background-color has-text-color has-background\" style=\"font-size:18px\">Jefferson Novaes &#8211; Universidade Federal de Juiz de Fora, Brazil<\/p>\n\n\n\n<p class=\"has-text-align-center has-background-color has-pale-cyan-blue-background-color has-text-color has-background\" style=\"font-size:18px\">Maria do Socorro Cirilo-Sousa &#8211; URCA, Brazil<\/p>\n\n\n\n<p class=\"has-text-align-center has-background-color has-pale-cyan-blue-background-color has-text-color has-background\">Osvaldo Moreira &#8211; Universidade Federal de Vi\u00e7osa, Brazil<\/p>\n\n\n\n<p class=\"has-text-align-center has-background-color has-pale-cyan-blue-background-color has-text-color has-background has-link-color wp-elements-9a1f051d17b98d878bea125b32d89404\">Sandro Fernandes da Silva &#8211; Universidade de Lavras, Brazil<\/p>\n\n\n\n<p class=\"has-background-color has-pale-cyan-blue-background-color has-text-color has-background has-link-color wp-elements-139e00a53c0ddfaf95b6a9cca45a6915\">Mauro Mazini &#8211; Instituto Federal Sudeste MG, Brazil<\/p>\n\n\n\n<p class=\"has-text-align-center has-background-color has-pale-cyan-blue-background-color has-text-color has-background has-link-color has-medium-font-size wp-elements-c77e343e0bc7517923aae14440bf4bcd\">Ana Pereira, Henrique Neiva e Daniel Marinho &#8211; Universidade da Beira Interior, Portugal<\/p>\n\n\n\n<p class=\"has-text-align-center has-background-color has-pale-cyan-blue-background-color has-text-color has-background has-link-color wp-elements-22cd287adf74b93a7989f3dbc5facae5\">Ant\u00f3nio Jos\u00e9 Silva &#8211; Universidade de Tr\u00e1s-os-Montes e Alto Douro, Portugal<\/p>\n\n\n\n<div class=\"wp-block-group is-layout-constrained wp-block-group-is-layout-constrained\">\n<div class=\"wp-block-group is-vertical is-content-justification-stretch is-layout-flex wp-container-core-group-layout-5 wp-block-group-is-layout-flex\"><\/div>\n<\/div>\n<\/div>\n<\/div>\n\n\n\n<div class=\"wp-block-buttons is-layout-flex wp-block-buttons-is-layout-flex\">\n<div class=\"wp-block-button\"><a class=\"wp-block-button__link has-background-color has-pale-cyan-blue-background-color has-text-color has-background wp-element-button\" href=\"#back\">Back<\/a><\/div>\n<\/div>\n\n\n\n<p><\/p>\n\n\n\n<p class=\"has-background-color has-pale-cyan-blue-background-color has-text-color has-background has-x-large-font-size\" id=\"abstractsubmission\"><strong>Abstract Submission<\/strong> <\/p>\n\n\n\n<p>Abstracts submission and 3-minute video with presentation of the work till 2 of June at 23:59<\/p>\n\n\n\n<div class=\"wp-block-buttons is-layout-flex wp-block-buttons-is-layout-flex\">\n<div class=\"wp-block-button is-style-outline\"><a class=\"wp-block-button__link has-background-color has-pale-cyan-blue-background-color has-text-color has-background has-link-color wp-element-button\" href=\"https:\/\/forms.office.com\/e\/nPK5KAGUv0\" target=\"_blank\" rel=\"noreferrer noopener\">Click here for Abstract Submission<\/a><\/div>\n<\/div>\n\n\n\n<p class=\"has-background-color has-pale-cyan-blue-background-color has-text-color has-background has-link-color wp-elements-85732d58925fae9252cf54541e40155d\">Submit 3-minute video with presentation of the work via email: congressodesportoese@ese.ips.pt<\/p>\n\n\n\n<p><strong>Mandatory:<\/strong> Abstract must be submitted in English and in Portuguese or Spanish throught link above and the <strong>3-minute video with presentation of the work <\/strong>(in Portuguese, Spanish or English) <strong>must be sended by email<\/strong>.  <\/p>\n\n\n\n<p>All authors will receive an email with the acceptance of their work along with the schedule of presentations. The presenter of the work must be online (zoom link) or in-person at the auditorium of ESE-IPSet\u00fabal to answer to any question of their work. <\/p>\n\n\n\n<p>All accepted abstracts will be published in the book of abstracts of the Event.<\/p>\n\n\n\n<div class=\"wp-block-buttons is-layout-flex wp-block-buttons-is-layout-flex\">\n<div class=\"wp-block-button\"><a class=\"wp-block-button__link has-background-color has-pale-cyan-blue-background-color has-text-color has-background wp-element-button\" href=\"#back\">Back<\/a><\/div>\n<\/div>\n\n\n\n<p class=\"has-background-color has-pale-cyan-blue-background-color has-text-color has-background has-x-large-font-size\" id=\"registration\">Registration<\/p>\n\n\n\n<p>Free of Charge but registration is mandatory.<\/p>\n\n\n\n<div class=\"wp-block-buttons is-layout-flex wp-block-buttons-is-layout-flex\">\n<div class=\"wp-block-button has-custom-width wp-block-button__width-50 has-custom-font-size has-medium-font-size\"><a class=\"wp-block-button__link has-pale-cyan-blue-background-color has-background wp-element-button\" href=\"https:\/\/forms.office.com\/e\/dYTpWSvS9N\">Click Here for registration<\/a><\/div>\n<\/div>\n\n\n\n<p class=\"has-normal-font-size\">The event will be held in-person at the ESE-IP Set\u00fabal auditorium and online via zoom: <a href=\"https:\/\/teams.microsoft.com\/meet\/386629835979376?p=G78vBw7hwrYDiJUBMr\" target=\"_blank\" rel=\"noreferrer noopener\">https:\/\/teams.microsoft.com\/meet\/386629835979376?p=G78vBw7hwrYDiJUBMr<\/a><\/p>\n\n\n\n<p><strong>Contacts:<\/strong> congressodesportoese@ese.ips.pt<\/p>\n\n\n\n<p class=\"has-medium-font-size\"><strong>Address: <\/strong>Escola Superior de Educa\u00e7\u00e3o, Campus do Instituto Polit\u00e9cnico de Set\u00fabal, Estefanilha 2914-504 Set\u00fabal<\/p>\n\n\n\n<div class=\"wp-block-buttons is-layout-flex wp-block-buttons-is-layout-flex\">\n<div class=\"wp-block-button\"><a class=\"wp-block-button__link has-pale-cyan-blue-background-color has-background wp-element-button\" href=\"#back\">Back<\/a><\/div>\n<\/div>\n\n\n\n<p class=\"has-text-align-center has-background-color has-pale-cyan-blue-background-color has-text-color has-background has-x-large-font-size\" id=\"program\"><strong>PROGRAM<\/strong><\/p>\n\n\n\n<p class=\"has-background-color has-pale-cyan-blue-background-color has-text-color has-background has-large-font-size\">June 5th, Friday<\/p>\n\n\n\n<p class=\"has-background-color has-pale-cyan-blue-background-color has-text-color has-background\">10:00 \u2013 Opening Session &#8211; ESE Auditorium<br><strong>Angela Lemos <\/strong>| President of the Polytechnic Institute of Set\u00fabal<br><strong>Jo\u00e3o Pires <\/strong>| Dean of ESE-IP Set\u00fabal<br><strong>Luis Leitao<\/strong> | Professor at the Science and Technology Department of ESE-IP Set\u00fabal  <\/p>\n\n\n\n<p class=\"has-background-color has-pale-cyan-blue-background-color has-text-color has-background\">10:30 \u2013 <em>Physical Activity, Exercise and Nutrition<\/em> &#8211; ESE Auditorium<br>Sport and AI: a Journey to the Future &#8211; <strong>PhD Ana Pereira, University of Beira Interior, Portugal<\/strong><\/p>\n\n\n\n<p class=\"has-background-color has-pale-cyan-blue-background-color has-text-color has-background\">11:15 &#8211; Optimizing strength and hypertrophy in bench press &#8211; <strong>PhD Rodiles, University of Huelva, Spain<\/strong><\/p>\n\n\n\n<p class=\"has-background-color has-pale-cyan-blue-background-color has-text-color has-background\">12:00 &#8211; Sex differences in resistance training &#8211; <strong>PhD Beatriz Bachero-Mena, University of Seville, Spain<\/strong><\/p>\n\n\n\n<p class=\"has-background-color has-pale-cyan-blue-background-color has-text-color has-background\">13:30 &#8211; Lunch Break<\/p>\n\n\n\n<p class=\"has-background-color has-pale-cyan-blue-background-color has-text-color has-background\"> 14:00 \u2013 <em>Exercise and Biomechanics in sport<\/em> &#8211; ESE Auditorium                                                                    <br> Lecture<\/p>\n\n\n\n<p class=\"has-background-color has-pale-cyan-blue-background-color has-text-color has-background has-link-color wp-elements-d672185dd0e2c78fd2ed69e161cb0b99\">15:00 &#8211; WORKSHOP: Velocity-based resistance training: specific considerations for men and women <\/p>\n\n\n\n<p class=\"has-background-color has-pale-cyan-blue-background-color has-text-color has-background\">17:00- 19:30 Abstract\/Video Oral Presentations I<\/p>\n\n\n\n<p><\/p>\n\n\n\n<p><\/p>\n\n\n\n<p><\/p>\n\n\n\n<p><\/p>\n\n\n\n<p class=\"has-text-align-left has-background-color has-pale-cyan-blue-background-color has-text-color has-background has-large-font-size\">June 6th, Saturday<\/p>\n\n\n\n<p class=\"has-background-color has-pale-cyan-blue-background-color has-text-color has-background\">8:00 \u2013 Abstract\/Video Oral Presentations II<\/p>\n\n\n\n<p class=\"has-background-color has-pale-cyan-blue-background-color has-text-color has-background\">13:00 &#8211; Lunch Break<\/p>\n\n\n\n<p class=\"has-background-color has-pale-cyan-blue-background-color has-text-color has-background has-link-color wp-elements-cd4685739de5a078e6b32414f54910fb\">14:00 &#8211; Strength training for oncology patients &#8211; <strong>PhD Arkaitz Casta\u00f1eda, University of Deusto, Spain<\/strong><\/p>\n\n\n\n<p class=\"has-background-color has-pale-cyan-blue-background-color has-text-color has-background\">14:40 \u2013<em> Congress Closing Session<\/em><br><strong>Luis Leit\u00e3o<\/strong> | Chair of the Congress Organizing Committie<br><strong>Ra\u00fal Dom\u00ednguez<\/strong> | Professor in Sports at University of Seville<\/p>\n\n\n\n<div class=\"wp-block-buttons is-layout-flex wp-block-buttons-is-layout-flex\">\n<div class=\"wp-block-button\"><a class=\"wp-block-button__link has-background-color has-pale-cyan-blue-background-color has-text-color has-background wp-element-button\" href=\"#back\">back<\/a><\/div>\n<\/div>\n\n\n\n<p><\/p>\n\n\n\n<p class=\"has-text-align-center has-background-color has-pale-cyan-blue-background-color has-text-color has-background has-x-large-font-size\" id=\"speakers\">Oral Presentations<\/p>\n\n\n\n<p><\/p>\n\n\n\n<p class=\"has-text-align-center has-background-color has-pale-cyan-blue-background-color has-text-color has-background has-link-color has-large-font-size wp-elements-003626f1bccdf6288673e76e804fb22b\" id=\"book\">Book of Abstracts 2026<\/p>\n","protected":false},"excerpt":{"rendered":"<p>Goals and Highlights The International Congress in Exercise, Biomechanics and Nutrition is a periodic event organized by the Polytechnic Institute of Set\u00fabal. The origen of this scientific event is to disseminate knowledge about the latest developments in the field of physical exercise and their implications for health, quality of life and sports performance. However, this [&hellip;]<\/p>\n","protected":false},"author":2,"featured_media":0,"parent":0,"menu_order":0,"comment_status":"closed","ping_status":"closed","template":"","meta":{"footnotes":""},"_links":{"self":[{"href":"https:\/\/projetos.ese.ips.pt\/ebn2026\/index.php?rest_route=\/wp\/v2\/pages\/157"}],"collection":[{"href":"https:\/\/projetos.ese.ips.pt\/ebn2026\/index.php?rest_route=\/wp\/v2\/pages"}],"about":[{"href":"https:\/\/projetos.ese.ips.pt\/ebn2026\/index.php?rest_route=\/wp\/v2\/types\/page"}],"author":[{"embeddable":true,"href":"https:\/\/projetos.ese.ips.pt\/ebn2026\/index.php?rest_route=\/wp\/v2\/users\/2"}],"replies":[{"embeddable":true,"href":"https:\/\/projetos.ese.ips.pt\/ebn2026\/index.php?rest_route=%2Fwp%2Fv2%2Fcomments&post=157"}],"version-history":[{"count":129,"href":"https:\/\/projetos.ese.ips.pt\/ebn2026\/index.php?rest_route=\/wp\/v2\/pages\/157\/revisions"}],"predecessor-version":[{"id":360,"href":"https:\/\/projetos.ese.ips.pt\/ebn2026\/index.php?rest_route=\/wp\/v2\/pages\/157\/revisions\/360"}],"wp:attachment":[{"href":"https:\/\/projetos.ese.ips.pt\/ebn2026\/index.php?rest_route=%2Fwp%2Fv2%2Fmedia&parent=157"}],"curies":[{"name":"wp","href":"https:\/\/api.w.org\/{rel}","templated":true}]}}