{"id":13,"date":"2021-12-14T09:46:20","date_gmt":"2021-12-14T09:46:20","guid":{"rendered":"http:\/\/projetos.ese.ips.pt\/icnv\/?page_id=13"},"modified":"2021-12-14T10:44:14","modified_gmt":"2021-12-14T10:44:14","slug":"contact","status":"publish","type":"page","link":"https:\/\/projetos.ese.ips.pt\/icnv\/index.php\/contact\/","title":{"rendered":"Contactos"},"content":{"rendered":"\n<figure class=\"wp-block-image size-full is-resized\"><img loading=\"lazy\" src=\"http:\/\/projetos.ese.ips.pt\/cpraticapeb\/wp-content\/uploads\/2021\/09\/logocctic-removebg-preview.png\" alt=\"\" class=\"wp-image-67\" width=\"89\" height=\"49\"\/><\/figure>\n\n\n\n<p>Centro de Compet\u00eancia TIC da Escola Superior de Educa\u00e7\u00e3o do Instituto Polit\u00e9cnico de Set\u00fabal<br>e-mail: cctic@ese.ips.pt<\/p>\n\n\n\n<p>Telefone: 265 710 840<\/p>\n\n\n\n<p>Morada:<br>CCTIC-ESE\/IPS<br>Campus do Instituto Polit\u00e9cnico de Set\u00fabal,<br>Estefanilha<br>2914-504 Set\u00fabal<br>Portugal<\/p>\n\n\n\n<hr class=\"wp-block-separator has-text-color has-background has-dark-blue-background-color has-dark-blue-color is-style-default\"\/>\n\n\n\n<figure class=\"wp-block-image size-full is-resized\"><img loading=\"lazy\" src=\"http:\/\/projetos.ese.ips.pt\/cpraticapeb\/wp-content\/uploads\/2021\/09\/cctic_ua-removebg-preview.png\" alt=\"\" class=\"wp-image-70\" width=\"89\" height=\"49\"\/><\/figure>\n\n\n\n<p>Centro de Compet\u00eancia TIC da Universidade de Aveiro (UA)<br>e-mail: ccticua@gmail.com<\/p>\n\n\n\n<p>Telefone: 234 378 155<\/p>\n\n\n\n<p>Morada:<br>CCTIC-UA<br>Campus de Santiago <br>3810-193 AVEIRO<br>Portugal<\/p>\n","protected":false},"excerpt":{"rendered":"<p>Centro de Compet\u00eancia TIC da Escola Superior de Educa\u00e7\u00e3o do Instituto Polit\u00e9cnico de Set\u00fabale-mail: cctic@ese.ips.pt Telefone: 265 710 840 Morada:CCTIC-ESE\/IPSCampus do Instituto Polit\u00e9cnico de Set\u00fabal,Estefanilha2914-504 Set\u00fabalPortugal Centro de Compet\u00eancia TIC da Universidade de Aveiro (UA)e-mail: ccticua@gmail.com Telefone: 234 378 155 Morada:CCTIC-UACampus de Santiago 3810-193 AVEIROPortugal<\/p>\n","protected":false},"author":1,"featured_media":0,"parent":0,"menu_order":0,"comment_status":"closed","ping_status":"closed","template":"page-templates\/template-pagebuilder-full-width.php","meta":[],"_links":{"self":[{"href":"https:\/\/projetos.ese.ips.pt\/icnv\/index.php\/wp-json\/wp\/v2\/pages\/13"}],"collection":[{"href":"https:\/\/projetos.ese.ips.pt\/icnv\/index.php\/wp-json\/wp\/v2\/pages"}],"about":[{"href":"https:\/\/projetos.ese.ips.pt\/icnv\/index.php\/wp-json\/wp\/v2\/types\/page"}],"author":[{"embeddable":true,"href":"https:\/\/projetos.ese.ips.pt\/icnv\/index.php\/wp-json\/wp\/v2\/users\/1"}],"replies":[{"embeddable":true,"href":"https:\/\/projetos.ese.ips.pt\/icnv\/index.php\/wp-json\/wp\/v2\/comments?post=13"}],"version-history":[{"count":3,"href":"https:\/\/projetos.ese.ips.pt\/icnv\/index.php\/wp-json\/wp\/v2\/pages\/13\/revisions"}],"predecessor-version":[{"id":53,"href":"https:\/\/projetos.ese.ips.pt\/icnv\/index.php\/wp-json\/wp\/v2\/pages\/13\/revisions\/53"}],"wp:attachment":[{"href":"https:\/\/projetos.ese.ips.pt\/icnv\/index.php\/wp-json\/wp\/v2\/media?parent=13"}],"curies":[{"name":"wp","href":"https:\/\/api.w.org\/{rel}","templated":true}]}}