{"id":2,"date":"2021-12-14T09:36:31","date_gmt":"2021-12-14T09:36:31","guid":{"rendered":"http:\/\/projetos.ese.ips.pt\/icnv\/?page_id=2"},"modified":"2021-12-14T10:31:54","modified_gmt":"2021-12-14T10:31:54","slug":"pagina-exemplo","status":"publish","type":"page","link":"https:\/\/projetos.ese.ips.pt\/icnv\/index.php\/pagina-exemplo\/","title":{"rendered":"Recursos"},"content":{"rendered":"\n<p>Lista de recursos para os grupos, sobre diferentes tem\u00e1ticas:<\/p>\n\n\n\n<hr class=\"wp-block-separator is-style-wide\"\/>\n\n\n\n<p><strong>Para todos os grupos<\/strong><\/p>\n\n\n\n<p><a href=\"https:\/\/www.seguranet.pt\/\">Site de apoio ao Projeto SeguraNet<\/a> (Projeto que tem como objetivo promover a navega\u00e7\u00e3o segura, cr\u00edtica e esclarecida da Internet)<\/p>\n\n\n\n<p><a href=\"https:\/\/www.internetsegura.pt\/recursos\/all\/all\">Recursos do Centro Internet Segura<\/a> (Recursos do Centro Internet Segura, que podem ser utilizados para a aprendizagem pessoal, mas tamb\u00e9m para sensibilizar outros);<\/p>\n\n\n\n<p><a href=\"http:\/\/www.seguranet.pt\/tiras-bd-seguranet\">Tiras SeguraNet<\/a> (Tiras de Banda Desenhada sobre alguns temas relacionados com a Cidadania Digital);<\/p>\n\n\n\n<p><a href=\"https:\/\/www.seguranet.pt\/pt\/recursos?f%5B0%5D=formato%3A142&amp;f%5B1%5D=publico%3A126\">V\u00eddeos SeguraNet<\/a> (V\u00eddeos sobre diferentes temas relacionados com a Cidadania Digital);<\/p>\n\n\n\n<p><a href=\"https:\/\/www.seguranet.pt\/pt\/web-we-want\">The Web We Want<\/a> (The Web We Want &#8211; A Internet que queremos \u00e9 uma brochura educativa, destinada a jovens entre os 13 e os 16 anos, que apresenta um conjunto de ferramentas que educa os adolescentes a saberem proteger-se quando est\u00e3o online.);<\/p>\n\n\n\n<p><a href=\"https:\/\/www.youtube.com\/watch?v=5JrtpCM4yMM\">S\u00ea o exemplo<\/a> (Filme que nos faz refletir sobre o nosso papel na sociedade);<\/p>\n\n\n\n<p><a href=\"https:\/\/www.youtube.com\/watch?v=_m3PIkZW6o8\">Cuidado com o que partilhas<\/a> (V\u00eddeo produzido pela Huawei sob o lema \u201cPensa antes de publicares\u201d);<\/p>\n\n\n\n<p><a href=\"https:\/\/www.youtube.com\/playlist?list=PLYFk-hCP5pDPWH3uJEJ1C8n_zjNvXQKY7\">V\u00eddeos Net com consci\u00eancia<\/a> (V\u00eddeos sobre tem\u00e1ticas relacionadas com a Cidadania Digital);<\/p>\n\n\n\n<p><a href=\"https:\/\/www.internetsegura.pt\/lis\/sobre-a-lis\">Linha Alerta<\/a> (Linha Internet Segura, coordenado pela Associa\u00e7\u00e3o Portuguesa de Apoio \u00e0 V\u00edtima);<\/p>\n\n\n\n<p><a href=\"https:\/\/www.youtube.com\/watch?v=oI3nE_nQuBU\">Pensa antes de partilhar<\/a> (V\u00eddeo onde se reflete sobre o que fazer, antes de publicarmos algum post);<\/p>\n\n\n\n<p><a href=\"https:\/\/www.internetsegura.pt\/sites\/default\/files\/2021-02\/RedesSociais_PrivacidadeDeDadosPessoais_0.pdf\">Redes Sociais<\/a> (Brochura sobre o tema);<\/p>\n\n\n\n<p><a href=\"https:\/\/www.internetsegura.pt\/sites\/default\/files\/2021-02\/Cibercrime_brochura.pdf\">Cibercrime<\/a> (Brochura sobre o tema);<\/p>\n\n\n\n<hr class=\"wp-block-separator is-style-wide\"\/>\n\n\n\n<p><strong>Para cada grupo<\/strong><\/p>\n\n\n\n<p><strong>Bullying e Cyberbullying<\/strong><\/p>\n\n\n\n<p><a href=\"https:\/\/www.youtube.com\/watch?v=etpDwmn3mhU\">Cyberbullying<\/a> (V\u00eddeo que aborda a problem\u00e1tica do Cyberbullying);<\/p>\n\n\n\n<p>Tiras de Banda Desenhada <a href=\"https:\/\/www.seguranet.pt\/sites\/default\/files\/styles\/gallery_styl\/public\/2016-11\/1-ciberbullying_v_0.jpg?itok=3G0ZDC9O\">(1)<\/a> &nbsp; &nbsp; <a href=\"https:\/\/www.seguranet.pt\/sites\/default\/files\/styles\/gallery_styl\/public\/2016-11\/29-bullying_ii.jpg?itok=xZb4uSLc\">(2)<\/a>;<\/p>\n\n\n\n<p><a href=\"https:\/\/www.seguranet.pt\/pt\/ciberbullying\">Cyberbullying SeguraNet<\/a> (Site com alguns v\u00eddeos produzidos por alunos e professores, de diferentes escolas, sobre o tema);<\/p>\n\n\n\n<p><a href=\"https:\/\/www.internetsegura.pt\/sites\/default\/files\/2020-12\/FA_CyberBullying.pdf\">Cyberbullying<\/a> (Brochura sobre o tema);<\/p>\n\n\n\n<p><a href=\"https:\/\/www.internetsegura.pt\/sites\/default\/files\/2020-12\/FA_DiscursoDeOdio.pdf\">Discurso de \u00f3dio<\/a> (Brochura sobre o tema).<\/p>\n\n\n\n<hr class=\"wp-block-separator is-style-wide\"\/>\n\n\n\n<p><strong>Conversas com desconhecidos<\/strong><\/p>\n\n\n\n<hr class=\"wp-block-separator is-style-wide\"\/>\n\n\n\n<p><a href=\"https:\/\/www.youtube.com\/watch?v=u__4w3FYHLE\">Predador<\/a> (V\u00eddeo que aborda o tema das conversas com desconhecidos e partilha de dados pessoais);<\/p>\n\n\n\n<p><a href=\"https:\/\/youtu.be\/opPdk4eVXPc\">Voc\u00ea sabe com quem est\u00e1 a falar?<\/a> (V\u00eddeo que aborda os perigos quando se conversa com estranhos, virtualmente).<\/p>\n\n\n\n<hr class=\"wp-block-separator is-style-wide\"\/>\n\n\n\n<p><strong>Depend\u00eancia <em>online<\/em><\/strong><\/p>\n\n\n\n<hr class=\"wp-block-separator is-style-wide\"\/>\n\n\n\n<p><a href=\"https:\/\/www.cmjornal.pt\/mais-cm\/domingo\/detalhe\/cada-vez--mais-jovens-e-dependentes?ref=HP_OutrasNoticias3&amp;fbclid=IwAR2Jdikv-7rI_Ab8xHlM6rmGYrNlU44fkRQXEPEZBW1qv8Dq254d1zkScoE\">Cada vez mais jovens e dependentes<\/a> (Artigo de jornal que aborda a quest\u00e3o da depend\u00eancia <em>online)<\/em>;<\/p>\n\n\n\n<p><a href=\"https:\/\/zap.aeiou.pt\/criancas-dependencia-fortnite-229755?fbclid=IwAR1_1X4e1bNfqA06II_KMNn6ILPQ4Rn8KgQCeakAc4bhBWzTBIBdvWk4FVQ\">Cada vez mais crian\u00e7as internadas por depend\u00eancia<\/a> (Artigo de jornal que aborda a quest\u00e3o da depend\u00eancia dos jogos);<\/p>\n\n\n\n<p><a href=\"https:\/\/www.internetsegura.pt\/sites\/default\/files\/2021-04\/Jogos_E_Dependencia_Online.pdf\">Jogos e depend\u00eancia online<\/a> (Brochura sobre o tema)<\/p>\n\n\n\n<hr class=\"wp-block-separator is-style-wide\"\/>\n\n\n\n<p><strong>Direitos de autor<\/strong><\/p>\n\n\n\n<hr class=\"wp-block-separator is-style-wide\"\/>\n\n\n\n<p><a href=\"https:\/\/www.youtube.com\/watch?v=InzDjH1-9Ns&amp;t=21s\">YouTube Copyright<\/a> (V\u00eddeo que aborda a quest\u00e3o dos direitos de autor e as suas consequ\u00eancias);<\/p>\n\n\n\n<p><a href=\"https:\/\/www.seguranet.pt\/pt\/direitos-de-autor\">Direitos de autor SeguraNet<\/a> (Site com alguns v\u00eddeos produzidos por alunos e professores, de diferentes escolas, sobre o tema);<\/p>\n\n\n\n<p>Alguns recursos que podem ser utilizados livremente:<\/p>\n\n\n\n<p><a href=\"https:\/\/freemusicarchive.org\/curator\/Creative_Commons\">Arquivo de M\u00fasica<\/a>; <a href=\"https:\/\/pixabay.com\/pt\/\">Imagens<\/a> e <a href=\"https:\/\/vimeo.com\/creativecommons\">V\u00eddeos<\/a>.<\/p>\n\n\n\n<hr class=\"wp-block-separator is-style-wide\"\/>\n\n\n\n<p><strong>Seguran\u00e7a no computador<\/strong><\/p>\n\n\n\n<hr class=\"wp-block-separator is-style-wide\"\/>\n\n\n\n<p><a href=\"https:\/\/www.youtube.com\/watch?v=gq4ezk395r8\">Antiv\u00edrus<\/a> (V\u00eddeo que aborda a quest\u00e3o da atualiza\u00e7\u00e3o do antiv\u00edrus);<\/p>\n\n\n\n<p>Tiras de Banda Desenhada <a href=\"https:\/\/www.seguranet.pt\/sites\/default\/files\/styles\/gallery_styl\/public\/2016-11\/5-virus_informatico.jpg?itok=5ixiMNCF\">(1)<\/a>&nbsp; &nbsp; <a href=\"https:\/\/www.seguranet.pt\/sites\/default\/files\/styles\/gallery_styl\/public\/2016-11\/15-copias_de_seguranca.jpg?itok=C6FKHVqn\">(2)<\/a>&nbsp; &nbsp; <a href=\"https:\/\/www.seguranet.pt\/sites\/default\/files\/styles\/gallery_styl\/public\/2016-11\/13-sair_do_facebook.jpg?itok=WnCTH7YT\">(3)<\/a>.<\/p>\n\n\n\n<hr class=\"wp-block-separator is-style-wide\"\/>\n\n\n\n<p><strong>Desinforma\u00e7\u00e3o<\/strong><\/p>\n\n\n\n<hr class=\"wp-block-separator is-style-wide\"\/>\n\n\n\n<p><a href=\"https:\/\/verdadeoumentira.dge.mec.pt\/\">Verdade ou Mentira<\/a> (Jogo Pedag\u00f3gico sobre desinforma\u00e7\u00e3o);<\/p>\n\n\n\n<p><a href=\"https:\/\/www.seguranet.pt\/pt\/desinformacao\">Desinforma\u00e7\u00e3o SeguraNet<\/a> (Site com alguns v\u00eddeos produzidos por alunos e professores, de diferentes escolas, sobre o tema);<\/p>\n\n\n\n<p><a href=\"https:\/\/www.internetsegura.pt\/sites\/default\/files\/2021-07\/fakenews_0.pdf\">Fake News<\/a> (Brochura sobre o tema).<\/p>\n\n\n\n<hr class=\"wp-block-separator is-style-wide\"\/>\n\n\n\n<p><a href=\"https:\/\/www.internetsegura.pt\/grooming\"><strong>Grooming<\/strong><\/a><\/p>\n\n\n\n<hr class=\"wp-block-separator is-style-wide\"\/>\n\n\n\n<p><a href=\"https:\/\/youtu.be\/S9QNkYjd_cI\"><em>Online Child Grooming<\/em><\/a> (V\u00eddeo que aborda o aliciamento <em>online<\/em> de menores e que foi desenvolvido no \u00e2mbito da campanha \u201cStaying Safe Online&#8221;);<\/p>\n\n\n\n<p><a href=\"https:\/\/youtu.be\/t7RTTG2WFxg\">Cuidado com o Grooming<\/a> (V\u00eddeo que aborda o grooming, com alguns conselhos \u00fateis);<\/p>\n\n\n\n<p><a href=\"https:\/\/www.policiajudiciaria.pt\/wp-content\/uploads\/2019\/06\/portuguese-dont-be-an-easy-catch.mp4\">N\u00e3o sejas uma v\u00edtima f\u00e1cil<\/a> (V\u00eddeo produzido no \u00e2mbito da campanha de sensibiliza\u00e7\u00e3o para o fen\u00f3meno do grooming online (aliciamento de crian\u00e7as e jovens atrav\u00e9s da internet));<\/p>\n\n\n\n<p><a href=\"https:\/\/www.internetsegura.pt\/sites\/default\/files\/2021-06\/gromming_0.pdf\">Grooming<\/a> (Brochura sobre o tema).<\/p>\n\n\n\n<hr class=\"wp-block-separator is-style-wide\"\/>\n\n\n\n<p><strong>Netiqueta<\/strong><\/p>\n\n\n\n<hr class=\"wp-block-separator is-style-wide\"\/>\n\n\n\n<p><a href=\"https:\/\/www.youtube.com\/watch?v=zbeXkKcgnwE\">Netiqueta<\/a> (V\u00eddeo que explora as quest\u00f5es da Netiqueta);<\/p>\n\n\n\n<p>Tiras de Banda Desenhada <a href=\"https:\/\/www.seguranet.pt\/sites\/default\/files\/styles\/gallery_styl\/public\/2016-11\/2-copiar_e_colar.jpg?itok=oyI1U-vi\">(1)<\/a> &nbsp; &nbsp; <a href=\"https:\/\/www.seguranet.pt\/sites\/default\/files\/styles\/gallery_styl\/public\/2018-02\/8_versao_2018.jpg?itok=GcKa7jbQ\">(2)<\/a> &nbsp; &nbsp; <a href=\"https:\/\/www.seguranet.pt\/sites\/default\/files\/styles\/gallery_styl\/public\/2016-11\/14-etiqueta_nos_jogos_online.jpg?itok=b9_BTOd4\">(3)<\/a> &nbsp; &nbsp; <a href=\"https:\/\/www.seguranet.pt\/sites\/default\/files\/styles\/gallery_styl\/public\/2016-11\/25-plagio.jpg?itok=7kZBnTYN\">(4)<\/a><\/p>\n\n\n\n<hr class=\"wp-block-separator is-style-wide\"\/>\n\n\n\n<p><a href=\"https:\/\/www.internetsegura.pt\/Sexting\"><strong>Sexting<\/strong><\/a><strong> e <\/strong><a href=\"https:\/\/www.internetsegura.pt\/Sextortion\"><strong>Sextortion<\/strong><\/a><\/p>\n\n\n\n<hr class=\"wp-block-separator is-style-wide\"\/>\n\n\n\n<p><a href=\"http:\/\/seguranet.pt\/pt\/sexting\">Sexting SeguraNet<\/a> (Site com alguns cartazes e v\u00eddeos produzidos por alunos e professores, de diferentes escolas, sobre o tema);<\/p>\n\n\n\n<p>Tiras de Banda Desenhada <a href=\"https:\/\/www.seguranet.pt\/sites\/default\/files\/styles\/gallery_styl\/public\/2016-11\/24-sexting.jpg?itok=zmJWcLbq\">(1)<\/a> &nbsp; &nbsp; <a href=\"https:\/\/www.seguranet.pt\/sites\/default\/files\/styles\/gallery_styl\/public\/2016-11\/26-sexting_ii.jpg?itok=MVDKkx5e\">(2)<\/a>;<\/p>\n\n\n\n<p><a href=\"https:\/\/www.youtube.com\/watch?v=xuF99-0Yqqw\">Say No<\/a> (V\u00eddeo em Portug\u00eas que faz parte de uma campanha de sensibiliza\u00e7\u00e3o contra Sextortion);<\/p>\n\n\n\n<p><a href=\"https:\/\/www.youtube.com\/watch?v=O28gTvAqvow\">Sextortion<\/a> (V\u00eddeo da GNR sobre Sextortion);<\/p>\n\n\n\n<p><a href=\"https:\/\/www.youtube.com\/watch?v=hY7MSSwMYxk\">O que \u00e9 Sextortion?<\/a> (V\u00eddeo onde se aborda a quest\u00e3o do Sextortion);<\/p>\n\n\n\n<p><a href=\"https:\/\/www.internetsegura.pt\/sites\/default\/files\/2021-05\/Sexting%20e%20Stalking.pdf\">Sexting<\/a> (Brochura sobre o tema).<\/p>\n\n\n\n<hr class=\"wp-block-separator is-style-wide\"\/>\n\n\n\n<p><strong>Pegada Digital<\/strong><\/p>\n\n\n\n<hr class=\"wp-block-separator is-style-wide\"\/>\n\n\n\n<p><a href=\"https:\/\/www.youtube.com\/watch?v=0TdHj9vruwU\">O Vidente do S\u00e9culo XXI<\/a> (V\u00eddeo que aborda a quest\u00e3o da partilha de dados online).<\/p>\n\n\n\n<p><a href=\"https:\/\/www.youtube.com\/watch?v=tivY2k732uE\">O Capuchinho Vermelho nas redes sociais<\/a> (V\u00eddeo que aborda as quest\u00f5es da partilha de dados pessoais nas redes sociais)<\/p>\n\n\n\n<hr class=\"wp-block-separator is-style-wide\"\/>\n\n\n\n<p><strong>Prote\u00e7\u00e3o de dados<\/strong><\/p>\n\n\n\n<hr class=\"wp-block-separator is-style-wide\"\/>\n\n\n\n<p><a href=\"https:\/\/www.youtube.com\/watch?v=jwV8SmYWHmQ\">A sua senha \u00e9 a sua identidade<\/a> (V\u00eddeo que aborda a quest\u00e3o da seguran\u00e7a das senhas pessoais);<\/p>\n\n\n\n<p><a href=\"https:\/\/www.seguranet.pt\/pt\/protecao-de-dados\">Prote\u00e7\u00e3o de dados SeguraNet<\/a> (Site com alguns jogos e v\u00eddeos produzidos por alunos e professores, de diferentes escolas, sobre o tema).<\/p>\n","protected":false},"excerpt":{"rendered":"<p>Lista de recursos para os grupos, sobre diferentes tem\u00e1ticas: Para todos os grupos Site de apoio ao Projeto SeguraNet (Projeto que tem como objetivo promover a navega\u00e7\u00e3o segura, cr\u00edtica e esclarecida da Internet) Recursos do Centro Internet Segura (Recursos do Centro Internet Segura, que podem ser utilizados para a aprendizagem pessoal, mas tamb\u00e9m para sensibilizar [&hellip;]<\/p>\n","protected":false},"author":1,"featured_media":0,"parent":0,"menu_order":0,"comment_status":"closed","ping_status":"open","template":"","meta":[],"_links":{"self":[{"href":"https:\/\/projetos.ese.ips.pt\/icnv\/index.php\/wp-json\/wp\/v2\/pages\/2"}],"collection":[{"href":"https:\/\/projetos.ese.ips.pt\/icnv\/index.php\/wp-json\/wp\/v2\/pages"}],"about":[{"href":"https:\/\/projetos.ese.ips.pt\/icnv\/index.php\/wp-json\/wp\/v2\/types\/page"}],"author":[{"embeddable":true,"href":"https:\/\/projetos.ese.ips.pt\/icnv\/index.php\/wp-json\/wp\/v2\/users\/1"}],"replies":[{"embeddable":true,"href":"https:\/\/projetos.ese.ips.pt\/icnv\/index.php\/wp-json\/wp\/v2\/comments?post=2"}],"version-history":[{"count":4,"href":"https:\/\/projetos.ese.ips.pt\/icnv\/index.php\/wp-json\/wp\/v2\/pages\/2\/revisions"}],"predecessor-version":[{"id":45,"href":"https:\/\/projetos.ese.ips.pt\/icnv\/index.php\/wp-json\/wp\/v2\/pages\/2\/revisions\/45"}],"wp:attachment":[{"href":"https:\/\/projetos.ese.ips.pt\/icnv\/index.php\/wp-json\/wp\/v2\/media?parent=2"}],"curies":[{"name":"wp","href":"https:\/\/api.w.org\/{rel}","templated":true}]}}