{"id":59,"date":"2021-12-14T12:21:14","date_gmt":"2021-12-14T12:21:14","guid":{"rendered":"http:\/\/projetos.ese.ips.pt\/icnv\/?page_id=59"},"modified":"2021-12-16T18:02:13","modified_gmt":"2021-12-16T18:02:13","slug":"intervenientes","status":"publish","type":"page","link":"https:\/\/projetos.ese.ips.pt\/icnv\/index.php\/intervenientes\/","title":{"rendered":"Intervenientes"},"content":{"rendered":"\n<h2>Maria Jos\u00e9 Loureiro<\/h2>\n\n\n\n<div class=\"wp-block-image is-style-rounded\"><figure class=\"alignleft size-full is-resized\"><img loading=\"lazy\" src=\"http:\/\/projetos.ese.ips.pt\/icnv\/wp-content\/uploads\/2021\/12\/ze_loureiro-2-edited.jpeg\" alt=\"\" class=\"wp-image-79\" width=\"300\" height=\"300\" srcset=\"https:\/\/projetos.ese.ips.pt\/icnv\/wp-content\/uploads\/2021\/12\/ze_loureiro-2-edited.jpeg 549w, https:\/\/projetos.ese.ips.pt\/icnv\/wp-content\/uploads\/2021\/12\/ze_loureiro-2-edited-300x300.jpeg 300w, https:\/\/projetos.ese.ips.pt\/icnv\/wp-content\/uploads\/2021\/12\/ze_loureiro-2-edited-150x150.jpeg 150w\" sizes=\"(max-width: 300px) 100vw, 300px\" \/><\/figure><\/div>\n\n\n\n<p>A professora Maria Jos\u00e9 Loureiro \u00e9 Licenciada em Ensino de Franc\u00eas\/Portugu\u00eas. \u00c9 mestre em Ci\u00eancias da Educa\u00e7\u00e3o, especialidade de Tecnologia Educativa e doutorada em Did\u00e1tica do e-learning. Para al\u00e9m de ter lecionado as disciplinas de franc\u00eas e Portugu\u00eas durante cerca de 20 anos nos ensinos b\u00e1sico e secund\u00e1rio exerceu fun\u00e7\u00f5es de orientadora de franc\u00eas nos est\u00e1gios integrados nas universidades de Aveiro e de Coimbra. \u00c9 formadora de professores e de formadores na \u00e1rea das TIC e integra grupos de investiga\u00e7\u00e3o nacionais e internacionais neste dom\u00ednio. Faz parte da comiss\u00e3o de refer\u00eancia de revistas da especialidade e de comiss\u00f5es cient\u00edficas de congressos nacionais e internacionais. \u00c9 presidente do Comit\u00e9 Executivo do \u201cInternational Council of Educational Media\u201d (ICEM). Atualmente desempenha fun\u00e7\u00f5es de professora destacada no Centro de Compet\u00eancia TIC da Equipa de Recursos e Tecnologias Educativas da Dire\u00e7\u00e3o Geral de Educa\u00e7\u00e3o (ERTE\/DGE) na Universidade de Aveiro.<\/p>\n\n\n\n<hr class=\"wp-block-separator is-style-wide\"\/>\n\n\n\n<h2>Jo\u00e3o Torres<\/h2>\n\n\n\n<div class=\"wp-block-image is-style-rounded\"><figure class=\"alignleft size-large is-resized\"><img loading=\"lazy\" src=\"http:\/\/projetos.ese.ips.pt\/icnv\/wp-content\/uploads\/2021\/12\/joao_torres-1024x1024.jpg\" alt=\"\" class=\"wp-image-81\" width=\"300\" height=\"300\" srcset=\"https:\/\/projetos.ese.ips.pt\/icnv\/wp-content\/uploads\/2021\/12\/joao_torres-1024x1024.jpg 1024w, https:\/\/projetos.ese.ips.pt\/icnv\/wp-content\/uploads\/2021\/12\/joao_torres-300x300.jpg 300w, https:\/\/projetos.ese.ips.pt\/icnv\/wp-content\/uploads\/2021\/12\/joao_torres-150x150.jpg 150w, https:\/\/projetos.ese.ips.pt\/icnv\/wp-content\/uploads\/2021\/12\/joao_torres-768x768.jpg 768w, https:\/\/projetos.ese.ips.pt\/icnv\/wp-content\/uploads\/2021\/12\/joao_torres-676x676.jpg 676w, https:\/\/projetos.ese.ips.pt\/icnv\/wp-content\/uploads\/2021\/12\/joao_torres.jpg 1284w\" sizes=\"(max-width: 300px) 100vw, 300px\" \/><\/figure><\/div>\n\n\n\n<p>O professor Jo\u00e3o Torres \u00e9 licenciado em Matem\u00e1tica e tem um mestrado em Educa\u00e7\u00e3o, na especialidade de did\u00e1tica dessa disciplina. Est\u00e1 ligado ao uso educativo das Tecnologias da Informa\u00e7\u00e3o e Comunica\u00e7\u00e3o desde 1998. Trabalha atualmente  no  Centro de Compet\u00eancias TIC da Escola Superior de Educa\u00e7\u00e3o do Instituto Polit\u00e9cnico de Set\u00fabal. Tem estado ligado, nos \u00faltimos anos, sobretudo \u00e0 utiliza\u00e7\u00e3o educativa de linguagens de programa\u00e7\u00e3o e rob\u00f3tica e ainda com a promo\u00e7\u00e3o da Literacia Digital.<\/p>\n\n\n\n<hr class=\"wp-block-separator is-style-wide\"\/>\n\n\n\n<h2>Susana Senos<\/h2>\n\n\n\n<div class=\"wp-block-image is-style-rounded\"><figure class=\"alignleft size-large is-resized\"><img loading=\"lazy\" src=\"http:\/\/projetos.ese.ips.pt\/icnv\/wp-content\/uploads\/2021\/12\/susana-1-edited.jpeg\" alt=\"\" class=\"wp-image-72\" width=\"300\" height=\"300\" srcset=\"https:\/\/projetos.ese.ips.pt\/icnv\/wp-content\/uploads\/2021\/12\/susana-1-edited.jpeg 1028w, https:\/\/projetos.ese.ips.pt\/icnv\/wp-content\/uploads\/2021\/12\/susana-1-edited-300x300.jpeg 300w, https:\/\/projetos.ese.ips.pt\/icnv\/wp-content\/uploads\/2021\/12\/susana-1-edited-1024x1024.jpeg 1024w, https:\/\/projetos.ese.ips.pt\/icnv\/wp-content\/uploads\/2021\/12\/susana-1-edited-150x150.jpeg 150w, https:\/\/projetos.ese.ips.pt\/icnv\/wp-content\/uploads\/2021\/12\/susana-1-edited-768x768.jpeg 768w, https:\/\/projetos.ese.ips.pt\/icnv\/wp-content\/uploads\/2021\/12\/susana-1-edited-676x676.jpeg 676w\" sizes=\"(max-width: 300px) 100vw, 300px\" \/><\/figure><\/div>\n\n\n\n<p>A professora Susana Senos \u00e9 Licenciada em Ingl\u00eas e Alem\u00e3o, Mestre em Did\u00e1tica e possui, tamb\u00e9m uma P\u00f3s-gradua\u00e7\u00e3o em Educa\u00e7\u00e3o Especial (dom\u00ednio Cognitivo e Motor). Desde 2015 que colabora com o Centro de Compet\u00eancia TIC da Universidade de Aveiro, estando desde 2019 a desempenhar fun\u00e7\u00f5es neste Centro, em regime de mobilidade parcial. A \u00e1rea das tecnologias digitais tem assumido um papel importante na sua \u00e1rea de atua\u00e7\u00e3o e a docente tem vindo a integrar v\u00e1rios projetos neste dom\u00ednio. Encontra-se atualmente a frequentar o Mestrado em Educa\u00e7\u00e3o e Tecnologias Digitais, no IE da Universidade de Lisboa.<\/p>\n\n\n\n<hr class=\"wp-block-separator is-style-wide\"\/>\n\n\n\n<h2>Jo\u00e3o Gr\u00e1cio<\/h2>\n\n\n\n<div class=\"wp-block-image is-style-rounded\"><figure class=\"alignleft size-full is-resized\"><img loading=\"lazy\" src=\"http:\/\/projetos.ese.ips.pt\/icnv\/wp-content\/uploads\/2021\/12\/foto_joao_gracio-edited.png\" alt=\"\" class=\"wp-image-68\" width=\"300\" height=\"300\" srcset=\"https:\/\/projetos.ese.ips.pt\/icnv\/wp-content\/uploads\/2021\/12\/foto_joao_gracio-edited.png 892w, https:\/\/projetos.ese.ips.pt\/icnv\/wp-content\/uploads\/2021\/12\/foto_joao_gracio-edited-300x300.png 300w, https:\/\/projetos.ese.ips.pt\/icnv\/wp-content\/uploads\/2021\/12\/foto_joao_gracio-edited-150x150.png 150w, https:\/\/projetos.ese.ips.pt\/icnv\/wp-content\/uploads\/2021\/12\/foto_joao_gracio-edited-768x768.png 768w, https:\/\/projetos.ese.ips.pt\/icnv\/wp-content\/uploads\/2021\/12\/foto_joao_gracio-edited-676x676.png 676w\" sizes=\"(max-width: 300px) 100vw, 300px\" \/><\/figure><\/div>\n\n\n\n<p>O professor Jo\u00e3o Gr\u00e1cio \u00e9 licenciado em Portugu\u00eas e Ingl\u00eas mas tem vindo a realizar o seu percurso profissional no 1.\u00ba ciclo do Ensino B\u00e1sico. Atualmente, trabalha no Centro de Compet\u00eancia TIC da ESE\/IPS. Tem vindo a desenvolver v\u00e1rios projetos, ao n\u00edvel da utiliza\u00e7\u00e3o das Tecnologias Digitais, em contexto educativo, no 1.\u00ba ciclo do ensino b\u00e1sico.  Encontra-se atualmente a frequentar o Mestrado em Educa\u00e7\u00e3o e Tecnologias Digitais, no IE da Universidade de Lisboa.  <\/p>\n\n\n\n<p><\/p>\n\n\n\n<hr class=\"wp-block-separator is-style-wide\"\/>\n\n\n\n<h2>L\u00eddia Mar\u00f4po<\/h2>\n\n\n\n<div class=\"wp-block-image is-style-rounded\"><figure class=\"alignleft size-large is-resized\"><img loading=\"lazy\" src=\"http:\/\/projetos.ese.ips.pt\/icnv\/wp-content\/uploads\/2021\/12\/lidia-edited-1.png\" alt=\"\" class=\"wp-image-76\" width=\"300\" height=\"300\" srcset=\"https:\/\/projetos.ese.ips.pt\/icnv\/wp-content\/uploads\/2021\/12\/lidia-edited-1.png 1169w, https:\/\/projetos.ese.ips.pt\/icnv\/wp-content\/uploads\/2021\/12\/lidia-edited-1-300x300.png 300w, https:\/\/projetos.ese.ips.pt\/icnv\/wp-content\/uploads\/2021\/12\/lidia-edited-1-1024x1024.png 1024w, https:\/\/projetos.ese.ips.pt\/icnv\/wp-content\/uploads\/2021\/12\/lidia-edited-1-150x150.png 150w, https:\/\/projetos.ese.ips.pt\/icnv\/wp-content\/uploads\/2021\/12\/lidia-edited-1-768x767.png 768w, https:\/\/projetos.ese.ips.pt\/icnv\/wp-content\/uploads\/2021\/12\/lidia-edited-1-676x675.png 676w\" sizes=\"(max-width: 300px) 100vw, 300px\" \/><\/figure><\/div>\n\n\n\n<p>Lidia Mar\u00f4po \u00e9 professora adjunta&nbsp;no Instituto Polit\u00e9cnico de Set\u00fabal e investigadora integrada no CICS.NOVA. \u00c9 doutorada em Ci\u00eancias da Comunica\u00e7\u00e3o pela Universidade NOVA de Lisboa (2010), onde tamb\u00e9m concluiu investiga\u00e7\u00e3o de p\u00f3s-doutoramento (2011-2012), ambos com bolsas individuais da FCT. Sua investiga\u00e7\u00e3o aborda principalmente a rela\u00e7\u00e3o entre crian\u00e7as, jovens e os media, com foco especial nas culturas digitais infanto-juvenis nos \u00faltimos anos. Participa de projetos e redes internacionais como o COST Action Transforming Audiences Transforming Societies e o ySKILLS e coordenou o projeto Compet\u00eancias de Informa\u00e7\u00e3o para Jovens da Era Digital (CIJED), financiado pelo IPS. Tem publicado tanto nacional quanto internacionalmente em peri\u00f3dicos como o Journal of Children and Media e Communication &amp; Society e em editoras como Palgrave e Routledge.<\/p>\n\n\n\n<hr class=\"wp-block-separator is-style-wide\"\/>\n\n\n\n<h2>Eduarda Ferreira<\/h2>\n\n\n\n<div class=\"wp-block-image is-style-rounded\"><figure class=\"alignleft size-full is-resized\"><img loading=\"lazy\" src=\"http:\/\/projetos.ese.ips.pt\/icnv\/wp-content\/uploads\/2021\/12\/eduarda-edited.png\" alt=\"\" class=\"wp-image-88\" width=\"300\" height=\"300\" srcset=\"https:\/\/projetos.ese.ips.pt\/icnv\/wp-content\/uploads\/2021\/12\/eduarda-edited.png 169w, https:\/\/projetos.ese.ips.pt\/icnv\/wp-content\/uploads\/2021\/12\/eduarda-edited-150x150.png 150w\" sizes=\"(max-width: 300px) 100vw, 300px\" \/><\/figure><\/div>\n\n\n\n<p>Eduarda Ferreira \u00e9 psic\u00f3loga educacional e investigadora do CICS.NOVA &#8211; Centro Interdisciplinar de Ci\u00eancias Sociais, na FCSH \/ NOVA, Portugal. Com forma\u00e7\u00e3o em Psicologia Educacional, mestrado em Sistemas de Gest\u00e3o de e-Learning e PhD em Geografia Social e Cultural, os seus interesses de investiga\u00e7\u00e3o s\u00e3o: TIC na educa\u00e7\u00e3o, inclus\u00e3o digital, web geoespacial, igualdade de g\u00e9nero e sexualidades. Desenvolveu um projeto de investiga\u00e7\u00e3o de p\u00f3s-doc sobre &#8220;Gender@ICT: gaps, co-production and equity&#8221;. Participou nas equipas de investiga\u00e7\u00e3o <a href=\"https:\/\/netchildrengomobile.wordpress.com\/\">Net Children Go Mobile<\/a> e <a href=\"http:\/\/www.fcsh.unl.pt\/eukidsonline\/\">EU Kids Online Portugal<\/a>. Publicou e apresentou comunica\u00e7\u00f5es sobre tecnologias digitais, g\u00e9nero e sexualidades.<\/p>\n","protected":false},"excerpt":{"rendered":"<p>Maria Jos\u00e9 Loureiro A professora Maria Jos\u00e9 Loureiro \u00e9 Licenciada em Ensino de Franc\u00eas\/Portugu\u00eas. \u00c9 mestre em Ci\u00eancias da Educa\u00e7\u00e3o, especialidade de Tecnologia Educativa e doutorada em Did\u00e1tica do e-learning. Para al\u00e9m de ter lecionado as disciplinas de franc\u00eas e Portugu\u00eas durante cerca de 20 anos nos ensinos b\u00e1sico e secund\u00e1rio exerceu fun\u00e7\u00f5es de orientadora [&hellip;]<\/p>\n","protected":false},"author":2,"featured_media":0,"parent":0,"menu_order":0,"comment_status":"closed","ping_status":"closed","template":"","meta":[],"_links":{"self":[{"href":"https:\/\/projetos.ese.ips.pt\/icnv\/index.php\/wp-json\/wp\/v2\/pages\/59"}],"collection":[{"href":"https:\/\/projetos.ese.ips.pt\/icnv\/index.php\/wp-json\/wp\/v2\/pages"}],"about":[{"href":"https:\/\/projetos.ese.ips.pt\/icnv\/index.php\/wp-json\/wp\/v2\/types\/page"}],"author":[{"embeddable":true,"href":"https:\/\/projetos.ese.ips.pt\/icnv\/index.php\/wp-json\/wp\/v2\/users\/2"}],"replies":[{"embeddable":true,"href":"https:\/\/projetos.ese.ips.pt\/icnv\/index.php\/wp-json\/wp\/v2\/comments?post=59"}],"version-history":[{"count":10,"href":"https:\/\/projetos.ese.ips.pt\/icnv\/index.php\/wp-json\/wp\/v2\/pages\/59\/revisions"}],"predecessor-version":[{"id":92,"href":"https:\/\/projetos.ese.ips.pt\/icnv\/index.php\/wp-json\/wp\/v2\/pages\/59\/revisions\/92"}],"wp:attachment":[{"href":"https:\/\/projetos.ese.ips.pt\/icnv\/index.php\/wp-json\/wp\/v2\/media?parent=59"}],"curies":[{"name":"wp","href":"https:\/\/api.w.org\/{rel}","templated":true}]}}