{"id":10,"date":"2023-04-04T10:38:04","date_gmt":"2023-04-04T10:38:04","guid":{"rendered":"https:\/\/projetos.ese.ips.pt\/pcm\/gr2\/projeto\/?page_id=10"},"modified":"2023-04-22T22:51:34","modified_gmt":"2023-04-22T22:51:34","slug":"contactar","status":"publish","type":"page","link":"https:\/\/projetos.ese.ips.pt\/pcm\/gr2\/projeto\/index.php\/contactar\/","title":{"rendered":"CONTACTOS"},"content":{"rendered":"\n<div class=\"wp-block-columns is-layout-flex wp-container-6\">\n<div class=\"wp-block-column is-layout-flow\">\n<figure class=\"wp-block-image size-large is-resized\"><img decoding=\"async\" loading=\"lazy\" src=\"https:\/\/projetos.ese.ips.pt\/pcm\/gr2\/projeto\/wp-content\/uploads\/2023\/04\/pexels-koolshooters-7143201-683x1024.jpg\" alt=\"\" class=\"wp-image-68\" width=\"581\" height=\"870\" srcset=\"https:\/\/projetos.ese.ips.pt\/pcm\/gr2\/projeto\/wp-content\/uploads\/2023\/04\/pexels-koolshooters-7143201-683x1024.jpg 683w, https:\/\/projetos.ese.ips.pt\/pcm\/gr2\/projeto\/wp-content\/uploads\/2023\/04\/pexels-koolshooters-7143201-200x300.jpg 200w, https:\/\/projetos.ese.ips.pt\/pcm\/gr2\/projeto\/wp-content\/uploads\/2023\/04\/pexels-koolshooters-7143201-scaled.jpg 1707w\" sizes=\"(max-width: 581px) 100vw, 581px\" \/><\/figure>\n<\/div>\n\n\n\n<div class=\"wp-block-column has-tertiary-background-color has-background is-content-justification-center is-layout-constrained\">\n<div style=\"height:100px\" aria-hidden=\"true\" class=\"wp-block-spacer\"><\/div>\n\n\n\n<div class=\"wp-block-group alignfull has-tertiary-background-color has-text-color has-background is-layout-constrained wp-container-3\" style=\"color:#000000\">\n<p>    <\/p>\n\n\n\n<div style=\"height:64px\" aria-hidden=\"true\" class=\"wp-block-spacer\"><\/div>\n\n\n\n<p class=\"has-text-align-center\"><em>Hello!<\/em><\/p>\n\n\n\n<h1 class=\"wp-block-heading has-text-align-center\" id=\"schedule-a-visit\" style=\"font-size:35px;line-height:1.15\"><strong>QUERO AGENDAR<\/strong><\/h1>\n\n\n\n<div class=\"wp-block-buttons is-horizontal is-content-justification-center is-layout-flex wp-container-2\">\n<div class=\"wp-block-button has-custom-width wp-block-button__width-100\"><a class=\"wp-block-button__link has-foreground-background-color has-text-color has-background wp-element-button\" style=\"border-radius:50px;color:#000000\">Clica Aqui<\/a><\/div>\n<\/div>\n<\/div>\n\n\n\n<div style=\"height:100px\" aria-hidden=\"true\" class=\"wp-block-spacer\"><\/div>\n\n\n\n<div class=\"wp-block-group is-layout-constrained\">\n<p class=\"has-text-align-center has-small-font-size\"><strong>Rua das Flores 35, 1\u00ba DTO<\/strong><\/p>\n\n\n\n<p class=\"has-text-align-center has-small-font-size\"><strong>2695-833 LISBOA<\/strong><\/p>\n\n\n\n<figure class=\"wp-block-image aligncenter size-full is-resized\"><img decoding=\"async\" loading=\"lazy\" src=\"https:\/\/projetos.ese.ips.pt\/pcm\/gr2\/projeto\/wp-content\/uploads\/2023\/04\/image.png\" alt=\"\" class=\"wp-image-59\" width=\"21\" height=\"21\" srcset=\"https:\/\/projetos.ese.ips.pt\/pcm\/gr2\/projeto\/wp-content\/uploads\/2023\/04\/image.png 512w, https:\/\/projetos.ese.ips.pt\/pcm\/gr2\/projeto\/wp-content\/uploads\/2023\/04\/image-300x300.png 300w, https:\/\/projetos.ese.ips.pt\/pcm\/gr2\/projeto\/wp-content\/uploads\/2023\/04\/image-150x150.png 150w\" sizes=\"(max-width: 21px) 100vw, 21px\" \/><\/figure>\n\n\n\n<p class=\"has-text-align-center has-small-font-size\"><strong>GlossBoss@agenda.pt<\/strong><\/p>\n\n\n\n<figure class=\"wp-block-image aligncenter is-resized\"><img decoding=\"async\" loading=\"lazy\" src=\"https:\/\/cdn-icons-png.flaticon.com\/512\/15\/15874.png\" alt=\"\" width=\"26\" height=\"26\" title=\"\"\/><\/figure>\n\n\n\n<p class=\"has-text-align-center has-small-font-size\"><strong>+351 967854362<\/strong><\/p>\n\n\n\n<p class=\"has-text-align-center has-small-font-size\"><strong>+351 212458873<\/strong><\/p>\n<\/div>\n<\/div>\n<\/div>\n\n\n\n<p class=\"has-small-font-size\"><\/p>\n\n\n\n<h2 class=\"wp-block-heading\">Fale com a Administra\u00e7\u00e3o da equipa glossboss<\/h2>\n\n\n\n<p><strong>Andreia Carvalho C\u00e2ndido:<\/strong> andreia.candido@estudantes.ips.pt<\/p>\n\n\n\n<p><strong>Gabriela Coelho:<\/strong> gabriela.coelho@estudantes.ips.pt<\/p>\n\n\n\n<p><strong>In\u00eas Campos Costa:<\/strong> ines.costa@estudantes.ips.pt<\/p>\n\n\n\n<p><strong>Lorrana Peixoto:<\/strong> lorrana.santos@estudantes.ips.pt<\/p>\n\n\n\n<p><\/p>\n","protected":false},"excerpt":{"rendered":"<p>Hello! QUERO AGENDAR Rua das Flores 35, 1\u00ba DTO 2695-833 LISBOA GlossBoss@agenda.pt +351 967854362 +351 212458873 Fale com a Administra\u00e7\u00e3o da equipa glossboss Andreia Carvalho C\u00e2ndido: andreia.candido@estudantes.ips.pt Gabriela Coelho: gabriela.coelho@estudantes.ips.pt In\u00eas Campos Costa: ines.costa@estudantes.ips.pt Lorrana Peixoto: lorrana.santos@estudantes.ips.pt<\/p>\n","protected":false},"author":2,"featured_media":0,"parent":0,"menu_order":0,"comment_status":"open","ping_status":"closed","template":"","meta":[],"_links":{"self":[{"href":"https:\/\/projetos.ese.ips.pt\/pcm\/gr2\/projeto\/index.php\/wp-json\/wp\/v2\/pages\/10"}],"collection":[{"href":"https:\/\/projetos.ese.ips.pt\/pcm\/gr2\/projeto\/index.php\/wp-json\/wp\/v2\/pages"}],"about":[{"href":"https:\/\/projetos.ese.ips.pt\/pcm\/gr2\/projeto\/index.php\/wp-json\/wp\/v2\/types\/page"}],"author":[{"embeddable":true,"href":"https:\/\/projetos.ese.ips.pt\/pcm\/gr2\/projeto\/index.php\/wp-json\/wp\/v2\/users\/2"}],"replies":[{"embeddable":true,"href":"https:\/\/projetos.ese.ips.pt\/pcm\/gr2\/projeto\/index.php\/wp-json\/wp\/v2\/comments?post=10"}],"version-history":[{"count":15,"href":"https:\/\/projetos.ese.ips.pt\/pcm\/gr2\/projeto\/index.php\/wp-json\/wp\/v2\/pages\/10\/revisions"}],"predecessor-version":[{"id":373,"href":"https:\/\/projetos.ese.ips.pt\/pcm\/gr2\/projeto\/index.php\/wp-json\/wp\/v2\/pages\/10\/revisions\/373"}],"wp:attachment":[{"href":"https:\/\/projetos.ese.ips.pt\/pcm\/gr2\/projeto\/index.php\/wp-json\/wp\/v2\/media?parent=10"}],"curies":[{"name":"wp","href":"https:\/\/api.w.org\/{rel}","templated":true}]}}