{"id":15,"date":"2023-04-04T10:40:54","date_gmt":"2023-04-04T10:40:54","guid":{"rendered":"https:\/\/projetos.ese.ips.pt\/pcm\/gr2\/projeto\/?page_id=15"},"modified":"2023-04-17T19:39:22","modified_gmt":"2023-04-17T19:39:22","slug":"portfolio","status":"publish","type":"page","link":"https:\/\/projetos.ese.ips.pt\/pcm\/gr2\/projeto\/index.php\/portfolio\/","title":{"rendered":"PORTF\u00d3LIO"},"content":{"rendered":"\n<p>Destaques do m\u00eas de Abril 2023<\/p>\n\n\n\n<p class=\"has-black-color has-text-color\">Apresentamos-lhe uma sele\u00e7\u00e3o impressionante de alguns dos trabalhos realizados pelos nossos profissionais.<\/p>\n\n\n\n<p class=\"has-black-color has-text-color\">O cuidado com a individualidade de cada cliente \u00e9 uma das nossas prioridades.<\/p>\n\n\n\n<p class=\"has-black-color has-text-color\">A vasta experi\u00eancia dos nossos profissionais de maquilhagem e cabelos \u00e9 revelada nos trabalhos de qualidade, nas t\u00e9cnicas utilizadas e nos produtos de qualidade utilizados.<\/p>\n\n\n\n<div style=\"height:60px\" aria-hidden=\"true\" class=\"wp-block-spacer\"><\/div>\n\n\n\n<figure class=\"wp-block-gallery has-nested-images columns-3 is-cropped wp-block-gallery-1 is-layout-flex\">\n<figure class=\"wp-block-image size-large has-custom-border\"><img decoding=\"async\" loading=\"lazy\" width=\"684\" height=\"1024\" data-id=\"115\"  src=\"https:\/\/projetos.ese.ips.pt\/pcm\/gr2\/projeto\/wp-content\/uploads\/2023\/04\/pexels-adrienne-andersen-2661256-684x1024.jpg\" alt=\"\" class=\"wp-image-115\" style=\"border-width:3px\" srcset=\"https:\/\/projetos.ese.ips.pt\/pcm\/gr2\/projeto\/wp-content\/uploads\/2023\/04\/pexels-adrienne-andersen-2661256-684x1024.jpg 684w, https:\/\/projetos.ese.ips.pt\/pcm\/gr2\/projeto\/wp-content\/uploads\/2023\/04\/pexels-adrienne-andersen-2661256-200x300.jpg 200w, https:\/\/projetos.ese.ips.pt\/pcm\/gr2\/projeto\/wp-content\/uploads\/2023\/04\/pexels-adrienne-andersen-2661256-768x1150.jpg 768w, https:\/\/projetos.ese.ips.pt\/pcm\/gr2\/projeto\/wp-content\/uploads\/2023\/04\/pexels-adrienne-andersen-2661256-1025x1536.jpg 1025w, https:\/\/projetos.ese.ips.pt\/pcm\/gr2\/projeto\/wp-content\/uploads\/2023\/04\/pexels-adrienne-andersen-2661256-1367x2048.jpg 1367w, https:\/\/projetos.ese.ips.pt\/pcm\/gr2\/projeto\/wp-content\/uploads\/2023\/04\/pexels-adrienne-andersen-2661256-scaled.jpg 1709w\" sizes=\"(max-width: 684px) 100vw, 684px\" \/><\/figure>\n\n\n\n<figure class=\"wp-block-image size-large has-custom-border\"><img decoding=\"async\" loading=\"lazy\" width=\"683\" height=\"1024\" data-id=\"114\"  src=\"https:\/\/projetos.ese.ips.pt\/pcm\/gr2\/projeto\/wp-content\/uploads\/2023\/04\/pexels-alena-darmel-8989961-683x1024.jpg\" alt=\"\" class=\"wp-image-114\" style=\"border-width:3px\" srcset=\"https:\/\/projetos.ese.ips.pt\/pcm\/gr2\/projeto\/wp-content\/uploads\/2023\/04\/pexels-alena-darmel-8989961-683x1024.jpg 683w, https:\/\/projetos.ese.ips.pt\/pcm\/gr2\/projeto\/wp-content\/uploads\/2023\/04\/pexels-alena-darmel-8989961-200x300.jpg 200w, https:\/\/projetos.ese.ips.pt\/pcm\/gr2\/projeto\/wp-content\/uploads\/2023\/04\/pexels-alena-darmel-8989961-768x1152.jpg 768w, https:\/\/projetos.ese.ips.pt\/pcm\/gr2\/projeto\/wp-content\/uploads\/2023\/04\/pexels-alena-darmel-8989961-1024x1536.jpg 1024w, https:\/\/projetos.ese.ips.pt\/pcm\/gr2\/projeto\/wp-content\/uploads\/2023\/04\/pexels-alena-darmel-8989961-1365x2048.jpg 1365w, https:\/\/projetos.ese.ips.pt\/pcm\/gr2\/projeto\/wp-content\/uploads\/2023\/04\/pexels-alena-darmel-8989961-scaled.jpg 1707w\" sizes=\"(max-width: 683px) 100vw, 683px\" \/><\/figure>\n\n\n\n<figure class=\"wp-block-image size-large has-custom-border\"><img decoding=\"async\" loading=\"lazy\" width=\"683\" height=\"1024\" data-id=\"113\"  src=\"https:\/\/projetos.ese.ips.pt\/pcm\/gr2\/projeto\/wp-content\/uploads\/2023\/04\/pexels-alena-darmel-8990725-683x1024.jpg\" alt=\"\" class=\"wp-image-113\" style=\"border-width:3px\" srcset=\"https:\/\/projetos.ese.ips.pt\/pcm\/gr2\/projeto\/wp-content\/uploads\/2023\/04\/pexels-alena-darmel-8990725-683x1024.jpg 683w, https:\/\/projetos.ese.ips.pt\/pcm\/gr2\/projeto\/wp-content\/uploads\/2023\/04\/pexels-alena-darmel-8990725-200x300.jpg 200w, https:\/\/projetos.ese.ips.pt\/pcm\/gr2\/projeto\/wp-content\/uploads\/2023\/04\/pexels-alena-darmel-8990725-768x1152.jpg 768w, https:\/\/projetos.ese.ips.pt\/pcm\/gr2\/projeto\/wp-content\/uploads\/2023\/04\/pexels-alena-darmel-8990725-1024x1536.jpg 1024w, https:\/\/projetos.ese.ips.pt\/pcm\/gr2\/projeto\/wp-content\/uploads\/2023\/04\/pexels-alena-darmel-8990725-1365x2048.jpg 1365w, https:\/\/projetos.ese.ips.pt\/pcm\/gr2\/projeto\/wp-content\/uploads\/2023\/04\/pexels-alena-darmel-8990725-scaled.jpg 1707w\" sizes=\"(max-width: 683px) 100vw, 683px\" \/><\/figure>\n\n\n\n<figure class=\"wp-block-image size-large has-custom-border\"><img decoding=\"async\" loading=\"lazy\" width=\"819\" height=\"1024\" data-id=\"116\"  src=\"https:\/\/projetos.ese.ips.pt\/pcm\/gr2\/projeto\/wp-content\/uploads\/2023\/04\/pexels-amir-seilsepour-3912572-819x1024.jpg\" alt=\"\" class=\"wp-image-116\" style=\"border-width:3px\" srcset=\"https:\/\/projetos.ese.ips.pt\/pcm\/gr2\/projeto\/wp-content\/uploads\/2023\/04\/pexels-amir-seilsepour-3912572-819x1024.jpg 819w, https:\/\/projetos.ese.ips.pt\/pcm\/gr2\/projeto\/wp-content\/uploads\/2023\/04\/pexels-amir-seilsepour-3912572-240x300.jpg 240w, https:\/\/projetos.ese.ips.pt\/pcm\/gr2\/projeto\/wp-content\/uploads\/2023\/04\/pexels-amir-seilsepour-3912572-768x960.jpg 768w, https:\/\/projetos.ese.ips.pt\/pcm\/gr2\/projeto\/wp-content\/uploads\/2023\/04\/pexels-amir-seilsepour-3912572-1229x1536.jpg 1229w, https:\/\/projetos.ese.ips.pt\/pcm\/gr2\/projeto\/wp-content\/uploads\/2023\/04\/pexels-amir-seilsepour-3912572-1638x2048.jpg 1638w, https:\/\/projetos.ese.ips.pt\/pcm\/gr2\/projeto\/wp-content\/uploads\/2023\/04\/pexels-amir-seilsepour-3912572-scaled.jpg 2048w\" sizes=\"(max-width: 819px) 100vw, 819px\" \/><\/figure>\n\n\n\n<figure class=\"wp-block-image size-large has-custom-border\"><img decoding=\"async\" loading=\"lazy\" width=\"683\" height=\"1024\" data-id=\"117\"  src=\"https:\/\/projetos.ese.ips.pt\/pcm\/gr2\/projeto\/wp-content\/uploads\/2023\/04\/pexels-chalo-garcia-3800715-683x1024.jpg\" alt=\"\" class=\"wp-image-117\" style=\"border-width:3px\" srcset=\"https:\/\/projetos.ese.ips.pt\/pcm\/gr2\/projeto\/wp-content\/uploads\/2023\/04\/pexels-chalo-garcia-3800715-683x1024.jpg 683w, https:\/\/projetos.ese.ips.pt\/pcm\/gr2\/projeto\/wp-content\/uploads\/2023\/04\/pexels-chalo-garcia-3800715-200x300.jpg 200w, https:\/\/projetos.ese.ips.pt\/pcm\/gr2\/projeto\/wp-content\/uploads\/2023\/04\/pexels-chalo-garcia-3800715-768x1152.jpg 768w, https:\/\/projetos.ese.ips.pt\/pcm\/gr2\/projeto\/wp-content\/uploads\/2023\/04\/pexels-chalo-garcia-3800715-1024x1536.jpg 1024w, https:\/\/projetos.ese.ips.pt\/pcm\/gr2\/projeto\/wp-content\/uploads\/2023\/04\/pexels-chalo-garcia-3800715-1365x2048.jpg 1365w, https:\/\/projetos.ese.ips.pt\/pcm\/gr2\/projeto\/wp-content\/uploads\/2023\/04\/pexels-chalo-garcia-3800715-scaled.jpg 1707w\" sizes=\"(max-width: 683px) 100vw, 683px\" \/><\/figure>\n\n\n\n<figure class=\"wp-block-image size-large has-custom-border\"><img decoding=\"async\" loading=\"lazy\" width=\"683\" height=\"1024\" data-id=\"118\"  src=\"https:\/\/projetos.ese.ips.pt\/pcm\/gr2\/projeto\/wp-content\/uploads\/2023\/04\/pexels-cottonbro-studio-4813374-683x1024.jpg\" alt=\"\" class=\"wp-image-118\" style=\"border-width:3px\" srcset=\"https:\/\/projetos.ese.ips.pt\/pcm\/gr2\/projeto\/wp-content\/uploads\/2023\/04\/pexels-cottonbro-studio-4813374-683x1024.jpg 683w, https:\/\/projetos.ese.ips.pt\/pcm\/gr2\/projeto\/wp-content\/uploads\/2023\/04\/pexels-cottonbro-studio-4813374-200x300.jpg 200w, https:\/\/projetos.ese.ips.pt\/pcm\/gr2\/projeto\/wp-content\/uploads\/2023\/04\/pexels-cottonbro-studio-4813374-768x1152.jpg 768w, https:\/\/projetos.ese.ips.pt\/pcm\/gr2\/projeto\/wp-content\/uploads\/2023\/04\/pexels-cottonbro-studio-4813374-1024x1536.jpg 1024w, https:\/\/projetos.ese.ips.pt\/pcm\/gr2\/projeto\/wp-content\/uploads\/2023\/04\/pexels-cottonbro-studio-4813374-1365x2048.jpg 1365w, https:\/\/projetos.ese.ips.pt\/pcm\/gr2\/projeto\/wp-content\/uploads\/2023\/04\/pexels-cottonbro-studio-4813374-scaled.jpg 1707w\" sizes=\"(max-width: 683px) 100vw, 683px\" \/><\/figure>\n\n\n\n<figure class=\"wp-block-image size-large has-custom-border\"><img decoding=\"async\" loading=\"lazy\" width=\"683\" height=\"1024\" data-id=\"120\"  src=\"https:\/\/projetos.ese.ips.pt\/pcm\/gr2\/projeto\/wp-content\/uploads\/2023\/04\/pexels-george-milton-6953594-683x1024.jpg\" alt=\"\" class=\"wp-image-120\" style=\"border-width:3px\" srcset=\"https:\/\/projetos.ese.ips.pt\/pcm\/gr2\/projeto\/wp-content\/uploads\/2023\/04\/pexels-george-milton-6953594-683x1024.jpg 683w, https:\/\/projetos.ese.ips.pt\/pcm\/gr2\/projeto\/wp-content\/uploads\/2023\/04\/pexels-george-milton-6953594-200x300.jpg 200w, https:\/\/projetos.ese.ips.pt\/pcm\/gr2\/projeto\/wp-content\/uploads\/2023\/04\/pexels-george-milton-6953594-768x1152.jpg 768w, https:\/\/projetos.ese.ips.pt\/pcm\/gr2\/projeto\/wp-content\/uploads\/2023\/04\/pexels-george-milton-6953594-1024x1536.jpg 1024w, https:\/\/projetos.ese.ips.pt\/pcm\/gr2\/projeto\/wp-content\/uploads\/2023\/04\/pexels-george-milton-6953594-1365x2048.jpg 1365w, https:\/\/projetos.ese.ips.pt\/pcm\/gr2\/projeto\/wp-content\/uploads\/2023\/04\/pexels-george-milton-6953594-scaled.jpg 1707w\" sizes=\"(max-width: 683px) 100vw, 683px\" \/><\/figure>\n\n\n\n<figure class=\"wp-block-image size-large has-custom-border\"><img decoding=\"async\" loading=\"lazy\" width=\"1024\" height=\"683\" data-id=\"121\"  src=\"https:\/\/projetos.ese.ips.pt\/pcm\/gr2\/projeto\/wp-content\/uploads\/2023\/04\/pexels-karolina-grabowska-7588617-1024x683.jpg\" alt=\"\" class=\"wp-image-121\" style=\"border-width:3px\" srcset=\"https:\/\/projetos.ese.ips.pt\/pcm\/gr2\/projeto\/wp-content\/uploads\/2023\/04\/pexels-karolina-grabowska-7588617-1024x683.jpg 1024w, https:\/\/projetos.ese.ips.pt\/pcm\/gr2\/projeto\/wp-content\/uploads\/2023\/04\/pexels-karolina-grabowska-7588617-300x200.jpg 300w, https:\/\/projetos.ese.ips.pt\/pcm\/gr2\/projeto\/wp-content\/uploads\/2023\/04\/pexels-karolina-grabowska-7588617-768x512.jpg 768w, https:\/\/projetos.ese.ips.pt\/pcm\/gr2\/projeto\/wp-content\/uploads\/2023\/04\/pexels-karolina-grabowska-7588617-1536x1024.jpg 1536w, https:\/\/projetos.ese.ips.pt\/pcm\/gr2\/projeto\/wp-content\/uploads\/2023\/04\/pexels-karolina-grabowska-7588617-2048x1365.jpg 2048w\" sizes=\"(max-width: 1024px) 100vw, 1024px\" \/><\/figure>\n\n\n\n<figure class=\"wp-block-image size-large has-custom-border\"><img decoding=\"async\" loading=\"lazy\" width=\"683\" height=\"1024\" data-id=\"122\"  src=\"https:\/\/projetos.ese.ips.pt\/pcm\/gr2\/projeto\/wp-content\/uploads\/2023\/04\/pexels-madison-inouye-2761930-683x1024.jpg\" alt=\"\" class=\"wp-image-122\" style=\"border-width:3px\" srcset=\"https:\/\/projetos.ese.ips.pt\/pcm\/gr2\/projeto\/wp-content\/uploads\/2023\/04\/pexels-madison-inouye-2761930-683x1024.jpg 683w, https:\/\/projetos.ese.ips.pt\/pcm\/gr2\/projeto\/wp-content\/uploads\/2023\/04\/pexels-madison-inouye-2761930-200x300.jpg 200w, https:\/\/projetos.ese.ips.pt\/pcm\/gr2\/projeto\/wp-content\/uploads\/2023\/04\/pexels-madison-inouye-2761930-768x1152.jpg 768w, https:\/\/projetos.ese.ips.pt\/pcm\/gr2\/projeto\/wp-content\/uploads\/2023\/04\/pexels-madison-inouye-2761930-1024x1536.jpg 1024w, https:\/\/projetos.ese.ips.pt\/pcm\/gr2\/projeto\/wp-content\/uploads\/2023\/04\/pexels-madison-inouye-2761930-1365x2048.jpg 1365w, https:\/\/projetos.ese.ips.pt\/pcm\/gr2\/projeto\/wp-content\/uploads\/2023\/04\/pexels-madison-inouye-2761930-scaled.jpg 1707w\" sizes=\"(max-width: 683px) 100vw, 683px\" \/><\/figure>\n\n\n\n<figure class=\"wp-block-image size-large has-custom-border\"><img decoding=\"async\" loading=\"lazy\" width=\"683\" height=\"1024\" data-id=\"123\"  src=\"https:\/\/projetos.ese.ips.pt\/pcm\/gr2\/projeto\/wp-content\/uploads\/2023\/04\/pexels-michelle-leman-6774877-683x1024.jpg\" alt=\"\" class=\"wp-image-123\" style=\"border-width:3px\" srcset=\"https:\/\/projetos.ese.ips.pt\/pcm\/gr2\/projeto\/wp-content\/uploads\/2023\/04\/pexels-michelle-leman-6774877-683x1024.jpg 683w, https:\/\/projetos.ese.ips.pt\/pcm\/gr2\/projeto\/wp-content\/uploads\/2023\/04\/pexels-michelle-leman-6774877-200x300.jpg 200w, https:\/\/projetos.ese.ips.pt\/pcm\/gr2\/projeto\/wp-content\/uploads\/2023\/04\/pexels-michelle-leman-6774877-768x1152.jpg 768w, https:\/\/projetos.ese.ips.pt\/pcm\/gr2\/projeto\/wp-content\/uploads\/2023\/04\/pexels-michelle-leman-6774877-1024x1536.jpg 1024w, https:\/\/projetos.ese.ips.pt\/pcm\/gr2\/projeto\/wp-content\/uploads\/2023\/04\/pexels-michelle-leman-6774877-1366x2048.jpg 1366w, https:\/\/projetos.ese.ips.pt\/pcm\/gr2\/projeto\/wp-content\/uploads\/2023\/04\/pexels-michelle-leman-6774877.jpg 1703w\" sizes=\"(max-width: 683px) 100vw, 683px\" \/><\/figure>\n\n\n\n<figure class=\"wp-block-image size-large has-custom-border\"><img decoding=\"async\" loading=\"lazy\" width=\"683\" height=\"1024\" data-id=\"125\"  src=\"https:\/\/projetos.ese.ips.pt\/pcm\/gr2\/projeto\/wp-content\/uploads\/2023\/04\/pexels-monstera-7691207-683x1024.jpg\" alt=\"\" class=\"wp-image-125\" style=\"border-width:3px\" srcset=\"https:\/\/projetos.ese.ips.pt\/pcm\/gr2\/projeto\/wp-content\/uploads\/2023\/04\/pexels-monstera-7691207-683x1024.jpg 683w, https:\/\/projetos.ese.ips.pt\/pcm\/gr2\/projeto\/wp-content\/uploads\/2023\/04\/pexels-monstera-7691207-200x300.jpg 200w, https:\/\/projetos.ese.ips.pt\/pcm\/gr2\/projeto\/wp-content\/uploads\/2023\/04\/pexels-monstera-7691207-768x1152.jpg 768w, https:\/\/projetos.ese.ips.pt\/pcm\/gr2\/projeto\/wp-content\/uploads\/2023\/04\/pexels-monstera-7691207-1024x1536.jpg 1024w, https:\/\/projetos.ese.ips.pt\/pcm\/gr2\/projeto\/wp-content\/uploads\/2023\/04\/pexels-monstera-7691207-1366x2048.jpg 1366w, https:\/\/projetos.ese.ips.pt\/pcm\/gr2\/projeto\/wp-content\/uploads\/2023\/04\/pexels-monstera-7691207-scaled.jpg 1707w\" sizes=\"(max-width: 683px) 100vw, 683px\" \/><\/figure>\n\n\n\n<figure class=\"wp-block-image size-large has-custom-border\"><img decoding=\"async\" loading=\"lazy\" width=\"819\" height=\"1024\" data-id=\"128\"  src=\"https:\/\/projetos.ese.ips.pt\/pcm\/gr2\/projeto\/wp-content\/uploads\/2023\/04\/pexels-seun-oderinde-13813841-819x1024.jpg\" alt=\"\" class=\"wp-image-128\" style=\"border-width:3px\" srcset=\"https:\/\/projetos.ese.ips.pt\/pcm\/gr2\/projeto\/wp-content\/uploads\/2023\/04\/pexels-seun-oderinde-13813841-819x1024.jpg 819w, https:\/\/projetos.ese.ips.pt\/pcm\/gr2\/projeto\/wp-content\/uploads\/2023\/04\/pexels-seun-oderinde-13813841-240x300.jpg 240w, https:\/\/projetos.ese.ips.pt\/pcm\/gr2\/projeto\/wp-content\/uploads\/2023\/04\/pexels-seun-oderinde-13813841-768x960.jpg 768w, https:\/\/projetos.ese.ips.pt\/pcm\/gr2\/projeto\/wp-content\/uploads\/2023\/04\/pexels-seun-oderinde-13813841-1229x1536.jpg 1229w, https:\/\/projetos.ese.ips.pt\/pcm\/gr2\/projeto\/wp-content\/uploads\/2023\/04\/pexels-seun-oderinde-13813841-1638x2048.jpg 1638w, https:\/\/projetos.ese.ips.pt\/pcm\/gr2\/projeto\/wp-content\/uploads\/2023\/04\/pexels-seun-oderinde-13813841-scaled.jpg 2048w\" sizes=\"(max-width: 819px) 100vw, 819px\" \/><\/figure>\n<\/figure>\n\n\n\n<figure class=\"wp-block-gallery has-nested-images columns-default is-cropped wp-block-gallery-3 is-layout-flex\">\n<figure class=\"wp-block-image size-large has-custom-border\"><img decoding=\"async\" loading=\"lazy\" width=\"683\" height=\"1024\" data-id=\"144\"  src=\"https:\/\/projetos.ese.ips.pt\/pcm\/gr2\/projeto\/wp-content\/uploads\/2023\/04\/pexels-vince-mariel-conlu-11816308-1-683x1024.jpg\" alt=\"\" class=\"wp-image-144\" style=\"border-width:3px\" srcset=\"https:\/\/projetos.ese.ips.pt\/pcm\/gr2\/projeto\/wp-content\/uploads\/2023\/04\/pexels-vince-mariel-conlu-11816308-1-683x1024.jpg 683w, https:\/\/projetos.ese.ips.pt\/pcm\/gr2\/projeto\/wp-content\/uploads\/2023\/04\/pexels-vince-mariel-conlu-11816308-1-200x300.jpg 200w, https:\/\/projetos.ese.ips.pt\/pcm\/gr2\/projeto\/wp-content\/uploads\/2023\/04\/pexels-vince-mariel-conlu-11816308-1-768x1152.jpg 768w, https:\/\/projetos.ese.ips.pt\/pcm\/gr2\/projeto\/wp-content\/uploads\/2023\/04\/pexels-vince-mariel-conlu-11816308-1-1024x1536.jpg 1024w, https:\/\/projetos.ese.ips.pt\/pcm\/gr2\/projeto\/wp-content\/uploads\/2023\/04\/pexels-vince-mariel-conlu-11816308-1-1365x2048.jpg 1365w, https:\/\/projetos.ese.ips.pt\/pcm\/gr2\/projeto\/wp-content\/uploads\/2023\/04\/pexels-vince-mariel-conlu-11816308-1-scaled.jpg 1707w\" sizes=\"(max-width: 683px) 100vw, 683px\" \/><\/figure>\n\n\n\n<figure class=\"wp-block-image size-large has-custom-border\"><img decoding=\"async\" loading=\"lazy\" width=\"683\" height=\"1024\" data-id=\"142\"  src=\"https:\/\/projetos.ese.ips.pt\/pcm\/gr2\/projeto\/wp-content\/uploads\/2023\/04\/pexels-ron-lach-8129906-1-683x1024.jpg\" alt=\"\" class=\"wp-image-142\" style=\"border-width:3px\" srcset=\"https:\/\/projetos.ese.ips.pt\/pcm\/gr2\/projeto\/wp-content\/uploads\/2023\/04\/pexels-ron-lach-8129906-1-683x1024.jpg 683w, https:\/\/projetos.ese.ips.pt\/pcm\/gr2\/projeto\/wp-content\/uploads\/2023\/04\/pexels-ron-lach-8129906-1-200x300.jpg 200w, https:\/\/projetos.ese.ips.pt\/pcm\/gr2\/projeto\/wp-content\/uploads\/2023\/04\/pexels-ron-lach-8129906-1-768x1152.jpg 768w, https:\/\/projetos.ese.ips.pt\/pcm\/gr2\/projeto\/wp-content\/uploads\/2023\/04\/pexels-ron-lach-8129906-1-1024x1536.jpg 1024w, https:\/\/projetos.ese.ips.pt\/pcm\/gr2\/projeto\/wp-content\/uploads\/2023\/04\/pexels-ron-lach-8129906-1-1365x2048.jpg 1365w, https:\/\/projetos.ese.ips.pt\/pcm\/gr2\/projeto\/wp-content\/uploads\/2023\/04\/pexels-ron-lach-8129906-1-scaled.jpg 1707w\" sizes=\"(max-width: 683px) 100vw, 683px\" \/><\/figure>\n\n\n\n<figure class=\"wp-block-image size-large has-custom-border\"><img decoding=\"async\" loading=\"lazy\" width=\"683\" height=\"1024\" data-id=\"143\"  src=\"https:\/\/projetos.ese.ips.pt\/pcm\/gr2\/projeto\/wp-content\/uploads\/2023\/04\/pexels-thirdman-5313642-1-683x1024.jpg\" alt=\"\" class=\"wp-image-143\" style=\"border-width:3px\" srcset=\"https:\/\/projetos.ese.ips.pt\/pcm\/gr2\/projeto\/wp-content\/uploads\/2023\/04\/pexels-thirdman-5313642-1-683x1024.jpg 683w, https:\/\/projetos.ese.ips.pt\/pcm\/gr2\/projeto\/wp-content\/uploads\/2023\/04\/pexels-thirdman-5313642-1-200x300.jpg 200w, https:\/\/projetos.ese.ips.pt\/pcm\/gr2\/projeto\/wp-content\/uploads\/2023\/04\/pexels-thirdman-5313642-1-768x1152.jpg 768w, https:\/\/projetos.ese.ips.pt\/pcm\/gr2\/projeto\/wp-content\/uploads\/2023\/04\/pexels-thirdman-5313642-1-1024x1536.jpg 1024w, https:\/\/projetos.ese.ips.pt\/pcm\/gr2\/projeto\/wp-content\/uploads\/2023\/04\/pexels-thirdman-5313642-1-1365x2048.jpg 1365w, https:\/\/projetos.ese.ips.pt\/pcm\/gr2\/projeto\/wp-content\/uploads\/2023\/04\/pexels-thirdman-5313642-1-scaled.jpg 1707w\" sizes=\"(max-width: 683px) 100vw, 683px\" \/><\/figure>\n<\/figure>\n","protected":false},"excerpt":{"rendered":"<p>Destaques do m\u00eas de Abril 2023 Apresentamos-lhe uma sele\u00e7\u00e3o impressionante de alguns dos trabalhos realizados pelos nossos profissionais. O cuidado com a individualidade de cada cliente \u00e9 uma das nossas prioridades. A vasta experi\u00eancia dos nossos profissionais de maquilhagem e cabelos \u00e9 revelada nos trabalhos de qualidade, nas t\u00e9cnicas utilizadas e nos produtos de qualidade [&hellip;]<\/p>\n","protected":false},"author":2,"featured_media":0,"parent":0,"menu_order":0,"comment_status":"open","ping_status":"closed","template":"","meta":[],"_links":{"self":[{"href":"https:\/\/projetos.ese.ips.pt\/pcm\/gr2\/projeto\/index.php\/wp-json\/wp\/v2\/pages\/15"}],"collection":[{"href":"https:\/\/projetos.ese.ips.pt\/pcm\/gr2\/projeto\/index.php\/wp-json\/wp\/v2\/pages"}],"about":[{"href":"https:\/\/projetos.ese.ips.pt\/pcm\/gr2\/projeto\/index.php\/wp-json\/wp\/v2\/types\/page"}],"author":[{"embeddable":true,"href":"https:\/\/projetos.ese.ips.pt\/pcm\/gr2\/projeto\/index.php\/wp-json\/wp\/v2\/users\/2"}],"replies":[{"embeddable":true,"href":"https:\/\/projetos.ese.ips.pt\/pcm\/gr2\/projeto\/index.php\/wp-json\/wp\/v2\/comments?post=15"}],"version-history":[{"count":8,"href":"https:\/\/projetos.ese.ips.pt\/pcm\/gr2\/projeto\/index.php\/wp-json\/wp\/v2\/pages\/15\/revisions"}],"predecessor-version":[{"id":309,"href":"https:\/\/projetos.ese.ips.pt\/pcm\/gr2\/projeto\/index.php\/wp-json\/wp\/v2\/pages\/15\/revisions\/309"}],"wp:attachment":[{"href":"https:\/\/projetos.ese.ips.pt\/pcm\/gr2\/projeto\/index.php\/wp-json\/wp\/v2\/media?parent=15"}],"curies":[{"name":"wp","href":"https:\/\/api.w.org\/{rel}","templated":true}]}}