{"id":312,"date":"2023-04-17T19:52:56","date_gmt":"2023-04-17T19:52:56","guid":{"rendered":"https:\/\/projetos.ese.ips.pt\/pcm\/gr2\/projeto\/?page_id=312"},"modified":"2023-04-17T19:56:42","modified_gmt":"2023-04-17T19:56:42","slug":"ficha-tecnica","status":"publish","type":"page","link":"https:\/\/projetos.ese.ips.pt\/pcm\/gr2\/projeto\/index.php\/ficha-tecnica\/","title":{"rendered":"FICHA T\u00c9CNICA"},"content":{"rendered":"\n<p>Somos estudantes do 3\u00ba ano do curso de Licenciatura em Comunica\u00e7\u00e3o Social da Escola Superior de Educa\u00e7\u00e3o, do Instituto Polit\u00e9cnico de Set\u00fabal e o presente website foi criado no \u00e2mbito de um trabalho acad\u00e9mico da unidade curricular Produ\u00e7\u00e3o de Conte\u00fados Multim\u00e9dia, com acompanhado pelo Professor Jo\u00e3o Torres. Trata-se, portanto, de um website f\u00edcticio.<\/p>\n\n\n\n<p><\/p>\n\n\n\n<p>As imagens que aqui apresentamos foram retiradas do website <a rel=\"noreferrer noopener\" href=\"https:\/\/www.pexels.com\/pt-br\/\" data-type=\"URL\" data-id=\"https:\/\/www.pexels.com\/pt-br\/\" target=\"_blank\">Pexels.com<\/a><\/p>\n\n\n\n<p>Agradecemos a sua visita.<\/p>\n\n\n\n<div style=\"height:30px\" aria-hidden=\"true\" class=\"wp-block-spacer\"><\/div>\n\n\n\n<figure class=\"wp-block-image alignwide size-full\"><img decoding=\"async\" loading=\"lazy\" width=\"858\" height=\"212\" src=\"https:\/\/projetos.ese.ips.pt\/pcm\/gr2\/projeto\/wp-content\/uploads\/2023\/04\/Captura-de-ecra-2023-04-17-as-20.49.56-1.png\" alt=\"\" class=\"wp-image-314\" srcset=\"https:\/\/projetos.ese.ips.pt\/pcm\/gr2\/projeto\/wp-content\/uploads\/2023\/04\/Captura-de-ecra-2023-04-17-as-20.49.56-1.png 858w, https:\/\/projetos.ese.ips.pt\/pcm\/gr2\/projeto\/wp-content\/uploads\/2023\/04\/Captura-de-ecra-2023-04-17-as-20.49.56-1-300x74.png 300w, https:\/\/projetos.ese.ips.pt\/pcm\/gr2\/projeto\/wp-content\/uploads\/2023\/04\/Captura-de-ecra-2023-04-17-as-20.49.56-1-768x190.png 768w\" sizes=\"(max-width: 858px) 100vw, 858px\" \/><figcaption class=\"wp-element-caption\">Andreia Carvalho C\u00e2ndido | In\u00eas Campos Costa | Gabriela Coelho | Lorrana Peixoto<\/figcaption><\/figure>\n\n\n\n<p><\/p>\n","protected":false},"excerpt":{"rendered":"<p>Somos estudantes do 3\u00ba ano do curso de Licenciatura em Comunica\u00e7\u00e3o Social da Escola Superior de Educa\u00e7\u00e3o, do Instituto Polit\u00e9cnico de Set\u00fabal e o presente website foi criado no \u00e2mbito de um trabalho acad\u00e9mico da unidade curricular Produ\u00e7\u00e3o de Conte\u00fados Multim\u00e9dia, com acompanhado pelo Professor Jo\u00e3o Torres. Trata-se, portanto, de um website f\u00edcticio. As imagens [&hellip;]<\/p>\n","protected":false},"author":2,"featured_media":0,"parent":0,"menu_order":0,"comment_status":"closed","ping_status":"closed","template":"","meta":[],"_links":{"self":[{"href":"https:\/\/projetos.ese.ips.pt\/pcm\/gr2\/projeto\/index.php\/wp-json\/wp\/v2\/pages\/312"}],"collection":[{"href":"https:\/\/projetos.ese.ips.pt\/pcm\/gr2\/projeto\/index.php\/wp-json\/wp\/v2\/pages"}],"about":[{"href":"https:\/\/projetos.ese.ips.pt\/pcm\/gr2\/projeto\/index.php\/wp-json\/wp\/v2\/types\/page"}],"author":[{"embeddable":true,"href":"https:\/\/projetos.ese.ips.pt\/pcm\/gr2\/projeto\/index.php\/wp-json\/wp\/v2\/users\/2"}],"replies":[{"embeddable":true,"href":"https:\/\/projetos.ese.ips.pt\/pcm\/gr2\/projeto\/index.php\/wp-json\/wp\/v2\/comments?post=312"}],"version-history":[{"count":4,"href":"https:\/\/projetos.ese.ips.pt\/pcm\/gr2\/projeto\/index.php\/wp-json\/wp\/v2\/pages\/312\/revisions"}],"predecessor-version":[{"id":384,"href":"https:\/\/projetos.ese.ips.pt\/pcm\/gr2\/projeto\/index.php\/wp-json\/wp\/v2\/pages\/312\/revisions\/384"}],"wp:attachment":[{"href":"https:\/\/projetos.ese.ips.pt\/pcm\/gr2\/projeto\/index.php\/wp-json\/wp\/v2\/media?parent=312"}],"curies":[{"name":"wp","href":"https:\/\/api.w.org\/{rel}","templated":true}]}}