{"id":8,"date":"2023-04-04T10:37:27","date_gmt":"2023-04-04T10:37:27","guid":{"rendered":"https:\/\/projetos.ese.ips.pt\/pcm\/gr2\/projeto\/?page_id=8"},"modified":"2023-04-17T20:06:25","modified_gmt":"2023-04-17T20:06:25","slug":"sobre-nos","status":"publish","type":"page","link":"https:\/\/projetos.ese.ips.pt\/pcm\/gr2\/projeto\/index.php\/sobre-nos\/","title":{"rendered":"QUEM SOMOS"},"content":{"rendered":"\n<p>Somos uma equipa de profissionais, da \u00e1rea de maquilhagem e cabelos, talentosos e que dominam as t\u00e9cnicas e tend\u00eancias mais atuais! <\/p>\n\n\n\n<p>Trabalhamos juntos de forma a conseguir real\u00e7ar a beleza natural das nossas clientes criando <em>looks<\/em> incr\u00edveis que fazem as nossas clientes sentirem-se mais confiantes e confort\u00e1veis.<\/p>\n\n\n\n<div style=\"height:80px\" aria-hidden=\"true\" class=\"wp-block-spacer\"><\/div>\n\n\n\n<p class=\"has-secondary-color has-text-color\"><strong>CONHECE A EQUIPA<\/strong><\/p>\n\n\n\n<div class=\"wp-block-group is-layout-constrained\">\n<div class=\"wp-block-columns is-layout-flex wp-container-4\">\n<div class=\"wp-block-column is-layout-flow\" style=\"flex-basis:100%\">\n<figure class=\"wp-block-gallery has-nested-images columns-default is-cropped wp-block-gallery-1 is-layout-flex\">\n<figure class=\"wp-block-image size-large has-custom-border is-style-default\"><img decoding=\"async\" loading=\"lazy\" width=\"683\" height=\"1024\" src=\"https:\/\/projetos.ese.ips.pt\/pcm\/gr2\/projeto\/wp-content\/uploads\/2023\/04\/pexels-larissa-martins-13079553-683x1024.jpg\" alt=\"\" class=\"wp-image-43\" style=\"border-width:3px\" srcset=\"https:\/\/projetos.ese.ips.pt\/pcm\/gr2\/projeto\/wp-content\/uploads\/2023\/04\/pexels-larissa-martins-13079553-683x1024.jpg 683w, https:\/\/projetos.ese.ips.pt\/pcm\/gr2\/projeto\/wp-content\/uploads\/2023\/04\/pexels-larissa-martins-13079553-200x300.jpg 200w, https:\/\/projetos.ese.ips.pt\/pcm\/gr2\/projeto\/wp-content\/uploads\/2023\/04\/pexels-larissa-martins-13079553-768x1152.jpg 768w, https:\/\/projetos.ese.ips.pt\/pcm\/gr2\/projeto\/wp-content\/uploads\/2023\/04\/pexels-larissa-martins-13079553-1024x1536.jpg 1024w, https:\/\/projetos.ese.ips.pt\/pcm\/gr2\/projeto\/wp-content\/uploads\/2023\/04\/pexels-larissa-martins-13079553-1365x2048.jpg 1365w, https:\/\/projetos.ese.ips.pt\/pcm\/gr2\/projeto\/wp-content\/uploads\/2023\/04\/pexels-larissa-martins-13079553-scaled.jpg 1706w\" sizes=\"(max-width: 683px) 100vw, 683px\" \/><figcaption class=\"wp-element-caption\"><strong>Patr\u00edcia Mendes<\/strong>, MakeUp Artist<\/figcaption><\/figure>\n\n\n\n<figure class=\"wp-block-image size-large has-custom-border\"><img decoding=\"async\" loading=\"lazy\" width=\"683\" height=\"1024\" src=\"https:\/\/projetos.ese.ips.pt\/pcm\/gr2\/projeto\/wp-content\/uploads\/2023\/04\/pexels-rita-rebeca-11580166-683x1024.jpg\" alt=\"\" class=\"wp-image-45\" style=\"border-width:3px\" srcset=\"https:\/\/projetos.ese.ips.pt\/pcm\/gr2\/projeto\/wp-content\/uploads\/2023\/04\/pexels-rita-rebeca-11580166-683x1024.jpg 683w, https:\/\/projetos.ese.ips.pt\/pcm\/gr2\/projeto\/wp-content\/uploads\/2023\/04\/pexels-rita-rebeca-11580166-200x300.jpg 200w, https:\/\/projetos.ese.ips.pt\/pcm\/gr2\/projeto\/wp-content\/uploads\/2023\/04\/pexels-rita-rebeca-11580166-768x1152.jpg 768w, https:\/\/projetos.ese.ips.pt\/pcm\/gr2\/projeto\/wp-content\/uploads\/2023\/04\/pexels-rita-rebeca-11580166-1024x1536.jpg 1024w, https:\/\/projetos.ese.ips.pt\/pcm\/gr2\/projeto\/wp-content\/uploads\/2023\/04\/pexels-rita-rebeca-11580166-1365x2048.jpg 1365w, https:\/\/projetos.ese.ips.pt\/pcm\/gr2\/projeto\/wp-content\/uploads\/2023\/04\/pexels-rita-rebeca-11580166-scaled.jpg 1707w\" sizes=\"(max-width: 683px) 100vw, 683px\" \/><figcaption class=\"wp-element-caption\"><strong>Raquel Antunes<\/strong>, MakeUp Artist<\/figcaption><\/figure>\n\n\n\n<figure class=\"wp-block-image size-large has-custom-border\"><img decoding=\"async\" loading=\"lazy\" width=\"683\" height=\"1024\" src=\"https:\/\/projetos.ese.ips.pt\/pcm\/gr2\/projeto\/wp-content\/uploads\/2023\/04\/pexels-nataliya-vaitkevich-8468132-683x1024.jpg\" alt=\"\" class=\"wp-image-42\" style=\"border-width:3px\" srcset=\"https:\/\/projetos.ese.ips.pt\/pcm\/gr2\/projeto\/wp-content\/uploads\/2023\/04\/pexels-nataliya-vaitkevich-8468132-683x1024.jpg 683w, https:\/\/projetos.ese.ips.pt\/pcm\/gr2\/projeto\/wp-content\/uploads\/2023\/04\/pexels-nataliya-vaitkevich-8468132-200x300.jpg 200w, https:\/\/projetos.ese.ips.pt\/pcm\/gr2\/projeto\/wp-content\/uploads\/2023\/04\/pexels-nataliya-vaitkevich-8468132-768x1152.jpg 768w, https:\/\/projetos.ese.ips.pt\/pcm\/gr2\/projeto\/wp-content\/uploads\/2023\/04\/pexels-nataliya-vaitkevich-8468132-1024x1536.jpg 1024w, https:\/\/projetos.ese.ips.pt\/pcm\/gr2\/projeto\/wp-content\/uploads\/2023\/04\/pexels-nataliya-vaitkevich-8468132-1365x2048.jpg 1365w, https:\/\/projetos.ese.ips.pt\/pcm\/gr2\/projeto\/wp-content\/uploads\/2023\/04\/pexels-nataliya-vaitkevich-8468132-scaled.jpg 1707w\" sizes=\"(max-width: 683px) 100vw, 683px\" \/><figcaption class=\"wp-element-caption\"><strong>Bruno Santos<\/strong>, Hair Stylist<\/figcaption><\/figure>\n<\/figure>\n<\/div>\n<\/div>\n<\/div>\n\n\n\n<figure class=\"wp-block-gallery has-nested-images columns-default is-cropped wp-block-gallery-6 is-layout-flex\">\n<figure class=\"wp-block-image size-large has-custom-border\"><img decoding=\"async\" loading=\"lazy\" width=\"683\" height=\"1024\" data-id=\"50\"  src=\"https:\/\/projetos.ese.ips.pt\/pcm\/gr2\/projeto\/wp-content\/uploads\/2023\/04\/pexels-rodnae-productions-4911184-1-683x1024.jpg\" alt=\"\" class=\"wp-image-50\" style=\"border-width:3px\" srcset=\"https:\/\/projetos.ese.ips.pt\/pcm\/gr2\/projeto\/wp-content\/uploads\/2023\/04\/pexels-rodnae-productions-4911184-1-683x1024.jpg 683w, https:\/\/projetos.ese.ips.pt\/pcm\/gr2\/projeto\/wp-content\/uploads\/2023\/04\/pexels-rodnae-productions-4911184-1-200x300.jpg 200w, https:\/\/projetos.ese.ips.pt\/pcm\/gr2\/projeto\/wp-content\/uploads\/2023\/04\/pexels-rodnae-productions-4911184-1-768x1152.jpg 768w, https:\/\/projetos.ese.ips.pt\/pcm\/gr2\/projeto\/wp-content\/uploads\/2023\/04\/pexels-rodnae-productions-4911184-1-1024x1536.jpg 1024w, https:\/\/projetos.ese.ips.pt\/pcm\/gr2\/projeto\/wp-content\/uploads\/2023\/04\/pexels-rodnae-productions-4911184-1-1366x2048.jpg 1366w, https:\/\/projetos.ese.ips.pt\/pcm\/gr2\/projeto\/wp-content\/uploads\/2023\/04\/pexels-rodnae-productions-4911184-1-scaled.jpg 1707w\" sizes=\"(max-width: 683px) 100vw, 683px\" \/><figcaption class=\"wp-element-caption\"><strong>M\u00f3nica Antunes,<\/strong> MakeUp Artist<\/figcaption><\/figure>\n\n\n\n<figure class=\"wp-block-image size-large has-custom-border\"><img decoding=\"async\" loading=\"lazy\" width=\"819\" height=\"1024\" data-id=\"54\"  src=\"https:\/\/projetos.ese.ips.pt\/pcm\/gr2\/projeto\/wp-content\/uploads\/2023\/04\/pexels-cottonbro-studio-7440138-819x1024.jpg\" alt=\"\" class=\"wp-image-54\" style=\"border-width:3px\" srcset=\"https:\/\/projetos.ese.ips.pt\/pcm\/gr2\/projeto\/wp-content\/uploads\/2023\/04\/pexels-cottonbro-studio-7440138-819x1024.jpg 819w, https:\/\/projetos.ese.ips.pt\/pcm\/gr2\/projeto\/wp-content\/uploads\/2023\/04\/pexels-cottonbro-studio-7440138-240x300.jpg 240w, https:\/\/projetos.ese.ips.pt\/pcm\/gr2\/projeto\/wp-content\/uploads\/2023\/04\/pexels-cottonbro-studio-7440138-768x960.jpg 768w, https:\/\/projetos.ese.ips.pt\/pcm\/gr2\/projeto\/wp-content\/uploads\/2023\/04\/pexels-cottonbro-studio-7440138-1229x1536.jpg 1229w, https:\/\/projetos.ese.ips.pt\/pcm\/gr2\/projeto\/wp-content\/uploads\/2023\/04\/pexels-cottonbro-studio-7440138-1638x2048.jpg 1638w, https:\/\/projetos.ese.ips.pt\/pcm\/gr2\/projeto\/wp-content\/uploads\/2023\/04\/pexels-cottonbro-studio-7440138-scaled.jpg 2048w\" sizes=\"(max-width: 819px) 100vw, 819px\" \/><figcaption class=\"wp-element-caption\"><strong>Diego Costa, <\/strong>Hair Stylist<\/figcaption><\/figure>\n\n\n\n<figure class=\"wp-block-image size-large has-custom-border\"><img decoding=\"async\" loading=\"lazy\" width=\"683\" height=\"1024\" data-id=\"52\"  src=\"https:\/\/projetos.ese.ips.pt\/pcm\/gr2\/projeto\/wp-content\/uploads\/2023\/04\/pexels-eden-vaknin-15985483-1-683x1024.jpg\" alt=\"\" class=\"wp-image-52\" style=\"border-width:3px\" srcset=\"https:\/\/projetos.ese.ips.pt\/pcm\/gr2\/projeto\/wp-content\/uploads\/2023\/04\/pexels-eden-vaknin-15985483-1-683x1024.jpg 683w, https:\/\/projetos.ese.ips.pt\/pcm\/gr2\/projeto\/wp-content\/uploads\/2023\/04\/pexels-eden-vaknin-15985483-1-200x300.jpg 200w, https:\/\/projetos.ese.ips.pt\/pcm\/gr2\/projeto\/wp-content\/uploads\/2023\/04\/pexels-eden-vaknin-15985483-1-768x1152.jpg 768w, https:\/\/projetos.ese.ips.pt\/pcm\/gr2\/projeto\/wp-content\/uploads\/2023\/04\/pexels-eden-vaknin-15985483-1-1024x1536.jpg 1024w, https:\/\/projetos.ese.ips.pt\/pcm\/gr2\/projeto\/wp-content\/uploads\/2023\/04\/pexels-eden-vaknin-15985483-1-1365x2048.jpg 1365w, https:\/\/projetos.ese.ips.pt\/pcm\/gr2\/projeto\/wp-content\/uploads\/2023\/04\/pexels-eden-vaknin-15985483-1-scaled.jpg 1707w\" sizes=\"(max-width: 683px) 100vw, 683px\" \/><figcaption class=\"wp-element-caption\"><strong>Catarina Pires,<\/strong> MakeUp Artist<\/figcaption><\/figure>\n<\/figure>\n","protected":false},"excerpt":{"rendered":"<p>Somos uma equipa de profissionais, da \u00e1rea de maquilhagem e cabelos, talentosos e que dominam as t\u00e9cnicas e tend\u00eancias mais atuais! Trabalhamos juntos de forma a conseguir real\u00e7ar a beleza natural das nossas clientes criando looks incr\u00edveis que fazem as nossas clientes sentirem-se mais confiantes e confort\u00e1veis. CONHECE A EQUIPA<\/p>\n","protected":false},"author":2,"featured_media":0,"parent":0,"menu_order":0,"comment_status":"open","ping_status":"closed","template":"","meta":[],"_links":{"self":[{"href":"https:\/\/projetos.ese.ips.pt\/pcm\/gr2\/projeto\/index.php\/wp-json\/wp\/v2\/pages\/8"}],"collection":[{"href":"https:\/\/projetos.ese.ips.pt\/pcm\/gr2\/projeto\/index.php\/wp-json\/wp\/v2\/pages"}],"about":[{"href":"https:\/\/projetos.ese.ips.pt\/pcm\/gr2\/projeto\/index.php\/wp-json\/wp\/v2\/types\/page"}],"author":[{"embeddable":true,"href":"https:\/\/projetos.ese.ips.pt\/pcm\/gr2\/projeto\/index.php\/wp-json\/wp\/v2\/users\/2"}],"replies":[{"embeddable":true,"href":"https:\/\/projetos.ese.ips.pt\/pcm\/gr2\/projeto\/index.php\/wp-json\/wp\/v2\/comments?post=8"}],"version-history":[{"count":9,"href":"https:\/\/projetos.ese.ips.pt\/pcm\/gr2\/projeto\/index.php\/wp-json\/wp\/v2\/pages\/8\/revisions"}],"predecessor-version":[{"id":319,"href":"https:\/\/projetos.ese.ips.pt\/pcm\/gr2\/projeto\/index.php\/wp-json\/wp\/v2\/pages\/8\/revisions\/319"}],"wp:attachment":[{"href":"https:\/\/projetos.ese.ips.pt\/pcm\/gr2\/projeto\/index.php\/wp-json\/wp\/v2\/media?parent=8"}],"curies":[{"name":"wp","href":"https:\/\/api.w.org\/{rel}","templated":true}]}}